{"id":475,"date":"2020-09-15T14:10:00","date_gmt":"2020-09-15T12:10:00","guid":{"rendered":"http:\/\/www.univ-mosta.dz\/vrpghr\/?page_id=475"},"modified":"2020-09-21T13:26:09","modified_gmt":"2020-09-21T11:26:09","slug":"habilitation-universitaire","status":"publish","type":"page","link":"https:\/\/www.univ-mosta.dz\/vrpghr\/habilitation-universitaire\/","title":{"rendered":"Habilitation Universitaire"},"content":{"rendered":"<p>[vc_row][vc_column][vc_column_text]<span style=\"font-size: 14pt; font-family: 'times new roman', times, serif;\"><strong>1)L\u2019habilitation Universitaire:<\/strong><\/span>[\/vc_column_text][\/vc_column][\/vc_row][vc_row][vc_column][vc_cta h2=\u00a0\u00bb\u00a0\u00bb style=\u00a0\u00bboutline\u00a0\u00bb color=\u00a0\u00bborange\u00a0\u00bb]<span style=\"font-size: 14pt; font-family: 'times new roman', times, serif;\">L\u2019originalit\u00e9 du travail permettant la soutenance\u00a0 de l\u2019habilitation universitaire suppose\u00a0 que :<\/span><\/p>\n<ul>\n<li><span style=\"font-size: 14pt; font-family: 'times new roman', times, serif;\">Le candidat doit pr\u00e9senter un travail original et \u00eatre premier auteur dans la publication pr\u00e9sent\u00e9e.<\/span><\/li>\n<li><span style=\"font-size: 14pt; font-family: 'times new roman', times, serif;\">Pour l\u2019habilitation universitaire, la publication est faite hors th\u00e8se de doctorat et soumise apr\u00e8s la soutenance de th\u00e8se de doctorat.<\/span><\/li>\n<\/ul>\n<p>[\/vc_cta][\/vc_column][\/vc_row][vc_row][vc_column][vc_column_text]<\/p>\n<p class=\"spip\" style=\"text-align: justify;\"><span style=\"font-size: 14pt; font-family: 'times new roman', times, serif;\">L\u2019habilitation Universitaire permet \u00e0 son titulaire de diriger ou encadrer une th\u00e8se de Doctorat, un m\u00e9moire de Magister, un ou plusieurs projets de recherche ou une \u00e9quipe de recherche\u00a0: elle permet \u00e0 son titulaire d\u2019acc\u00e9der au titre de Ma\u00eetre de conf\u00e9rences A et lui confier le rang magistral.<\/span><\/p>\n<p class=\"spip\" style=\"text-align: justify;\"><span style=\"font-size: 14pt; font-family: 'times new roman', times, serif;\">L\u2019habilitation Universitaire s\u2019adresse aux professeurs &#8211; assistants en position d\u2019activit\u00e9, titulaires d\u2019un dipl\u00f4me admis en \u00e9quivalence. Elle s\u2019adresse \u00e9galement aux titulaires d\u2019autres dipl\u00f4mes de Post-Graduation doctorale dans des conditions qui seront fix\u00e9es par arr\u00eat\u00e9 du ministre charg\u00e9 de l\u2019enseignement sup\u00e9rieur.<\/span><\/p>\n<p class=\"spip\" style=\"text-align: justify;\"><span style=\"font-size: 14pt; font-family: 'times new roman', times, serif;\">L\u2019habilitation Universitaire est acquise de droit aux enseignants &#8211; chercheurs en position d\u2019activit\u00e9 titulaires d\u2019un dipl\u00f4me de doctorat d\u2019\u00e9tat national ou de tout dipl\u00f4me admis en \u00e9quivalence.<\/span><\/p>\n<p>[\/vc_column_text][\/vc_column][\/vc_row][vc_row][vc_column][vc_column_text]<\/p>\n<p><span style=\"font-size: 14pt; font-family: 'times new roman', times, serif;\"><strong><em>2)\u00a0<\/em><\/strong><strong><em>Dossier \u00a0d\u2019habilitation Universitaire:<\/em><\/strong><\/span><\/p>\n<p><span style=\"font-size: 14pt; font-family: 'times new roman', times, serif;\"><strong><em>a) Dossier administratif<\/em><\/strong><\/span><\/p>\n<ol>\n<li><span style=\"font-size: 14pt; font-family: 'times new roman', times, serif;\">Une demande\u00a0manuscrit,<\/span><\/li>\n<li><span style=\"font-size: 14pt; font-family: 'times new roman', times, serif;\">Une copie de la d\u00e9cision de titularisation dans le grade,<\/span><\/li>\n<li><span style=\"font-size: 14pt; font-family: 'times new roman', times, serif;\">PV d\u2019installation,<\/span><\/li>\n<li><span style=\"font-size: 14pt; font-family: 'times new roman', times, serif;\">Une attestation de fonction r\u00e9cente<\/span><\/li>\n<li><span style=\"font-size: 14pt; font-family: 'times new roman', times, serif;\">Une\u00a0 d\u00e9claration sur l\u2019honneur d\u2019inscription en habilitation\u00a0 dans aucun autre \u00e9tablissement<\/span><\/li>\n<li><span style=\"font-size: 14pt; font-family: 'times new roman', times, serif;\">Un curriculum vitae ,<\/span><\/li>\n<li><span style=\"font-size: 14pt; font-family: 'times new roman', times, serif;\">Extrait\u00a0 de naissance,<\/span><\/li>\n<li><span style=\"font-size: 14pt; font-family: 'times new roman', times, serif;\">Une Copie des dipl\u00f4mes l\u00e9galis\u00e9s (Bac, licence, ing\u00e9niorat, magister, doctorat.),<\/span><\/li>\n<li><span style=\"font-size: 14pt; font-family: 'times new roman', times, serif;\">Attestation \u00a0de non habilitation dans la fili\u00e8re<\/span><\/li>\n<li><span style=\"font-size: 14pt; font-family: 'times new roman', times, serif;\">Une synth\u00e8se de \u00a05 \u00e0 10 pages au plus des travaux scientifique et p\u00e9dagogiques<\/span><\/li>\n<li><span style=\"font-size: 14pt; font-family: 'times new roman', times, serif;\">R\u00e9sum\u00e9 de la Th\u00e8se de Doctorat<\/span><\/li>\n<li><span style=\"font-size: 14pt; font-family: 'times new roman', times, serif;\">Un article\/ou Publication Scientifiques publi\u00e9s dans une revue scientifique reconnue,<\/span><\/li>\n<li><span style=\"font-size: 14pt; font-family: 'times new roman', times, serif;\">La production p\u00e9dagogique,<\/span><\/li>\n<li><span style=\"font-size: 14pt; font-family: 'times new roman', times, serif;\">Un\u00a0 Polycopi\u00e9 (vis\u00e9e par CSF\/CSD)<\/span><\/li>\n<li><span style=\"font-size: 14pt; font-family: 'times new roman', times, serif;\">Les Communications scientifiques dans des Conf\u00e9rences et colloques +\u00a0 les attestations de participation<\/span><\/li>\n<li><span style=\"font-size: 14pt; font-family: 'times new roman', times, serif;\">Les Ouvrages scientifiques<\/span><\/li>\n<\/ol>\n<p><span style=\"font-size: 14pt; font-family: 'times new roman', times, serif;\"><strong>b)\u00a0Un exemplaire de la th\u00e8se de doctorat<\/strong><\/span><\/p>\n<p><span style=\"font-size: 14pt; font-family: 'times new roman', times, serif;\"><strong>c)\u00a0Huit exemplaire de dossier d\u2019Habilitation Universitaire<\/strong><\/span>[\/vc_column_text][\/vc_column][\/vc_row][vc_row][vc_column][vc_message]<span style=\"font-size: 14pt; font-family: 'times new roman', times, serif;\">Les revues habilit\u00e9es pour les soutenances de l\u2019habilitation universitaire doivent remplir certaines conditions\u00a0:<\/span><\/p>\n<ul>\n<li><span style=\"font-size: 14pt; font-family: 'times new roman', times, serif;\">La revue doit avoir un num\u00e9ro ISSN<\/span><\/li>\n<li><span style=\"font-size: 14pt; font-family: 'times new roman', times, serif;\">La revue doit avoir un comit\u00e9 scientifique international<\/span><\/li>\n<li><span style=\"font-size: 14pt; font-family: 'times new roman', times, serif;\">Les travaux scientifiques propos\u00e9s pour publication doivent \u00eatre expertis\u00e9s par un comit\u00e9 de lecture de la sp\u00e9cialit\u00e9<\/span><\/li>\n<li><span style=\"font-size: 14pt; font-family: 'times new roman', times, serif;\">La revue ne doit pas \u00eatre payante<\/span><\/li>\n<li><span style=\"font-size: 14pt; font-family: 'times new roman', times, serif;\">La revue doit \u00eatre accessible sur internet (URL)<\/span><\/li>\n<li><span style=\"font-size: 14pt; font-family: 'times new roman', times, serif;\">La revue doit \u00eatre fonctionnelle et au moins \u00e0 sa 3\u00e8me parution\u00a0<\/span><\/li>\n<li><span style=\"font-size: 14pt; font-family: 'times new roman', times, serif;\">En raison des sp\u00e9cificit\u00e9s particuli\u00e8res \u00e0 chaque discipline, les conseils scientifiques de facult\u00e9 peuvent proposer d\u2019autres crit\u00e8res jug\u00e9s utiles \u00e0 la condition des respecter les\u00a0 conditions \u00e9num\u00e9r\u00e9es.<\/span><\/li>\n<\/ul>\n<p><span style=\"font-size: 14pt; font-family: 'times new roman', times, serif;\">L\u2019article propos\u00e9 pour publication doit \u00eatre expertis\u00e9 selon les proc\u00e9dures admises par les revues, cependant il est imp\u00e9ratif de garder la tra\u00e7abilit\u00e9 des expertises.<\/span>[\/vc_message][\/vc_column][\/vc_row]<\/p>\n","protected":false},"excerpt":{"rendered":"<p>[vc_row][vc_column][vc_column_text]1)L\u2019habilitation Universitaire:[\/vc_column_text][\/vc_column][\/vc_row][vc_row][vc_column][vc_cta h2=\u00a0\u00bb\u00a0\u00bb style=\u00a0\u00bboutline\u00a0\u00bb color=\u00a0\u00bborange\u00a0\u00bb]L\u2019originalit\u00e9 du travail permettant la soutenance\u00a0 de l\u2019habilitation universitaire suppose\u00a0 que : Le candidat doit pr\u00e9senter un travail original et \u00eatre premier auteur dans la publication &hellip;<\/p>\n","protected":false},"author":1,"featured_media":0,"parent":0,"menu_order":0,"comment_status":"closed","ping_status":"closed","template":"","meta":{"_coblocks_attr":"","_coblocks_dimensions":"","_coblocks_responsive_height":"","_coblocks_accordion_ie_support":"","footnotes":""},"class_list":["post-475","page","type-page","status-publish","hentry"],"_links":{"self":[{"href":"https:\/\/www.univ-mosta.dz\/vrpghr\/wp-json\/wp\/v2\/pages\/475","targetHints":{"allow":["GET"]}}],"collection":[{"href":"https:\/\/www.univ-mosta.dz\/vrpghr\/wp-json\/wp\/v2\/pages"}],"about":[{"href":"https:\/\/www.univ-mosta.dz\/vrpghr\/wp-json\/wp\/v2\/types\/page"}],"author":[{"embeddable":true,"href":"https:\/\/www.univ-mosta.dz\/vrpghr\/wp-json\/wp\/v2\/users\/1"}],"replies":[{"embeddable":true,"href":"https:\/\/www.univ-mosta.dz\/vrpghr\/wp-json\/wp\/v2\/comments?post=475"}],"version-history":[{"count":4,"href":"https:\/\/www.univ-mosta.dz\/vrpghr\/wp-json\/wp\/v2\/pages\/475\/revisions"}],"predecessor-version":[{"id":601,"href":"https:\/\/www.univ-mosta.dz\/vrpghr\/wp-json\/wp\/v2\/pages\/475\/revisions\/601"}],"wp:attachment":[{"href":"https:\/\/www.univ-mosta.dz\/vrpghr\/wp-json\/wp\/v2\/media?parent=475"}],"curies":[{"name":"wp","href":"https:\/\/api.w.org\/{rel}","templated":true}]}}