{"id":347,"date":"2020-09-08T15:17:41","date_gmt":"2020-09-08T13:17:41","guid":{"rendered":"http:\/\/www.univ-mosta.dz\/vrpghr\/?page_id=347"},"modified":"2020-09-08T15:17:41","modified_gmt":"2020-09-08T13:17:41","slug":"plateau-technique-de-biologie-moleculaire","status":"publish","type":"page","link":"https:\/\/www.univ-mosta.dz\/vrpghr\/plateau-technique-de-biologie-moleculaire\/","title":{"rendered":"Plateau technique de Biologie Mol\u00e9culaire"},"content":{"rendered":"<p>[vc_row][vc_column][vc_column_text]<span style=\"font-size: 14pt;\">La plateforme \u2018\u2019 de Biologie Mol\u00e9culaire\u2019\u2019 de l\u2019Universit\u00e9 de Mostaganem\u00a0Abdelhamid Ibn Badis est une structure d\u00e9di\u00e9e a la recherche en\u00a0biologie mol\u00e9culaire. Cette plateforme est dot\u00e9e des \u00e9quipements\u00a0scientifiques n\u00e9cessaire \u00e0 l\u2019extraction et l\u2019analyse du mat\u00e9riel g\u00e9n\u00e9tique\u00a0(PCR, PCR quantitative, analyse de fragments\u2026). Durant cette p\u00e9riode\u00a0de crise sanitaire cette plateforme sera mise a la disposition des services\u00a0de sant\u00e9 de la wilaya de Mostaganem pour les tests du coronavirus<\/span><br \/>\n<span style=\"font-size: 14pt;\">covid19.<\/span>[\/vc_column_text][\/vc_column][\/vc_row][vc_row][vc_column][vc_video link=\u00a0\u00bbhttps:\/\/youtu.be\/sVlvEDYMXqs\u00a0\u00bb align=\u00a0\u00bbcenter\u00a0\u00bb title=\u00a0\u00bbPlateau Technique De Biologie Mol\u00e9culaire\u00a0\u00bb][\/vc_column][\/vc_row]<\/p>\n","protected":false},"excerpt":{"rendered":"<p>[vc_row][vc_column][vc_column_text]La plateforme \u2018\u2019 de Biologie Mol\u00e9culaire\u2019\u2019 de l\u2019Universit\u00e9 de Mostaganem\u00a0Abdelhamid Ibn Badis est une structure d\u00e9di\u00e9e a la recherche en\u00a0biologie mol\u00e9culaire. Cette plateforme est dot\u00e9e des \u00e9quipements\u00a0scientifiques n\u00e9cessaire \u00e0 l\u2019extraction &hellip;<\/p>\n","protected":false},"author":1,"featured_media":0,"parent":0,"menu_order":0,"comment_status":"closed","ping_status":"closed","template":"","meta":{"_coblocks_attr":"","_coblocks_dimensions":"","_coblocks_responsive_height":"","_coblocks_accordion_ie_support":"","footnotes":""},"class_list":["post-347","page","type-page","status-publish","hentry"],"_links":{"self":[{"href":"https:\/\/www.univ-mosta.dz\/vrpghr\/wp-json\/wp\/v2\/pages\/347","targetHints":{"allow":["GET"]}}],"collection":[{"href":"https:\/\/www.univ-mosta.dz\/vrpghr\/wp-json\/wp\/v2\/pages"}],"about":[{"href":"https:\/\/www.univ-mosta.dz\/vrpghr\/wp-json\/wp\/v2\/types\/page"}],"author":[{"embeddable":true,"href":"https:\/\/www.univ-mosta.dz\/vrpghr\/wp-json\/wp\/v2\/users\/1"}],"replies":[{"embeddable":true,"href":"https:\/\/www.univ-mosta.dz\/vrpghr\/wp-json\/wp\/v2\/comments?post=347"}],"version-history":[{"count":1,"href":"https:\/\/www.univ-mosta.dz\/vrpghr\/wp-json\/wp\/v2\/pages\/347\/revisions"}],"predecessor-version":[{"id":348,"href":"https:\/\/www.univ-mosta.dz\/vrpghr\/wp-json\/wp\/v2\/pages\/347\/revisions\/348"}],"wp:attachment":[{"href":"https:\/\/www.univ-mosta.dz\/vrpghr\/wp-json\/wp\/v2\/media?parent=347"}],"curies":[{"name":"wp","href":"https:\/\/api.w.org\/{rel}","templated":true}]}}