{"id":1836,"date":"2022-07-18T16:56:30","date_gmt":"2022-07-18T14:56:30","guid":{"rendered":"https:\/\/www.univ-mosta.dz\/vrpghr\/?page_id=1836"},"modified":"2025-05-18T15:49:58","modified_gmt":"2025-05-18T13:49:58","slug":"predatrices-et-editeurs-predateurs","status":"publish","type":"page","link":"https:\/\/www.univ-mosta.dz\/vrpghr\/predatrices-et-editeurs-predateurs\/","title":{"rendered":"Pr\u00e9datrices et \u00e9diteurs pr\u00e9dateurs"},"content":{"rendered":"\n<h4 class=\"wp-block-heading has-georgia-font-family has-custom-font\" style=\"font-family:Georgia;font-size:21px\">Listes des revues pr\u00e9datrices et \u00e9diteurs pr\u00e9dateurs<\/h4>\n\n\n\n<p class=\"has-georgia-font-family has-custom-font\" style=\"font-family:Georgia;font-size:19px\">La Direction G\u00e9n\u00e9rale de la Recherche Scientifique et du D\u00e9veloppement Technologique (DGRSDT) a le plaisir de mettre \u00e0 la disposition de la communaut\u00e9 scientifique nationale l&rsquo;actualisation des listes des revues scientifiques de cat\u00e9gorie A et B, ainsi que, les listes des revues pr\u00e9datrices et \u00e9diteurs pr\u00e9dateurs.<\/p>\n\n\n\n<ul style=\"font-family:Georgia;font-size:19px;color:#dcb13b\" class=\"wp-block-list is-style-checkbox has-georgia-font-family coblocks-animate has-custom-font\" data-coblocks-animation=\"fadeIn\">\n<li><strong>Il est \u00e0 signaler que lesdites listes rentrent en vigueur pour les articles soumis \u00e0 partir le 25 Mai 2025.<\/strong><\/li>\n\n\n\n<li><strong>La publication dans une revue de cat\u00e9gorie A ou B et consid\u00e9r\u00e9e pr\u00e9datrice ou \u00e9dit\u00e9e par un \u00e9diteur pr\u00e9dateur ou qui publie exclusivement les proceedings des conf\u00e9rences n\u2019est pas accept\u00e9e pour soutenance de doctorat ou l\u2019habilitation universitaire.<\/strong><\/li>\n<\/ul>\n\n\n\n<figure class=\"wp-block-table alignwide is-style-stripes\"><table><tbody><tr><td class=\"has-text-align-center\" data-align=\"center\"><strong>Ann\u00e9es<\/strong><\/td><td class=\"has-text-align-center\" data-align=\"center\"><strong>Liste des \u00e9diteurs scientifiques pr\u00e9dateurs<\/strong><\/td><td class=\"has-text-align-center\" data-align=\"center\"><strong>Liste des revues scientifiques pr\u00e9datrices <\/strong><\/td><\/tr><tr><td class=\"has-text-align-center\" data-align=\"center\"><strong>2016<\/strong><\/td><td class=\"has-text-align-center\" data-align=\"center\"><a href=\"http:\/\/www.univ-mosta.dz\/vrpghr\/wp-content\/uploads\/sites\/14\/2023\/10\/Liste-des-editeurs-scientifiques-predateurs2016.pdf\" target=\"_blank\" rel=\"noreferrer noopener\"><img loading=\"lazy\" decoding=\"async\" width=\"496\" height=\"528\" class=\"wp-image-1434\" style=\"width: 50px\" src=\"http:\/\/www.univ-mosta.dz\/vrpghr\/wp-content\/uploads\/sites\/14\/2022\/01\/logo_PDF_.png\" alt=\"\" srcset=\"https:\/\/www.univ-mosta.dz\/vrpghr\/wp-content\/uploads\/sites\/14\/2022\/01\/logo_PDF_.png 496w, https:\/\/www.univ-mosta.dz\/vrpghr\/wp-content\/uploads\/sites\/14\/2022\/01\/logo_PDF_-282x300.png 282w\" sizes=\"auto, (max-width: 496px) 100vw, 496px\" \/><\/a><\/td><td class=\"has-text-align-center\" data-align=\"center\"><a href=\"http:\/\/www.univ-mosta.dz\/vrpghr\/wp-content\/uploads\/sites\/14\/2023\/10\/Liste-des-revues-scientifiques-predatrices-2016.pdf\" target=\"_blank\" rel=\"noreferrer noopener\"><img loading=\"lazy\" decoding=\"async\" width=\"496\" height=\"528\" class=\"wp-image-1434\" style=\"width: 50px\" src=\"http:\/\/www.univ-mosta.dz\/vrpghr\/wp-content\/uploads\/sites\/14\/2022\/01\/logo_PDF_.png\" alt=\"\" srcset=\"https:\/\/www.univ-mosta.dz\/vrpghr\/wp-content\/uploads\/sites\/14\/2022\/01\/logo_PDF_.png 496w, https:\/\/www.univ-mosta.dz\/vrpghr\/wp-content\/uploads\/sites\/14\/2022\/01\/logo_PDF_-282x300.png 282w\" sizes=\"auto, (max-width: 496px) 100vw, 496px\" \/><\/a><\/td><\/tr><tr><td class=\"has-text-align-center\" data-align=\"center\">2017<\/td><td class=\"has-text-align-center\" data-align=\"center\"><a href=\"http:\/\/www.univ-mosta.dz\/vrpghr\/wp-content\/uploads\/sites\/14\/2023\/10\/Liste-des-editeurs-scientifiques-predateurs-2017.pdf\" target=\"_blank\" rel=\"noreferrer noopener\"><img loading=\"lazy\" decoding=\"async\" width=\"496\" height=\"528\" class=\"wp-image-1434\" style=\"width: 50px\" src=\"http:\/\/www.univ-mosta.dz\/vrpghr\/wp-content\/uploads\/sites\/14\/2022\/01\/logo_PDF_.png\" alt=\"\" srcset=\"https:\/\/www.univ-mosta.dz\/vrpghr\/wp-content\/uploads\/sites\/14\/2022\/01\/logo_PDF_.png 496w, https:\/\/www.univ-mosta.dz\/vrpghr\/wp-content\/uploads\/sites\/14\/2022\/01\/logo_PDF_-282x300.png 282w\" sizes=\"auto, (max-width: 496px) 100vw, 496px\" \/><\/a><\/td><td class=\"has-text-align-center\" data-align=\"center\"><a href=\"http:\/\/www.univ-mosta.dz\/vrpghr\/wp-content\/uploads\/sites\/14\/2023\/10\/Liste-des-revues-scientifiques-predatrices-2017.pdf\" target=\"_blank\" rel=\"noreferrer noopener\"><img loading=\"lazy\" decoding=\"async\" width=\"496\" height=\"528\" class=\"wp-image-1434\" style=\"width: 50px\" src=\"http:\/\/www.univ-mosta.dz\/vrpghr\/wp-content\/uploads\/sites\/14\/2022\/01\/logo_PDF_.png\" alt=\"\" srcset=\"https:\/\/www.univ-mosta.dz\/vrpghr\/wp-content\/uploads\/sites\/14\/2022\/01\/logo_PDF_.png 496w, https:\/\/www.univ-mosta.dz\/vrpghr\/wp-content\/uploads\/sites\/14\/2022\/01\/logo_PDF_-282x300.png 282w\" sizes=\"auto, (max-width: 496px) 100vw, 496px\" \/><\/a><\/td><\/tr><tr><td class=\"has-text-align-center\" data-align=\"center\"><strong>2018<\/strong><\/td><td class=\"has-text-align-center\" data-align=\"center\"><a href=\"http:\/\/www.univ-mosta.dz\/vrpghr\/wp-content\/uploads\/sites\/14\/2023\/10\/Liste-des-editeurs-scientifiques-predateurs2018.pdf\" target=\"_blank\" rel=\"noreferrer noopener\"><img loading=\"lazy\" decoding=\"async\" width=\"496\" height=\"528\" class=\"wp-image-1434\" style=\"width: 50px\" src=\"http:\/\/www.univ-mosta.dz\/vrpghr\/wp-content\/uploads\/sites\/14\/2022\/01\/logo_PDF_.png\" alt=\"\" srcset=\"https:\/\/www.univ-mosta.dz\/vrpghr\/wp-content\/uploads\/sites\/14\/2022\/01\/logo_PDF_.png 496w, https:\/\/www.univ-mosta.dz\/vrpghr\/wp-content\/uploads\/sites\/14\/2022\/01\/logo_PDF_-282x300.png 282w\" sizes=\"auto, (max-width: 496px) 100vw, 496px\" \/><\/a><\/td><td class=\"has-text-align-center\" data-align=\"center\"><a href=\"http:\/\/www.univ-mosta.dz\/vrpghr\/wp-content\/uploads\/sites\/14\/2023\/10\/Liste-des-revues-scientifiques-predatrices-2018.pdf\" target=\"_blank\" rel=\"noreferrer noopener\"><img loading=\"lazy\" decoding=\"async\" width=\"496\" height=\"528\" class=\"wp-image-1434\" style=\"width: 50px\" src=\"http:\/\/www.univ-mosta.dz\/vrpghr\/wp-content\/uploads\/sites\/14\/2022\/01\/logo_PDF_.png\" alt=\"\" srcset=\"https:\/\/www.univ-mosta.dz\/vrpghr\/wp-content\/uploads\/sites\/14\/2022\/01\/logo_PDF_.png 496w, https:\/\/www.univ-mosta.dz\/vrpghr\/wp-content\/uploads\/sites\/14\/2022\/01\/logo_PDF_-282x300.png 282w\" sizes=\"auto, (max-width: 496px) 100vw, 496px\" \/><\/a><\/td><\/tr><tr><td class=\"has-text-align-center\" data-align=\"center\">2019<\/td><td class=\"has-text-align-center\" data-align=\"center\"><a href=\"http:\/\/www.univ-mosta.dz\/vrpghr\/wp-content\/uploads\/sites\/14\/2023\/10\/Liste-des-editeures-scientifiques-predateur2019s.pdf\" target=\"_blank\" rel=\"noreferrer noopener\"><img loading=\"lazy\" decoding=\"async\" width=\"496\" height=\"528\" class=\"wp-image-1434\" style=\"width: 50px\" src=\"http:\/\/www.univ-mosta.dz\/vrpghr\/wp-content\/uploads\/sites\/14\/2022\/01\/logo_PDF_.png\" alt=\"\" srcset=\"https:\/\/www.univ-mosta.dz\/vrpghr\/wp-content\/uploads\/sites\/14\/2022\/01\/logo_PDF_.png 496w, https:\/\/www.univ-mosta.dz\/vrpghr\/wp-content\/uploads\/sites\/14\/2022\/01\/logo_PDF_-282x300.png 282w\" sizes=\"auto, (max-width: 496px) 100vw, 496px\" \/><\/a><\/td><td class=\"has-text-align-center\" data-align=\"center\"><a href=\"http:\/\/www.univ-mosta.dz\/vrpghr\/wp-content\/uploads\/sites\/14\/2023\/10\/Liste-des-revues-scientifiques-predatrices-2019.pdf\" target=\"_blank\" rel=\"noreferrer noopener\"><img loading=\"lazy\" decoding=\"async\" width=\"496\" height=\"528\" class=\"wp-image-1434\" style=\"width: 50px\" src=\"http:\/\/www.univ-mosta.dz\/vrpghr\/wp-content\/uploads\/sites\/14\/2022\/01\/logo_PDF_.png\" alt=\"\" srcset=\"https:\/\/www.univ-mosta.dz\/vrpghr\/wp-content\/uploads\/sites\/14\/2022\/01\/logo_PDF_.png 496w, https:\/\/www.univ-mosta.dz\/vrpghr\/wp-content\/uploads\/sites\/14\/2022\/01\/logo_PDF_-282x300.png 282w\" sizes=\"auto, (max-width: 496px) 100vw, 496px\" \/><\/a><\/td><\/tr><tr><td class=\"has-text-align-center\" data-align=\"center\"><strong>2020<\/strong><\/td><td class=\"has-text-align-center\" data-align=\"center\"><a href=\"http:\/\/www.univ-mosta.dz\/vrpghr\/wp-content\/uploads\/sites\/14\/2023\/10\/Liste-des-editeurs-scientifiques-predateurs-2020.pdf\" target=\"_blank\" rel=\"noreferrer noopener\"><img loading=\"lazy\" decoding=\"async\" width=\"496\" height=\"528\" class=\"wp-image-1434\" style=\"width: 50px\" src=\"http:\/\/www.univ-mosta.dz\/vrpghr\/wp-content\/uploads\/sites\/14\/2022\/01\/logo_PDF_.png\" alt=\"\" srcset=\"https:\/\/www.univ-mosta.dz\/vrpghr\/wp-content\/uploads\/sites\/14\/2022\/01\/logo_PDF_.png 496w, https:\/\/www.univ-mosta.dz\/vrpghr\/wp-content\/uploads\/sites\/14\/2022\/01\/logo_PDF_-282x300.png 282w\" sizes=\"auto, (max-width: 496px) 100vw, 496px\" \/><\/a><\/td><td class=\"has-text-align-center\" data-align=\"center\"><a href=\"http:\/\/www.univ-mosta.dz\/vrpghr\/wp-content\/uploads\/sites\/14\/2023\/10\/Liste-des-revues-scientifiques-predatrices-2020.pdf\" target=\"_blank\" rel=\"noreferrer noopener\"><img loading=\"lazy\" decoding=\"async\" width=\"496\" height=\"528\" class=\"wp-image-1434\" style=\"width: 50px\" src=\"http:\/\/www.univ-mosta.dz\/vrpghr\/wp-content\/uploads\/sites\/14\/2022\/01\/logo_PDF_.png\" alt=\"\" srcset=\"https:\/\/www.univ-mosta.dz\/vrpghr\/wp-content\/uploads\/sites\/14\/2022\/01\/logo_PDF_.png 496w, https:\/\/www.univ-mosta.dz\/vrpghr\/wp-content\/uploads\/sites\/14\/2022\/01\/logo_PDF_-282x300.png 282w\" sizes=\"auto, (max-width: 496px) 100vw, 496px\" \/><\/a><\/td><\/tr><tr><td class=\"has-text-align-center\" data-align=\"center\">2021<\/td><td class=\"has-text-align-center\" data-align=\"center\"><a href=\"http:\/\/www.univ-mosta.dz\/vrpghr\/wp-content\/uploads\/sites\/14\/2023\/10\/Liste-des-editeurs-scientifiques-predateurs-2021.pdf\" target=\"_blank\" rel=\"noreferrer noopener\"><img loading=\"lazy\" decoding=\"async\" width=\"496\" height=\"528\" class=\"wp-image-1434\" style=\"width: 50px\" src=\"http:\/\/www.univ-mosta.dz\/vrpghr\/wp-content\/uploads\/sites\/14\/2022\/01\/logo_PDF_.png\" alt=\"\" srcset=\"https:\/\/www.univ-mosta.dz\/vrpghr\/wp-content\/uploads\/sites\/14\/2022\/01\/logo_PDF_.png 496w, https:\/\/www.univ-mosta.dz\/vrpghr\/wp-content\/uploads\/sites\/14\/2022\/01\/logo_PDF_-282x300.png 282w\" sizes=\"auto, (max-width: 496px) 100vw, 496px\" \/><\/a><\/td><td class=\"has-text-align-center\" data-align=\"center\"><a href=\"http:\/\/www.univ-mosta.dz\/vrpghr\/wp-content\/uploads\/sites\/14\/2023\/10\/Liste-des-revues-scientifiques-predatrices-2021.pdf\" target=\"_blank\" rel=\"noreferrer noopener\"><img loading=\"lazy\" decoding=\"async\" width=\"496\" height=\"528\" class=\"wp-image-1434\" style=\"width: 50px\" src=\"http:\/\/www.univ-mosta.dz\/vrpghr\/wp-content\/uploads\/sites\/14\/2022\/01\/logo_PDF_.png\" alt=\"\" srcset=\"https:\/\/www.univ-mosta.dz\/vrpghr\/wp-content\/uploads\/sites\/14\/2022\/01\/logo_PDF_.png 496w, https:\/\/www.univ-mosta.dz\/vrpghr\/wp-content\/uploads\/sites\/14\/2022\/01\/logo_PDF_-282x300.png 282w\" sizes=\"auto, (max-width: 496px) 100vw, 496px\" \/><\/a><\/td><\/tr><tr><td class=\"has-text-align-center\" data-align=\"center\"><strong>2022<\/strong><\/td><td class=\"has-text-align-center\" data-align=\"center\"><a href=\"http:\/\/www.univ-mosta.dz\/vrpghr\/wp-content\/uploads\/sites\/14\/2023\/10\/Liste-des-editeurs-scientifiques-predateurs-2022.pdf\" target=\"_blank\" rel=\"noreferrer noopener\"><img loading=\"lazy\" decoding=\"async\" width=\"496\" height=\"528\" class=\"wp-image-1434\" style=\"width: 50px\" src=\"http:\/\/www.univ-mosta.dz\/vrpghr\/wp-content\/uploads\/sites\/14\/2022\/01\/logo_PDF_.png\" alt=\"\" srcset=\"https:\/\/www.univ-mosta.dz\/vrpghr\/wp-content\/uploads\/sites\/14\/2022\/01\/logo_PDF_.png 496w, https:\/\/www.univ-mosta.dz\/vrpghr\/wp-content\/uploads\/sites\/14\/2022\/01\/logo_PDF_-282x300.png 282w\" sizes=\"auto, (max-width: 496px) 100vw, 496px\" \/><\/a><\/td><td class=\"has-text-align-center\" data-align=\"center\"><a href=\"http:\/\/www.univ-mosta.dz\/vrpghr\/wp-content\/uploads\/sites\/14\/2023\/10\/Liste-des-revues-scientifiques-predatrices-2022.pdf\" target=\"_blank\" rel=\"noreferrer noopener\"><img loading=\"lazy\" decoding=\"async\" width=\"496\" height=\"528\" class=\"wp-image-1434\" style=\"width: 50px\" src=\"http:\/\/www.univ-mosta.dz\/vrpghr\/wp-content\/uploads\/sites\/14\/2022\/01\/logo_PDF_.png\" alt=\"\" srcset=\"https:\/\/www.univ-mosta.dz\/vrpghr\/wp-content\/uploads\/sites\/14\/2022\/01\/logo_PDF_.png 496w, https:\/\/www.univ-mosta.dz\/vrpghr\/wp-content\/uploads\/sites\/14\/2022\/01\/logo_PDF_-282x300.png 282w\" sizes=\"auto, (max-width: 496px) 100vw, 496px\" \/><\/a><\/td><\/tr><tr><td class=\"has-text-align-center\" data-align=\"center\">2023<\/td><td class=\"has-text-align-center\" data-align=\"center\"><a href=\"http:\/\/www.univ-mosta.dz\/vrpghr\/wp-content\/uploads\/sites\/14\/2024\/04\/Liste-des-editeurs-scientifiques-predateurs.pdf\" target=\"_blank\" rel=\"noreferrer noopener\"><img loading=\"lazy\" decoding=\"async\" width=\"496\" height=\"528\" class=\"wp-image-1434\" style=\"width: 50px\" src=\"http:\/\/www.univ-mosta.dz\/vrpghr\/wp-content\/uploads\/sites\/14\/2022\/01\/logo_PDF_.png\" alt=\"\" srcset=\"https:\/\/www.univ-mosta.dz\/vrpghr\/wp-content\/uploads\/sites\/14\/2022\/01\/logo_PDF_.png 496w, https:\/\/www.univ-mosta.dz\/vrpghr\/wp-content\/uploads\/sites\/14\/2022\/01\/logo_PDF_-282x300.png 282w\" sizes=\"auto, (max-width: 496px) 100vw, 496px\" \/><\/a><\/td><td class=\"has-text-align-center\" data-align=\"center\"><a href=\"http:\/\/www.univ-mosta.dz\/vrpghr\/wp-content\/uploads\/sites\/14\/2024\/04\/Liste-des-revues-scientifiques-predatrices.pdf\" target=\"_blank\" rel=\"noreferrer noopener\"><img loading=\"lazy\" decoding=\"async\" width=\"496\" height=\"528\" class=\"wp-image-1434\" style=\"width: 50px\" src=\"http:\/\/www.univ-mosta.dz\/vrpghr\/wp-content\/uploads\/sites\/14\/2022\/01\/logo_PDF_.png\" alt=\"\" srcset=\"https:\/\/www.univ-mosta.dz\/vrpghr\/wp-content\/uploads\/sites\/14\/2022\/01\/logo_PDF_.png 496w, https:\/\/www.univ-mosta.dz\/vrpghr\/wp-content\/uploads\/sites\/14\/2022\/01\/logo_PDF_-282x300.png 282w\" sizes=\"auto, (max-width: 496px) 100vw, 496px\" \/><\/a><\/td><\/tr><tr><td class=\"has-text-align-center\" data-align=\"center\"><strong>2024<\/strong><\/td><td class=\"has-text-align-center\" data-align=\"center\"><a href=\"http:\/\/www.univ-mosta.dz\/vrpghr\/wp-content\/uploads\/sites\/14\/2025\/05\/Liste-des-editeurs-scientifiques-predateurs.pdf\" target=\"_blank\" rel=\"noreferrer noopener\"><img loading=\"lazy\" decoding=\"async\" width=\"496\" height=\"528\" class=\"wp-image-1434\" style=\"width: 50px\" src=\"http:\/\/www.univ-mosta.dz\/vrpghr\/wp-content\/uploads\/sites\/14\/2022\/01\/logo_PDF_.png\" alt=\"\" srcset=\"https:\/\/www.univ-mosta.dz\/vrpghr\/wp-content\/uploads\/sites\/14\/2022\/01\/logo_PDF_.png 496w, https:\/\/www.univ-mosta.dz\/vrpghr\/wp-content\/uploads\/sites\/14\/2022\/01\/logo_PDF_-282x300.png 282w\" sizes=\"auto, (max-width: 496px) 100vw, 496px\" \/><\/a><\/td><td class=\"has-text-align-center\" data-align=\"center\"><a href=\"http:\/\/www.univ-mosta.dz\/vrpghr\/wp-content\/uploads\/sites\/14\/2025\/05\/Actualisation-de-la-Liste-des-revues-scientifiques-predatrices.pdf\" data-type=\"link\" data-id=\"http:\/\/www.univ-mosta.dz\/vrpghr\/wp-content\/uploads\/sites\/14\/2025\/05\/Actualisation-de-la-Liste-des-revues-scientifiques-predatrices.pdf\" target=\"_blank\" rel=\"noreferrer noopener\"><img loading=\"lazy\" decoding=\"async\" width=\"496\" height=\"528\" class=\"wp-image-1434\" style=\"width: 50px\" src=\"http:\/\/www.univ-mosta.dz\/vrpghr\/wp-content\/uploads\/sites\/14\/2022\/01\/logo_PDF_.png\" alt=\"\" srcset=\"https:\/\/www.univ-mosta.dz\/vrpghr\/wp-content\/uploads\/sites\/14\/2022\/01\/logo_PDF_.png 496w, https:\/\/www.univ-mosta.dz\/vrpghr\/wp-content\/uploads\/sites\/14\/2022\/01\/logo_PDF_-282x300.png 282w\" sizes=\"auto, (max-width: 496px) 100vw, 496px\" \/><\/a><\/td><\/tr><tr><td class=\"has-text-align-center\" data-align=\"center\"><\/td><td class=\"has-text-align-center\" data-align=\"center\"><\/td><td class=\"has-text-align-center\" data-align=\"center\"><\/td><\/tr><\/tbody><\/table><\/figure>\n\n\n\n<p><\/p>\n","protected":false},"excerpt":{"rendered":"<p>Listes des revues pr\u00e9datrices et \u00e9diteurs pr\u00e9dateurs La Direction G\u00e9n\u00e9rale de la Recherche Scientifique et du D\u00e9veloppement Technologique (DGRSDT) a le plaisir de mettre \u00e0 la disposition de la communaut\u00e9 &hellip;<\/p>\n","protected":false},"author":14,"featured_media":0,"parent":0,"menu_order":0,"comment_status":"closed","ping_status":"closed","template":"","meta":{"_coblocks_attr":"Georgia,Georgia","_coblocks_dimensions":"","_coblocks_responsive_height":"","_coblocks_accordion_ie_support":"","footnotes":""},"class_list":["post-1836","page","type-page","status-publish","hentry"],"_links":{"self":[{"href":"https:\/\/www.univ-mosta.dz\/vrpghr\/wp-json\/wp\/v2\/pages\/1836","targetHints":{"allow":["GET"]}}],"collection":[{"href":"https:\/\/www.univ-mosta.dz\/vrpghr\/wp-json\/wp\/v2\/pages"}],"about":[{"href":"https:\/\/www.univ-mosta.dz\/vrpghr\/wp-json\/wp\/v2\/types\/page"}],"author":[{"embeddable":true,"href":"https:\/\/www.univ-mosta.dz\/vrpghr\/wp-json\/wp\/v2\/users\/14"}],"replies":[{"embeddable":true,"href":"https:\/\/www.univ-mosta.dz\/vrpghr\/wp-json\/wp\/v2\/comments?post=1836"}],"version-history":[{"count":24,"href":"https:\/\/www.univ-mosta.dz\/vrpghr\/wp-json\/wp\/v2\/pages\/1836\/revisions"}],"predecessor-version":[{"id":5375,"href":"https:\/\/www.univ-mosta.dz\/vrpghr\/wp-json\/wp\/v2\/pages\/1836\/revisions\/5375"}],"wp:attachment":[{"href":"https:\/\/www.univ-mosta.dz\/vrpghr\/wp-json\/wp\/v2\/media?parent=1836"}],"curies":[{"name":"wp","href":"https:\/\/api.w.org\/{rel}","templated":true}]}}