{"id":1771,"date":"2022-07-17T17:22:28","date_gmt":"2022-07-17T15:22:28","guid":{"rendered":"https:\/\/www.univ-mosta.dz\/vrpghr\/?page_id=1771"},"modified":"2024-12-08T15:38:30","modified_gmt":"2024-12-08T14:38:30","slug":"pnr","status":"publish","type":"page","link":"https:\/\/www.univ-mosta.dz\/vrpghr\/pnr\/","title":{"rendered":"PNR"},"content":{"rendered":"\n<h1 class=\"wp-block-heading has-text-align-center has-text-color has-georgia-font-family coblocks-animate has-custom-font\" style=\"color:#e35a5a;font-family:Georgia;font-size:23px\" data-coblocks-animation=\"fadeIn\"><strong>Les Projets Nationaux de Recherche (PNR):<\/strong><\/h1>\n\n\n\n<p class=\"has-georgia-font-family has-custom-font\" style=\"font-family:Georgia;font-size:19px\">L\u2019universit\u00e9 &nbsp;Abdelhamid Ibn Badis &#8211; Mostaganem vient de domicilier une quarantaine de projets PNR dont les contrats ont \u00e9t\u00e9 sign\u00e9s avec les organismes pilotes.<\/p>\n\n\n\n<p class=\"has-text-align-center is-style-info has-georgia-font-family has-custom-font\" style=\"font-family:Georgia;font-size:19px\"><strong>Liste du projet PNR 2021<\/strong><\/p>\n\n\n<a href=\"https:\/\/www.univ-mosta.dz\/vrpghr\/wp-content\/uploads\/sites\/14\/2023\/10\/projets-PNR-2021-accepte.pdf\" class=\"pdfemb-viewer\" style=\"\" data-width=\"max\" data-height=\"max\" data-toolbar=\"both\" data-toolbar-fixed=\"on\">projets-PNR-2021-accepte<\/a>\n\n\n<p class=\"has-text-align-center is-style-info has-georgia-font-family has-custom-font\" style=\"font-family:Georgia;font-size:19px\"><strong>Liste du projet PNR 2022<\/strong><\/p>\n\n\n<a href=\"https:\/\/www.univ-mosta.dz\/vrpghr\/wp-content\/uploads\/sites\/14\/2023\/10\/projets-PNR-2022-accepte.pdf\" class=\"pdfemb-viewer\" style=\"\" data-width=\"max\" data-height=\"max\" data-toolbar=\"both\" data-toolbar-fixed=\"on\">projets-PNR-2022-accepte<\/a>\n\n\n<p class=\"has-text-align-center is-style-info has-georgia-font-family has-custom-font\" style=\"font-family:Georgia;font-size:19px\"><strong>Liste du projet PNR 2023<\/strong><\/p>\n\n\n<a href=\"https:\/\/www.univ-mosta.dz\/vrpghr\/wp-content\/uploads\/sites\/14\/2024\/12\/projets-PNR-2023-accepte-Copie.pdf\" class=\"pdfemb-viewer\" style=\"\" data-width=\"max\" data-height=\"max\" data-toolbar=\"both\" data-toolbar-fixed=\"on\">projets-PNR-2023-accepte-Copie<\/a>","protected":false},"excerpt":{"rendered":"<p>Les Projets Nationaux de Recherche (PNR): L\u2019universit\u00e9 &nbsp;Abdelhamid Ibn Badis &#8211; Mostaganem vient de domicilier une quarantaine de projets PNR dont les contrats ont \u00e9t\u00e9 sign\u00e9s avec les organismes pilotes. &hellip;<\/p>\n","protected":false},"author":14,"featured_media":0,"parent":0,"menu_order":0,"comment_status":"closed","ping_status":"closed","template":"","meta":{"_coblocks_attr":"Georgia,Georgia","_coblocks_dimensions":"","_coblocks_responsive_height":"","_coblocks_accordion_ie_support":"","footnotes":""},"class_list":["post-1771","page","type-page","status-publish","hentry"],"_links":{"self":[{"href":"https:\/\/www.univ-mosta.dz\/vrpghr\/wp-json\/wp\/v2\/pages\/1771","targetHints":{"allow":["GET"]}}],"collection":[{"href":"https:\/\/www.univ-mosta.dz\/vrpghr\/wp-json\/wp\/v2\/pages"}],"about":[{"href":"https:\/\/www.univ-mosta.dz\/vrpghr\/wp-json\/wp\/v2\/types\/page"}],"author":[{"embeddable":true,"href":"https:\/\/www.univ-mosta.dz\/vrpghr\/wp-json\/wp\/v2\/users\/14"}],"replies":[{"embeddable":true,"href":"https:\/\/www.univ-mosta.dz\/vrpghr\/wp-json\/wp\/v2\/comments?post=1771"}],"version-history":[{"count":11,"href":"https:\/\/www.univ-mosta.dz\/vrpghr\/wp-json\/wp\/v2\/pages\/1771\/revisions"}],"predecessor-version":[{"id":4594,"href":"https:\/\/www.univ-mosta.dz\/vrpghr\/wp-json\/wp\/v2\/pages\/1771\/revisions\/4594"}],"wp:attachment":[{"href":"https:\/\/www.univ-mosta.dz\/vrpghr\/wp-json\/wp\/v2\/media?parent=1771"}],"curies":[{"name":"wp","href":"https:\/\/api.w.org\/{rel}","templated":true}]}}