{"id":1369,"date":"2022-01-13T14:34:02","date_gmt":"2022-01-13T13:34:02","guid":{"rendered":"https:\/\/www.univ-mosta.dz\/vrpghr\/?page_id=1369"},"modified":"2022-01-13T14:52:41","modified_gmt":"2022-01-13T13:52:41","slug":"post-graduation-specialisee","status":"publish","type":"page","link":"https:\/\/www.univ-mosta.dz\/vrpghr\/post-graduation-specialisee\/","title":{"rendered":"Post Graduation Sp\u00e9cialis\u00e9e"},"content":{"rendered":"\n<p class=\"has-vivid-red-color has-text-color has-custom-font has-custom-weight\" style=\"font-family:Georgia;font-weight:bold\"><strong>Post Graduation Sp\u00e9cialis\u00e9e \u00e0 UMAB<\/strong>:<\/p>\n\n\n\n<p class=\"has-custom-font\" style=\"font-family:Georgia\">L\u2019objectif de la post-graduation sp\u00e9cialis\u00e9e est de concilier formation acad\u00e9mique de haut niveau, professionnalisation, et d\u00e9veloppement des comp\u00e9tences dans une sp\u00e9cialit\u00e9 de pointe.<\/p>\n\n\n\n<p class=\"has-custom-font\" style=\"font-family:Georgia\">La PGS est une formation de moyenne dur\u00e9e, totalisant en moyenne 700 heures s\u2019\u00e9talant de plusieurs mois \u00e0 1 an. Elle est soumise \u00e0 des conditions d&rsquo;acc\u00e8s et est sanctionn\u00e9e par la d\u00e9livrance d\u2019un dipl\u00f4me national.<\/p>\n\n\n\n<p class=\"has-text-color has-custom-font\" style=\"color:#c60c0c;font-family:Georgia\"><strong>Conditions d\u2019acc\u00e8s<\/strong>:<\/p>\n\n\n\n<p class=\"has-custom-font\" style=\"font-family:Georgia;font-size:16px\">La PGS est ouverte aux fonctionnaires appartenant aux cat\u00e9gories des personnels d\u2019encadrement :<\/p>\n\n\n\n<p class=\"has-custom-font has-custom-lineheight\" style=\"font-family:Georgia;line-height:1.5\">\u2022 titulaires d\u2019un dipl\u00f4me de l\u2019enseignement sup\u00e9rieur<br>\u2022 justifiant d\u2019une anciennet\u00e9 de 3 ans dans leur grade.<br>L\u2019admission est subordonn\u00e9e \u00e0 une s\u00e9lection au vu des r\u00e9sultats d\u2019un test \u00e9crit.<\/p>\n\n\n\n<p><\/p>\n","protected":false},"excerpt":{"rendered":"<p>Post Graduation Sp\u00e9cialis\u00e9e \u00e0 UMAB: L\u2019objectif de la post-graduation sp\u00e9cialis\u00e9e est de concilier formation acad\u00e9mique de haut niveau, professionnalisation, et d\u00e9veloppement des comp\u00e9tences dans une sp\u00e9cialit\u00e9 de pointe. La PGS &hellip;<\/p>\n","protected":false},"author":14,"featured_media":0,"parent":0,"menu_order":0,"comment_status":"closed","ping_status":"closed","template":"","meta":{"_coblocks_attr":"Georgia,Georgia","_coblocks_dimensions":"","_coblocks_responsive_height":"","_coblocks_accordion_ie_support":"","footnotes":""},"class_list":["post-1369","page","type-page","status-publish","hentry"],"_links":{"self":[{"href":"https:\/\/www.univ-mosta.dz\/vrpghr\/wp-json\/wp\/v2\/pages\/1369","targetHints":{"allow":["GET"]}}],"collection":[{"href":"https:\/\/www.univ-mosta.dz\/vrpghr\/wp-json\/wp\/v2\/pages"}],"about":[{"href":"https:\/\/www.univ-mosta.dz\/vrpghr\/wp-json\/wp\/v2\/types\/page"}],"author":[{"embeddable":true,"href":"https:\/\/www.univ-mosta.dz\/vrpghr\/wp-json\/wp\/v2\/users\/14"}],"replies":[{"embeddable":true,"href":"https:\/\/www.univ-mosta.dz\/vrpghr\/wp-json\/wp\/v2\/comments?post=1369"}],"version-history":[{"count":4,"href":"https:\/\/www.univ-mosta.dz\/vrpghr\/wp-json\/wp\/v2\/pages\/1369\/revisions"}],"predecessor-version":[{"id":1380,"href":"https:\/\/www.univ-mosta.dz\/vrpghr\/wp-json\/wp\/v2\/pages\/1369\/revisions\/1380"}],"wp:attachment":[{"href":"https:\/\/www.univ-mosta.dz\/vrpghr\/wp-json\/wp\/v2\/media?parent=1369"}],"curies":[{"name":"wp","href":"https:\/\/api.w.org\/{rel}","templated":true}]}}