{"id":1356,"date":"2022-01-13T11:23:46","date_gmt":"2022-01-13T10:23:46","guid":{"rendered":"https:\/\/www.univ-mosta.dz\/vrpghr\/?page_id=1356"},"modified":"2022-01-13T11:27:12","modified_gmt":"2022-01-13T10:27:12","slug":"doctorat-lmd","status":"publish","type":"page","link":"https:\/\/www.univ-mosta.dz\/vrpghr\/doctorat-lmd\/","title":{"rendered":"Doctorat 3 \u00e8me cycle"},"content":{"rendered":"\n<p class=\"has-vivid-red-color has-text-color has-custom-font has-custom-weight\" style=\"font-family:Georgia;font-weight:bold\"><strong>Doctorat 3<sup>\u00e8me <\/sup>cycle (LMD):<\/strong><\/p>\n\n\n\n<p class=\"has-custom-font has-custom-weight has-custom-lineheight\" style=\"font-family:Georgia;line-height:1.5;font-weight:normal\">Le Doctorat&nbsp;<strong>L<\/strong><strong>MD<\/strong>&nbsp;(Licence-Master-Doctorat&nbsp;\u00bb) est la phase finale de la nouvelle architecture du syst\u00e8me d\u2019enseignement sup\u00e9rieur Algerien adapt\u00e9 aux standards europ\u00e9ens et anglo-saxons.<\/p>\n","protected":false},"excerpt":{"rendered":"<p>Doctorat 3\u00e8me cycle (LMD): Le Doctorat&nbsp;LMD&nbsp;(Licence-Master-Doctorat&nbsp;\u00bb) est la phase finale de la nouvelle architecture du syst\u00e8me d\u2019enseignement sup\u00e9rieur Algerien adapt\u00e9 aux standards europ\u00e9ens et anglo-saxons.<\/p>\n","protected":false},"author":14,"featured_media":0,"parent":0,"menu_order":0,"comment_status":"closed","ping_status":"closed","template":"","meta":{"_coblocks_attr":"Georgia,Georgia","_coblocks_dimensions":"","_coblocks_responsive_height":"","_coblocks_accordion_ie_support":"","footnotes":""},"class_list":["post-1356","page","type-page","status-publish","hentry"],"_links":{"self":[{"href":"https:\/\/www.univ-mosta.dz\/vrpghr\/wp-json\/wp\/v2\/pages\/1356","targetHints":{"allow":["GET"]}}],"collection":[{"href":"https:\/\/www.univ-mosta.dz\/vrpghr\/wp-json\/wp\/v2\/pages"}],"about":[{"href":"https:\/\/www.univ-mosta.dz\/vrpghr\/wp-json\/wp\/v2\/types\/page"}],"author":[{"embeddable":true,"href":"https:\/\/www.univ-mosta.dz\/vrpghr\/wp-json\/wp\/v2\/users\/14"}],"replies":[{"embeddable":true,"href":"https:\/\/www.univ-mosta.dz\/vrpghr\/wp-json\/wp\/v2\/comments?post=1356"}],"version-history":[{"count":2,"href":"https:\/\/www.univ-mosta.dz\/vrpghr\/wp-json\/wp\/v2\/pages\/1356\/revisions"}],"predecessor-version":[{"id":1359,"href":"https:\/\/www.univ-mosta.dz\/vrpghr\/wp-json\/wp\/v2\/pages\/1356\/revisions\/1359"}],"wp:attachment":[{"href":"https:\/\/www.univ-mosta.dz\/vrpghr\/wp-json\/wp\/v2\/media?parent=1356"}],"curies":[{"name":"wp","href":"https:\/\/api.w.org\/{rel}","templated":true}]}}