{"id":1331,"date":"2022-01-13T09:52:59","date_gmt":"2022-01-13T08:52:59","guid":{"rendered":"https:\/\/www.univ-mosta.dz\/vrpghr\/?page_id=1331"},"modified":"2022-01-13T10:58:11","modified_gmt":"2022-01-13T09:58:11","slug":"presentation","status":"publish","type":"page","link":"https:\/\/www.univ-mosta.dz\/vrpghr\/presentation\/","title":{"rendered":"Pr\u00e9sentation"},"content":{"rendered":"\n<p class=\"has-custom-font has-custom-weight\" style=\"font-family:Georgia;font-weight:bold\">Pr\u00e9sentation:<\/p>\n\n\n\n<p class=\"has-custom-font has-custom-lineheight\" style=\"font-family:Georgia;line-height:1.5\">Parmi les quatre vices rectorats figure le Vice-Rectorat de la&nbsp;Formation Sup\u00e9rieure&nbsp;du troisi\u00e8me cycle, l\u2019Habilitation Universitaire et la Recherche Scientifique, et la&nbsp;Formation Sup\u00e9rieure&nbsp;de la Post-Graduation&nbsp;cr\u00e9\u00e9 par d\u00e9cret N\u00b046 du 12 Aout 2009. Il est compos\u00e9 de trois services :<\/p>\n\n\n\n<ol type=\"1\" class=\"has-custom-font wp-block-list\" style=\"font-family:Georgia\"><li>Le service de la formation de post-graduation et de la post-graduation sp\u00e9cialis\u00e9e,<\/li><li>Le service de l\u2019habilitation universitaire,<\/li><li>Le service du suivi des activit\u00e9s de recherche et de la valorisation de ses r\u00e9sultats.<\/li><\/ol>\n\n\n\n<p class=\"has-custom-font has-custom-lineheight\" style=\"font-family:Georgia;line-height:1.5\">Un quatri\u00e8me service en cours de cr\u00e9ation est celui de la valorisation de la recherche dont la mission principal est de trouver des applications&nbsp;aux r\u00e9sultats de recherche en aidant les chercheurs \u00e0 se rapprocher de l&rsquo;entreprise \u00e9conomique pour ce faire et de cr\u00e9er le cas \u00e9ch\u00e9ant leur propre start-up.<\/p>\n\n\n\n<p class=\"has-custom-font has-custom-lineheight\" style=\"font-family:Georgia;line-height:1.5\">Le Vice rectorat assure la gestion de la formation post gradu\u00e9e ainsi que le suivi des activit\u00e9s des laboratoires de recherche. Il a pour charge :<\/p>\n\n\n\n<ul class=\"has-custom-font wp-block-list\" style=\"font-family:Georgia\"><li>Le suivi des formations de post-graduation, de doctorat et d\u2019habilitation universitaire et l\u2019application de la r\u00e9glementation en vigueur en la mati\u00e8re.<\/li><li>Le suivi du fonctionnement du conseil scientifique de l\u2019universit\u00e9 et l\u2019archivage.<\/li><li>Le suivi des activit\u00e9s des laboratoires de recherche.<\/li><li>L\u2019\u00e9laboration de bilans p\u00e9riodiques sur l\u2019\u00e9tat de la recherche au sein de l\u2019universit\u00e9, en coordination avec les facult\u00e9s et institut.<\/li><li>La valorisation des r\u00e9sultats de la recherche.<\/li><li>La collecte et la diffusion des informations sur les activit\u00e9s de recherche men\u00e9es par l\u2019universit\u00e9.<\/li><\/ul>\n","protected":false},"excerpt":{"rendered":"<p>Pr\u00e9sentation: Parmi les quatre vices rectorats figure le Vice-Rectorat de la&nbsp;Formation Sup\u00e9rieure&nbsp;du troisi\u00e8me cycle, l\u2019Habilitation Universitaire et la Recherche Scientifique, et la&nbsp;Formation Sup\u00e9rieure&nbsp;de la Post-Graduation&nbsp;cr\u00e9\u00e9 par d\u00e9cret N\u00b046 du 12 &hellip;<\/p>\n","protected":false},"author":14,"featured_media":0,"parent":0,"menu_order":0,"comment_status":"closed","ping_status":"closed","template":"","meta":{"_coblocks_attr":"","_coblocks_dimensions":"","_coblocks_responsive_height":"","_coblocks_accordion_ie_support":"","footnotes":""},"class_list":["post-1331","page","type-page","status-publish","hentry"],"_links":{"self":[{"href":"https:\/\/www.univ-mosta.dz\/vrpghr\/wp-json\/wp\/v2\/pages\/1331","targetHints":{"allow":["GET"]}}],"collection":[{"href":"https:\/\/www.univ-mosta.dz\/vrpghr\/wp-json\/wp\/v2\/pages"}],"about":[{"href":"https:\/\/www.univ-mosta.dz\/vrpghr\/wp-json\/wp\/v2\/types\/page"}],"author":[{"embeddable":true,"href":"https:\/\/www.univ-mosta.dz\/vrpghr\/wp-json\/wp\/v2\/users\/14"}],"replies":[{"embeddable":true,"href":"https:\/\/www.univ-mosta.dz\/vrpghr\/wp-json\/wp\/v2\/comments?post=1331"}],"version-history":[{"count":2,"href":"https:\/\/www.univ-mosta.dz\/vrpghr\/wp-json\/wp\/v2\/pages\/1331\/revisions"}],"predecessor-version":[{"id":1346,"href":"https:\/\/www.univ-mosta.dz\/vrpghr\/wp-json\/wp\/v2\/pages\/1331\/revisions\/1346"}],"wp:attachment":[{"href":"https:\/\/www.univ-mosta.dz\/vrpghr\/wp-json\/wp\/v2\/media?parent=1331"}],"curies":[{"name":"wp","href":"https:\/\/api.w.org\/{rel}","templated":true}]}}