{"id":15,"date":"2019-12-01T09:30:34","date_gmt":"2019-12-01T08:30:34","guid":{"rendered":"http:\/\/www.univ-mosta.dz\/vrdpo\/?page_id=15"},"modified":"2019-12-01T14:18:22","modified_gmt":"2019-12-01T13:18:22","slug":"textes-legislatifs-et-reglementaires","status":"publish","type":"page","link":"https:\/\/www.univ-mosta.dz\/vrdpo\/textes-legislatifs-et-reglementaires\/","title":{"rendered":"Textes L\u00e9gislatifs et R\u00e9glementaires"},"content":{"rendered":"<p>[vc_row][vc_column][vc_column_text]<\/p>\n<ul class=\"bs-shortcode-list list-style-file\">\n<li><a href=\"http:\/\/www.univ-mosta.dz\/vrdpo\/wp-content\/uploads\/sites\/18\/2019\/12\/FMPublic.pdf\" target=\"_blank\" rel=\"noopener noreferrer\">D\u00e9cret Pr\u00e9sidentiel 10-236 du 07\/10\/2010, portant r\u00e9glementation des march\u00e9s publics, modifi\u00e9 et compl\u00e9t\u00e9<\/a><\/li>\n<li><a href=\"http:\/\/www.univ-mosta.dz\/vrdpo\/wp-content\/uploads\/sites\/18\/2019\/12\/Decret-executif-13-327.pdf\" target=\"_blank\" rel=\"noopener noreferrer\">D\u00e9cret ex\u00e9cutif n\u00b0 13-327 du 20 Dhou El. Kaada 1434 correspondant au 26 septembre 2013 fixant les conditions et les modalit\u00e9s de mise en \u0153uvre de la garantie des biens et des services<\/a><\/li>\n<li><a href=\"http:\/\/www.univ-mosta.dz\/vrdpo\/wp-content\/uploads\/sites\/18\/2019\/12\/Decret-ex\u00e9cutif-05-468.pdf\" target=\"_blank\" rel=\"noopener noreferrer\">D\u00e9cret ex\u00e9cutif n\u00b005-468 du 8 Dhou El Kaada 1426 correspondant au 10 d\u00e9cembre 2005 fixant les conditions et les modalit\u00e9s d&rsquo;\u00e9tablissement de la facture, du bon de livraison, du bon de transfert et de la facture r\u00e9capitulative\u00a0<\/a><\/li>\n<li><a href=\"http:\/\/www.univ-mosta.dz\/vrdpo\/wp-content\/uploads\/sites\/18\/2019\/12\/f2008005.pdf\" target=\"_blank\" rel=\"noopener noreferrer\">D\u00e9cret ex\u00e9cutif n\u00b098-67 du 24 Chaoual 1418 correspondant au 21 f\u00e9vrier 1998 portant cr\u00e9ation, organisation et fonctionnement de la caisse de garantie des march\u00e9s publics (C.G.M.P<\/a><\/li>\n<li><a href=\"http:\/\/www.univ-mosta.dz\/vrdpo\/wp-content\/uploads\/sites\/18\/2019\/12\/Decret-executif-11-118.pdf\" target=\"_blank\" rel=\"noopener noreferrer\">D\u00e9cret ex\u00e9cutif n\u00b011-118 du 11 Rabie Ethani 1432 correspondant au 16 mars 2011 portant approbation du r\u00e8glement int\u00e9rieur-type de la commission des march\u00e9s publics<\/a><\/li>\n<li><a href=\"http:\/\/www.univ-mosta.dz\/vrdpo\/wp-content\/uploads\/sites\/18\/2019\/12\/Decret-pr\u00e9sidentiel15-247.pdf\" target=\"_blank\" rel=\"noopener noreferrer\">D\u00e9cret pr\u00e9sidentiel n\u00b0 15-247 du 2 Dhou El Hidja 1436 correspondant au 16 septembre 2015 portant r\u00e9glementation des march\u00e9s publics et des d\u00e9l\u00e9gations de service public\u00a0<\/a><\/li>\n<li><a href=\"http:\/\/www.univ-mosta.dz\/vrdpo\/wp-content\/uploads\/sites\/18\/2019\/12\/Arrete_28-03-2011_la_marge_de_preference_aux_produits_ALG.pdf\" target=\"_blank\" rel=\"noopener noreferrer\">Arr\u00eat\u00e9 du 28\/03\/2011 relatif aux modalit\u00e9s d\u2019application du taux de la marge de pr\u00e9f\u00e9rence aux produits d\u2019origine alg\u00e9rienne et\/ou aux entreprises de droit alg\u00e9rien<\/a><\/li>\n<\/ul>\n<p>[\/vc_column_text][\/vc_column][\/vc_row]<\/p>\n","protected":false},"excerpt":{"rendered":"<p>[vc_row][vc_column][vc_column_text] D\u00e9cret Pr\u00e9sidentiel 10-236 du 07\/10\/2010, portant r\u00e9glementation des march\u00e9s publics, modifi\u00e9 et compl\u00e9t\u00e9 D\u00e9cret ex\u00e9cutif n\u00b0 13-327 du 20 Dhou El. Kaada 1434 correspondant au 26 septembre 2013 fixant &hellip;<\/p>\n","protected":false},"author":1,"featured_media":0,"parent":0,"menu_order":0,"comment_status":"closed","ping_status":"closed","template":"","meta":{"_coblocks_attr":"","_coblocks_dimensions":"","_coblocks_responsive_height":"","_coblocks_accordion_ie_support":"","footnotes":""},"class_list":["post-15","page","type-page","status-publish","hentry"],"_links":{"self":[{"href":"https:\/\/www.univ-mosta.dz\/vrdpo\/wp-json\/wp\/v2\/pages\/15","targetHints":{"allow":["GET"]}}],"collection":[{"href":"https:\/\/www.univ-mosta.dz\/vrdpo\/wp-json\/wp\/v2\/pages"}],"about":[{"href":"https:\/\/www.univ-mosta.dz\/vrdpo\/wp-json\/wp\/v2\/types\/page"}],"author":[{"embeddable":true,"href":"https:\/\/www.univ-mosta.dz\/vrdpo\/wp-json\/wp\/v2\/users\/1"}],"replies":[{"embeddable":true,"href":"https:\/\/www.univ-mosta.dz\/vrdpo\/wp-json\/wp\/v2\/comments?post=15"}],"version-history":[{"count":4,"href":"https:\/\/www.univ-mosta.dz\/vrdpo\/wp-json\/wp\/v2\/pages\/15\/revisions"}],"predecessor-version":[{"id":46,"href":"https:\/\/www.univ-mosta.dz\/vrdpo\/wp-json\/wp\/v2\/pages\/15\/revisions\/46"}],"wp:attachment":[{"href":"https:\/\/www.univ-mosta.dz\/vrdpo\/wp-json\/wp\/v2\/media?parent=15"}],"curies":[{"name":"wp","href":"https:\/\/api.w.org\/{rel}","templated":true}]}}