{"id":11,"date":"2019-12-01T09:29:44","date_gmt":"2019-12-01T08:29:44","guid":{"rendered":"http:\/\/www.univ-mosta.dz\/vrdpo\/?page_id=11"},"modified":"2019-12-01T14:16:59","modified_gmt":"2019-12-01T13:16:59","slug":"missions","status":"publish","type":"page","link":"https:\/\/www.univ-mosta.dz\/vrdpo\/missions\/","title":{"rendered":"Missions"},"content":{"rendered":"<p>[vc_row][vc_column][vc_column_text]<span style=\"font-size: 14pt; font-family: 'times new roman', times, serif;\">Le vice rectorat du d\u00e9veloppement de la prospective et de l\u2019orientation est constitu\u00e9 de trois services :<\/span><\/p>\n<p align=\"justify\"><span style=\"font-size: 14pt; font-family: 'times new roman', times, serif;\"><b>Le service des statistiques et de la prospective est charg\u00e9 de :<\/b><\/span><\/p>\n<ul class=\"bs-shortcode-list list-style-check\">\n<li><span style=\"font-size: 14pt; font-family: 'times new roman', times, serif;\">R\u00e9unir les \u00e9l\u00e9ments n\u00e9cessaires \u00e0 l\u2019\u00e9laboration des projets de plans de d\u00e9veloppement de l\u2019universit\u00e9,<\/span><\/li>\n<li>\n<p align=\"justify\"><span style=\"font-size: 14pt; font-family: 'times new roman', times, serif;\">Effectuer toute \u00e9tude prospective sur les pr\u00e9visions d\u2019\u00e9volution des effectifs \u00e9tudiants de l\u2019universit\u00e9 et proposer toute mesure pour leur prise en charge, notamment en mati\u00e8re d\u2019\u00e9volution d\u2019encadrement p\u00e9dagogique et administratif,<\/span><\/p>\n<\/li>\n<li>\n<p align=\"justify\"><span style=\"font-size: 14pt; font-family: 'times new roman', times, serif;\">Tenir le fichier statistique de l\u2019universit\u00e9 en veillant \u00e0 sa mise \u00e0 jour p\u00e9riodique.<\/span><\/p>\n<\/li>\n<\/ul>\n<p align=\"justify\"><span style=\"font-size: 14pt; font-family: 'times new roman', times, serif;\"><b>Le service de l\u2019orientation et de l\u2019information est charg\u00e9 de :<\/b><\/span><\/p>\n<ul class=\"bs-shortcode-list list-style-check\">\n<li><span style=\"font-size: 14pt; font-family: 'times new roman', times, serif;\">proc\u00e9der \u00e0 l\u2019\u00e9laboration de tout support d\u2019information sur les cursus d\u2019enseignement assur\u00e9s par l\u2019universit\u00e9 et leurs d\u00e9bouch\u00e9s professionnels<\/span><\/li>\n<li>\n<p align=\"justify\"><span style=\"font-size: 14pt; font-family: 'times new roman', times, serif;\">mettre \u00e0 la disposition des \u00e9tudiants toute information devant les aider dans leur choix d\u2019orientation<\/span><\/p>\n<\/li>\n<li>\n<p align=\"justify\"><span style=\"font-size: 14pt; font-family: 'times new roman', times, serif;\">\u00a0promouvoir les actions d\u2019information des \u00e9tudiants<\/span><\/p>\n<\/li>\n<\/ul>\n<p align=\"justify\"><span style=\"font-size: 14pt; font-family: 'times new roman', times, serif;\"><b>Le service du suivi des programmes de construction et d\u2019\u00e9quipement de l\u2019universit\u00e9\u00a0est charg\u00e9 de :<\/b><\/span><\/p>\n<ul class=\"bs-shortcode-list list-style-check\">\n<li><span style=\"font-size: 14pt; font-family: 'times new roman', times, serif;\">Suivre les programmes de construction et assurer la mise en \u0153uvre des programmes d\u2019\u00e9quipement de l\u2019universit\u00e9 en relation avec les services concern\u00e9s.<\/span><\/li>\n<li>\n<p align=\"justify\"><span style=\"font-size: 14pt; font-family: 'times new roman', times, serif;\">pr\u00e9paration des march\u00e9s publics\u00a0de construction et d\u2019\u00e9quipement.<\/span><\/p>\n<\/li>\n<\/ul>\n<p>[\/vc_column_text][\/vc_column][\/vc_row]<\/p>\n","protected":false},"excerpt":{"rendered":"<p>[vc_row][vc_column][vc_column_text]Le vice rectorat du d\u00e9veloppement de la prospective et de l\u2019orientation est constitu\u00e9 de trois services : Le service des statistiques et de la prospective est charg\u00e9 de : R\u00e9unir &hellip;<\/p>\n","protected":false},"author":1,"featured_media":0,"parent":0,"menu_order":0,"comment_status":"closed","ping_status":"closed","template":"","meta":{"_coblocks_attr":"","_coblocks_dimensions":"","_coblocks_responsive_height":"","_coblocks_accordion_ie_support":"","footnotes":""},"class_list":["post-11","page","type-page","status-publish","hentry"],"_links":{"self":[{"href":"https:\/\/www.univ-mosta.dz\/vrdpo\/wp-json\/wp\/v2\/pages\/11","targetHints":{"allow":["GET"]}}],"collection":[{"href":"https:\/\/www.univ-mosta.dz\/vrdpo\/wp-json\/wp\/v2\/pages"}],"about":[{"href":"https:\/\/www.univ-mosta.dz\/vrdpo\/wp-json\/wp\/v2\/types\/page"}],"author":[{"embeddable":true,"href":"https:\/\/www.univ-mosta.dz\/vrdpo\/wp-json\/wp\/v2\/users\/1"}],"replies":[{"embeddable":true,"href":"https:\/\/www.univ-mosta.dz\/vrdpo\/wp-json\/wp\/v2\/comments?post=11"}],"version-history":[{"count":3,"href":"https:\/\/www.univ-mosta.dz\/vrdpo\/wp-json\/wp\/v2\/pages\/11\/revisions"}],"predecessor-version":[{"id":45,"href":"https:\/\/www.univ-mosta.dz\/vrdpo\/wp-json\/wp\/v2\/pages\/11\/revisions\/45"}],"wp:attachment":[{"href":"https:\/\/www.univ-mosta.dz\/vrdpo\/wp-json\/wp\/v2\/media?parent=11"}],"curies":[{"name":"wp","href":"https:\/\/api.w.org\/{rel}","templated":true}]}}