{"id":52,"date":"2018-11-09T11:58:11","date_gmt":"2018-11-09T10:58:11","guid":{"rendered":"http:\/\/www.univ-mosta.dz\/vrcc\/?page_id=52"},"modified":"2022-07-03T14:48:28","modified_gmt":"2022-07-03T12:48:28","slug":"bureau-de-liaison-entreprises-universite","status":"publish","type":"page","link":"https:\/\/www.univ-mosta.dz\/vrcc\/bureau-de-liaison-entreprises-universite\/","title":{"rendered":"Bureau de Liaison Entreprises Universit\u00e9"},"content":{"rendered":"<p style=\"text-align: justify\"><span style=\"font-size: 12pt;font-family: georgia, palatino, serif\">Le B.L.E.U Bureau de Liaison Entreprises Universit\u00e9 a \u00e9t\u00e9 cr\u00e9e sur d\u00e9cision interne du\u00a0 <span style=\"color: #ff9900\">Mr. Most\u00e9fa BELHAKEM<\/span>, Recteur de l&rsquo;Universit\u00e9 Abdelhamid Ibn Badis\u00a0 &#8211; Mostaganem, pour \u00eatre une v\u00e9ritable passerelle entre l&rsquo;universit\u00e9 et le monde \u00e9conomique.<\/span><\/p>\n<p style=\"text-align: justify\"><span style=\"font-size: 12pt;font-family: georgia, palatino, serif\">Le\u00a0Bureau de Liaison Entreprises Universit\u00e9 (BLEU) est une structure interne rattach\u00e9e au Vice Rectorat des relations ext\u00e9rieures, de la coop\u00e9ration, de l\u2019animation et la communication et des manifestations scientifiques dans le but de cr\u00e9er et consolider des relations durable entre l&rsquo;<a href=\"http:\/\/www.univ-mosta.dz\" target=\"_blank\" rel=\"noopener\">Universit\u00e9 Abdelhamid Ibn Badis &#8211; Mostaganem<\/a> et les partenaires socio-\u00e9conomique.<\/span><\/p>\n<p style=\"text-align: justify\"><span style=\"font-size: 12pt;font-family: georgia, palatino, serif\">Le BLEU joue un r\u00f4le d\u00e9terminant dans le renforcement des liens de coop\u00e9rations entre l\u2019universit\u00e9 et l\u2019environnement socio-\u00e9conomique,\u00a0 et dans ce processus, l\u2019\u00e9tudiant est au c\u0153ur des pr\u00e9occupations.<\/span><\/p>\n<p style=\"text-align: justify\"><span style=\"font-size: 12pt;font-family: georgia, palatino, serif\">Il a pour mission principale d\u2019accompagner des jeunes dans une d\u00e9marche d\u2019insertion et d\u2019acc\u00e8s \u00e0 l\u2019emploi.<\/span><\/p>\n<p style=\"text-align: justify\"><span style=\"font-size: 12pt;font-family: georgia, palatino, serif\">Il remplit une fonction d\u2019impulsion, de conseil et d\u2019appui \u00e0 l\u2019ensemble de la communaut\u00e9 universitaire. C\u2019est surtout une interface indispensable aujourd\u2019hui pour faciliter le rapprochement entre cette communaut\u00e9 et les entreprises.<\/span><\/p>\n","protected":false},"excerpt":{"rendered":"<p>Le B.L.E.U Bureau de Liaison Entreprises Universit\u00e9 a \u00e9t\u00e9 cr\u00e9e sur d\u00e9cision interne du\u00a0 Mr. Most\u00e9fa BELHAKEM, Recteur de l&rsquo;Universit\u00e9 Abdelhamid Ibn Badis\u00a0 &#8211; Mostaganem, pour \u00eatre une v\u00e9ritable passerelle &hellip;<\/p>\n","protected":false},"author":1,"featured_media":0,"parent":0,"menu_order":0,"comment_status":"closed","ping_status":"closed","template":"","meta":{"_coblocks_attr":"","_coblocks_dimensions":"","_coblocks_responsive_height":"","_coblocks_accordion_ie_support":"","_EventAllDay":false,"_EventTimezone":"","_EventStartDate":"","_EventEndDate":"","_EventStartDateUTC":"","_EventEndDateUTC":"","_EventShowMap":false,"_EventShowMapLink":false,"_EventURL":"","_EventCost":"","_EventCostDescription":"","_EventCurrencySymbol":"","_EventCurrencyCode":"","_EventCurrencyPosition":"","_EventDateTimeSeparator":"","_EventTimeRangeSeparator":"","_EventOrganizerID":[],"_EventVenueID":[],"_OrganizerEmail":"","_OrganizerPhone":"","_OrganizerWebsite":"","_VenueAddress":"","_VenueCity":"","_VenueCountry":"","_VenueProvince":"","_VenueState":"","_VenueZip":"","_VenuePhone":"","_VenueURL":"","_VenueStateProvince":"","_VenueLat":"","_VenueLng":"","_VenueShowMap":false,"_VenueShowMapLink":false,"footnotes":""},"class_list":["post-52","page","type-page","status-publish","hentry"],"_links":{"self":[{"href":"https:\/\/www.univ-mosta.dz\/vrcc\/wp-json\/wp\/v2\/pages\/52","targetHints":{"allow":["GET"]}}],"collection":[{"href":"https:\/\/www.univ-mosta.dz\/vrcc\/wp-json\/wp\/v2\/pages"}],"about":[{"href":"https:\/\/www.univ-mosta.dz\/vrcc\/wp-json\/wp\/v2\/types\/page"}],"author":[{"embeddable":true,"href":"https:\/\/www.univ-mosta.dz\/vrcc\/wp-json\/wp\/v2\/users\/1"}],"replies":[{"embeddable":true,"href":"https:\/\/www.univ-mosta.dz\/vrcc\/wp-json\/wp\/v2\/comments?post=52"}],"version-history":[{"count":8,"href":"https:\/\/www.univ-mosta.dz\/vrcc\/wp-json\/wp\/v2\/pages\/52\/revisions"}],"predecessor-version":[{"id":5780,"href":"https:\/\/www.univ-mosta.dz\/vrcc\/wp-json\/wp\/v2\/pages\/52\/revisions\/5780"}],"wp:attachment":[{"href":"https:\/\/www.univ-mosta.dz\/vrcc\/wp-json\/wp\/v2\/media?parent=52"}],"curies":[{"name":"wp","href":"https:\/\/api.w.org\/{rel}","templated":true}]}}