{"id":48,"date":"2018-11-09T11:57:09","date_gmt":"2018-11-09T10:57:09","guid":{"rendered":"http:\/\/www.univ-mosta.dz\/vrcc\/?page_id=48"},"modified":"2021-11-04T10:22:15","modified_gmt":"2021-11-04T09:22:15","slug":"le-centre-de-formation-tout-au-long-de-la-vie","status":"publish","type":"page","link":"https:\/\/www.univ-mosta.dz\/vrcc\/le-centre-de-formation-tout-au-long-de-la-vie\/","title":{"rendered":"Le centre de formation tout au long de la vie"},"content":{"rendered":"<p style=\"text-align: justify\">Un centre de formation tout au long de la vie (Life Long Learning Center) a aussi pu voir le jour dans le cadre des projets internationaux.<\/p>\n<p style=\"text-align: justify\">Ce centre d\u00e9livre un Certificat Informatique et Internet (C2i) en convention avec l\u2019Universit\u00e9 de Limoges (France) pour les enseignants, \u00e9tudiants et personnel techniques et de services qui le souhaitent. Il permettra la formation continue des employ\u00e9s d\u2019autres secteurs \u00e0 travers des formations \u00e0 la carte.<\/p>\n<p style=\"text-align: justify\">Cette action de la formation continue se prolonge aussi par l\u2019exercice du Centre d\u2019Enseignement Intensif des Langues (CEIL) qui compte parmi ses effectifs plus de 160 cadres et employ\u00e9s d\u2019autres secteurs d\u00e9sireux d\u2019am\u00e9liorer leurs connaissances linguistiques en Allemand, Anglais, Espagnol et en Fran\u00e7ais.<\/p>\n","protected":false},"excerpt":{"rendered":"<p>Un centre de formation tout au long de la vie (Life Long Learning Center) a aussi pu voir le jour dans le cadre des projets internationaux. Ce centre d\u00e9livre un &hellip;<\/p>\n","protected":false},"author":1,"featured_media":0,"parent":0,"menu_order":0,"comment_status":"closed","ping_status":"closed","template":"","meta":{"_coblocks_attr":"","_coblocks_dimensions":"","_coblocks_responsive_height":"","_coblocks_accordion_ie_support":"","_EventAllDay":false,"_EventTimezone":"","_EventStartDate":"","_EventEndDate":"","_EventStartDateUTC":"","_EventEndDateUTC":"","_EventShowMap":false,"_EventShowMapLink":false,"_EventURL":"","_EventCost":"","_EventCostDescription":"","_EventCurrencySymbol":"","_EventCurrencyCode":"","_EventCurrencyPosition":"","_EventDateTimeSeparator":"","_EventTimeRangeSeparator":"","_EventOrganizerID":[],"_EventVenueID":[],"_OrganizerEmail":"","_OrganizerPhone":"","_OrganizerWebsite":"","_VenueAddress":"","_VenueCity":"","_VenueCountry":"","_VenueProvince":"","_VenueState":"","_VenueZip":"","_VenuePhone":"","_VenueURL":"","_VenueStateProvince":"","_VenueLat":"","_VenueLng":"","_VenueShowMap":false,"_VenueShowMapLink":false,"footnotes":""},"class_list":["post-48","page","type-page","status-publish","hentry"],"_links":{"self":[{"href":"https:\/\/www.univ-mosta.dz\/vrcc\/wp-json\/wp\/v2\/pages\/48","targetHints":{"allow":["GET"]}}],"collection":[{"href":"https:\/\/www.univ-mosta.dz\/vrcc\/wp-json\/wp\/v2\/pages"}],"about":[{"href":"https:\/\/www.univ-mosta.dz\/vrcc\/wp-json\/wp\/v2\/types\/page"}],"author":[{"embeddable":true,"href":"https:\/\/www.univ-mosta.dz\/vrcc\/wp-json\/wp\/v2\/users\/1"}],"replies":[{"embeddable":true,"href":"https:\/\/www.univ-mosta.dz\/vrcc\/wp-json\/wp\/v2\/comments?post=48"}],"version-history":[{"count":5,"href":"https:\/\/www.univ-mosta.dz\/vrcc\/wp-json\/wp\/v2\/pages\/48\/revisions"}],"predecessor-version":[{"id":3816,"href":"https:\/\/www.univ-mosta.dz\/vrcc\/wp-json\/wp\/v2\/pages\/48\/revisions\/3816"}],"wp:attachment":[{"href":"https:\/\/www.univ-mosta.dz\/vrcc\/wp-json\/wp\/v2\/media?parent=48"}],"curies":[{"name":"wp","href":"https:\/\/api.w.org\/{rel}","templated":true}]}}