{"id":46,"date":"2018-11-09T11:55:09","date_gmt":"2018-11-09T10:55:09","guid":{"rendered":"http:\/\/www.univ-mosta.dz\/vrcc\/?page_id=46"},"modified":"2022-07-03T14:18:20","modified_gmt":"2022-07-03T12:18:20","slug":"maison-de-lentreprenariat","status":"publish","type":"page","link":"https:\/\/www.univ-mosta.dz\/vrcc\/maison-de-lentreprenariat\/","title":{"rendered":"Maison de l\u2019Entreprenariat"},"content":{"rendered":"<p><img loading=\"lazy\" decoding=\"async\" class=\"wp-image-5768 alignleft\" src=\"http:\/\/www.univ-mosta.dz\/vrcc\/wp-content\/uploads\/sites\/13\/2022\/07\/Maison-de-lEntrepreneuriat-UMAB-_-1-212x300.png\" alt=\"\" width=\"143\" height=\"202\" srcset=\"https:\/\/www.univ-mosta.dz\/vrcc\/wp-content\/uploads\/sites\/13\/2022\/07\/Maison-de-lEntrepreneuriat-UMAB-_-1-212x300.png 212w, https:\/\/www.univ-mosta.dz\/vrcc\/wp-content\/uploads\/sites\/13\/2022\/07\/Maison-de-lEntrepreneuriat-UMAB-_-1-724x1024.png 724w, https:\/\/www.univ-mosta.dz\/vrcc\/wp-content\/uploads\/sites\/13\/2022\/07\/Maison-de-lEntrepreneuriat-UMAB-_-1-768x1086.png 768w, https:\/\/www.univ-mosta.dz\/vrcc\/wp-content\/uploads\/sites\/13\/2022\/07\/Maison-de-lEntrepreneuriat-UMAB-_-1-1086x1536.png 1086w, https:\/\/www.univ-mosta.dz\/vrcc\/wp-content\/uploads\/sites\/13\/2022\/07\/Maison-de-lEntrepreneuriat-UMAB-_-1-1448x2048.png 1448w, https:\/\/www.univ-mosta.dz\/vrcc\/wp-content\/uploads\/sites\/13\/2022\/07\/Maison-de-lEntrepreneuriat-UMAB-_-1.png 1542w\" sizes=\"auto, (max-width: 143px) 100vw, 143px\" \/><\/p>\n<p style=\"text-align: justify\">Dans le cadre de la politique d\u2019ad\u00e9quation formation-emploi et l\u2019ouverture sur l\u2019environnement socio-\u00e9conomique, l\u2019Universit\u00e9 Abdelhamid Ibn Badis, Mostaganem, \u00e0 mis en place la maison de l\u2019entrepreneuriat. Cette action permettra d\u2019une part de doter nos \u00e9tudiants porteurs de projets innovants de l\u2019esprit entrepreneurial, de les former \u00e0 la gestion d\u2019entreprise, de les soutenir dans les premi\u00e8res \u00e9tapes de cr\u00e9ation, et d\u2019autre part de valoriser en actions concr\u00e8tes de d\u00e9veloppement les r\u00e9sultats de la recherche scientifique capitalis\u00e9s par l\u2019Universit\u00e9. La Maison de l\u2019Entrepreneuriat, d\u00e9j\u00e0 plus de 4 ans d\u2019existence.<\/p>\n<h3><\/h3>\n<h3 class=\"section-heading sh-t6 sh-s11\" style=\"text-align: left\"><span class=\"h-text\" style=\"color: #ff0000\">Missions<\/span><\/h3>\n<p class=\"section-heading sh-t6 sh-s11\" style=\"text-align: justify\">Le directeur de la maison de l\u2019entrepreneuriat renseigne l\u2019universit\u00e9 sur les missions et les programmes d\u2019actions qu\u2019il a arr\u00eat\u00e9 en commun accord, une convention entre le minist\u00e8re de l\u2019enseignement sup\u00e9rieur et de la recherche scientifique et le minist\u00e8re du travail de l\u2019emploi et de la s\u00e9curit\u00e9 sociale, a \u00e9t\u00e9 sign\u00e9 pour mettre les efforts des deux tutelles et en recadrant les objectifs et missions de la Maison de l\u2019Entrepreneuriat et la g\u00e9n\u00e9raliser.<\/p>\n<div class=\"bs-text-content\">\n<ul class=\"bs-shortcode-list list-style-check\" style=\"text-align: justify\">\n<li>La Maison de l\u2019Entrepreneuriat a pour mission principale de sensibiliser les \u00e9tudiants \u00e0 la culture et l\u2019esprit entrepreneurial, pour une meilleure insertion professionnelle et cr\u00e9ation d\u2019entreprises.<\/li>\n<li>Faire connaitre les diff\u00e9rents dispositifs pour faciliter et aider \u00e0 la cr\u00e9ation de l\u2019entreprise, et pour mieux b\u00e9n\u00e9ficier des avantages offerts par la politique nationale en mati\u00e8re d\u2019emploi et de cr\u00e9ation d\u2019entreprise ( ansej, angem, Fgar, sofinance, les avantages fiscaux, etc).<\/li>\n<li>Assurer un accompagnement des projets d\u2019\u00e9tudiants ( porteurs de projet) \u00ab\u00a0 sortant\u00a0\u00bb, futurs dipl\u00f4m\u00e9s, pour mettre en \u0153uvres leurs id\u00e9es d\u2019entreprise, et concr\u00e9tiser leursprojets de fin d\u2019\u00e9tudes, et ce en facilitant les proc\u00e9dures juridiques, mais aussi l\u2019\u00e9tude de march\u00e9, le business plan, et se rapprocher plus facilement des structures et dispositifs d\u2019appui \u00e0 la cr\u00e9ation de l\u2019entreprise.<\/li>\n<li>Former le plus grand nombre d\u2019\u00e9tudiants \u00e0 l\u2019entrepreneuriat, et m\u00eame apr\u00e8s la constitution de leurs entreprises, il n\u2019est pas exclu de leurs proposer des formations en mati\u00e8res de gestion, GRH, comptabilit\u00e9, et tout les domaines d\u2019int\u00e9r\u00eats.<\/li>\n<li>Mettre en valeur l\u2019int\u00e9r\u00eat que porte la politique nationale dans la cr\u00e9ation de l\u2019entreprise innovante, comp\u00e9titive et cr\u00e9ative.<\/li>\n<li>\u00catre \u00e0 l\u2019\u00e9coute des besoins des entreprises, pour un meilleur partenariat, et un d\u00e9veloppement local, r\u00e9gional et national.<\/li>\n<\/ul>\n<h3 class=\"section-heading sh-t6 sh-s11\" style=\"text-align: justify\"><span class=\"h-text\"><span style=\"color: #ff0000\">Actions concr\u00e8tes<\/span> <\/span><\/h3>\n<div class=\"bs-text-content\">\n<p style=\"text-align: justify\">Les activit\u00e9s constantes ce sont celles qu\u2019organise la Maison de l\u2019Entrepreneuriat annuellement et assure la participation des dispositifs \u00e0 l\u2019emploi et au financement et accompagnement \u00e0 la cr\u00e9ation de l\u2019entreprise.<\/p>\n<p style=\"text-align: justify\">Il s\u2019agit des formations\u00a0 aux \u00e9tudiants (sp\u00e9cialement les \u00e9tudiants sortant\u00a0: licence, master).<\/p>\n<p style=\"text-align: justify\">Le colloque annuel de la Maison de l\u2019Entrepreneuriat (\u00e0 la fin du mois de juin) pour exposer les nouvelles dispositions relatives aux facilitations \u00e0 la cr\u00e9ation de l\u2019entreprise, et une occasion de rencontrer les Start-up pour savoir les difficult\u00e9s et probl\u00e8mes rencontr\u00e9s. Et en marge de ces \u00e9v\u00e9nements des ateliers de formations assur\u00e9es par des \u00ab\u00a0coachs\u00a0\u00bb, ce sont des enseignants universitaires sp\u00e9cialis\u00e9s dans les domaines relatives \u00e0 l\u2019entreprise, ainsi que des animateurs des dispositifs tels que l\u2019Ansej (habilit\u00e9 par le Bureau International de Travail).<\/p>\n<p style=\"text-align: justify\">Des sessions de formations p\u00e9riodiques au niveau du si\u00e8ge de la Maison de l\u2019Entrepreneuriat. Elles visent tous les \u00e9tudiants inscrits, et les inscriptions se font par voie \u00e9lectronique et m\u00eame traditionnelle.<\/p>\n<p style=\"text-align: justify\">La semaine mondiale de l\u2019entrepreneuriat (GEW), organis\u00e9e annuellement au mois de novembre, des conf\u00e9rences et des ateliers et des concours sont \u00e0 l\u2019ordre du jour, anim\u00e9s par des sp\u00e9cialistes universitaires et du monde socio-\u00e9conomique tels que des chefs ou responsables RH d\u2019entreprises, ainsi que la participation active des animateurs de l\u2019Ansej.<\/p>\n<h3 class=\"section-heading sh-t6 sh-s11\" style=\"text-align: left\"><span class=\"h-text\"><span style=\"color: #ff0000\">Les activit\u00e9s programm\u00e9es occasionnellement<\/span> <\/span><\/h3>\n<div class=\"bs-text-content\">\n<p style=\"text-align: justify\">La Maison de l\u2019Entrepreneuriat veille \u00e0 faire b\u00e9n\u00e9ficier les \u00e9tudiants des exp\u00e9riences en entrepreneuriat, en visitant les salons de l\u2019emploi (manifestations souvent\u00a0 r\u00e9gional \u2013\u00a0 \u00e0 Oran centre de congr\u00e8s).<\/p>\n<p style=\"text-align: justify\">Participation avec les autres Maison de l\u2019Entrepreneuriat au niveau national,\u00a0 (au centre universitaire de Relizane).<\/p>\n<p style=\"text-align: justify\">Participation avec les autres dispositifs en plus de l\u2019Ansej, la chambre de commerce et d\u2019industrie (CCI Dahra).<\/p>\n<p style=\"text-align: justify\">L\u2019universit\u00e9 de Mostaganem veille \u00e0 activer les clubs scientifiques et culturels des \u00e9tudiants, et la Maison de l\u2019Entrepreneuriat a abrit\u00e9 et accompagn\u00e9 la pr\u00e9paration de plusieurs concours des meilleurs projets et id\u00e9es entrepreneuriaux destin\u00e9s aux \u00e9tudiants (\u00e0 l\u2019universit\u00e9 d\u2019Oran 1, universit\u00e9 de Mostaganem, \u2026).<\/p>\n<h3 class=\"section-heading sh-t6 sh-s11\" style=\"text-align: left\"><span class=\"h-text\" style=\"color: #ff0000\">Les perspectives des actions de la Maison de l\u2019Entrepreneuriat<\/span><\/h3>\n<div class=\"col-sm-8 content-column\">\n<div class=\"single-container bs-vc-content\">\n<div class=\"row vc_row wpb_row vc_row-fluid\">\n<div class=\"bs-vc-wrapper\">\n<div class=\"wpb_column bs-vc-column vc_column_container vc_col-sm-12\">\n<div class=\"bs-vc-wrapper wpb_wrapper\">\n<div class=\"bs-shortcode bs-text bscb-31609 bsb-have-heading-color\">\n<div class=\"bs-text-content\">\n<p style=\"text-align: justify\">Afin de mieux faire b\u00e9n\u00e9ficier les \u00e9tudiants des services de la Maison de l\u2019Entrepreneuriat, il y&rsquo;aura une programmation constante des formations en mati\u00e8re de cr\u00e9ation d\u2019entreprises et de management, et faciliter l\u2019acc\u00e8s \u00e0 ces formations, en g\u00e9n\u00e9ralisant l\u2019information au programme ainsi que l\u2019inscription par voie \u00e9lectronique.<\/p>\n<ul class=\"bs-shortcode-list list-style-check\" style=\"text-align: justify\">\n<li>L\u2019organisation d\u2019un concours annuel ou il sera remis des prix\u00a0 \u00e0 la meilleure id\u00e9e et projet entrepreneurial.<\/li>\n<li>\u00c9tablir une liste des entreprises cr\u00e9er par les dipl\u00f4m\u00e9s et proposer un accompagnement.<\/li>\n<\/ul>\n<p style=\"text-align: justify\">Il est important de souligner que la r\u00e9alisation d\u2019un tel programme n\u00e9cessite des efforts de tous l\u2019effectif de la Maison de l\u2019Entrepreneuriat, y compris les repr\u00e9sentants des dispositifs \u00e0 l\u2019emploi, mais aussi un support mat\u00e9riel, que la direction de l\u2019universit\u00e9 met \u00e0 la disposition de la Maison de l\u2019Entrepreneuriat.<\/p>\n<\/div>\n<\/div>\n<\/div>\n<\/div>\n<\/div>\n<\/div>\n<\/div>\n<\/div>\n<\/div>\n<\/div>\n<\/div>\n","protected":false},"excerpt":{"rendered":"<p>Dans le cadre de la politique d\u2019ad\u00e9quation formation-emploi et l\u2019ouverture sur l\u2019environnement socio-\u00e9conomique, l\u2019Universit\u00e9 Abdelhamid Ibn Badis, Mostaganem, \u00e0 mis en place la maison de l\u2019entrepreneuriat. Cette action permettra d\u2019une &hellip;<\/p>\n","protected":false},"author":1,"featured_media":0,"parent":0,"menu_order":0,"comment_status":"closed","ping_status":"closed","template":"","meta":{"_coblocks_attr":"","_coblocks_dimensions":"","_coblocks_responsive_height":"","_coblocks_accordion_ie_support":"","_EventAllDay":false,"_EventTimezone":"","_EventStartDate":"","_EventEndDate":"","_EventStartDateUTC":"","_EventEndDateUTC":"","_EventShowMap":false,"_EventShowMapLink":false,"_EventURL":"","_EventCost":"","_EventCostDescription":"","_EventCurrencySymbol":"","_EventCurrencyCode":"","_EventCurrencyPosition":"","_EventDateTimeSeparator":"","_EventTimeRangeSeparator":"","_EventOrganizerID":[],"_EventVenueID":[],"_OrganizerEmail":"","_OrganizerPhone":"","_OrganizerWebsite":"","_VenueAddress":"","_VenueCity":"","_VenueCountry":"","_VenueProvince":"","_VenueState":"","_VenueZip":"","_VenuePhone":"","_VenueURL":"","_VenueStateProvince":"","_VenueLat":"","_VenueLng":"","_VenueShowMap":false,"_VenueShowMapLink":false,"footnotes":""},"class_list":["post-46","page","type-page","status-publish","hentry"],"_links":{"self":[{"href":"https:\/\/www.univ-mosta.dz\/vrcc\/wp-json\/wp\/v2\/pages\/46","targetHints":{"allow":["GET"]}}],"collection":[{"href":"https:\/\/www.univ-mosta.dz\/vrcc\/wp-json\/wp\/v2\/pages"}],"about":[{"href":"https:\/\/www.univ-mosta.dz\/vrcc\/wp-json\/wp\/v2\/types\/page"}],"author":[{"embeddable":true,"href":"https:\/\/www.univ-mosta.dz\/vrcc\/wp-json\/wp\/v2\/users\/1"}],"replies":[{"embeddable":true,"href":"https:\/\/www.univ-mosta.dz\/vrcc\/wp-json\/wp\/v2\/comments?post=46"}],"version-history":[{"count":7,"href":"https:\/\/www.univ-mosta.dz\/vrcc\/wp-json\/wp\/v2\/pages\/46\/revisions"}],"predecessor-version":[{"id":5770,"href":"https:\/\/www.univ-mosta.dz\/vrcc\/wp-json\/wp\/v2\/pages\/46\/revisions\/5770"}],"wp:attachment":[{"href":"https:\/\/www.univ-mosta.dz\/vrcc\/wp-json\/wp\/v2\/media?parent=46"}],"curies":[{"name":"wp","href":"https:\/\/api.w.org\/{rel}","templated":true}]}}