{"id":37,"date":"2018-11-09T11:52:24","date_gmt":"2018-11-09T10:52:24","guid":{"rendered":"http:\/\/www.univ-mosta.dz\/vrcc\/?page_id=37"},"modified":"2022-10-26T12:14:15","modified_gmt":"2022-10-26T10:14:15","slug":"clubs-scientifiques","status":"publish","type":"page","link":"https:\/\/www.univ-mosta.dz\/vrcc\/clubs-scientifiques\/","title":{"rendered":"Clubs Scientifiques"},"content":{"rendered":"<p style=\"text-align: justify\">Afin de promouvoir les \u00e9changes scientifiques au sein de l\u2019Universit\u00e9 Abdelhamid Ibn Badis, des clubs scientifiques ont \u00e9t\u00e9 cr\u00e9es pour organiser les rencontres et favoriser, dans leurs domaines de recherche respectifs, les discussions sur les r\u00e9sultats, les m\u00e9thodes et les perspectives.<\/p>\n<div class=\"bs-text-content\">\n<p style=\"text-align: justify\">Faire partie d\u2019un club scientifique universitaire de l\u2019UMAB est un moyen de favoriser son int\u00e9gration \u00e0 l\u2019Universit\u00e9 et de rencontrer des \u00e9tudiants de diff\u00e9rentes fili\u00e8res \u00e0 diff\u00e9rentes \u00e9tapes de leur parcours. C\u2019est faire la d\u00e9couverte de nouveaux horizons, du monde qui vous entoure et de vous-m\u00eame.<\/p>\n<p style=\"text-align: justify\">Actuellement, l\u2019Universit\u00e9 Abdelhamid Ibn Badis, Mostaganem compte 4 clubs scientifiques. Si vous souhaitez \u00e0 participer \u00e0 un de ces clubs, n\u2019h\u00e9sitez pas \u00e0 contacter la ou le responsable du club.<\/p>\n<h3>[divider style=\u00a0\u00bbsolid\u00a0\u00bb top=\u00a0\u00bb20&Prime; bottom=\u00a0\u00bb20&Prime;]<\/h3>\n<p style=\"text-align: justify\"><a href=\"https:\/\/www.univ-mosta.dz\/vrcc\/category\/clubs-scientifiques\/\"><br \/>\n<img loading=\"lazy\" decoding=\"async\" class=\"wp-image-3772 alignleft\" src=\"http:\/\/www.univ-mosta.dz\/vrcc\/wp-content\/uploads\/sites\/13\/2021\/10\/logo-medicamp.png\" alt=\"\" width=\"144\" height=\"144\" srcset=\"https:\/\/www.univ-mosta.dz\/vrcc\/wp-content\/uploads\/sites\/13\/2021\/10\/logo-medicamp.png 225w, https:\/\/www.univ-mosta.dz\/vrcc\/wp-content\/uploads\/sites\/13\/2021\/10\/logo-medicamp-150x150.png 150w\" sizes=\"auto, (max-width: 144px) 100vw, 144px\" \/><\/a><\/p>\n<h3 class=\"section-heading sh-t1 sh-s5\" style=\"text-align: left\"><span style=\"color: #000080\"><span class=\"h-text\">Club Scientifique MediCamp<\/span><\/span><\/h3>\n<\/div>\n<h3>[divider style=\u00a0\u00bbsolid\u00a0\u00bb top=\u00a0\u00bb20&Prime; bottom=\u00a0\u00bb20&Prime;]<\/h3>\n<h3 class=\"section-heading sh-t1 sh-s5\"><span class=\"h-text\"><img loading=\"lazy\" decoding=\"async\" class=\" wp-image-3784 alignleft\" src=\"http:\/\/www.univ-mosta.dz\/vrcc\/wp-content\/uploads\/sites\/13\/2021\/10\/logo-club-indaza-300x293.jpg\" alt=\"\" width=\"143\" height=\"140\" srcset=\"https:\/\/www.univ-mosta.dz\/vrcc\/wp-content\/uploads\/sites\/13\/2021\/10\/logo-club-indaza-300x293.jpg 300w, https:\/\/www.univ-mosta.dz\/vrcc\/wp-content\/uploads\/sites\/13\/2021\/10\/logo-club-indaza-1024x999.jpg 1024w, https:\/\/www.univ-mosta.dz\/vrcc\/wp-content\/uploads\/sites\/13\/2021\/10\/logo-club-indaza-768x749.jpg 768w, https:\/\/www.univ-mosta.dz\/vrcc\/wp-content\/uploads\/sites\/13\/2021\/10\/logo-club-indaza-1536x1498.jpg 1536w, https:\/\/www.univ-mosta.dz\/vrcc\/wp-content\/uploads\/sites\/13\/2021\/10\/logo-club-indaza.jpg 1616w\" sizes=\"auto, (max-width: 143px) 100vw, 143px\" \/><\/span><\/h3>\n<h3><\/h3>\n<h3 class=\"section-heading sh-t1 sh-s5\" style=\"text-align: left\"><span class=\"h-text\">Club scientifique INDAZA<\/span><\/h3>\n<h3><\/h3>\n<h3><\/h3>\n<h3>[divider style=\u00a0\u00bbsolid\u00a0\u00bb top=\u00a0\u00bb20&Prime; bottom=\u00a0\u00bb20&Prime;]<\/h3>\n<h3 class=\"section-heading sh-t1 sh-s5\" style=\"text-align: left\"><span class=\"h-text\">Club scientifique IBTIKAR<\/span><\/h3>\n<h3>[divider style=\u00a0\u00bbsolid\u00a0\u00bb top=\u00a0\u00bb20&Prime; bottom=\u00a0\u00bb20&Prime;]<\/h3>\n<h3 class=\"section-heading sh-t1 sh-s5\"><span class=\"h-text\"><img loading=\"lazy\" decoding=\"async\" class=\" wp-image-3786 alignleft\" src=\"http:\/\/www.univ-mosta.dz\/vrcc\/wp-content\/uploads\/sites\/13\/2021\/10\/logo-club-techno-sphere-300x293.jpg\" alt=\"\" width=\"151\" height=\"147\" srcset=\"https:\/\/www.univ-mosta.dz\/vrcc\/wp-content\/uploads\/sites\/13\/2021\/10\/logo-club-techno-sphere-300x293.jpg 300w, https:\/\/www.univ-mosta.dz\/vrcc\/wp-content\/uploads\/sites\/13\/2021\/10\/logo-club-techno-sphere-1024x999.jpg 1024w, https:\/\/www.univ-mosta.dz\/vrcc\/wp-content\/uploads\/sites\/13\/2021\/10\/logo-club-techno-sphere-768x749.jpg 768w, https:\/\/www.univ-mosta.dz\/vrcc\/wp-content\/uploads\/sites\/13\/2021\/10\/logo-club-techno-sphere-1536x1498.jpg 1536w, https:\/\/www.univ-mosta.dz\/vrcc\/wp-content\/uploads\/sites\/13\/2021\/10\/logo-club-techno-sphere.jpg 1616w\" sizes=\"auto, (max-width: 151px) 100vw, 151px\" \/><\/span><\/h3>\n<h3><\/h3>\n<h3 class=\"section-heading sh-t1 sh-s5\" style=\"text-align: left\"><span class=\"h-text\">Club scientifique TechnoSphere<\/span><\/h3>\n<h3 class=\"section-heading sh-t1 sh-s5\"><\/h3>\n<h3><\/h3>\n<h3>[divider style=\u00a0\u00bbsolid\u00a0\u00bb top=\u00a0\u00bb20&Prime; bottom=\u00a0\u00bb20&Prime;]<\/h3>\n<h3 class=\"section-heading sh-t1 sh-s5\"><\/h3>\n","protected":false},"excerpt":{"rendered":"<p>Afin de promouvoir les \u00e9changes scientifiques au sein de l\u2019Universit\u00e9 Abdelhamid Ibn Badis, des clubs scientifiques ont \u00e9t\u00e9 cr\u00e9es pour organiser les rencontres et favoriser, dans leurs domaines de recherche &hellip;<\/p>\n","protected":false},"author":1,"featured_media":0,"parent":0,"menu_order":0,"comment_status":"closed","ping_status":"closed","template":"","meta":{"_coblocks_attr":"","_coblocks_dimensions":"","_coblocks_responsive_height":"","_coblocks_accordion_ie_support":"","_EventAllDay":false,"_EventTimezone":"","_EventStartDate":"","_EventEndDate":"","_EventStartDateUTC":"","_EventEndDateUTC":"","_EventShowMap":false,"_EventShowMapLink":false,"_EventURL":"","_EventCost":"","_EventCostDescription":"","_EventCurrencySymbol":"","_EventCurrencyCode":"","_EventCurrencyPosition":"","_EventDateTimeSeparator":"","_EventTimeRangeSeparator":"","_EventOrganizerID":[],"_EventVenueID":[],"_OrganizerEmail":"","_OrganizerPhone":"","_OrganizerWebsite":"","_VenueAddress":"","_VenueCity":"","_VenueCountry":"","_VenueProvince":"","_VenueState":"","_VenueZip":"","_VenuePhone":"","_VenueURL":"","_VenueStateProvince":"","_VenueLat":"","_VenueLng":"","_VenueShowMap":false,"_VenueShowMapLink":false,"footnotes":""},"class_list":["post-37","page","type-page","status-publish","hentry"],"_links":{"self":[{"href":"https:\/\/www.univ-mosta.dz\/vrcc\/wp-json\/wp\/v2\/pages\/37","targetHints":{"allow":["GET"]}}],"collection":[{"href":"https:\/\/www.univ-mosta.dz\/vrcc\/wp-json\/wp\/v2\/pages"}],"about":[{"href":"https:\/\/www.univ-mosta.dz\/vrcc\/wp-json\/wp\/v2\/types\/page"}],"author":[{"embeddable":true,"href":"https:\/\/www.univ-mosta.dz\/vrcc\/wp-json\/wp\/v2\/users\/1"}],"replies":[{"embeddable":true,"href":"https:\/\/www.univ-mosta.dz\/vrcc\/wp-json\/wp\/v2\/comments?post=37"}],"version-history":[{"count":27,"href":"https:\/\/www.univ-mosta.dz\/vrcc\/wp-json\/wp\/v2\/pages\/37\/revisions"}],"predecessor-version":[{"id":6573,"href":"https:\/\/www.univ-mosta.dz\/vrcc\/wp-json\/wp\/v2\/pages\/37\/revisions\/6573"}],"wp:attachment":[{"href":"https:\/\/www.univ-mosta.dz\/vrcc\/wp-json\/wp\/v2\/media?parent=37"}],"curies":[{"name":"wp","href":"https:\/\/api.w.org\/{rel}","templated":true}]}}