{"id":31,"date":"2018-11-09T11:50:33","date_gmt":"2018-11-09T10:50:33","guid":{"rendered":"http:\/\/www.univ-mosta.dz\/vrcc\/?page_id=31"},"modified":"2021-11-04T10:18:58","modified_gmt":"2021-11-04T09:18:58","slug":"conventions-avec-le-milieu-socioeconomique","status":"publish","type":"page","link":"https:\/\/www.univ-mosta.dz\/vrcc\/conventions-avec-le-milieu-socioeconomique\/","title":{"rendered":"Conventions avec le milieu socio\u00e9conomique"},"content":{"rendered":"<p>En d\u00e9pit des nombreuses tentatives pour un partenariat fructueux et durable avec le secteur socio\u00e9conomique, le nombre de conventions sign\u00e9es est tr\u00e8s insuffisant par rapport aux exigences du march\u00e9 de l\u2019emploi. Des efforts sont encore \u00e0 consentit.<\/p>\n<ul class=\"bs-shortcode-list list-style-file\">\n<li>08 conventions seulement sont en cours de validit\u00e9 dont celle sign\u00e9e avec la wilaya (fin 2012) et qui demeure la plus importante car elle regroupe l\u2019ensemble des directions de l\u2019ex\u00e9cutif de la wilaya de Mostaganem.<\/li>\n<li>07 conventions sont en cours de signature ou de reconduction.<\/li>\n<\/ul>\n<p>&nbsp;<\/p>\n","protected":false},"excerpt":{"rendered":"<p>En d\u00e9pit des nombreuses tentatives pour un partenariat fructueux et durable avec le secteur socio\u00e9conomique, le nombre de conventions sign\u00e9es est tr\u00e8s insuffisant par rapport aux exigences du march\u00e9 de &hellip;<\/p>\n","protected":false},"author":1,"featured_media":0,"parent":0,"menu_order":0,"comment_status":"closed","ping_status":"closed","template":"","meta":{"_coblocks_attr":"","_coblocks_dimensions":"","_coblocks_responsive_height":"","_coblocks_accordion_ie_support":"","_EventAllDay":false,"_EventTimezone":"","_EventStartDate":"","_EventEndDate":"","_EventStartDateUTC":"","_EventEndDateUTC":"","_EventShowMap":false,"_EventShowMapLink":false,"_EventURL":"","_EventCost":"","_EventCostDescription":"","_EventCurrencySymbol":"","_EventCurrencyCode":"","_EventCurrencyPosition":"","_EventDateTimeSeparator":"","_EventTimeRangeSeparator":"","_EventOrganizerID":[],"_EventVenueID":[],"_OrganizerEmail":"","_OrganizerPhone":"","_OrganizerWebsite":"","_VenueAddress":"","_VenueCity":"","_VenueCountry":"","_VenueProvince":"","_VenueState":"","_VenueZip":"","_VenuePhone":"","_VenueURL":"","_VenueStateProvince":"","_VenueLat":"","_VenueLng":"","_VenueShowMap":false,"_VenueShowMapLink":false,"footnotes":""},"class_list":["post-31","page","type-page","status-publish","hentry"],"_links":{"self":[{"href":"https:\/\/www.univ-mosta.dz\/vrcc\/wp-json\/wp\/v2\/pages\/31","targetHints":{"allow":["GET"]}}],"collection":[{"href":"https:\/\/www.univ-mosta.dz\/vrcc\/wp-json\/wp\/v2\/pages"}],"about":[{"href":"https:\/\/www.univ-mosta.dz\/vrcc\/wp-json\/wp\/v2\/types\/page"}],"author":[{"embeddable":true,"href":"https:\/\/www.univ-mosta.dz\/vrcc\/wp-json\/wp\/v2\/users\/1"}],"replies":[{"embeddable":true,"href":"https:\/\/www.univ-mosta.dz\/vrcc\/wp-json\/wp\/v2\/comments?post=31"}],"version-history":[{"count":3,"href":"https:\/\/www.univ-mosta.dz\/vrcc\/wp-json\/wp\/v2\/pages\/31\/revisions"}],"predecessor-version":[{"id":3811,"href":"https:\/\/www.univ-mosta.dz\/vrcc\/wp-json\/wp\/v2\/pages\/31\/revisions\/3811"}],"wp:attachment":[{"href":"https:\/\/www.univ-mosta.dz\/vrcc\/wp-json\/wp\/v2\/media?parent=31"}],"curies":[{"name":"wp","href":"https:\/\/api.w.org\/{rel}","templated":true}]}}