{"id":259,"date":"2018-11-10T14:25:49","date_gmt":"2018-11-10T13:25:49","guid":{"rendered":"http:\/\/www.univ-mosta.dz\/vrcc\/?page_id=259"},"modified":"2023-09-05T12:50:43","modified_gmt":"2023-09-05T10:50:43","slug":"presentation-service-communication","status":"publish","type":"page","link":"https:\/\/www.univ-mosta.dz\/vrcc\/presentation-service-communication\/","title":{"rendered":"Pr\u00e9sentation du service communication"},"content":{"rendered":"<p><span style=\"font-size: 14pt\">Le service communication con\u00e7oit et met en \u0153uvre des actions de communication en coh\u00e9rence avec le plan de communication strat\u00e9gique de l\u2019\u00e9tablissement.<\/span><\/p>\n<h4 data-fontsize=\"25\" data-lineheight=\"38\"><span style=\"font-size: 14pt\"><span style=\"color: #ff0000\">Responsable :<\/span> <b>Mme <\/b><span class=\"qu\" role=\"gridcell\"><span class=\"gD\" data-hovercard-id=\"salima.menad@univ-mosta.dz\" data-hovercard-owner-id=\"22\">Bouchefra Menad Salima<\/span><\/span><b><\/b><\/span><\/h4>\n<h4 data-fontsize=\"25\" data-lineheight=\"38\"><span style=\"color: #ff0000;font-size: 14pt\">Missions :<\/span><\/h4>\n<ul style=\"list-style-type: square\">\n<li><span style=\"font-size: 14pt\">Promouvoir l\u2019image et l\u2019identit\u00e9 de l\u2019\u00e9tablissement, de ses formations, de sa recherche ainsi que ses activit\u00e9s culturelles, sociales, sportives et de sant\u00e9.<\/span><\/li>\n<li><span style=\"font-size: 14pt\">D\u00e9velopper et animer les relations de l\u2019\u00e9tablissement avec ses diff\u00e9rents publics internes et externes.<\/span><\/li>\n<li><span style=\"font-size: 14pt\">Informer sur la vie de l\u2019universit\u00e9 (Formation, Recherche, Vie des campus).<\/span><\/li>\n<li><span style=\"font-size: 14pt\">Faire comprendre et valoriser les missions de l\u2019universit\u00e9.<\/span><\/li>\n<\/ul>\n<p>&nbsp;<\/p>\n","protected":false},"excerpt":{"rendered":"<p>Le service communication con\u00e7oit et met en \u0153uvre des actions de communication en coh\u00e9rence avec le plan de communication strat\u00e9gique de l\u2019\u00e9tablissement. Responsable : Mme Bouchefra Menad Salima Missions : &hellip;<\/p>\n","protected":false},"author":1,"featured_media":0,"parent":0,"menu_order":0,"comment_status":"closed","ping_status":"closed","template":"","meta":{"_coblocks_attr":"","_coblocks_dimensions":"","_coblocks_responsive_height":"","_coblocks_accordion_ie_support":"","_EventAllDay":false,"_EventTimezone":"","_EventStartDate":"","_EventEndDate":"","_EventStartDateUTC":"","_EventEndDateUTC":"","_EventShowMap":false,"_EventShowMapLink":false,"_EventURL":"","_EventCost":"","_EventCostDescription":"","_EventCurrencySymbol":"","_EventCurrencyCode":"","_EventCurrencyPosition":"","_EventDateTimeSeparator":"","_EventTimeRangeSeparator":"","_EventOrganizerID":[],"_EventVenueID":[],"_OrganizerEmail":"","_OrganizerPhone":"","_OrganizerWebsite":"","_VenueAddress":"","_VenueCity":"","_VenueCountry":"","_VenueProvince":"","_VenueState":"","_VenueZip":"","_VenuePhone":"","_VenueURL":"","_VenueStateProvince":"","_VenueLat":"","_VenueLng":"","_VenueShowMap":false,"_VenueShowMapLink":false,"footnotes":""},"class_list":["post-259","page","type-page","status-publish","hentry"],"_links":{"self":[{"href":"https:\/\/www.univ-mosta.dz\/vrcc\/wp-json\/wp\/v2\/pages\/259","targetHints":{"allow":["GET"]}}],"collection":[{"href":"https:\/\/www.univ-mosta.dz\/vrcc\/wp-json\/wp\/v2\/pages"}],"about":[{"href":"https:\/\/www.univ-mosta.dz\/vrcc\/wp-json\/wp\/v2\/types\/page"}],"author":[{"embeddable":true,"href":"https:\/\/www.univ-mosta.dz\/vrcc\/wp-json\/wp\/v2\/users\/1"}],"replies":[{"embeddable":true,"href":"https:\/\/www.univ-mosta.dz\/vrcc\/wp-json\/wp\/v2\/comments?post=259"}],"version-history":[{"count":4,"href":"https:\/\/www.univ-mosta.dz\/vrcc\/wp-json\/wp\/v2\/pages\/259\/revisions"}],"predecessor-version":[{"id":9466,"href":"https:\/\/www.univ-mosta.dz\/vrcc\/wp-json\/wp\/v2\/pages\/259\/revisions\/9466"}],"wp:attachment":[{"href":"https:\/\/www.univ-mosta.dz\/vrcc\/wp-json\/wp\/v2\/media?parent=259"}],"curies":[{"name":"wp","href":"https:\/\/api.w.org\/{rel}","templated":true}]}}