{"id":256,"date":"2018-11-10T13:57:19","date_gmt":"2018-11-10T12:57:19","guid":{"rendered":"http:\/\/www.univ-mosta.dz\/vrcc\/?page_id=256"},"modified":"2018-11-23T12:32:24","modified_gmt":"2018-11-23T11:32:24","slug":"missions","status":"publish","type":"page","link":"https:\/\/www.univ-mosta.dz\/vrcc\/missions\/","title":{"rendered":"Missions"},"content":{"rendered":"<p>Le Vice-Rectorat des Relations Ext\u00e9rieures, la Coop\u00e9ration, l\u2019Animation et la Communication, et les Manifestations Scientifiques a pour mission :<\/p>\n<div class=\"row vc_row wpb_row vc_row-fluid\">\n<div class=\"bs-vc-wrapper\">\n<div class=\"wpb_column bs-vc-column vc_column_container vc_col-sm-12\">\n<div class=\"bs-vc-wrapper wpb_wrapper\">\n<div class=\"wpb_text_column wpb_content_element  bs-vc-block\">\n<div class=\"wpb_wrapper\">\n<ul class=\"bs-shortcode-list list-style-check\">\n<li>Promouvoir les relations de l\u2019Universit\u00e9 avec son environnement social et \u00e9conomique et initier des programmes de partenariat.<\/li>\n<li>Initier chaque activit\u00e9 pour promouvoir les \u00e9changes entre universit\u00e9s et la coop\u00e9ration dans les domaines de l\u2019\u00e9ducation et de la recherche\u060c<\/li>\n<li>Assurer l\u2019animation et la communication au sein et \u00e0 l\u2019ext\u00e9rieur de l\u2019universit\u00e9.<\/li>\n<li>Organiser et promouvoir des \u00e9v\u00e9nements scientifiques.<\/li>\n<li>Assurer le suivi des programmes de perfectionnement et l\u2019actualisation des connaissances des enseignants et assurer sa coh\u00e9rence.<\/li>\n<\/ul>\n<div>Le Vice Rectorat des relations ext\u00e9rieures, de la coop\u00e9ration, de l\u2019animation et la communication et des manifestations scientifiques est constitu\u00e9 de deux services :<\/div>\n<p><strong>Service de Coop\u00e9ration et des Echanges Interuniversitaires Charg\u00e9 de la Gestion et de Suivi des:<\/strong><\/p>\n<ul style=\"list-style-type: disc;\">\n<li>Accords de partenariat nationaux et internationaux<\/li>\n<li>Cotutelles de th\u00e8ses de doctorat<\/li>\n<li>Programme Europ\u00e9ens (Tempus, Erasmus Mundus, Erasmus +, &#8230;)<\/li>\n<li>Projets bilat\u00e9raux de recherche<\/li>\n<li>Visite des \u00e9trangers (Accueils, Programmes, &#8230;)<\/li>\n<li>Bourses \u00e0 l&rsquo;\u00e9tranger<\/li>\n<li>Partenariat avec le secteur socio\u00e9conomique<\/li>\n<\/ul>\n<p><strong>Service de l\u2019Animation et de la Communication et des Manifestations Scientifiques charg\u00e9 des :<\/strong><\/p>\n<ul style=\"list-style-type: disc;\">\n<li>\u00a0L\u2019organisation des manifestations scientifiques ;<\/li>\n<li>L\u2019\u00e9laboration des bulletins d\u2019information de l\u2019universit\u00e9 ;<\/li>\n<li>La diffusion des informations et actualit\u00e9s Internationales sur le site web de l\u2019universit\u00e9.<\/li>\n<\/ul>\n<\/div>\n<\/div>\n<\/div>\n<\/div>\n<\/div>\n<\/div>\n","protected":false},"excerpt":{"rendered":"<p>Le Vice-Rectorat des Relations Ext\u00e9rieures, la Coop\u00e9ration, l\u2019Animation et la Communication, et les Manifestations Scientifiques a pour mission : Promouvoir les relations de l\u2019Universit\u00e9 avec son environnement social et \u00e9conomique &hellip;<\/p>\n","protected":false},"author":1,"featured_media":0,"parent":0,"menu_order":0,"comment_status":"closed","ping_status":"closed","template":"","meta":{"_coblocks_attr":"","_coblocks_dimensions":"","_coblocks_responsive_height":"","_coblocks_accordion_ie_support":"","_EventAllDay":false,"_EventTimezone":"","_EventStartDate":"","_EventEndDate":"","_EventStartDateUTC":"","_EventEndDateUTC":"","_EventShowMap":false,"_EventShowMapLink":false,"_EventURL":"","_EventCost":"","_EventCostDescription":"","_EventCurrencySymbol":"","_EventCurrencyCode":"","_EventCurrencyPosition":"","_EventDateTimeSeparator":"","_EventTimeRangeSeparator":"","_EventOrganizerID":[],"_EventVenueID":[],"_OrganizerEmail":"","_OrganizerPhone":"","_OrganizerWebsite":"","_VenueAddress":"","_VenueCity":"","_VenueCountry":"","_VenueProvince":"","_VenueState":"","_VenueZip":"","_VenuePhone":"","_VenueURL":"","_VenueStateProvince":"","_VenueLat":"","_VenueLng":"","_VenueShowMap":false,"_VenueShowMapLink":false,"footnotes":""},"class_list":["post-256","page","type-page","status-publish","hentry"],"_links":{"self":[{"href":"https:\/\/www.univ-mosta.dz\/vrcc\/wp-json\/wp\/v2\/pages\/256","targetHints":{"allow":["GET"]}}],"collection":[{"href":"https:\/\/www.univ-mosta.dz\/vrcc\/wp-json\/wp\/v2\/pages"}],"about":[{"href":"https:\/\/www.univ-mosta.dz\/vrcc\/wp-json\/wp\/v2\/types\/page"}],"author":[{"embeddable":true,"href":"https:\/\/www.univ-mosta.dz\/vrcc\/wp-json\/wp\/v2\/users\/1"}],"replies":[{"embeddable":true,"href":"https:\/\/www.univ-mosta.dz\/vrcc\/wp-json\/wp\/v2\/comments?post=256"}],"version-history":[{"count":1,"href":"https:\/\/www.univ-mosta.dz\/vrcc\/wp-json\/wp\/v2\/pages\/256\/revisions"}],"predecessor-version":[{"id":257,"href":"https:\/\/www.univ-mosta.dz\/vrcc\/wp-json\/wp\/v2\/pages\/256\/revisions\/257"}],"wp:attachment":[{"href":"https:\/\/www.univ-mosta.dz\/vrcc\/wp-json\/wp\/v2\/media?parent=256"}],"curies":[{"name":"wp","href":"https:\/\/api.w.org\/{rel}","templated":true}]}}