{"id":1595,"date":"2023-11-06T16:01:30","date_gmt":"2023-11-06T15:01:30","guid":{"rendered":"https:\/\/www.univ-mosta.dz\/partnership\/?page_id=1595"},"modified":"2023-11-07T13:14:24","modified_gmt":"2023-11-07T12:14:24","slug":"%d8%a7%d9%84%d9%85%d8%a4%d8%b3%d8%b3%d8%a7%d8%aa-%d8%a7%d9%84%d8%ac%d8%a7%d9%85%d8%b9%d8%a7%d8%aa-%d8%a7%d9%84%d8%ac%d8%b2%d8%a7%d8%a6%d8%b1%d9%8a%d8%a9","status":"publish","type":"page","link":"https:\/\/www.univ-mosta.dz\/partnership\/%d8%a7%d9%84%d9%85%d8%a4%d8%b3%d8%b3%d8%a7%d8%aa-%d8%a7%d9%84%d8%ac%d8%a7%d9%85%d8%b9%d8%a7%d8%aa-%d8%a7%d9%84%d8%ac%d8%b2%d8%a7%d8%a6%d8%b1%d9%8a%d8%a9\/","title":{"rendered":"\u0627\u0644\u0645\u0624\u0633\u0633\u0627\u062a \u0627\u0644\u062c\u0627\u0645\u0639\u0627\u062a \u0627\u0644\u062c\u0632\u0627\u0626\u0631\u064a\u0629"},"content":{"rendered":"\n<figure class=\"wp-block-table\"><table><thead><tr><th><strong>N\u00b0<\/strong><\/th><th><strong>Etablissement<\/strong><\/th><th><strong>Wilaya<\/strong><\/th><\/tr><\/thead><tbody><tr><td>1<\/td><td>U. DjillaliL yabes<\/td><td>Sidi Belabes<\/td><\/tr><tr><td>2<\/td><td>U. Tahar Moulay<\/td><td>Saida<\/td><\/tr><tr><td>3<\/td><td>Universit\u00e9 de 08\/05\/1945<\/td><td>Guelma<\/td><\/tr><tr><td>4<\/td><td>Universit\u00e9 de Constantine 3<\/td><td>Constantine<\/td><\/tr><tr><td>5<\/td><td>Universit\u00e9 Abou Bakr Belkaid<\/td><td>Tlemcen<\/td><\/tr><tr><td>6<\/td><td>Universit\u00e9 Mustapha Istambouli<\/td><td>Mascara<\/td><\/tr><tr><td>7<\/td><td>Ecole sup\u00e9rieure d\u2019agronomie<\/td><td>Mostaganem<\/td><\/tr><tr><td>8<\/td><td>Ecole sup\u00e9rieur de mangement<\/td><td>Tlemcen<\/td><\/tr><tr><td>9<\/td><td>Convention de jumelage (UMAB, Constantine 3, U. Blida2, Batna 1)<\/td><td>Mostaganem, Constantine, Blida, Batna<\/td><\/tr><tr><td>10<\/td><td>Universit\u00e9 d\u2019Oran 2<\/td><td>Oran<\/td><\/tr><tr><td>11<\/td><td>Universit\u00e9 de Blida 2<\/td><td>Blida<\/td><\/tr><tr><td>12<\/td><td>Universit\u00e9 d\u2019Oum El Bouagui<\/td><td>Oum El Bouagui<\/td><\/tr><tr><td>13<\/td><td>Centre universitaire Tindouf<\/td><td>Tindouf<\/td><\/tr><tr><td>14<\/td><td>Universit\u00e9 de Gharda\u00efa<\/td><td>Gharda\u00efa<\/td><\/tr><tr><td>15<\/td><td>Centre universitaire Naama<\/td><td>Naama<\/td><\/tr><\/tbody><\/table><\/figure>\n","protected":false},"excerpt":{"rendered":"<p>N\u00b0EtablissementWilaya1U. DjillaliL yabesSidi Belabes2U. Tahar MoulaySaida3Universit\u00e9 de 08\/05\/1945Guelma4Universit\u00e9 de Constantine 3Constantine5Universit\u00e9 Abou Bakr BelkaidTlemcen6Universit\u00e9 Mustapha IstambouliMascara7Ecole sup\u00e9rieure d\u2019agronomieMostaganem8Ecole sup\u00e9rieur de mangementTlemcen9Convention de jumelage (UMAB, Constantine 3, U. Blida2, Batna 1)Mostaganem, &hellip;<\/p>\n","protected":false},"author":1,"featured_media":0,"parent":0,"menu_order":0,"comment_status":"closed","ping_status":"closed","template":"","meta":{"_coblocks_attr":"","_coblocks_dimensions":"","_coblocks_responsive_height":"","_coblocks_accordion_ie_support":"","footnotes":""},"class_list":["post-1595","page","type-page","status-publish","hentry"],"_links":{"self":[{"href":"https:\/\/www.univ-mosta.dz\/partnership\/wp-json\/wp\/v2\/pages\/1595","targetHints":{"allow":["GET"]}}],"collection":[{"href":"https:\/\/www.univ-mosta.dz\/partnership\/wp-json\/wp\/v2\/pages"}],"about":[{"href":"https:\/\/www.univ-mosta.dz\/partnership\/wp-json\/wp\/v2\/types\/page"}],"author":[{"embeddable":true,"href":"https:\/\/www.univ-mosta.dz\/partnership\/wp-json\/wp\/v2\/users\/1"}],"replies":[{"embeddable":true,"href":"https:\/\/www.univ-mosta.dz\/partnership\/wp-json\/wp\/v2\/comments?post=1595"}],"version-history":[{"count":2,"href":"https:\/\/www.univ-mosta.dz\/partnership\/wp-json\/wp\/v2\/pages\/1595\/revisions"}],"predecessor-version":[{"id":1631,"href":"https:\/\/www.univ-mosta.dz\/partnership\/wp-json\/wp\/v2\/pages\/1595\/revisions\/1631"}],"wp:attachment":[{"href":"https:\/\/www.univ-mosta.dz\/partnership\/wp-json\/wp\/v2\/media?parent=1595"}],"curies":[{"name":"wp","href":"https:\/\/api.w.org\/{rel}","templated":true}]}}