{"id":1592,"date":"2023-11-06T16:01:14","date_gmt":"2023-11-06T15:01:14","guid":{"rendered":"https:\/\/www.univ-mosta.dz\/partnership\/?page_id=1592"},"modified":"2023-11-07T13:19:03","modified_gmt":"2023-11-07T12:19:03","slug":"%d8%a7%d9%84%d8%aa%d8%b9%d8%a7%d9%88%d9%86-%d8%a7%d9%84%d8%af%d9%88%d9%84%d9%8a-%d9%88-%d8%a7%d8%aa%d9%81%d8%a7%d9%82%d9%8a%d8%a7%d8%aa-%d8%a7%d9%84%d8%aa%d9%88%d8%a3%d9%85%d8%a9","status":"publish","type":"page","link":"https:\/\/www.univ-mosta.dz\/partnership\/%d8%a7%d9%84%d8%aa%d8%b9%d8%a7%d9%88%d9%86-%d8%a7%d9%84%d8%af%d9%88%d9%84%d9%8a-%d9%88-%d8%a7%d8%aa%d9%81%d8%a7%d9%82%d9%8a%d8%a7%d8%aa-%d8%a7%d9%84%d8%aa%d9%88%d8%a3%d9%85%d8%a9\/","title":{"rendered":"\u0627\u0644\u062a\u0639\u0627\u0648\u0646 \u0627\u0644\u062f\u0648\u0644\u064a \u0648 \u0627\u062a\u0641\u0627\u0642\u064a\u0627\u062a \u0627\u0644\u062a\u0648\u0623\u0645\u0629"},"content":{"rendered":"\n<figure class=\"wp-block-table\"><table><tbody><tr><td><strong>N\u00b0<\/strong><strong><\/strong><\/td><td><strong>Etablissement<\/strong><strong><\/strong><\/td><td><strong>Pays<\/strong><strong><\/strong><\/td><\/tr><tr><td><strong>1<\/strong><strong><\/strong><\/td><td>Universit\u00e9 de SARAJEVO<\/td><td>Bosnia and Herzegovina<strong><\/strong><\/td><\/tr><tr><td><strong>2<\/strong><strong><\/strong><\/td><td>Universit\u00e9 de Zinder<\/td><td>Nigeria<strong><\/strong><\/td><\/tr><tr><td><strong>3<\/strong><strong><\/strong><\/td><td>Universit\u00e9 du Roi-Saoud<\/td><td>Arabie saoudite<strong><\/strong><\/td><\/tr><tr><td><strong>4<\/strong><strong><\/strong><\/td><td>L\u2019acad\u00e9mie Am\u00e9ricaine CONSJURMEDIA, CRAIOVA<\/td><td>ROMANIE<strong><\/strong><\/td><\/tr><tr><td><strong>5<\/strong><strong><\/strong><\/td><td>Universit\u00e9 d\u2019Ankara<strong><\/strong><\/td><td>Turquie<strong><\/strong><\/td><\/tr><tr><td><strong>6<\/strong><strong><\/strong><\/td><td>Universit\u00e9 de Florence<strong><\/strong><\/td><td>Italie<strong><\/strong><\/td><\/tr><tr><td><strong>7<\/strong><strong><\/strong><\/td><td>Universt\u00e9 DE REGGIO CALABRE<strong><\/strong><\/td><td>Italie<strong><\/strong><\/td><\/tr><tr><td><strong>8<\/strong><strong><\/strong><\/td><td>Universit\u00e9 de Elazhar<strong><\/strong><\/td><td>Egypte<strong><\/strong><\/td><\/tr><tr><td><strong>9<\/strong><strong><\/strong><\/td><td>Universit\u00e9 de Carthage<strong><\/strong><\/td><td>Tunisie<strong><\/strong><\/td><\/tr><tr><td><strong>10<\/strong><strong><\/strong><\/td><td>Universit\u00e9 de CAPE South Africa<strong><\/strong><\/td><td>South Africa<strong><\/strong><\/td><\/tr><tr><td><strong>11<\/strong><strong><\/strong><\/td><td>Universit\u00e9 de jumelage avec NORTH West &nbsp;normal<strong><\/strong><\/td><td>Chine<strong><\/strong><\/td><\/tr><tr><td><strong>12<\/strong><strong><\/strong><\/td><td>Universit\u00e9 de Santa-Maria<strong><\/strong><\/td><td>Br\u00e9sil<strong><\/strong><\/td><\/tr><\/tbody><\/table><\/figure>\n","protected":false},"excerpt":{"rendered":"<p>N\u00b0EtablissementPays1Universit\u00e9 de SARAJEVOBosnia and Herzegovina2Universit\u00e9 de ZinderNigeria3Universit\u00e9 du Roi-SaoudArabie saoudite4L\u2019acad\u00e9mie Am\u00e9ricaine CONSJURMEDIA, CRAIOVAROMANIE5Universit\u00e9 d\u2019AnkaraTurquie6Universit\u00e9 de FlorenceItalie7Universt\u00e9 DE REGGIO CALABREItalie8Universit\u00e9 de ElazharEgypte9Universit\u00e9 de CarthageTunisie10Universit\u00e9 de CAPE South AfricaSouth Africa11Universit\u00e9 de jumelage &hellip;<\/p>\n","protected":false},"author":1,"featured_media":0,"parent":0,"menu_order":0,"comment_status":"closed","ping_status":"closed","template":"","meta":{"_coblocks_attr":"","_coblocks_dimensions":"","_coblocks_responsive_height":"","_coblocks_accordion_ie_support":"","footnotes":""},"class_list":["post-1592","page","type-page","status-publish","hentry"],"_links":{"self":[{"href":"https:\/\/www.univ-mosta.dz\/partnership\/wp-json\/wp\/v2\/pages\/1592","targetHints":{"allow":["GET"]}}],"collection":[{"href":"https:\/\/www.univ-mosta.dz\/partnership\/wp-json\/wp\/v2\/pages"}],"about":[{"href":"https:\/\/www.univ-mosta.dz\/partnership\/wp-json\/wp\/v2\/types\/page"}],"author":[{"embeddable":true,"href":"https:\/\/www.univ-mosta.dz\/partnership\/wp-json\/wp\/v2\/users\/1"}],"replies":[{"embeddable":true,"href":"https:\/\/www.univ-mosta.dz\/partnership\/wp-json\/wp\/v2\/comments?post=1592"}],"version-history":[{"count":2,"href":"https:\/\/www.univ-mosta.dz\/partnership\/wp-json\/wp\/v2\/pages\/1592\/revisions"}],"predecessor-version":[{"id":1634,"href":"https:\/\/www.univ-mosta.dz\/partnership\/wp-json\/wp\/v2\/pages\/1592\/revisions\/1634"}],"wp:attachment":[{"href":"https:\/\/www.univ-mosta.dz\/partnership\/wp-json\/wp\/v2\/media?parent=1592"}],"curies":[{"name":"wp","href":"https:\/\/api.w.org\/{rel}","templated":true}]}}