{"id":1589,"date":"2023-11-06T16:00:56","date_gmt":"2023-11-06T15:00:56","guid":{"rendered":"https:\/\/www.univ-mosta.dz\/partnership\/?page_id=1589"},"modified":"2023-11-07T13:17:32","modified_gmt":"2023-11-07T12:17:32","slug":"%d8%a7%d9%84%d8%b4%d8%b1%d9%8a%d9%83-%d8%a7%d9%84%d8%a7%d8%ac%d8%aa%d9%85%d8%a7%d8%b9%d9%8a-%d8%a7%d9%84%d8%a7%d9%82%d8%aa%d8%b5%d8%a7%d8%af%d9%8a","status":"publish","type":"page","link":"https:\/\/www.univ-mosta.dz\/partnership\/%d8%a7%d9%84%d8%b4%d8%b1%d9%8a%d9%83-%d8%a7%d9%84%d8%a7%d8%ac%d8%aa%d9%85%d8%a7%d8%b9%d9%8a-%d8%a7%d9%84%d8%a7%d9%82%d8%aa%d8%b5%d8%a7%d8%af%d9%8a\/","title":{"rendered":"\u0627\u0644\u0634\u0631\u064a\u0643 \u0627\u0644\u0627\u062c\u062a\u0645\u0627\u0639\u064a &#8211; \u0627\u0644\u0627\u0642\u062a\u0635\u0627\u062f\u064a"},"content":{"rendered":"\n<figure class=\"wp-block-table\"><table><thead><tr><th><strong>\u0631\u0642\u0645<\/strong><\/th><th><strong>\u0627\u0644\u0634\u0631\u064a\u0643 \u0627\u0644\u0627\u062c\u062a\u0645\u0627\u0639\u064a &#8211; \u0627\u0644\u0627\u0642\u062a\u0635\u0627\u062f\u064a<\/strong><\/th><th><strong>\u0627\u0644\u0648\u0644\u0627\u064a\u0629<\/strong><\/th><th><strong>\u062a\u0627\u0631\u064a\u062e \u0627\u0644\u062a\u0648\u0642\u064a\u0639<\/strong><\/th><th><strong>\u0627\u0644\u0645\u062f\u0629<\/strong><\/th><\/tr><\/thead><tbody><tr><td>1<\/td><td>L\u2019\u00e9cole sup\u00e9rieur de l&rsquo;agronomie<\/td><td>Mostaganem<\/td><td>2019<\/td><td>&nbsp;<\/td><\/tr><tr><td>2<\/td><td>L&rsquo;agence National des D\u00e9chets<\/td><td>Alger<\/td><td>22\/05\/2019<\/td><td>05 ans<\/td><\/tr><tr><td>3<\/td><td>INAPI<\/td><td>&nbsp;<\/td><td>29\/06\/2020<\/td><td>Ind\u00e9termin\u00e9e<\/td><\/tr><tr><td>4<\/td><td>CRASC<\/td><td>Oran<\/td><td>09\/12\/2020<\/td><td>05 ans<\/td><\/tr><tr><td>5<\/td><td>\u00c9cole sup\u00e9rieure de management<\/td><td>TLEMECEN<\/td><td>07\/02\/2021<\/td><td>05 ANS<\/td><\/tr><tr><td>6<\/td><td>Radio Mostaganem<\/td><td>Mostaganem<\/td><td>19\/03\/2021<\/td><td>05 ans<\/td><\/tr><tr><td>7<\/td><td>Centre des techniques spatiales<\/td><td>Arzew<\/td><td>21\/03\/2021<\/td><td>03 ans<\/td><\/tr><tr><td>8<\/td><td>Le conseil wilaya interprofessionnel-fili\u00e8re maraicher<\/td><td>Mostaganem<\/td><td>23\/03\/2021<\/td><td>03 ans<\/td><\/tr><tr><td>9<\/td><td>\u062c\u0645\u0639\u064a\u0629 \u0627\u0644\u0635\u062d\u0627\u0641\u0629 \u0644\u0648\u0644\u0627\u064a\u0629 \u0645\u0633\u062a\u063a\u0627\u0646\u0645<\/td><td>\u0645\u0633\u062a\u063a\u0627\u0646\u0645<\/td><td>19\/03\/2021<\/td><td>03 ans<\/td><\/tr><tr><td>10<\/td><td>DSA<\/td><td>Mostaganem<\/td><td>23\/03\/2021<\/td><td>03 ANS<\/td><\/tr><tr><td>11<\/td><td>LA CHAMBRE DE L&rsquo;agriculture<\/td><td>Mostaganem<\/td><td>23\/03\/2021<\/td><td>03 ans<\/td><\/tr><tr><td>12<\/td><td>SARL mostagri<\/td><td>Mostaganem<\/td><td>23\/03\/2021<\/td><td>03 ans<\/td><\/tr><tr><td>13<\/td><td>Conseil interprofessionnel fili\u00e8re ol\u00e9icole<\/td><td>Mostaganem<\/td><td>23\/03\/2021<\/td><td>03 ans<\/td><\/tr><tr><td>14<\/td><td>la conserverie d&rsquo;olives de table<\/td><td>Mostaganem<\/td><td>23\/03\/2021<\/td><td>03 ans<\/td><\/tr><tr><td>15<\/td><td>\u0627\u0644\u063a\u0631\u0641\u0629 \u0627\u0644\u062c\u0647\u0648\u064a\u0629 \u0644\u0645\u0648\u062b\u0642\u064a \u0646\u0627\u062d\u064a\u0629 \u0627\u0644\u063a\u0631\u0628<\/td><td>\u0648\u0647\u0631\u0627\u0646<\/td><td>30\/11\/2020<\/td><td>03 ans<\/td><\/tr><tr><td>16<\/td><td>ANVEREDET<\/td><td>ALGER<\/td><td>16\/06\/2021<\/td><td>05 ANS<\/td><\/tr><tr><td>17<\/td><td>\u0627\u0644\u0645\u062c\u0644\u0633 \u0627\u0644\u0623\u0639\u0644\u0649 \u0644\u0644\u063a\u0644\u0629 \u0627\u0644\u0639\u0631\u0628\u064a<\/td><td>\u0627\u0644\u062c\u0632\u0627\u0626\u0631<\/td><td>08\/07\/2021<\/td><td>05 ANS<\/td><\/tr><tr><td>18<\/td><td>E3C MAGHREB LAMPE<\/td><td>Mostaganem<\/td><td>2021<\/td><td>03 ans<\/td><\/tr><tr><td>19<\/td><td>OPGI<\/td><td>Mostaganem<\/td><td>14\/12\/2021<\/td><td>03 ans<\/td><\/tr><tr><td>20<\/td><td>DUAC<\/td><td>Mostaganem<\/td><td>14\/12\/2021<\/td><td>03 ans<\/td><\/tr><tr><td>21<\/td><td>SONATRACH : Soci\u00e9t\u00e9 Nationale Pour La Recherche, La Production, Le Transport, La Transformation, Et La Commercialisation Des Hydrocarbures<\/td><td>Boumerdes<\/td><td>16\/11\/2021<\/td><td>05 ans<\/td><\/tr><tr><td>22<\/td><td>Ecole National Sup\u00e9rieur De Technologie<\/td><td>Alger<\/td><td>09\/01\/2022<\/td><td>05 ans<\/td><\/tr><tr><td>23<\/td><td>AZ HOTEL<\/td><td>Mostaganem<\/td><td>03\/03\/2022<\/td><td>03 ANS<\/td><\/tr><tr><td>24<\/td><td>CDER<\/td><td>Alger<\/td><td>03\/03\/2022<\/td><td>03 ans<\/td><\/tr><tr><td>25<\/td><td>Minist\u00e8re angem<\/td><td>Alger<\/td><td>07\/03\/2022<\/td><td>05 ans<\/td><\/tr><tr><td>26<\/td><td>Ecole Sup\u00e9rieure d\u2019administration Militaire\/2RM<\/td><td>Oran<\/td><td>19\/04\/2022<\/td><td>05 ans<\/td><\/tr><tr><td>27<\/td><td>\u00c9tablissement des travaux agricoles et traitement phytosanitaire<\/td><td>Relizane<\/td><td>11\/09\/2022<\/td><td>05 ans<\/td><\/tr><tr><td>28<\/td><td>CRAT<\/td><td>Costantine<\/td><td>27\/09\/2022<\/td><td>05 ans<\/td><\/tr><tr><td>29<\/td><td>\u0645\u062c\u0644\u0633 \u0642\u0636\u0627\u0621<\/td><td>Mostaganem<\/td><td>19\/12\/2022<\/td><td>01 an<\/td><\/tr><tr><td>30<\/td><td>Chambre de l&rsquo;artisanat<\/td><td>Mostaganem<\/td><td>09\/11\/2022<\/td><td>03 ans<\/td><\/tr><tr><td>31<\/td><td>\u0643\u0646\u0641\u062f\u0631\u0627\u0644\u064a\u0629 \u0627\u0644\u0645\u0646\u062a\u062c\u064a\u0646 \u0648\u0627\u0644\u0635\u0646\u0627\u0639\u064a\u064a\u0646 \u0627\u0644\u062c\u0632\u0627\u0626\u0631\u064a\u064a\u0646 CIPA<\/td><td>\u0627\u0644\u062c\u0632\u0627\u0626\u0631<\/td><td>12\/6\/2023<\/td><td>&nbsp;<\/td><\/tr><tr><td>32<\/td><td>\u0627\u0644\u0645\u062f\u0631\u0633\u0629 \u0627\u0644\u0639\u0644\u064a\u0627 \u0644\u0644\u0637\u064a\u0631\u0627\u0646 \u2013 \u0627\u0644\u0634\u0647\u064a\u062f \u062c\u0628\u0627\u0631 \u0627\u0644\u0637\u064a\u0628\u060c \u0637\u0641\u0631\u0627\u0648\u064a<\/td><td>\u0648\u0647\u0631\u0627\u0646<\/td><td>26\/9\/2023<\/td><td>&nbsp;<\/td><\/tr><tr><td>33<\/td><td>\u0627\u0644\u0645\u062d\u0643\u0645\u0629 \u0627\u0644\u0625\u062f\u0627\u0631\u064a\u0629<\/td><td>\u0645\u0633\u062a\u063a\u0627\u0646\u0645<\/td><td>30\/10\/2023<\/td><td>05 ans<\/td><\/tr><tr><td>34<\/td><td>&nbsp;\u0634\u0631\u0643\u0629 \u0627\u0644\u062c\u0643\u0633\u0628\u0627\u0646 &nbsp;ALGEXPAN<\/td><td>\u0645\u0633\u062a\u063a\u0627\u0646\u0645<\/td><td>31\/10\/2023<\/td><td>&nbsp;<\/td><\/tr><\/tbody><\/table><\/figure>\n","protected":false},"excerpt":{"rendered":"<p>\u0631\u0642\u0645\u0627\u0644\u0634\u0631\u064a\u0643 \u0627\u0644\u0627\u062c\u062a\u0645\u0627\u0639\u064a &#8211; \u0627\u0644\u0627\u0642\u062a\u0635\u0627\u062f\u064a\u0627\u0644\u0648\u0644\u0627\u064a\u0629\u062a\u0627\u0631\u064a\u062e \u0627\u0644\u062a\u0648\u0642\u064a\u0639\u0627\u0644\u0645\u062f\u06291L\u2019\u00e9cole sup\u00e9rieur de l&rsquo;agronomieMostaganem2019&nbsp;2L&rsquo;agence National des D\u00e9chetsAlger22\/05\/201905 ans3INAPI&nbsp;29\/06\/2020Ind\u00e9termin\u00e9e4CRASCOran09\/12\/202005 ans5\u00c9cole sup\u00e9rieure de managementTLEMECEN07\/02\/202105 ANS6Radio MostaganemMostaganem19\/03\/202105 ans7Centre des techniques spatialesArzew21\/03\/202103 ans8Le conseil wilaya interprofessionnel-fili\u00e8re maraicherMostaganem23\/03\/202103 ans9\u062c\u0645\u0639\u064a\u0629 \u0627\u0644\u0635\u062d\u0627\u0641\u0629 \u0644\u0648\u0644\u0627\u064a\u0629 &hellip;<\/p>\n","protected":false},"author":1,"featured_media":0,"parent":0,"menu_order":0,"comment_status":"closed","ping_status":"closed","template":"","meta":{"_coblocks_attr":"","_coblocks_dimensions":"","_coblocks_responsive_height":"","_coblocks_accordion_ie_support":"","footnotes":""},"class_list":["post-1589","page","type-page","status-publish","hentry"],"_links":{"self":[{"href":"https:\/\/www.univ-mosta.dz\/partnership\/wp-json\/wp\/v2\/pages\/1589","targetHints":{"allow":["GET"]}}],"collection":[{"href":"https:\/\/www.univ-mosta.dz\/partnership\/wp-json\/wp\/v2\/pages"}],"about":[{"href":"https:\/\/www.univ-mosta.dz\/partnership\/wp-json\/wp\/v2\/types\/page"}],"author":[{"embeddable":true,"href":"https:\/\/www.univ-mosta.dz\/partnership\/wp-json\/wp\/v2\/users\/1"}],"replies":[{"embeddable":true,"href":"https:\/\/www.univ-mosta.dz\/partnership\/wp-json\/wp\/v2\/comments?post=1589"}],"version-history":[{"count":2,"href":"https:\/\/www.univ-mosta.dz\/partnership\/wp-json\/wp\/v2\/pages\/1589\/revisions"}],"predecessor-version":[{"id":1633,"href":"https:\/\/www.univ-mosta.dz\/partnership\/wp-json\/wp\/v2\/pages\/1589\/revisions\/1633"}],"wp:attachment":[{"href":"https:\/\/www.univ-mosta.dz\/partnership\/wp-json\/wp\/v2\/media?parent=1589"}],"curies":[{"name":"wp","href":"https:\/\/api.w.org\/{rel}","templated":true}]}}