{"id":989,"date":"2022-01-19T13:11:24","date_gmt":"2022-01-19T12:11:24","guid":{"rendered":"https:\/\/www.univ-mosta.dz\/medecine\/?page_id=989"},"modified":"2026-03-23T11:41:25","modified_gmt":"2026-03-23T10:41:25","slug":"conseil-scientifique-de-la-faculte","status":"publish","type":"page","link":"https:\/\/www.univ-mosta.dz\/medecine\/conseil-scientifique-de-la-faculte\/","title":{"rendered":"Conseil Scientifique de la Facult\u00e9"},"content":{"rendered":"\n<p class=\"has-text-align-center\">en cours d&rsquo;installation <\/p>\n\n\n\n<h3><strong>Mot du Conseil Scientifique de la Facult\u00e9 de M\u00e9decine<\/strong><\/h3>\n<p>\u00ab Chers coll\u00e8gues, chers \u00e9tudiants,<\/p>\n<p>Le Conseil Scientifique de la Facult\u00e9 de M\u00e9decine joue un r\u00f4le central dans l\u2019orientation acad\u00e9mique et scientifique de la facult\u00e9. Il veille \u00e0 la qualit\u00e9 de l\u2019enseignement, au d\u00e9veloppement de la recherche et \u00e0 la promotion de l\u2019innovation dans les diff\u00e9rentes disciplines m\u00e9dicales.<\/p>\n<p>Organe de r\u00e9flexion et de proposition, nous nous engageons \u00e0 accompagner les enseignants-chercheurs hospitalo-universitaires dans leurs travaux et \u00e0 garantir aux r\u00e9sidents et doctorants un cadre de formation rigoureux, \u00e9thique et innovant.<\/p>\n<p>Notre ambition est de faire de notre facult\u00e9 un p\u00f4le d&rsquo;expertise o\u00f9 les avanc\u00e9es m\u00e9dicales de demain s&rsquo;appuient sur une rigueur scientifique absolue et une int\u00e9grit\u00e9 professionnelle exemplaire.Qu\u2019il s\u2019agisse de la validation des sujets de th\u00e8ses, de l\u2019organisation des manifestations scientifiques ou de l&rsquo;\u00e9valuation des programmes de formation, le Conseil Scientifique place la qualit\u00e9 du soin et la pertinence de la recherche au c\u0153ur de ses priorit\u00e9s.<\/p>\n<p>Nous souhaitons \u00e0 l&rsquo;ensemble de notre communaut\u00e9 universitaire une ann\u00e9e riche ed\u00e9couvertes et en succ\u00e8s acad\u00e9miques. \u00bb<\/p>\n<p>\u00a0<\/p>\n<p><strong>\u00a0<\/strong><\/p>\n<p><strong>Arr\u00eat\u00e9 du CSF<\/strong><\/p>\n<p>\u00a0<\/p>\n","protected":false},"excerpt":{"rendered":"<p>en cours d&rsquo;installation Mot du Conseil Scientifique de la Facult\u00e9 de M\u00e9decine \u00ab Chers coll\u00e8gues, chers \u00e9tudiants, Le Conseil Scientifique de la Facult\u00e9 de M\u00e9decine joue un r\u00f4le central dans &hellip;<\/p>\n","protected":false},"author":1,"featured_media":0,"parent":0,"menu_order":0,"comment_status":"closed","ping_status":"closed","template":"","meta":{"_coblocks_attr":"","_coblocks_dimensions":"","_coblocks_responsive_height":"","_coblocks_accordion_ie_support":"","footnotes":""},"class_list":["post-989","page","type-page","status-publish","hentry"],"_links":{"self":[{"href":"https:\/\/www.univ-mosta.dz\/medecine\/wp-json\/wp\/v2\/pages\/989","targetHints":{"allow":["GET"]}}],"collection":[{"href":"https:\/\/www.univ-mosta.dz\/medecine\/wp-json\/wp\/v2\/pages"}],"about":[{"href":"https:\/\/www.univ-mosta.dz\/medecine\/wp-json\/wp\/v2\/types\/page"}],"author":[{"embeddable":true,"href":"https:\/\/www.univ-mosta.dz\/medecine\/wp-json\/wp\/v2\/users\/1"}],"replies":[{"embeddable":true,"href":"https:\/\/www.univ-mosta.dz\/medecine\/wp-json\/wp\/v2\/comments?post=989"}],"version-history":[{"count":4,"href":"https:\/\/www.univ-mosta.dz\/medecine\/wp-json\/wp\/v2\/pages\/989\/revisions"}],"predecessor-version":[{"id":4044,"href":"https:\/\/www.univ-mosta.dz\/medecine\/wp-json\/wp\/v2\/pages\/989\/revisions\/4044"}],"wp:attachment":[{"href":"https:\/\/www.univ-mosta.dz\/medecine\/wp-json\/wp\/v2\/media?parent=989"}],"curies":[{"name":"wp","href":"https:\/\/api.w.org\/{rel}","templated":true}]}}