{"id":3551,"date":"2026-03-16T12:39:06","date_gmt":"2026-03-16T11:39:06","guid":{"rendered":"https:\/\/www.univ-mosta.dz\/medecine\/?page_id=3551"},"modified":"2026-03-24T12:01:19","modified_gmt":"2026-03-24T11:01:19","slug":"post-graduation","status":"publish","type":"page","link":"https:\/\/www.univ-mosta.dz\/medecine\/post-graduation\/","title":{"rendered":"Post-Graduation"},"content":{"rendered":"\n<div class=\"wp-block-cover aligncenter is-light\" style=\"margin-top:0;padding-top:5vw;padding-right:5vw;padding-bottom:5vw;padding-left:5vw;min-height:618px;aspect-ratio:unset;\"><span aria-hidden=\"true\" class=\"wp-block-cover__background has-background-dim-100 has-background-dim\" style=\"background-color:#e68b14\"><\/span><div class=\"wp-block-cover__inner-container is-layout-flow wp-block-cover-is-layout-flow\">\n<p style=\"text-align: center\"><span style=\"color: #ffffff\"><strong><em>Aux termes de l\u2019arr\u00eat\u00e9 minist\u00e9riel conjoint dat\u00e9 du 24\/08\/2004 fixant l\u2019organisation administrative de la direction de l\u2019universit\u00e9, de la facult\u00e9, de l\u2019institut, de l\u2019annexe universitaire et de leurs services communs<\/em><\/strong><\/span><\/p>\n<h1 style=\"text-align: center\" data-start=\"238\" data-end=\"344\"><em><span style=\"color: #ffffff\"><strong data-start=\"238\" data-end=\"342\">Vice-doyen charg\u00e9 des \u00e9tudes postgradu\u00e9es, de la recherche scientifique et des relations ext\u00e9rieures<\/strong><\/span><\/em><\/h1>\n<p data-start=\"346\" data-end=\"413\">&nbsp;<\/p>\n<p style=\"font-size: 17px;font-style: normal;font-weight: 300;letter-spacing: 0px;line-height: 1.4;text-decoration: none;text-transform: none\">&nbsp;<\/p>\n\n\n\n<div class=\"wp-block-group wp-container-content-8eb0bdf3\"><div class=\"wp-block-group__inner-container is-layout-flow wp-block-group-is-layout-flow\">\n<h1 style=\"text-align: center\"><span style=\"color: #0000ff\"><em><strong data-start=\"346\" data-end=\"377\">Pr : BESTAOUI Samira<\/strong><\/em><\/span><\/h1>\n<h2 style=\"text-align: center\">Email\u00a0:<span style=\"color: #ffffff\"> <a style=\"color: #ffffff\" href=\"mailto:vdpg.fmed@univ-mosta.dz\">vdpg.fmed@univ-mosta.dz<\/a><\/span><\/h2>\n<\/div><\/div>\n<\/div><\/div>\n\n\n\n<p><strong>&nbsp; &nbsp; &nbsp; &nbsp; &nbsp; &nbsp; &nbsp; &nbsp; &nbsp; &nbsp; &nbsp; &nbsp; &nbsp; &nbsp; &nbsp; &nbsp; &nbsp; &nbsp; &nbsp; &nbsp; &nbsp; &nbsp; &nbsp; &nbsp; &nbsp; &nbsp; &nbsp; &nbsp; &nbsp; &nbsp; &nbsp; &nbsp; &nbsp; &nbsp; &nbsp; &nbsp; &nbsp; &nbsp; &nbsp; &nbsp; &nbsp; &nbsp; &nbsp; &nbsp; &nbsp; &nbsp; &nbsp; &nbsp; &nbsp; &nbsp; &nbsp; &nbsp; &nbsp; &nbsp; &nbsp; &nbsp; &nbsp; &nbsp; &nbsp; &nbsp; &nbsp; &nbsp; &nbsp; &nbsp; &nbsp; &nbsp; &nbsp; &nbsp;&nbsp;<\/strong><\/p>\n\n\n\n<h2 data-start=\"415\" data-end=\"592\"><em>L\u2019article 23 stipule ce qui suit :<\/em><\/h2>\n<p data-start=\"415\" data-end=\"592\">Le vice-doyen charg\u00e9 des \u00e9tudes postgradu\u00e9es, de la recherche scientifique et des relations ext\u00e9rieures accomplit les missions suivantes :<\/p>\n<p>Suivi du d\u00e9roulement des examens d\u2019acc\u00e8s aux \u00e9tudes postgradu\u00e9es.<\/p>\n<p>Prendre ou proposer les mesures n\u00e9cessaires pour assurer le bon d\u00e9roulement de la formation postgradu\u00e9e.<\/p>\n<p>Superviser la soutenance des m\u00e9moires et th\u00e8ses postgradu\u00e9es.<\/p>\n<p>Suivre les activit\u00e9s de recherche scientifique.<\/p>\n<p>Initier des partenariats avec les secteurs sociaux et \u00e9conomiques.<\/p>\n<p>Initier des actions pour dynamiser et soutenir la coop\u00e9ration entre universit\u00e9s nationales et internationales.<\/p>\n<p>Mettre en \u0153uvre des programmes d\u2019am\u00e9lioration du niveau des enseignants et de mise \u00e0 jour de leurs connaissances.<\/p>\n<p>Suivre le fonctionnement du conseil scientifique de la facult\u00e9 et maintenir son archivage.<\/p>\n<h2 data-start=\"1291\" data-end=\"1327\"><em>Assistants dans ses missions&nbsp;<\/em><\/h2>\n<p data-start=\"1329\" data-end=\"1447\"><em><strong data-start=\"1329\" data-end=\"1382\">Chef de service suivi de la formation postgradu\u00e9e<\/strong><\/em><\/p>\n<p style=\"text-align: center\" data-start=\"1329\" data-end=\"1447\">Mr BENTAHER Adda El Hadj<br data-start=\"1410\" data-end=\"1413\">Email : <a class=\"decorated-link cursor-pointer\" rel=\"noopener\" data-start=\"1421\" data-end=\"1445\">svdpg.fmed@univ-mosta.dz<\/a><\/p>\n<p data-start=\"1449\" data-end=\"1558\"><em><strong data-start=\"1449\" data-end=\"1501\">Chef de service suivi des activit\u00e9s de recherche<\/strong><\/em><\/p>\n<p style=\"text-align: center\" data-start=\"1449\" data-end=\"1558\">Mr REBIHA Mohamed<br data-start=\"1522\" data-end=\"1525\">Email : <a class=\"decorated-link cursor-pointer\" rel=\"noopener\" data-start=\"1533\" data-end=\"1556\">fm.vdpg.mosta@gmail.com<\/a><\/p>\n<p data-start=\"1560\" data-end=\"1618\"><em><strong data-start=\"1560\" data-end=\"1616\">Chef de service coop\u00e9ration et relations ext\u00e9rieures<\/strong><\/em><\/p>\n<p><strong>&nbsp; &nbsp; &nbsp; &nbsp; &nbsp; &nbsp; &nbsp; &nbsp; &nbsp; &nbsp; &nbsp; &nbsp; &nbsp; &nbsp; &nbsp; &nbsp; &nbsp; &nbsp; &nbsp; &nbsp; &nbsp; &nbsp; &nbsp; &nbsp; &nbsp; &nbsp; &nbsp; &nbsp; &nbsp; &nbsp; &nbsp; &nbsp; &nbsp; &nbsp; &nbsp; &nbsp; &nbsp; &nbsp; &nbsp; &nbsp; &nbsp; &nbsp; &nbsp; &nbsp; &nbsp; &nbsp; &nbsp; &nbsp; &nbsp; &nbsp; &nbsp; &nbsp; &nbsp; &nbsp; &nbsp; &nbsp; &nbsp; &nbsp; &nbsp; &nbsp; &nbsp; &nbsp; &nbsp; &nbsp; &nbsp; &nbsp; &nbsp; &nbsp; &nbsp;<\/strong><\/p>\n","protected":false},"excerpt":{"rendered":"<p>Aux termes de l\u2019arr\u00eat\u00e9 minist\u00e9riel conjoint dat\u00e9 du 24\/08\/2004 fixant l\u2019organisation administrative de la direction de l\u2019universit\u00e9, de la facult\u00e9, de l\u2019institut, de l\u2019annexe universitaire et de leurs services communs &hellip;<\/p>\n","protected":false},"author":23,"featured_media":0,"parent":0,"menu_order":0,"comment_status":"closed","ping_status":"closed","template":"","meta":{"_coblocks_attr":"","_coblocks_dimensions":"","_coblocks_responsive_height":"","_coblocks_accordion_ie_support":"","footnotes":""},"class_list":["post-3551","page","type-page","status-publish","hentry"],"_links":{"self":[{"href":"https:\/\/www.univ-mosta.dz\/medecine\/wp-json\/wp\/v2\/pages\/3551","targetHints":{"allow":["GET"]}}],"collection":[{"href":"https:\/\/www.univ-mosta.dz\/medecine\/wp-json\/wp\/v2\/pages"}],"about":[{"href":"https:\/\/www.univ-mosta.dz\/medecine\/wp-json\/wp\/v2\/types\/page"}],"author":[{"embeddable":true,"href":"https:\/\/www.univ-mosta.dz\/medecine\/wp-json\/wp\/v2\/users\/23"}],"replies":[{"embeddable":true,"href":"https:\/\/www.univ-mosta.dz\/medecine\/wp-json\/wp\/v2\/comments?post=3551"}],"version-history":[{"count":22,"href":"https:\/\/www.univ-mosta.dz\/medecine\/wp-json\/wp\/v2\/pages\/3551\/revisions"}],"predecessor-version":[{"id":4206,"href":"https:\/\/www.univ-mosta.dz\/medecine\/wp-json\/wp\/v2\/pages\/3551\/revisions\/4206"}],"wp:attachment":[{"href":"https:\/\/www.univ-mosta.dz\/medecine\/wp-json\/wp\/v2\/media?parent=3551"}],"curies":[{"name":"wp","href":"https:\/\/api.w.org\/{rel}","templated":true}]}}