{"id":3474,"date":"2026-03-16T09:59:28","date_gmt":"2026-03-16T08:59:28","guid":{"rendered":"https:\/\/www.univ-mosta.dz\/medecine\/?page_id=3474"},"modified":"2026-03-24T09:23:17","modified_gmt":"2026-03-24T08:23:17","slug":"diplome-de-doctorat-en-sciences-medicales","status":"publish","type":"page","link":"https:\/\/www.univ-mosta.dz\/medecine\/diplome-de-doctorat-en-sciences-medicales\/","title":{"rendered":"Dipl\u00f4me de Doctorat en Sciences M\u00e9dicales"},"content":{"rendered":"\n<h2 data-start=\"2759\" data-end=\"2853\"><span style=\"color: #0000ff\"><strong data-start=\"2759\" data-end=\"2783\">Conditions d\u2019acc\u00e8s :<\/strong><\/span><\/h2>\n<p data-start=\"2759\" data-end=\"2853\">La pr\u00e9paration du doctorat en sciences m\u00e9dicales est r\u00e9serv\u00e9e \u00e0 :<\/p>\n<p>Les ma\u00eetres assistants hospitalo-universitaires d\u00e8s leur nomination.<\/p>\n<p>Encadr\u00e9s par un directeur de th\u00e8se de rang professeur, chef de service hospitalo-universitaire ou professeur.<\/p>\n<p>Un co-directeur peut \u00eatre d\u00e9sign\u00e9 si n\u00e9cessaire.<\/p>\n\n\n\n<h2 data-start=\"3095\" data-end=\"3135\"><span style=\"color: #0000ff\"><strong data-start=\"3095\" data-end=\"3133\">Dur\u00e9e de pr\u00e9paration de la th\u00e8se :<\/strong><\/span><\/h2>\n<p>La th\u00e8se est pr\u00e9par\u00e9e et soutenue dans un d\u00e9lai de 03 ann\u00e9es cons\u00e9cutives.<br data-start=\"551\" data-end=\"554\">En cas de non-ach\u00e8vement, une prolongation d\u2019une dur\u00e9e de 01 ann\u00e9e renouvelable une seule fois peut \u00eatre demand\u00e9e, sur avis du directeur de th\u00e8se et proposition de l\u2019instance scientifique habilit\u00e9e de l\u2019\u00e9tablissement.<\/p>\n\n\n\n<h2 data-start=\"775\" data-end=\"813\"><span style=\"color: #0000ff\"><strong data-start=\"775\" data-end=\"811\">Inscriptions et r\u00e9inscriptions :<\/strong><\/span><\/h2>\n<p data-start=\"815\" data-end=\"878\"><strong data-start=\"815\" data-end=\"833\">Inscriptions :<\/strong><\/p>\n<p data-start=\"815\" data-end=\"878\"><br data-start=\"833\" data-end=\"836\">La proc\u00e9dure d\u2019inscription se fait par :<\/p>\n<p>Le d\u00e9p\u00f4t du projet de sujet de th\u00e8se selon le calendrier \u00e9tabli par la facult\u00e9.<\/p>\n<p>Le projet est examin\u00e9 par une commission compos\u00e9e de 03 enseignants d\u00e9sign\u00e9s par le conseil scientifique de la facult\u00e9.<\/p>\n<p>Cette commission \u00e9met un avis dans un d\u00e9lai maximum de 03 mois \u00e0 compter de la date de d\u00e9p\u00f4t.<\/p>\n<p>En l\u2019absence d\u2019avis, le projet est consid\u00e9r\u00e9 comme accept\u00e9.<\/p>\n<p>Toute demande de changement de sujet ou de directeur de th\u00e8se doit \u00eatre motiv\u00e9e et valid\u00e9e par le conseil scientifique de la facult\u00e9.<\/p>\n<p>Le gel d\u2019inscription n\u2019est pas reconnu par la r\u00e9glementation en vigueur.<\/p>\n<p>Le doctorant doit d\u00e9poser une d\u00e9claration sur l\u2019honneur relative au respect des lois, notamment en mati\u00e8re de plagiat.<\/p>\n<p data-start=\"1588\" data-end=\"2048\"><strong data-start=\"1588\" data-end=\"1607\">R\u00e9inscription :<\/strong><\/p>\n<p data-start=\"1588\" data-end=\"2048\"><br data-start=\"1607\" data-end=\"1610\">La r\u00e9inscription se fait chaque ann\u00e9e universitaire apr\u00e8s validation de l\u2019avancement des travaux par le conseil scientifique.<br data-start=\"1735\" data-end=\"1738\">Lorsque le directeur de th\u00e8se d\u00e9clare la fin des travaux de recherche, il soumet un rapport final et propose les membres du jury.<br data-start=\"1867\" data-end=\"1870\">En cas de non-ach\u00e8vement apr\u00e8s la troisi\u00e8me inscription, un rapport est pr\u00e9sent\u00e9 pour obtenir une inscription suppl\u00e9mentaire aupr\u00e8s du doyen apr\u00e8s avis du conseil scientifique.<\/p>\n<p data-start=\"2050\" data-end=\"2390\"><strong data-start=\"2050\" data-end=\"2100\">Am\u00e9nagement du volume horaire d\u2019enseignement :<\/strong><\/p>\n<p data-start=\"2050\" data-end=\"2390\"><br data-start=\"2100\" data-end=\"2103\">Le chercheur peut b\u00e9n\u00e9ficier d\u2019un am\u00e9nagement du temps de travail en adressant une demande au chef de d\u00e9partement qui la soumet \u00e0 la commission scientifique dans un d\u00e9lai de 08 jours. En cas de refus, la demande peut \u00eatre examin\u00e9e par le conseil scientifique dans un d\u00e9lai de 30 jours.<\/p>\n<p data-start=\"2392\" data-end=\"2418\"><strong data-start=\"2392\" data-end=\"2416\">Dur\u00e9e de r\u00e9duction :<\/strong><\/p>\n<p data-start=\"2392\" data-end=\"2418\">&nbsp;<\/p>\n<p>25% durant les 1\u00e8re, 2\u00e8me et 3\u00e8me ann\u00e9es.<\/p>\n<p>50% durant l\u2019ann\u00e9e de soutenance (une seule fois non renouvelable).<br data-start=\"2534\" data-end=\"2537\"><strong><em>&nbsp; &nbsp; &nbsp; Le b\u00e9n\u00e9ficiaire ne peut exercer d\u2019activit\u00e9s d\u2019enseignement suppl\u00e9mentaires.<\/em><\/strong><\/p>\n<p style=\"text-align: right\">&nbsp;<\/p>\n\n\n\n<h2><span style=\"color: #0000ff\"><strong data-start=\"2616\" data-end=\"2632\">Soutenance :<\/strong><\/span><\/h2>\n<p>Le directeur de th\u00e8se pr\u00e9sente un rapport final au conseil scientifique qui d\u00e9signe le jury.<br data-start=\"2727\" data-end=\"2730\">Chaque membre du jury r\u00e9dige un rapport dans un d\u00e9lai maximum de 03 mois.<br data-start=\"2803\" data-end=\"2806\">En cas de r\u00e9serves, celles-ci sont communiqu\u00e9es au candidat et au directeur de th\u00e8se pour \u00eatre lev\u00e9es.<br data-start=\"2908\" data-end=\"2911\">Si ces r\u00e9serves sont jug\u00e9es non fond\u00e9es, un rapport est transmis pour d\u00e9signer un nouveau jury.<br data-start=\"3006\" data-end=\"3009\">En cas de maintien des r\u00e9serves, un d\u00e9lai maximum de 01 an est accord\u00e9 pour leur lev\u00e9e.<br data-start=\"3096\" data-end=\"3099\">En l\u2019absence de r\u00e9serves, la soutenance a lieu dans un d\u00e9lai maximum de 06 mois.<\/p>\n\n\n\n<h2><span style=\"color: #0000ff\"><strong data-start=\"3183\" data-end=\"3209\">Obtention du dipl\u00f4me :<\/strong><\/span><\/h2>\n<p>Apr\u00e8s la soutenance (20 \u00e0 30 minutes), le jury d\u00e9lib\u00e8re \u00e0 huis clos.<br data-start=\"3280\" data-end=\"3283\">Le titre de docteur est attribu\u00e9 avec la mention \u00ab Honorable \u00bb ou \u00ab Tr\u00e8s Honorable \u00bb.<br data-start=\"3368\" data-end=\"3371\">Le laur\u00e9at re\u00e7oit son attestation sign\u00e9e par le doyen et le recteur.<\/p>\n\n\n\n<h2 data-start=\"3443\" data-end=\"3472\"><span style=\"color: #0000ff\"><strong data-start=\"3443\" data-end=\"3470\">Textes r\u00e9glementaires :<\/strong><\/span><\/h2>\n\n\n\n<a href=\"https:\/\/www.univ-mosta.dz\/medecine\/wp-content\/uploads\/sites\/4\/2026\/03\/\u0627\u0644\u0645\u0631\u0633\u0648\u0645-\u0631\u0642\u0645-74-200-\u0627\u0644\u0645\u0624\u0631\u062e-\u0641\u064a-01-10-1974-\u0627\u0644\u0645\u062a\u0636\u0645\u0646-\u0627\u0646\u0634\u0627\u0621-\u0634\u0647\u0627\u062f\u0629-\u0627\u0644\u062f\u0643\u062a\u0648\u0631-\u0641\u064a-\u0627\u0644\u0639\u0644\u0648\u0645-\u0627\u0644\u0637\u0628\u064a\u0629-1.pdf\" target=\"_blank\" class=\"download-button\">\n        <div class=\"docs\">\n            \n                \n                \n                \n                \n                \n            \n            D\u00e9cret N\u00b0 74-200 du 01-10-1974 relatif \u00e0 la cr\u00e9ation du doctorat en sciences m\u00e9dicales\n        <\/div>        \n    <\/a>\n\n\n\n<a href=\"https:\/\/www.univ-mosta.dz\/medecine\/wp-content\/uploads\/sites\/4\/2026\/03\/\u0645\u0646\u0634\u0648\u0631-\u0631\u0642\u0645-03-\u0645\u0624\u0631\u062e-\u0641\u064a-26-03-2005-\u064a\u062a\u0639\u0644\u0642-\u0628\u0643\u064a\u0641\u064a\u0627\u062a-\u062a\u0633\u062c\u064a\u0644-\u0627\u0644\u0623\u0633\u0627\u062a\u0630\u0629-\u0627\u0644\u0645\u0633\u0627\u0639\u062f\u064a\u0646-\u0627\u0644\u0627\u0633\u062a\u0634\u0641\u0627\u0626\u064a\u0646-\u0627\u0644\u062c\u0627\u0645\u0639\u064a\u0646-\u0644\u0644\u062d\u0635\u0648\u0644-\u0639\u0644\u0649-\u0627\u0644\u062f\u0643\u062a\u0648\u0631\u0627\u0647-\u0641\u064a-\u0627\u0644\u0639\u0644\u0648\u0645-\u0627\u0644\u0637\u0628\u064a\u0629.pdf\" target=\"_blank\" class=\"download-button\">\n        <div class=\"docs\">\n            \n                \n                \n                \n                \n                \n            \n            Circulaire N\u00b0 03 du 26-03-2005 relative aux modalit\u00e9s d\u2019inscription des ma\u00eetres assistants hospitalo-universitaires\n        <\/div>        \n    <\/a>\n\n\n\n<a href=\"https:\/\/www.univ-mosta.dz\/medecine\/wp-content\/uploads\/sites\/4\/2026\/03\/\u0642\u0631\u0627\u0631-\u0631\u0642\u0645-1775-\u0645\u0624\u0631\u062e-19-12-2016-\u064a\u062a\u0636\u0645\u0646-\u0627\u0644\u062e\u0635\u0627\u0626\u0635-\u0627\u0644\u0645\u062a\u0639\u0644\u0642\u0629-\u0628\u0634\u0647\u0627\u062f\u0629-\u0627\u0644\u0646\u062c\u0627\u062d-\u0627\u0644\u0645\u0624\u0642\u062a\u0629-\u0644\u0646\u064a\u0644-\u0634\u0647\u0627\u062f\u0629-\u0627\u0644\u062f\u0643\u062a\u0648\u0631\u0627\u0647-\u0641\u064a-\u0627\u0644\u0639\u0644\u0648\u0645-\u0627\u0644\u0637\u0628\u064a\u0629.pdf\" target=\"_blank\" class=\"download-button\">\n        <div class=\"docs\">\n            \n                \n                \n                \n                \n                \n            \n            Arr\u00eat\u00e9 N\u00b0 1775 du 19-12-2016 relatif \u00e0 l\u2019attestation provisoire de r\u00e9ussite\n        <\/div>        \n    <\/a>\n\n\n\n<a href=\"https:\/\/www.univ-mosta.dz\/medecine\/wp-content\/uploads\/sites\/4\/2026\/03\/\u0627\u0644\u0642\u0631\u0627\u0631-\u0631\u0642\u0645-1491-\u0645\u0624\u0631\u062e-24-12-2016-\u064a\u062d\u062f\u062f-\u0643\u064a\u0641\u064a\u0627\u062a-\u062a\u0643\u064a\u064a\u0641-\u0627\u0644\u062d\u062c\u0645-\u0627\u0644\u0633\u0627\u0639\u064a-\u0644\u0644\u062a\u062f\u0631\u064a\u0633-\u0644\u0644\u0623\u0633\u062a\u0627\u0630-\u0627\u0644\u0645\u0633\u0627\u0639\u062f-\u0627\u0644\u0633\u062a\u0634\u0641\u0627\u0626\u064a-\u0627\u0644\u062c\u0627\u0645\u0639\u064a-\u062a\u062d\u0636\u064a\u0631-\u0634\u0647\u0627\u062f\u0629-\u0627\u0644\u062f\u0643\u062a\u0648\u0631\u0627i.pdf\" target=\"_blank\" class=\"download-button\">\n        <div class=\"docs\">\n            \n                \n                \n                \n                \n                \n            \n            Arr\u00eat\u00e9 N\u00b0 1491 du 24-12-2016 relatif \u00e0 l\u2019am\u00e9nagement du volume horaire d\u2019enseignement\n        <\/div>        \n    <\/a>\n\n\n\n<a href=\"https:\/\/www.univ-mosta.dz\/medecine\/wp-content\/uploads\/sites\/4\/2026\/03\/\u0627\u0644\u0642\u0631\u0627\u0631-\u0631\u0642\u0645-1082-\u0627\u0644\u0645\u0624\u0631\u062e-\u0641\u064a-27-12-2020-\u0627\u0644\u0645\u062d\u062f\u062f-\u0644\u0644\u0642\u0648\u0627\u0639\u062f-\u0627\u0644\u0645\u062a\u0639\u0644\u0642\u0629-\u0628\u0627\u0644\u0648\u0642\u0627\u064a\u0629-\u0645\u0646-\u0627\u0644\u0633\u0631\u0642\u0629-\u0627\u0644\u0639\u0644\u0645\u064a\u0629-\u0648-\u0645\u0643\u0627\u0641\u062d\u062a\u0647\u0627.pdf\" target=\"_blank\" class=\"download-button\">\n        <div class=\"docs\">\n            \n                \n                \n                \n                \n                \n            \n            Arr\u00eat\u00e9 N\u00b0 1082 du 27-12-2020 relatif \u00e0 la lutte contre le plagiat\n        <\/div>        \n    <\/a>\n\n\n\n<div style=\"height:31px\" aria-hidden=\"true\" class=\"wp-block-spacer\"><\/div>\n\n\n\n<h2 style=\"text-align: left\"><strong data-start=\"125\" data-end=\"150\">Fichier \u00e0 t\u00e9l\u00e9charger<\/strong><\/h2>\n\n\n\n<a href=\"https:\/\/www.univ-mosta.dz\/medecine\/wp-content\/uploads\/sites\/4\/2026\/03\/\u0634\u0647\u0627\u062f\u0629-\u0627\u0644\u062f\u0643\u062a\u0648\u0631\u0627\u0647-\u0641\u064a-\u0627\u0644\u0639\u0644\u0648\u0645-\u0627\u0644\u0637\u0628\u064a\u0629-2.docx\" target=\"_blank\" class=\"download-button\">\n        <div class=\"docs\">\n            \n                \n                \n                \n                \n                \n            \n            Dipl\u00f4me de Doctorat en Sciences M\u00e9dicales\n        <\/div>        \n    <\/a>\n","protected":false},"excerpt":{"rendered":"<p>Conditions d\u2019acc\u00e8s : La pr\u00e9paration du doctorat en sciences m\u00e9dicales est r\u00e9serv\u00e9e \u00e0 : Les ma\u00eetres assistants hospitalo-universitaires d\u00e8s leur nomination. Encadr\u00e9s par un directeur de th\u00e8se de rang professeur, &hellip;<\/p>\n","protected":false},"author":23,"featured_media":0,"parent":0,"menu_order":0,"comment_status":"closed","ping_status":"closed","template":"","meta":{"_coblocks_attr":"","_coblocks_dimensions":"","_coblocks_responsive_height":"","_coblocks_accordion_ie_support":"","footnotes":""},"class_list":["post-3474","page","type-page","status-publish","hentry"],"_links":{"self":[{"href":"https:\/\/www.univ-mosta.dz\/medecine\/wp-json\/wp\/v2\/pages\/3474","targetHints":{"allow":["GET"]}}],"collection":[{"href":"https:\/\/www.univ-mosta.dz\/medecine\/wp-json\/wp\/v2\/pages"}],"about":[{"href":"https:\/\/www.univ-mosta.dz\/medecine\/wp-json\/wp\/v2\/types\/page"}],"author":[{"embeddable":true,"href":"https:\/\/www.univ-mosta.dz\/medecine\/wp-json\/wp\/v2\/users\/23"}],"replies":[{"embeddable":true,"href":"https:\/\/www.univ-mosta.dz\/medecine\/wp-json\/wp\/v2\/comments?post=3474"}],"version-history":[{"count":40,"href":"https:\/\/www.univ-mosta.dz\/medecine\/wp-json\/wp\/v2\/pages\/3474\/revisions"}],"predecessor-version":[{"id":4118,"href":"https:\/\/www.univ-mosta.dz\/medecine\/wp-json\/wp\/v2\/pages\/3474\/revisions\/4118"}],"wp:attachment":[{"href":"https:\/\/www.univ-mosta.dz\/medecine\/wp-json\/wp\/v2\/media?parent=3474"}],"curies":[{"name":"wp","href":"https:\/\/api.w.org\/{rel}","templated":true}]}}