{"id":3131,"date":"2026-03-08T09:17:12","date_gmt":"2026-03-08T08:17:12","guid":{"rendered":"https:\/\/www.univ-mosta.dz\/medecine\/?page_id=3131"},"modified":"2026-03-23T11:42:26","modified_gmt":"2026-03-23T10:42:26","slug":"mot-du-vice-doyen","status":"publish","type":"page","link":"https:\/\/www.univ-mosta.dz\/medecine\/mot-du-vice-doyen\/","title":{"rendered":"Mot du Vice Doyen"},"content":{"rendered":"\n<div class=\"wp-block-columns is-layout-flex wp-container-core-columns-is-layout-9d6595d7 wp-block-columns-is-layout-flex\">\n<div class=\"wp-block-column is-layout-flow wp-block-column-is-layout-flow\" style=\"flex-basis:33.33%\">\n\n\n<div class=\"wp-block-media-text is-stacked-on-mobile\"><figure class=\"wp-block-media-text__media\"><img loading=\"lazy\" decoding=\"async\" width=\"100\" height=\"100\" src=\"http:\/\/www.univ-mosta.dz\/medecine\/wp-content\/uploads\/sites\/4\/2022\/02\/avatar_homme.png\" alt=\"\" class=\"wp-image-1235 size-full\" \/><\/figure><div class=\"wp-block-media-text__content\">\n<p class=\"is-style-default\"><strong>Pr MEROUANI Redha Djilali<\/strong><\/p>\n<\/div><\/div>\n<\/div>\n\n\n\n<div class=\"wp-block-column is-layout-flow wp-block-column-is-layout-flow\" style=\"flex-basis:66.66%\">\n\n\n<h2 class=\"wp-block-heading\" id=\"vice-doyen-charge-des-etudes-et-des-questions-liees-aux-etudiants\"><strong>Vice doyen charg\u00e9 des \u00e9tudes et des questions li\u00e9es aux \u00e9tudiants<\/strong><\/h2>\n<\/div>\n<\/div>\n\n\n\n\n\n<div style=\"height:31px\" aria-hidden=\"true\" class=\"wp-block-spacer\"><\/div>\n\n\n\n<p>Chers coll\u00e8gues et \u00e9tudiants,<\/p>\n<p>C&rsquo;est avec un immense honneur que je vous souhaite la bienvenue sur le site officiel de la Facult\u00e9 de m\u00e9decine de l\u2019universit\u00e9 de Mostaganem.<\/p>\n<p>Notre noble mission consiste \u00e0 former des professionnels de sant\u00e9 (m\u00e9decins et pharmaciens) comp\u00e9tents, compatissants et engag\u00e9s, capables de relever les d\u00e9fis actuels et futurs du syst\u00e8me de sant\u00e9. \u00c0 travers nos programmes d&rsquo;enseignement, notre politique et nos services \u00e0 la communaut\u00e9, nous aspirons \u00e0 cultiver l&rsquo;excellence, l&rsquo;\u00e9thique et l&rsquo;innovation.<\/p>\n<p>L&rsquo;enseignement \u00e0 la Facult\u00e9 de m\u00e9decine repose sur une approche int\u00e9gr\u00e9e, rigoureuse et centr\u00e9e sur l&rsquo;\u00e9tudiant. Il vise \u00e0 former des professionnels de sant\u00e9 comp\u00e9tents, responsables et dot\u00e9s d&rsquo;un esprit critique, capables de r\u00e9pondre aux exigences scientifiques, \u00e9thiques et humaines de la pratique m\u00e9dicale.<\/p>\n<p>La formation en sciences m\u00e9dicales combine des cours th\u00e9oriques solides avec des travaux dirig\u00e9s, des travaux pratiques et des stages cliniques progressifs. Cette combinaison de connaissances acad\u00e9miques et d&rsquo;exp\u00e9rience pratique permet aux \u00e9tudiants d&rsquo;acqu\u00e9rir non seulement des connaissances, mais aussi des comp\u00e9tences cliniques, interpersonnelles et d\u00e9cisionnelles.<\/p>\n<p>Les m\u00e9thodes d&rsquo;enseignement modernes en m\u00e9decine encouragent :<\/p>\n<ul>\n<li>L&rsquo;apprentissage actif et participatif<\/li>\n<li>Une approche bas\u00e9e sur les comp\u00e9tences<\/li>\n<li>La simulation m\u00e9dicale<\/li>\n<li>L&rsquo;\u00e9valuation continue et formative<\/li>\n<li>L&rsquo;int\u00e9gration des technologies num\u00e9riques<\/li>\n<\/ul>\n<p>Elle accorde \u00e9galement une grande importance aux valeurs humaines telles que l&rsquo;\u00e9thique, l&#8217;empathie et le respect des patients.<\/p>\n","protected":false},"excerpt":{"rendered":"<p>Pr MEROUANI Redha Djilali Vice doyen charg\u00e9 des \u00e9tudes et des questions li\u00e9es aux \u00e9tudiants Chers coll\u00e8gues et \u00e9tudiants, C&rsquo;est avec un immense honneur que je vous souhaite la bienvenue &hellip;<\/p>\n","protected":false},"author":23,"featured_media":0,"parent":0,"menu_order":0,"comment_status":"closed","ping_status":"closed","template":"","meta":{"_coblocks_attr":"","_coblocks_dimensions":"","_coblocks_responsive_height":"","_coblocks_accordion_ie_support":"","footnotes":""},"class_list":["post-3131","page","type-page","status-publish","hentry"],"_links":{"self":[{"href":"https:\/\/www.univ-mosta.dz\/medecine\/wp-json\/wp\/v2\/pages\/3131","targetHints":{"allow":["GET"]}}],"collection":[{"href":"https:\/\/www.univ-mosta.dz\/medecine\/wp-json\/wp\/v2\/pages"}],"about":[{"href":"https:\/\/www.univ-mosta.dz\/medecine\/wp-json\/wp\/v2\/types\/page"}],"author":[{"embeddable":true,"href":"https:\/\/www.univ-mosta.dz\/medecine\/wp-json\/wp\/v2\/users\/23"}],"replies":[{"embeddable":true,"href":"https:\/\/www.univ-mosta.dz\/medecine\/wp-json\/wp\/v2\/comments?post=3131"}],"version-history":[{"count":3,"href":"https:\/\/www.univ-mosta.dz\/medecine\/wp-json\/wp\/v2\/pages\/3131\/revisions"}],"predecessor-version":[{"id":4046,"href":"https:\/\/www.univ-mosta.dz\/medecine\/wp-json\/wp\/v2\/pages\/3131\/revisions\/4046"}],"wp:attachment":[{"href":"https:\/\/www.univ-mosta.dz\/medecine\/wp-json\/wp\/v2\/media?parent=3131"}],"curies":[{"name":"wp","href":"https:\/\/api.w.org\/{rel}","templated":true}]}}