{"id":2742,"date":"2026-03-02T10:25:03","date_gmt":"2026-03-02T09:25:03","guid":{"rendered":"https:\/\/www.univ-mosta.dz\/medecine\/?page_id=2742"},"modified":"2026-03-23T11:44:19","modified_gmt":"2026-03-23T10:44:19","slug":"adjoint-chef-de-departement-de-pharmacie","status":"publish","type":"page","link":"https:\/\/www.univ-mosta.dz\/medecine\/adjoint-chef-de-departement-de-pharmacie\/","title":{"rendered":"Organigramme du D\u00e9partement de Pharmacie"},"content":{"rendered":"\n\n<div class=\"wp-block-image\">\n<figure class=\"aligncenter size-full coblocks-animate\" data-coblocks-animation=\"clipHorizontal\"><img loading=\"lazy\" decoding=\"async\" width=\"792\" height=\"523\" src=\"http:\/\/www.univ-mosta.dz\/medecine\/wp-content\/uploads\/sites\/4\/2026\/03\/organigramme-pharmacie.jpg\" alt=\"\" class=\"wp-image-3195\" \/><\/figure>\n<\/div>\n\n\n<div class=\"wp-block-uagb-advanced-heading uagb-block-1580fbf5\"><h2 class=\"uagb-heading-text\">Textes R\u00e9glementaires<\/h2><div class=\"uagb-separator-wrap\"><div class=\"uagb-separator\"><\/div><\/div><p class=\"uagb-desc-text\"><\/p><\/div>\n\n\n\n<p><strong>D\u00e9cret ex\u00e9cutif n\u00b0 03-279 du 24 Joumada Ethania 1424 correspondant au 23 ao\u00fbt 2003 fixant les missions et les r\u00e8gles particuli\u00e8res d\u2019organisation et de fonctionnement de l\u2019universit\u00e9.<\/strong><\/p>\n\n\n\n<p><strong>Article 56 :<\/strong><\/p>\n\n\n\n<p>Les chefs de d\u00e9partements adjoints sont nomm\u00e9s pour une p\u00e9riode de trois ans, parmi les enseignants permanents, par arr\u00eat\u00e9 du ministre charg\u00e9 de l\u2019enseignement sup\u00e9rieur sur proposition du doyen et apr\u00e8s avis du recteur.<\/p>\n","protected":false},"excerpt":{"rendered":"<p>Textes R\u00e9glementaires D\u00e9cret ex\u00e9cutif n\u00b0 03-279 du 24 Joumada Ethania 1424 correspondant au 23 ao\u00fbt 2003 fixant les missions et les r\u00e8gles particuli\u00e8res d\u2019organisation et de fonctionnement de l\u2019universit\u00e9. Article &hellip;<\/p>\n","protected":false},"author":23,"featured_media":0,"parent":0,"menu_order":0,"comment_status":"closed","ping_status":"closed","template":"","meta":{"_coblocks_attr":"","_coblocks_dimensions":"","_coblocks_responsive_height":"","_coblocks_accordion_ie_support":"","footnotes":""},"class_list":["post-2742","page","type-page","status-publish","hentry"],"_links":{"self":[{"href":"https:\/\/www.univ-mosta.dz\/medecine\/wp-json\/wp\/v2\/pages\/2742","targetHints":{"allow":["GET"]}}],"collection":[{"href":"https:\/\/www.univ-mosta.dz\/medecine\/wp-json\/wp\/v2\/pages"}],"about":[{"href":"https:\/\/www.univ-mosta.dz\/medecine\/wp-json\/wp\/v2\/types\/page"}],"author":[{"embeddable":true,"href":"https:\/\/www.univ-mosta.dz\/medecine\/wp-json\/wp\/v2\/users\/23"}],"replies":[{"embeddable":true,"href":"https:\/\/www.univ-mosta.dz\/medecine\/wp-json\/wp\/v2\/comments?post=2742"}],"version-history":[{"count":8,"href":"https:\/\/www.univ-mosta.dz\/medecine\/wp-json\/wp\/v2\/pages\/2742\/revisions"}],"predecessor-version":[{"id":4051,"href":"https:\/\/www.univ-mosta.dz\/medecine\/wp-json\/wp\/v2\/pages\/2742\/revisions\/4051"}],"wp:attachment":[{"href":"https:\/\/www.univ-mosta.dz\/medecine\/wp-json\/wp\/v2\/media?parent=2742"}],"curies":[{"name":"wp","href":"https:\/\/api.w.org\/{rel}","templated":true}]}}