{"id":2556,"date":"2026-02-24T14:25:01","date_gmt":"2026-02-24T13:25:01","guid":{"rendered":"https:\/\/www.univ-mosta.dz\/medecine\/?page_id=2556"},"modified":"2026-03-19T12:20:22","modified_gmt":"2026-03-19T11:20:22","slug":"vie-etudiant-medecine","status":"publish","type":"page","link":"https:\/\/www.univ-mosta.dz\/medecine\/vie-etudiant-medecine\/","title":{"rendered":"Vie Etudiant M\u00e9decine"},"content":{"rendered":"\n\n\n<div class=\"wp-block-coblocks-accordion\">\n<div class=\"wp-block-coblocks-accordion-item\"><details open><summary class=\"wp-block-coblocks-accordion-item__title has-background has-light-green-cyan-background-color has-text-color has-black-color\"><strong>CYCLE PRECLINIQUE<\/strong><\/summary><div class=\"wp-block-coblocks-accordion-item__content\" style=\"border-color:#7bdcb5\">\n<div class=\"wp-block-coblocks-accordion\">\n<div class=\"wp-block-coblocks-accordion-item\"><details><summary class=\"wp-block-coblocks-accordion-item__title has-background has-pale-cyan-blue-background-color\">1 ere ann\u00e9e<\/summary><div class=\"wp-block-coblocks-accordion-item__content\" style=\"border-color:#8ed1fc\">\n<p>&nbsp;<\/p>\n<h2><span style=\"color: #3366ff\">PROGRAMME<\/span><\/h2>\n\n\n<a href=\"https:\/\/www.univ-mosta.dz\/medecine\/wp-content\/uploads\/sites\/4\/2026\/02\/NOUVEAU-PROGRAMME-1ERE-ANNEE-MEDECINE.pdf\" class=\"pdfemb-viewer\" style=\"width:1200px;height:600px;\" data-width=\"1200\" data-height=\"600\" data-toolbar=\"both\" data-toolbar-fixed=\"on\">NOUVEAU-PROGRAMME-1ERE-ANNEE-MEDECINE<\/a><\/div><\/details><\/div>\n\n\n\n<div class=\"wp-block-coblocks-accordion-item\"><details><summary class=\"wp-block-coblocks-accordion-item__title has-background has-pale-cyan-blue-background-color\">2 eme ann\u00e9e<\/summary><div class=\"wp-block-coblocks-accordion-item__content\" style=\"border-color:#8ed1fc\">\n<h2><span style=\"color: #3366ff\">PROGRAMME<\/span><\/h2>\n\n\n<a href=\"https:\/\/www.univ-mosta.dz\/medecine\/wp-content\/uploads\/sites\/4\/2026\/02\/Programme-2eme-annee-Medecine-2019-1.pdf\" class=\"pdfemb-viewer\" style=\"width:1200px;height:600px;\" data-width=\"1200\" data-height=\"600\" data-toolbar=\"both\" data-toolbar-fixed=\"on\">Programme-2eme-annee-Medecine-2019-1<\/a><\/div><\/details><\/div>\n\n\n\n<div class=\"wp-block-coblocks-accordion-item\"><details><summary class=\"wp-block-coblocks-accordion-item__title has-background has-pale-cyan-blue-background-color\">3 eme ann\u00e9e<\/summary><div class=\"wp-block-coblocks-accordion-item__content\" style=\"border-color:#8ed1fc\">\n<h2><span style=\"color: #3366ff\">PROGRAMME<\/span><\/h2>\n\n\n<a href=\"https:\/\/www.univ-mosta.dz\/medecine\/wp-content\/uploads\/sites\/4\/2026\/02\/Nouveau-Programme-3eme-annee-Medecine-2020.pdf\" class=\"pdfemb-viewer\" style=\"height:600px;\" data-width=\"max\" data-height=\"600\" data-toolbar=\"both\" data-toolbar-fixed=\"on\">Nouveau-Programme-3eme-annee-Medecine-2020<\/a><\/div><\/details><\/div>\n<\/div>\n<\/div><\/details><\/div>\n\n\n\n<div class=\"wp-block-coblocks-accordion-item\"><details open><summary class=\"wp-block-coblocks-accordion-item__title has-background has-light-green-cyan-background-color has-text-color has-black-color\"><strong>CYCLE CLINIQUE<\/strong><\/summary><div class=\"wp-block-coblocks-accordion-item__content\" style=\"border-color:#7bdcb5\">\n<div class=\"wp-block-coblocks-accordion\">\n<div class=\"wp-block-coblocks-accordion-item\"><details><summary class=\"wp-block-coblocks-accordion-item__title has-background has-pale-cyan-blue-background-color\">4 eme ann\u00e9e<\/summary><div class=\"wp-block-coblocks-accordion-item__content\" style=\"border-color:#8ed1fc\">\n<h2><span style=\"color: #3366ff\">PROGRAMME<\/span><\/h2>\n\n\n<a href=\"https:\/\/www.univ-mosta.dz\/medecine\/wp-content\/uploads\/sites\/4\/2026\/02\/Nouveau-programme-4-annee-medecine.pdf\" class=\"pdfemb-viewer\" style=\"height:600px;\" data-width=\"max\" data-height=\"600\" data-toolbar=\"both\" data-toolbar-fixed=\"on\">Nouveau-programme-4-annee-medecine<\/a><\/div><\/details><\/div>\n\n\n\n<div class=\"wp-block-coblocks-accordion-item\"><details><summary class=\"wp-block-coblocks-accordion-item__title has-background has-pale-cyan-blue-background-color\">5 eme ann\u00e9e<\/summary><div class=\"wp-block-coblocks-accordion-item__content\" style=\"border-color:#8ed1fc\">\n<h2><span style=\"color: #3366ff\">PROGRAMME<\/span><\/h2>\n\n\n<a href=\"https:\/\/www.univ-mosta.dz\/medecine\/wp-content\/uploads\/sites\/4\/2026\/02\/Programme-5eme-annee-Arrete-ministeriel-N\u00b0-731-06-2022.pdf\" class=\"pdfemb-viewer\" style=\"height:600px;\" data-width=\"max\" data-height=\"600\" data-toolbar=\"both\" data-toolbar-fixed=\"on\">Programme-5eme-annee-Arrete-ministeriel-N\u00b0-731-06-2022<\/a><\/div><\/details><\/div>\n\n\n\n<div class=\"wp-block-coblocks-accordion-item\"><details><summary class=\"wp-block-coblocks-accordion-item__title has-background has-pale-cyan-blue-background-color\">6 eme ann\u00e9e<\/summary><div class=\"wp-block-coblocks-accordion-item__content\" style=\"border-color:#8ed1fc\">\n<h2><span style=\"color: #3366ff\">PROGRAMME<\/span><\/h2>\n\n\n<a href=\"https:\/\/www.univ-mosta.dz\/medecine\/wp-content\/uploads\/sites\/4\/2026\/02\/Nouveau-Programme-6eme-Annee-Medecine.pdf\" class=\"pdfemb-viewer\" style=\"height:600px;\" data-width=\"max\" data-height=\"600\" data-toolbar=\"both\" data-toolbar-fixed=\"on\">Nouveau-Programme-6eme-Annee-Medecine<\/a><\/div><\/details><\/div>\n<\/div>\n<\/div><\/details><\/div>\n<\/div>\n\n\n<div class=\"wp-block-coblocks-shape-divider is-style-wavy has-cyan-bluish-gray-color mt-0 mb-0\" style=\"\" aria-hidden=\"true\">\n\t\t\t<div class=\"wp-block-coblocks-shape-divider__svg-wrapper\" style=\"height:10px;\">\n\t\t\t\t<svg class=\"divider--wavy\" viewBox=\"0 0 100 10\" xmlns=\"http:\/\/www.w3.org\/2000\/svg\" preserveAspectRatio=\"none\"><path d=\"m42.19.65c2.26-.25 5.15.04 7.55.53 2.36.49 7.09 2.35 10.05 3.57 7.58 3.22 13.37 4.45 19.26 4.97 2.36.21 4.87.35 10.34-.25s10.62-2.56 10.62-2.56v-6.91h-100.01v3.03s7.2 3.26 15.84 3.05c3.92-.07 9.28-.67 13.4-2.24 2.12-.81 5.22-1.82 7.97-2.42 2.72-.63 3.95-.67 4.98-.77z\" fillRule=\"evenodd\" transform=\"matrix(1 0 0 -1 0 10)\" \/><\/svg>\n\t\t\t<\/div>\n\t\t\t<div class=\"wp-block-coblocks-shape-divider__alt-wrapper\" style=\"height:20px;\"><\/div>\n\t\t<\/div>","protected":false},"excerpt":{"rendered":"<p>CYCLE PRECLINIQUE 1 ere ann\u00e9e &nbsp; PROGRAMME NOUVEAU-PROGRAMME-1ERE-ANNEE-MEDECINE 2 eme ann\u00e9e PROGRAMME Programme-2eme-annee-Medecine-2019-1 3 eme ann\u00e9e PROGRAMME Nouveau-Programme-3eme-annee-Medecine-2020 CYCLE CLINIQUE 4 eme ann\u00e9e PROGRAMME Nouveau-programme-4-annee-medecine 5 eme ann\u00e9e PROGRAMME Programme-5eme-annee-Arrete-ministeriel-N\u00b0-731-06-2022 &hellip;<\/p>\n","protected":false},"author":23,"featured_media":0,"parent":0,"menu_order":0,"comment_status":"closed","ping_status":"closed","template":"","meta":{"_coblocks_attr":"","_coblocks_dimensions":"","_coblocks_responsive_height":"","_coblocks_accordion_ie_support":"","footnotes":""},"class_list":["post-2556","page","type-page","status-publish","hentry"],"_links":{"self":[{"href":"https:\/\/www.univ-mosta.dz\/medecine\/wp-json\/wp\/v2\/pages\/2556","targetHints":{"allow":["GET"]}}],"collection":[{"href":"https:\/\/www.univ-mosta.dz\/medecine\/wp-json\/wp\/v2\/pages"}],"about":[{"href":"https:\/\/www.univ-mosta.dz\/medecine\/wp-json\/wp\/v2\/types\/page"}],"author":[{"embeddable":true,"href":"https:\/\/www.univ-mosta.dz\/medecine\/wp-json\/wp\/v2\/users\/23"}],"replies":[{"embeddable":true,"href":"https:\/\/www.univ-mosta.dz\/medecine\/wp-json\/wp\/v2\/comments?post=2556"}],"version-history":[{"count":20,"href":"https:\/\/www.univ-mosta.dz\/medecine\/wp-json\/wp\/v2\/pages\/2556\/revisions"}],"predecessor-version":[{"id":2736,"href":"https:\/\/www.univ-mosta.dz\/medecine\/wp-json\/wp\/v2\/pages\/2556\/revisions\/2736"}],"wp:attachment":[{"href":"https:\/\/www.univ-mosta.dz\/medecine\/wp-json\/wp\/v2\/media?parent=2556"}],"curies":[{"name":"wp","href":"https:\/\/api.w.org\/{rel}","templated":true}]}}