{"id":2111,"date":"2023-11-29T09:58:23","date_gmt":"2023-11-29T08:58:23","guid":{"rendered":"https:\/\/www.univ-mosta.dz\/medecine\/?page_id=2111"},"modified":"2026-03-23T11:44:02","modified_gmt":"2026-03-23T10:44:02","slug":"chef-de-departement-de-pharmacie","status":"publish","type":"page","link":"https:\/\/www.univ-mosta.dz\/medecine\/chef-de-departement-de-pharmacie\/","title":{"rendered":"Chef de D\u00e9partement de Pharmacie"},"content":{"rendered":"\n<h3><em><strong>Mot Chef de d\u00e9partement de pharmacie<\/strong><\/em><\/h3>\n<p>C\u2019est avec un grand sens de responsabilit\u00e9 que j\u2019assume aujourd\u2019hui la direction de ce nouveau\u00a0d\u00e9partement de pharmacie. Cette mission s\u2019inscrit dans la continuit\u00e9 des efforts collectifs qui ont permis d\u2019en construire les bases et d\u2019en affirmer la place au sein de notre facult\u00e9.<\/p>\n<p>Dans l\u2019imm\u00e9diat, notre priorit\u00e9 sera de consolider l\u2019assise du d\u00e9partement, en valorisant les acquis et en veillant \u00e0 la qualit\u00e9 et \u00e0 la coh\u00e9rence de notre organisation p\u00e9dagogique. Une base solide constitue en effet le fondement indispensable pour envisager sereinement les \u00e9volutions futures.<\/p>\n<p>Parall\u00e8lement, nous \u0153uvrerons \u00e0 diversifier les activit\u00e9s p\u00e9dagogiques, afin d\u2019enrichir la formation offerte \u00e0 nos \u00e9tudiants et de l\u2019adapter aux exigences scientifiques et professionnelles contemporaines.<\/p>\n<p>\u00a0L\u2019encouragement des initiatives acad\u00e9miques, l\u2019ouverture vers la recherche et le d\u00e9veloppement d\u2019approches p\u00e9dagogiques innovantes feront partie int\u00e9grante de cette dynamique.<\/p>\n<p>Cette ambition ne pourra se concr\u00e9tiser que gr\u00e2ce \u00e0 l\u2019engagement et \u00e0 la collaboration de l\u2019ensemble des membres du d\u00e9partement, au service d\u2019une formation toujours plus exigeante et tourn\u00e9e vers l\u2019avenir.<\/p>\n","protected":false},"excerpt":{"rendered":"<p>Mot Chef de d\u00e9partement de pharmacie C\u2019est avec un grand sens de responsabilit\u00e9 que j\u2019assume aujourd\u2019hui la direction de ce nouveau\u00a0d\u00e9partement de pharmacie. Cette mission s\u2019inscrit dans la continuit\u00e9 des &hellip;<\/p>\n","protected":false},"author":23,"featured_media":0,"parent":0,"menu_order":0,"comment_status":"closed","ping_status":"closed","template":"","meta":{"_coblocks_attr":"","_coblocks_dimensions":"","_coblocks_responsive_height":"","_coblocks_accordion_ie_support":"","footnotes":""},"class_list":["post-2111","page","type-page","status-publish","hentry"],"_links":{"self":[{"href":"https:\/\/www.univ-mosta.dz\/medecine\/wp-json\/wp\/v2\/pages\/2111","targetHints":{"allow":["GET"]}}],"collection":[{"href":"https:\/\/www.univ-mosta.dz\/medecine\/wp-json\/wp\/v2\/pages"}],"about":[{"href":"https:\/\/www.univ-mosta.dz\/medecine\/wp-json\/wp\/v2\/types\/page"}],"author":[{"embeddable":true,"href":"https:\/\/www.univ-mosta.dz\/medecine\/wp-json\/wp\/v2\/users\/23"}],"replies":[{"embeddable":true,"href":"https:\/\/www.univ-mosta.dz\/medecine\/wp-json\/wp\/v2\/comments?post=2111"}],"version-history":[{"count":3,"href":"https:\/\/www.univ-mosta.dz\/medecine\/wp-json\/wp\/v2\/pages\/2111\/revisions"}],"predecessor-version":[{"id":4050,"href":"https:\/\/www.univ-mosta.dz\/medecine\/wp-json\/wp\/v2\/pages\/2111\/revisions\/4050"}],"wp:attachment":[{"href":"https:\/\/www.univ-mosta.dz\/medecine\/wp-json\/wp\/v2\/media?parent=2111"}],"curies":[{"name":"wp","href":"https:\/\/api.w.org\/{rel}","templated":true}]}}