{"id":1918,"date":"2023-05-15T09:53:57","date_gmt":"2023-05-15T07:53:57","guid":{"rendered":"https:\/\/www.univ-mosta.dz\/medecine\/?page_id=1918"},"modified":"2026-04-06T11:42:32","modified_gmt":"2026-04-06T09:42:32","slug":"bibliotheque","status":"publish","type":"page","link":"https:\/\/www.univ-mosta.dz\/medecine\/bibliotheque\/","title":{"rendered":"Biblioth\u00e8que"},"content":{"rendered":"\n<figure class=\"wp-block-image size-full is-style-default\"><img loading=\"lazy\" decoding=\"async\" width=\"8160\" height=\"4592\" src=\"http:\/\/www.univ-mosta.dz\/medecine\/wp-content\/uploads\/sites\/4\/2026\/04\/20260406_103139.jpg\" alt=\"\" class=\"wp-image-4579\" \/><\/figure>\n\n\n\n<div class=\"wp-block-coblocks-accordion\" style=\"font-size:14px\">\n<div class=\"wp-block-coblocks-accordion-item\" style=\"font-size:18px\"><details><summary class=\"wp-block-coblocks-accordion-item__title has-background has-vivid-cyan-blue-background-color\"><strong>R\u00e8glement int\u00e9rieur de la biblioth\u00e8que<\/strong><\/summary><div class=\"wp-block-coblocks-accordion-item__content\" style=\"border-color:#0693e3\">\n<p data-start=\"95\" data-end=\"462\">La biblioth\u00e8que est un espace d\u00e9di\u00e9 \u00e0 la recherche scientifique et \u00e0 la lecture. Il est donc imp\u00e9ratif de respecter un ensemble de r\u00e8gles afin d\u2019assurer le bon d\u00e9roulement des missions \u00e9tablies, qui visent principalement \u00e0 servir l\u2019\u00e9tudiant et \u00e0 fournir des ressources p\u00e9dagogiques de mani\u00e8re plus efficace. \u00c0 cet effet, les r\u00e8gles suivantes doivent \u00eatre respect\u00e9es :<\/p>\n<h3 data-section-id=\"13fkl79\" data-start=\"464\" data-end=\"486\"><span style=\"text-decoration: underline\"><span style=\"color: #0000ff\"><em><span role=\"text\"><strong data-start=\"468\" data-end=\"486\">Pr\u00eat externe :<\/strong><\/span><\/em><\/span><\/span><\/h3>\n<ul data-start=\"487\" data-end=\"1896\">\n<li data-section-id=\"4svgz3\" data-start=\"487\" data-end=\"683\">Tout \u00e9tudiant inscrit \u00e0 la biblioth\u00e8que de la Facult\u00e9 de M\u00e9decine peut emprunter deux (02) livres pour une dur\u00e9e d\u2019une semaine, renouvelable (15 jours) si plusieurs exemplaires sont disponibles.<\/li>\n<li data-section-id=\"1heiyxh\" data-start=\"684\" data-end=\"777\">Les enseignants peuvent emprunter trois livres pour une dur\u00e9e de 21 jours non renouvelable.<\/li>\n<li data-section-id=\"1tms77t\" data-start=\"778\" data-end=\"899\">Les \u00e9tudiants en post-graduation (DEMS) peuvent emprunter deux (02) livres pour une dur\u00e9e de 21 jours non renouvelable.<\/li>\n<li data-section-id=\"9fwzlw\" data-start=\"900\" data-end=\"1376\">Les \u00e9tudiants non inscrits, venant d\u2019autres universit\u00e9s, ainsi que les m\u00e9decins et les candidats aux examens de sp\u00e9cialit\u00e9, ont uniquement acc\u00e8s \u00e0 la consultation sur place, apr\u00e8s constitution d\u2019un dossier pour obtenir une carte temporaire :\n<ul data-start=\"1146\" data-end=\"1376\">\n<li data-section-id=\"1cu9cmm\" data-start=\"1146\" data-end=\"1186\">Remplir le formulaire d\u2019informations<\/li>\n<li data-section-id=\"6q630y\" data-start=\"1189\" data-end=\"1233\">Certificat de scolarit\u00e9 (ann\u00e9e en cours)<\/li>\n<li data-section-id=\"8q4fhx\" data-start=\"1236\" data-end=\"1276\">Copie du dipl\u00f4me (pour les dipl\u00f4m\u00e9s)<\/li>\n<li data-section-id=\"wtgiow\" data-start=\"1279\" data-end=\"1305\">Deux photos d\u2019identit\u00e9<\/li>\n<li data-section-id=\"153wqq4\" data-start=\"1308\" data-end=\"1376\">Copie de la carte d\u2019identit\u00e9 + demande \u00e9crite pr\u00e9cisant la dur\u00e9e<\/li>\n<\/ul>\n<\/li>\n<\/ul>\n<p>&#8211; Tout retard dans la restitution entra\u00eene : 1<sup>\u00e8re<\/sup> retard : avertissement oral, 2<sup>\u00e8me<\/sup> retard : suspension de la carte pour une dur\u00e9e \u00e9quivalente, 3<sup>\u00e8me<\/sup> retards : exclusion d\u00e9finitive<\/p>\n<p>&#8211; En cas de perte ou d\u00e9t\u00e9rioration d\u2019un livre : Remplacement du m\u00eame titre. Sinon, remplacement par trois titres \u00e9quivalents<\/p>\n<p>&#8211; L\u2019acc\u00e8s au magasin des livres est strictement interdit aux \u00e9tudiants.<\/p>\n<p>&#8211; Un registre de suggestions est mis \u00e0 disposition ainsi qu\u2019un email pour proposer des id\u00e9es et enrichir la biblioth\u00e8que.<\/p>\n<p data-start=\"114\" data-end=\"207\">Afin de faciliter la recherche, la biblioth\u00e8que met \u00e0 disposition trois outils de recherche :<\/p>\n<ul data-start=\"209\" data-end=\"443\">\n<li data-section-id=\"1jnfecb\" data-start=\"209\" data-end=\"286\">Recherche via la salle de lecture et la politique des rayonnages ouverts.<\/li>\n<li data-section-id=\"153sgpw\" data-start=\"287\" data-end=\"365\">Recherche dans le catalogue de la biblioth\u00e8que \u00e0 distance via le site web.<\/li>\n<li data-section-id=\"1o2zab7\" data-start=\"366\" data-end=\"443\">Recherche dans la base de donn\u00e9es avec l\u2019aide du biblioth\u00e9caire (FINDER).<\/li>\n<\/ul>\n<p data-start=\"445\" data-end=\"631\">&#8211; Afin de faciliter l\u2019organisation des ouvrages, la biblioth\u00e8que de la Facult\u00e9 de M\u00e9decine adopte la classification d\u00e9cimale de Dewey (DDC), chaque document portant un code sp\u00e9cifique.<\/p>\n<p data-start=\"445\" data-end=\"631\">&#8211; Le biblioth\u00e9caire oriente les usagers et r\u00e9pond \u00e0 leurs questions.<\/p>\n<h3 data-section-id=\"kdh7nk\" data-start=\"705\" data-end=\"739\"><span style=\"text-decoration: underline\"><span style=\"color: #0000ff\"><span role=\"text\"><strong data-start=\"709\" data-end=\"739\">Service des inscriptions :<\/strong><\/span><\/span><\/span><\/h3>\n<p data-start=\"741\" data-end=\"838\">&#8211; La carte de biblioth\u00e8que est personnelle, non transf\u00e9rable, et doit \u00eatre conserv\u00e9e avec soin.<\/p>\n<p data-start=\"840\" data-end=\"947\">&#8211; En cas de perte, l\u2019\u00e9tudiant doit remplir une d\u00e9claration sur l\u2019honneur pour obtenir une nouvelle carte.<\/p>\n<p data-start=\"949\" data-end=\"1065\">&#8211; Les inscriptions sont ouvertes tout au long de l\u2019ann\u00e9e universitaire, et la carte est d\u00e9livr\u00e9e apr\u00e8s deux jours.<\/p>\n<p data-start=\"1067\" data-end=\"1165\">&#8211; La carte doit \u00eatre renouvel\u00e9e chaque ann\u00e9e avec une copie du certificat de scolarit\u00e9 en cours.<\/p>\n<p data-start=\"1167\" data-end=\"1404\">&#8211; Les \u00e9tudiants souhaitant se transf\u00e9rer vers un autre \u00e9tablissement ou dans le cadre de l\u2019obtention de leur dipl\u00f4me doivent se pr\u00e9senter \u00e0 la biblioth\u00e8que pour obtenir une attestation de non-redevance temporaire et restituer la carte.<\/p>\n<p data-start=\"1406\" data-end=\"1520\">&#8211; Une seule copie de cette attestation est d\u00e9livr\u00e9e ; en cas de perte, une d\u00e9claration sur l\u2019honneur est exig\u00e9e.<\/p>\n<p data-start=\"1522\" data-end=\"1617\">&#8211; Les \u00e9tudiants sont enregistr\u00e9s dans une base de donn\u00e9es num\u00e9rique mise \u00e0 jour chaque ann\u00e9e.<\/p>\n<h3 data-section-id=\"1ixon7d\" data-start=\"1619\" data-end=\"1653\"><span style=\"text-decoration: underline\"><span style=\"color: #0000ff\" role=\"text\"><strong data-start=\"1623\" data-end=\"1653\">Salle de lecture interne :<\/strong><\/span><\/span><\/h3>\n<p data-start=\"1655\" data-end=\"1759\">&#8211; La pr\u00e9sentation de la carte d\u2019\u00e9tudiant ou de la carte de biblioth\u00e8que est obligatoire avant l\u2019acc\u00e8s.<\/p>\n<p data-start=\"1761\" data-end=\"1844\">&#8211; Il est interdit de sortir tout ouvrage sans l\u2019autorisation des biblioth\u00e9caires.<\/p>\n<p data-start=\"1846\" data-end=\"1992\">&#8211; Apr\u00e8s consultation, les livres doivent \u00eatre laiss\u00e9s sur la table afin d\u2019\u00e9viter un mauvais rangement et faciliter leur organisation ult\u00e9rieure.<\/p>\n<p data-start=\"1994\" data-end=\"2064\">&#8211; Il est interdit de d\u00e9placer ou d\u2019endommager les chaises et tables.<\/p>\n<p data-start=\"2066\" data-end=\"2163\">&#8211; Les rassemblements et les discussions \u00e0 voix haute sont interdits afin de pr\u00e9server le calme.<\/p>\n<p data-start=\"2165\" data-end=\"2230\">&#8211; Il est interdit de manger, boire ou t\u00e9l\u00e9phoner dans la salle.<\/p>\n<p data-start=\"2232\" data-end=\"2366\">&#8211; Exceptionnellement, les dictionnaires et atlas peuvent \u00eatre pr\u00eat\u00e9s pour une dur\u00e9e d\u2019une semaine afin d\u2019en maximiser l\u2019utilisation.<\/p>\n<p data-start=\"2368\" data-end=\"2460\">&#8211; Il est imp\u00e9ratif de pr\u00e9server les ouvrages et de ne pas \u00e9crire dessus ni les d\u00e9t\u00e9riorer.<\/p>\n<p data-start=\"2462\" data-end=\"2536\">&#8211; Tout comportement inappropri\u00e9 au sein de la biblioth\u00e8que est interdit.<\/p>\n<p data-start=\"2538\" data-end=\"2661\">&#8211; L\u2019agent de s\u00e9curit\u00e9 assure la surveillance r\u00e9guli\u00e8re des salles et accompagne les \u00e9tudiants \u00e9trangers en les orientant.<\/p>\n<p data-start=\"2663\" data-end=\"2947\">&#8211; Un inventaire annuel complet est effectu\u00e9 \u00e0 la fin de chaque ann\u00e9e apr\u00e8s les examens, avec r\u00e9cup\u00e9ration des ouvrages pr\u00eat\u00e9s. La consultation interne reste autoris\u00e9e jusqu\u2019\u00e0 l\u2019annonce officielle de la fin de l\u2019ann\u00e9e universitaire, sous la supervision d\u2019une commission compos\u00e9e de :<\/p>\n<p data-start=\"2949\" data-end=\"3087\">Responsable de la biblioth\u00e8que, superviseurs des salles et chef du service d\u2019inventaire pour recenser les ouvrages d\u00e9t\u00e9rior\u00e9s et perdus.<\/p>\n<h3 data-section-id=\"1utdi0c\" data-start=\"3089\" data-end=\"3108\">&nbsp;<\/h3>\n<p data-start=\"3110\" data-end=\"3244\"><strong>Toute infraction \u00e0 ces r\u00e8gles entra\u00eene l\u2019exclusion d\u00e9finitive de la biblioth\u00e8que et l\u2019application de mesures administratives strictes.<\/strong><\/p>\n<\/div><\/details><\/div>\n\n\n\n<div class=\"wp-block-coblocks-accordion-item\" style=\"font-size:18px\"><details><summary class=\"wp-block-coblocks-accordion-item__title has-background has-vivid-cyan-blue-background-color\"><strong>\u00c9quipe de la Biblioth\u00e8que<\/strong><\/summary><div class=\"wp-block-coblocks-accordion-item__content\" style=\"border-color:#0693e3\">\n<p><\/p>\n\n\n\n<div class=\"wp-block-group is-layout-grid wp-container-core-group-is-layout-6be84c55 wp-block-group-is-layout-grid\">\n<div class=\"box\">\n  <article class=\"media\">\n    <div class=\"media-left\">\n      <figure class=\"image is-64x64\">\n        <img loading=\"lazy\" decoding=\"async\" src=\"https:\/\/www.univ-mosta.dz\/medecine\/wp-content\/uploads\/sites\/4\/2022\/02\/avatar_femme.png\" alt=\"Image\" width=\"90\" height=\"90\">\n      <\/figure>\n    <\/div>\n    <div class=\"media-content\">\n      <div class=\"content\">\n        <p>\n          <strong>Mme GOUMIRI Insaf<\/strong>\n          <br>Responsable de la biblioth\u00e8que<br>insaf.goumiri@univ-mosta.dz\n        <\/p>\n      <\/div>      \n    <\/div>\n  <\/article>  \n<\/div>\n\n\n\n<div class=\"box\">\n  <article class=\"media\">\n    <div class=\"media-left\">\n      <figure class=\"image is-64x64\">\n        <img loading=\"lazy\" decoding=\"async\" src=\"https:\/\/www.univ-mosta.dz\/medecine\/wp-content\/uploads\/sites\/4\/2022\/02\/avatar_homme.png\" alt=\"Image\" width=\"90\" height=\"90\">\n      <\/figure>\n    <\/div>\n    <div class=\"media-content\">\n      <div class=\"content\">\n        <p>\n          <strong>Mr BOUTBAL Ali<\/strong>\n          <br>Chef  de service de l\u2019orientation et de la recherche bibliographique<br>ali.boutbal@univ-mosta.dz\n        <\/p>\n      <\/div>      \n    <\/div>\n  <\/article>  \n<\/div>\n\n\n\n<div class=\"box\">\n  <article class=\"media\">\n    <div class=\"media-left\">\n      <figure class=\"image is-64x64\">\n        <img loading=\"lazy\" decoding=\"async\" src=\"https:\/\/www.univ-mosta.dz\/medecine\/wp-content\/uploads\/sites\/4\/2022\/02\/avatar_homme.png\" alt=\"Image\" width=\"90\" height=\"90\">\n      <\/figure>\n    <\/div>\n    <div class=\"media-content\">\n      <div class=\"content\">\n        <p>\n          <strong>Mr KEBAILI Abdelkader<\/strong>\n          <br>Chef de service de la Gestion du fonds documentaire<br>\n        <\/p>\n      <\/div>      \n    <\/div>\n  <\/article>  \n<\/div>\n\n\n\n<div class=\"box\">\n  <article class=\"media\">\n    <div class=\"media-left\">\n      <figure class=\"image is-64x64\">\n        <img loading=\"lazy\" decoding=\"async\" src=\"https:\/\/www.univ-mosta.dz\/medecine\/wp-content\/uploads\/sites\/4\/2022\/02\/avatar_homme.png\" alt=\"Image\" width=\"90\" height=\"90\">\n      <\/figure>\n    <\/div>\n    <div class=\"media-content\">\n      <div class=\"content\">\n        <p>\n          <strong>Mr BENFIHA Mohamed<\/strong>\n          <br>Attach\u00e9 de biblioth\u00e8ques universitaires de niveau 1<br>\n        <\/p>\n      <\/div>      \n    <\/div>\n  <\/article>  \n<\/div>\n\n\n\n<div class=\"box\">\n  <article class=\"media\">\n    <div class=\"media-left\">\n      <figure class=\"image is-64x64\">\n        <img loading=\"lazy\" decoding=\"async\" src=\"https:\/\/www.univ-mosta.dz\/medecine\/wp-content\/uploads\/sites\/4\/2022\/02\/avatar_femme.png\" alt=\"Image\" width=\"90\" height=\"90\">\n      <\/figure>\n    <\/div>\n    <div class=\"media-content\">\n      <div class=\"content\">\n        <p>\n          <strong>Mme MEKKAOUI Rafika<\/strong>\n          <br>Attach\u00e9 de biblioth\u00e8ques universitaires de niveau 1<br>\n        <\/p>\n      <\/div>      \n    <\/div>\n  <\/article>  \n<\/div>\n\n\n\n<div class=\"box\">\n  <article class=\"media\">\n    <div class=\"media-left\">\n      <figure class=\"image is-64x64\">\n        <img loading=\"lazy\" decoding=\"async\" src=\"https:\/\/www.univ-mosta.dz\/medecine\/wp-content\/uploads\/sites\/4\/2022\/02\/avatar_homme.png\" alt=\"Image\" width=\"90\" height=\"90\">\n      <\/figure>\n    <\/div>\n    <div class=\"media-content\">\n      <div class=\"content\">\n        <p>\n          <strong>Mr SEDIK Zenaini<\/strong>\n          <br>Attach\u00e9 de biblioth\u00e8ques universitaires de niveau 1<br>\n        <\/p>\n      <\/div>      \n    <\/div>\n  <\/article>  \n<\/div>\n\n\n\n<div class=\"box\">\n  <article class=\"media\">\n    <div class=\"media-left\">\n      <figure class=\"image is-64x64\">\n        <img loading=\"lazy\" decoding=\"async\" src=\"https:\/\/www.univ-mosta.dz\/medecine\/wp-content\/uploads\/sites\/4\/2022\/02\/avatar_femme.png\" alt=\"Image\" width=\"90\" height=\"90\">\n      <\/figure>\n    <\/div>\n    <div class=\"media-content\">\n      <div class=\"content\">\n        <p>\n          <strong>Mme FEROULE Fatma<\/strong>\n          <br>Attach\u00e9 de biblioth\u00e8ques universitaires de niveau 1<br>\n        <\/p>\n      <\/div>      \n    <\/div>\n  <\/article>  \n<\/div>\n\n\n\n<div class=\"box\">\n  <article class=\"media\">\n    <div class=\"media-left\">\n      <figure class=\"image is-64x64\">\n        <img loading=\"lazy\" decoding=\"async\" src=\"https:\/\/www.univ-mosta.dz\/medecine\/wp-content\/uploads\/sites\/4\/2022\/02\/avatar_homme.png\" alt=\"Image\" width=\"90\" height=\"90\">\n      <\/figure>\n    <\/div>\n    <div class=\"media-content\">\n      <div class=\"content\">\n        <p>\n          <strong>Mr BELDJILALI Abdelkader<\/strong>\n          <br>Assistant de biblioth\u00e8ques universitaires<br>\n        <\/p>\n      <\/div>      \n    <\/div>\n  <\/article>  \n<\/div>\n\n\n\n<div class=\"box\">\n  <article class=\"media\">\n    <div class=\"media-left\">\n      <figure class=\"image is-64x64\">\n        <img loading=\"lazy\" decoding=\"async\" src=\"https:\/\/www.univ-mosta.dz\/medecine\/wp-content\/uploads\/sites\/4\/2022\/02\/avatar_homme.png\" alt=\"Image\" width=\"90\" height=\"90\">\n      <\/figure>\n    <\/div>\n    <div class=\"media-content\">\n      <div class=\"content\">\n        <p>\n          <strong>Mr BOUBEKEUR Mourad<\/strong>\n          <br>Agent technique de biblioth\u00e8ques universitaires<br>\n        <\/p>\n      <\/div>      \n    <\/div>\n  <\/article>  \n<\/div>\n\n\n\n<div class=\"box\">\n  <article class=\"media\">\n    <div class=\"media-left\">\n      <figure class=\"image is-64x64\">\n        <img loading=\"lazy\" decoding=\"async\" src=\"https:\/\/www.univ-mosta.dz\/medecine\/wp-content\/uploads\/sites\/4\/2022\/02\/avatar_femme.png\" alt=\"Image\" width=\"90\" height=\"90\">\n      <\/figure>\n    <\/div>\n    <div class=\"media-content\">\n      <div class=\"content\">\n        <p>\n          <strong>Mme GOUAICH Aicha<\/strong>\n          <br>Agent technique de biblioth\u00e8ques universitaires<br>\n        <\/p>\n      <\/div>      \n    <\/div>\n  <\/article>  \n<\/div>\n<\/div>\n\n\n<\/div><\/details><\/div>\n\n\n\n<div class=\"wp-block-coblocks-accordion-item\" style=\"font-size:18px\"><details open><summary class=\"wp-block-coblocks-accordion-item__title has-background has-vivid-cyan-blue-background-color\"><strong>Horaires d\u2019ouvertures<\/strong><\/summary><div class=\"wp-block-coblocks-accordion-item__content\" style=\"border-color:#0693e3\">\n<p>Du Dimanche au Jeudi&nbsp;:<strong><\/strong><\/p>\n\n\n\n<p><strong>&nbsp;&nbsp;&nbsp; 08H00 &#8211; 16H00 <\/strong><strong>(Les salles de lecture&nbsp;: 08H00 &#8211; 22H00)<\/strong><br><strong>&nbsp;&nbsp;&nbsp; Samedi<\/strong> :<\/p>\n\n\n\n<p><strong>&nbsp; &nbsp;&nbsp;09H00 &#8211; 20H00.<\/strong><\/p>\n<p>&nbsp;<\/p>\n<\/div><\/details><\/div>\n<\/div>\n","protected":false},"excerpt":{"rendered":"<p>R\u00e8glement int\u00e9rieur de la biblioth\u00e8que La biblioth\u00e8que est un espace d\u00e9di\u00e9 \u00e0 la recherche scientifique et \u00e0 la lecture. Il est donc imp\u00e9ratif de respecter un ensemble de r\u00e8gles afin &hellip;<\/p>\n","protected":false},"author":23,"featured_media":0,"parent":0,"menu_order":0,"comment_status":"closed","ping_status":"closed","template":"","meta":{"_coblocks_attr":"","_coblocks_dimensions":"","_coblocks_responsive_height":"","_coblocks_accordion_ie_support":"","footnotes":""},"class_list":["post-1918","page","type-page","status-publish","hentry"],"_links":{"self":[{"href":"https:\/\/www.univ-mosta.dz\/medecine\/wp-json\/wp\/v2\/pages\/1918","targetHints":{"allow":["GET"]}}],"collection":[{"href":"https:\/\/www.univ-mosta.dz\/medecine\/wp-json\/wp\/v2\/pages"}],"about":[{"href":"https:\/\/www.univ-mosta.dz\/medecine\/wp-json\/wp\/v2\/types\/page"}],"author":[{"embeddable":true,"href":"https:\/\/www.univ-mosta.dz\/medecine\/wp-json\/wp\/v2\/users\/23"}],"replies":[{"embeddable":true,"href":"https:\/\/www.univ-mosta.dz\/medecine\/wp-json\/wp\/v2\/comments?post=1918"}],"version-history":[{"count":75,"href":"https:\/\/www.univ-mosta.dz\/medecine\/wp-json\/wp\/v2\/pages\/1918\/revisions"}],"predecessor-version":[{"id":4582,"href":"https:\/\/www.univ-mosta.dz\/medecine\/wp-json\/wp\/v2\/pages\/1918\/revisions\/4582"}],"wp:attachment":[{"href":"https:\/\/www.univ-mosta.dz\/medecine\/wp-json\/wp\/v2\/media?parent=1918"}],"curies":[{"name":"wp","href":"https:\/\/api.w.org\/{rel}","templated":true}]}}