{"id":132,"date":"2021-11-29T09:16:19","date_gmt":"2021-11-29T08:16:19","guid":{"rendered":"https:\/\/www.univ-mosta.dz\/medecine\/?page_id=132"},"modified":"2026-03-18T09:29:27","modified_gmt":"2026-03-18T08:29:27","slug":"secretariat-general","status":"publish","type":"page","link":"https:\/\/www.univ-mosta.dz\/medecine\/secretariat-general\/","title":{"rendered":"Secr\u00e9tariat G\u00e9n\u00e9ral"},"content":{"rendered":"\n<div class=\"wp-block-columns coblocks-author-columns has-background is-layout-flex wp-container-core-columns-is-layout-61ecc280 wp-block-columns-is-layout-flex\" style=\"background-color:#8C8C971A;padding-top:2.5rem;padding-right:2.5rem;padding-bottom:2.5rem;padding-left:2.5rem\">\n<div class=\"wp-block-column is-layout-flow wp-block-column-is-layout-flow\" style=\"flex-basis:40%\"><div class=\"wp-block-image is-style-rounded\">\n<figure class=\"aligncenter size-large is-resized\"><img loading=\"lazy\" decoding=\"async\" width=\"576\" height=\"1024\" src=\"http:\/\/www.univ-mosta.dz\/medecine\/wp-content\/uploads\/sites\/4\/2025\/10\/20251019_110723_0-576x1024.jpg\" alt=\"\" class=\"wp-image-2354\" style=\"aspect-ratio:0.5625204812508777;object-fit:cover;width:160px;height:auto\" srcset=\"https:\/\/www.univ-mosta.dz\/medecine\/wp-content\/uploads\/sites\/4\/2025\/10\/20251019_110723_0-576x1024.jpg 576w, https:\/\/www.univ-mosta.dz\/medecine\/wp-content\/uploads\/sites\/4\/2025\/10\/20251019_110723_0-169x300.jpg 169w, https:\/\/www.univ-mosta.dz\/medecine\/wp-content\/uploads\/sites\/4\/2025\/10\/20251019_110723_0-768x1365.jpg 768w, https:\/\/www.univ-mosta.dz\/medecine\/wp-content\/uploads\/sites\/4\/2025\/10\/20251019_110723_0-864x1536.jpg 864w, https:\/\/www.univ-mosta.dz\/medecine\/wp-content\/uploads\/sites\/4\/2025\/10\/20251019_110723_0-1152x2048.jpg 1152w, https:\/\/www.univ-mosta.dz\/medecine\/wp-content\/uploads\/sites\/4\/2025\/10\/20251019_110723_0-scaled.jpg 1440w\" sizes=\"auto, (max-width: 576px) 100vw, 576px\" \/><\/figure>\n<\/div><\/div>\n\n\n\n<div class=\"wp-block-column is-layout-flow wp-block-column-is-layout-flow\" style=\"flex-basis:75%\">\n<div style=\"height:146px\" aria-hidden=\"true\" class=\"wp-block-spacer\"><\/div>\n\n\n\n<h3 style=\"text-align: left\"><strong data-start=\"1132\" data-end=\"1192\">Monsieur le Secr\u00e9taire G\u00e9n\u00e9ral de la Facult\u00e9 de M\u00e9decine<\/strong><\/h3>\n<h3 style=\"text-align: left\">Hachelef Noureddine<\/h3>\n<p>\u00a0<\/p>\n<\/div>\n<\/div>\n\n\n\n<h1 data-start=\"1222\" data-end=\"1291\"><span style=\"color: #0000ff\"><strong data-start=\"1222\" data-end=\"1289\">Mot de Monsieur le Secr\u00e9taire G\u00e9n\u00e9ral de la Facult\u00e9 de M\u00e9decine<\/strong><\/span><\/h1>\n<div dir=\"auto\" style=\"text-align: left\"><br \/>Au nom d&rsquo;Allah mis\u00e9ricordieux<br \/>\n<p>la paix, la mis\u00e9ricorde et les b\u00e9n\u00e9dictions,<\/p>\n<p data-start=\"1369\" data-end=\"1670\">J\u2019ai le plaisir de vous souhaiter la bienvenue sur le site web de la Facult\u00e9 de M\u00e9decine de l\u2019<span class=\"hover:entity-accent entity-underline inline cursor-pointer align-baseline\"><span class=\"whitespace-normal\">Universit\u00e9 Abdelhamid Ibn Badis de Mostaganem<\/span><\/span>, un espace \u00e0 travers lequel nous \u0153uvrons \u00e0 renforcer la communication entre la facult\u00e9 et ses diff\u00e9rents partenaires : \u00e9tudiants, enseignants, personnels et visiteurs.<\/p>\n<p data-start=\"1672\" data-end=\"2051\">Le Secr\u00e9tariat g\u00e9n\u00e9ral de la Facult\u00e9 de M\u00e9decine veille \u00e0 assurer le bon fonctionnement des diff\u00e9rents services administratifs et financiers, ainsi qu\u2019\u00e0 fournir le soutien n\u00e9cessaire \u00e0 l\u2019\u00e9quipe p\u00e9dagogique, contribuant ainsi \u00e0 l\u2019am\u00e9lioration de la performance acad\u00e9mique et administrative, et \u00e0 la r\u00e9alisation des objectifs en mati\u00e8re de formation et de recherche scientifique.<\/p>\n<p data-start=\"2053\" data-end=\"2280\">Nous \u0153uvrons \u00e9galement \u00e0 faciliter les services universitaires et \u00e0 simplifier les proc\u00e9dures administratives gr\u00e2ce \u00e0 la num\u00e9risation et \u00e0 la transparence, en ad\u00e9quation avec les orientations de modernisation de l\u2019universit\u00e9.<\/p>\n<p data-start=\"2282\" data-end=\"2432\">Nous esp\u00e9rons que ce site constituera pour vous un outil utile pour d\u00e9couvrir les activit\u00e9s de la facult\u00e9, ainsi qu\u2019une source fiable d\u2019information.<\/p>\n<p data-start=\"2434\" data-end=\"2538\">Que Dieu nous accorde la r\u00e9ussite pour le bien de notre facult\u00e9, de notre universit\u00e9 et de notre pays.<\/p>\n<\/div>\n<div dir=\"auto\" style=\"text-align: left\">\u00a0<\/div>\n<div dir=\"auto\" style=\"text-align: left\">\u00a0<\/div>\n<div dir=\"auto\" style=\"text-align: left\"><br \/><br \/><\/div>\n<div class=\"yj6qo\" style=\"text-align: left\">\u00a0<\/div>\n<div class=\"adL\" dir=\"auto\" style=\"text-align: left\">\u00a0<\/div>\n","protected":false},"excerpt":{"rendered":"<p>Monsieur le Secr\u00e9taire G\u00e9n\u00e9ral de la Facult\u00e9 de M\u00e9decine Hachelef Noureddine \u00a0 Mot de Monsieur le Secr\u00e9taire G\u00e9n\u00e9ral de la Facult\u00e9 de M\u00e9decine Au nom d&rsquo;Allah mis\u00e9ricordieux la paix, la &hellip;<\/p>\n","protected":false},"author":23,"featured_media":0,"parent":0,"menu_order":0,"comment_status":"closed","ping_status":"closed","template":"","meta":{"_coblocks_attr":"","_coblocks_dimensions":"","_coblocks_responsive_height":"","_coblocks_accordion_ie_support":"","footnotes":""},"class_list":["post-132","page","type-page","status-publish","hentry"],"_links":{"self":[{"href":"https:\/\/www.univ-mosta.dz\/medecine\/wp-json\/wp\/v2\/pages\/132","targetHints":{"allow":["GET"]}}],"collection":[{"href":"https:\/\/www.univ-mosta.dz\/medecine\/wp-json\/wp\/v2\/pages"}],"about":[{"href":"https:\/\/www.univ-mosta.dz\/medecine\/wp-json\/wp\/v2\/types\/page"}],"author":[{"embeddable":true,"href":"https:\/\/www.univ-mosta.dz\/medecine\/wp-json\/wp\/v2\/users\/23"}],"replies":[{"embeddable":true,"href":"https:\/\/www.univ-mosta.dz\/medecine\/wp-json\/wp\/v2\/comments?post=132"}],"version-history":[{"count":15,"href":"https:\/\/www.univ-mosta.dz\/medecine\/wp-json\/wp\/v2\/pages\/132\/revisions"}],"predecessor-version":[{"id":3755,"href":"https:\/\/www.univ-mosta.dz\/medecine\/wp-json\/wp\/v2\/pages\/132\/revisions\/3755"}],"wp:attachment":[{"href":"https:\/\/www.univ-mosta.dz\/medecine\/wp-json\/wp\/v2\/media?parent=132"}],"curies":[{"name":"wp","href":"https:\/\/api.w.org\/{rel}","templated":true}]}}