{"id":1291,"date":"2022-02-03T10:21:45","date_gmt":"2022-02-03T09:21:45","guid":{"rendered":"https:\/\/www.univ-mosta.dz\/medecine\/?page_id=1291"},"modified":"2026-04-09T10:52:24","modified_gmt":"2026-04-09T08:52:24","slug":"theses-publications","status":"publish","type":"page","link":"https:\/\/www.univ-mosta.dz\/medecine\/theses-publications\/","title":{"rendered":"Th\u00e8ses et Publications"},"content":{"rendered":"\n\n\n<h3 style=\"text-align: center\"><span style=\"color: #000000\"><strong><u>NOTE<\/u><\/strong><strong><u> D&rsquo;INFORMATION<\/u><\/strong><strong><u><br><\/u><\/strong><strong><u>A l&rsquo;intention des enseignant(es) candidat(es)<\/u><\/strong><strong><u><br>pour l&rsquo;inscription en th\u00e8se de Doctorat en<br>Sciences M\u00e9dicales D.E.S.M<\/u><\/strong><\/span><\/h3>\n<h3>&nbsp;<\/h3>\n<p>Les candidats justifiant du titre de docteur en m\u00e9decine, ayant acc\u00e9der aux corps des ma\u00eetres assistants des centres hospitalo-universitaires et d\u00e9sireux s&rsquo;inscrire en vue de postuler au Dipl\u00f4me de Docteur en Sciences M\u00e9dicales sont tenus de proc\u00e9der aux inscriptions au niveau du service de la Post-graduation de&nbsp; la Facult\u00e9 de M\u00e9decine de Mostaganem.<\/p>\n<p>Le dossier de candidature est compos\u00e9 des documents suivants :<\/p>\n<ol>\n<li>Le canevas de th\u00e8se en deux (02) exemplaires sign\u00e9 par le directeur de th\u00e8se et trois (03) exemplaires anonyme. <a href=\"http:\/\/www.univ-mosta.dz\/medecine\/wp-content\/uploads\/sites\/4\/2022\/11\/Canevas-these.docx\" target=\"_blank\" rel=\"noopener\"><span style=\"text-decoration: underline\"><span style=\"color: #0000ff;text-decoration: underline\">t\u00e9l\u00e9charger le Canevas de th\u00e8se<\/span><\/span><\/a><\/li>\n<li>Deux CD de donn\u00e9es du sujet de th\u00e8se anonyme.<\/li>\n<li>Le dossier administratif en deux (02) exemplaires :&nbsp; &nbsp; &nbsp;<\/li>\n<\/ol>\n<ul>\n<li>Une demande d\u2019 inscription en doctorat en sciences m\u00e9dicales.<span style=\"color: #0000ff\">&nbsp;<a style=\"color: #0000ff\" href=\"http:\/\/www.univ-mosta.dz\/medecine\/wp-content\/uploads\/sites\/4\/2022\/11\/demande-dinscription-1.docx\"><strong>t\u00e9l\u00e9charger&nbsp;La demande d\u2019inscription<\/strong><\/a><\/span><\/li>\n<li>Une demande manuscrite adress\u00e9e au Doyen de la Facult\u00e9 de M\u00e9decine De Mostaganem.<\/li>\n<li>Copie du dipl\u00f4me DES (G\u00e9n\u00e9raliste) et DEMS(Sp\u00e9cialiste) .<\/li>\n<li>Arr\u00eat\u00e9 de nomination ou PV d&rsquo;installation de maitre assistant.<\/li>\n<li>Extrait de naissance.<\/li>\n<li>Deux photos.<\/li>\n<li>Deux (02) CV.<br><br><\/li>\n<\/ul>\n<p><strong><em>N\/B&nbsp;: Pour toute information, veuillez &nbsp;se rapprocher du service de la post graduation de la facult\u00e9.<\/em><\/strong><\/p>\n<p style=\"text-align: right\">&nbsp;&nbsp;&nbsp;&nbsp;&nbsp;&nbsp;&nbsp;&nbsp;&nbsp;&nbsp;&nbsp;&nbsp;&nbsp;&nbsp;&nbsp;&nbsp;&nbsp;&nbsp;&nbsp;&nbsp;&nbsp;&nbsp;&nbsp;&nbsp;&nbsp;&nbsp;&nbsp;&nbsp;&nbsp;&nbsp;&nbsp;&nbsp;&nbsp;&nbsp;&nbsp;&nbsp;&nbsp;&nbsp;&nbsp;&nbsp;&nbsp;&nbsp;&nbsp;&nbsp;&nbsp;&nbsp;&nbsp;&nbsp;&nbsp;&nbsp;&nbsp;&nbsp;&nbsp;&nbsp;&nbsp;&nbsp;&nbsp;&nbsp;&nbsp;&nbsp;&nbsp;&nbsp;&nbsp;&nbsp;&nbsp;&nbsp;&nbsp;&nbsp;&nbsp;&nbsp;&nbsp;&nbsp;&nbsp;&nbsp;&nbsp;&nbsp;&nbsp;&nbsp;&nbsp;&nbsp;&nbsp;&nbsp;&nbsp; <strong><em><u>Le vice&nbsp; doyen de la post-graduation <\/u><\/em><\/strong><\/p>\n\n\n\n<div class=\"wp-block-file\"><a id=\"wp-block-file--media-4d916be8-d1be-4e5b-a5c4-83248c0bce9c\" href=\"https:\/\/www.univ-mosta.dz\/medecine\/wp-content\/uploads\/sites\/4\/2025\/04\/Canevas-these.docx\" target=\"_blank\" rel=\"noreferrer noopener\">Canevas these<\/a><\/div>\n\n\n\n\n","protected":false},"excerpt":{"rendered":"<p>NOTE D&rsquo;INFORMATIONA l&rsquo;intention des enseignant(es) candidat(es)pour l&rsquo;inscription en th\u00e8se de Doctorat enSciences M\u00e9dicales D.E.S.M &nbsp; Les candidats justifiant du titre de docteur en m\u00e9decine, ayant acc\u00e9der aux corps des ma\u00eetres &hellip;<\/p>\n","protected":false},"author":23,"featured_media":0,"parent":0,"menu_order":0,"comment_status":"closed","ping_status":"closed","template":"","meta":{"_coblocks_attr":"","_coblocks_dimensions":"","_coblocks_responsive_height":"","_coblocks_accordion_ie_support":"","footnotes":""},"class_list":["post-1291","page","type-page","status-publish","hentry"],"_links":{"self":[{"href":"https:\/\/www.univ-mosta.dz\/medecine\/wp-json\/wp\/v2\/pages\/1291","targetHints":{"allow":["GET"]}}],"collection":[{"href":"https:\/\/www.univ-mosta.dz\/medecine\/wp-json\/wp\/v2\/pages"}],"about":[{"href":"https:\/\/www.univ-mosta.dz\/medecine\/wp-json\/wp\/v2\/types\/page"}],"author":[{"embeddable":true,"href":"https:\/\/www.univ-mosta.dz\/medecine\/wp-json\/wp\/v2\/users\/23"}],"replies":[{"embeddable":true,"href":"https:\/\/www.univ-mosta.dz\/medecine\/wp-json\/wp\/v2\/comments?post=1291"}],"version-history":[{"count":12,"href":"https:\/\/www.univ-mosta.dz\/medecine\/wp-json\/wp\/v2\/pages\/1291\/revisions"}],"predecessor-version":[{"id":3311,"href":"https:\/\/www.univ-mosta.dz\/medecine\/wp-json\/wp\/v2\/pages\/1291\/revisions\/3311"}],"wp:attachment":[{"href":"https:\/\/www.univ-mosta.dz\/medecine\/wp-json\/wp\/v2\/media?parent=1291"}],"curies":[{"name":"wp","href":"https:\/\/api.w.org\/{rel}","templated":true}]}}