{"id":1290,"date":"2022-02-03T10:18:56","date_gmt":"2022-02-03T09:18:56","guid":{"rendered":"https:\/\/www.univ-mosta.dz\/medecine\/?page_id=1290"},"modified":"2026-03-24T13:30:49","modified_gmt":"2026-03-24T12:30:49","slug":"revues","status":"publish","type":"page","link":"https:\/\/www.univ-mosta.dz\/medecine\/revues\/","title":{"rendered":"La Revue"},"content":{"rendered":"\n<h2><strong>Journal de M\u00e9decine, Chirurgie et Pharmacie (JMSP)<\/strong><\/h2>\n<ul>\n<li>Revue scientifique \u00e9dit\u00e9e par la <strong>Facult\u00e9 de M\u00e9decine de l\u2019Universit\u00e9 Abdelhamid Ibn Badis de Mostaganem<\/strong>.<\/li>\n<li><strong>Objectif <\/strong>: promouvoir la recherche en <strong>m\u00e9decine, chirurgie, pharmacie et disciplines m\u00e9dicales connexes<\/strong>.<\/li>\n<li><strong>P\u00e9riodicit\u00e9 :<\/strong> semestrielle (2 num\u00e9ros par an).<\/li>\n<li><strong>Langues de publication :<\/strong> Fran\u00e7ais et Anglais.<\/li>\n<li><strong>Types d\u2019articles publi\u00e9s :<\/strong>\n<ul>\n<li>articles originaux<\/li>\n<li>revues de litt\u00e9rature<\/li>\n<li>cas cliniques<\/li>\n<li>lettres \u00e0 l\u2019\u00e9diteur<\/li>\n<\/ul>\n<\/li>\n<\/ul>\n<h3><strong>Direction \u00e9ditoriale<\/strong><\/h3>\n<ul>\n<li><strong>\u00c9diteur en chef :<\/strong> Kenza BADACHE<\/li>\n<li>\u00c9diteurs associ\u00e9s et comit\u00e9 scientifique compos\u00e9 d\u2019enseignants-chercheurs hospitalo-universitaires de la facult\u00e9 de m\u00e9decine de Mostaganem y compris tous les chefs de service.<\/li>\n<\/ul>\n<h3><strong>Contenu scientifique<\/strong><\/h3>\n<p>La revue publie des travaux de recherche m\u00e9dicale tels que :<\/p>\n<ul>\n<li>\u00e9tudes cliniques<\/li>\n<li>recherches en m\u00e9decine et chirurgie<\/li>\n<li>travaux li\u00e9s \u00e0 la pharmacie et aux sciences biom\u00e9dicales.<\/li>\n<\/ul>\n<h3><strong>Liens\u00a0:<\/strong><\/h3>\n<p><a href=\"https:\/\/revue.univ-mosta.dz\/index.php\/JMSP\/issue\/view\/46\" target=\"_blank\" rel=\"noopener\">https:\/\/revue.univ-mosta.dz\/index.php\/JMSP\/issue\/view\/46<\/a>.<\/p>\n","protected":false},"excerpt":{"rendered":"<p>Journal de M\u00e9decine, Chirurgie et Pharmacie (JMSP) Revue scientifique \u00e9dit\u00e9e par la Facult\u00e9 de M\u00e9decine de l\u2019Universit\u00e9 Abdelhamid Ibn Badis de Mostaganem. Objectif : promouvoir la recherche en m\u00e9decine, chirurgie, &hellip;<\/p>\n","protected":false},"author":23,"featured_media":0,"parent":0,"menu_order":0,"comment_status":"closed","ping_status":"closed","template":"","meta":{"_coblocks_attr":"","_coblocks_dimensions":"","_coblocks_responsive_height":"","_coblocks_accordion_ie_support":"","footnotes":""},"class_list":["post-1290","page","type-page","status-publish","hentry"],"_links":{"self":[{"href":"https:\/\/www.univ-mosta.dz\/medecine\/wp-json\/wp\/v2\/pages\/1290","targetHints":{"allow":["GET"]}}],"collection":[{"href":"https:\/\/www.univ-mosta.dz\/medecine\/wp-json\/wp\/v2\/pages"}],"about":[{"href":"https:\/\/www.univ-mosta.dz\/medecine\/wp-json\/wp\/v2\/types\/page"}],"author":[{"embeddable":true,"href":"https:\/\/www.univ-mosta.dz\/medecine\/wp-json\/wp\/v2\/users\/23"}],"replies":[{"embeddable":true,"href":"https:\/\/www.univ-mosta.dz\/medecine\/wp-json\/wp\/v2\/comments?post=1290"}],"version-history":[{"count":5,"href":"https:\/\/www.univ-mosta.dz\/medecine\/wp-json\/wp\/v2\/pages\/1290\/revisions"}],"predecessor-version":[{"id":4266,"href":"https:\/\/www.univ-mosta.dz\/medecine\/wp-json\/wp\/v2\/pages\/1290\/revisions\/4266"}],"wp:attachment":[{"href":"https:\/\/www.univ-mosta.dz\/medecine\/wp-json\/wp\/v2\/media?parent=1290"}],"curies":[{"name":"wp","href":"https:\/\/api.w.org\/{rel}","templated":true}]}}