{"id":129,"date":"2021-11-29T09:12:19","date_gmt":"2021-11-29T08:12:19","guid":{"rendered":"https:\/\/www.univ-mosta.dz\/medecine\/?page_id=129"},"modified":"2026-03-23T11:40:40","modified_gmt":"2026-03-23T10:40:40","slug":"doyen","status":"publish","type":"page","link":"https:\/\/www.univ-mosta.dz\/medecine\/doyen\/","title":{"rendered":"Mot de Doyen"},"content":{"rendered":"\n<div class=\"wp-block-columns is-layout-flex wp-container-core-columns-is-layout-9d6595d7 wp-block-columns-is-layout-flex\">\n<div class=\"wp-block-column is-layout-flow wp-block-column-is-layout-flow\" style=\"flex-basis:40%\">\n\n\n<div class=\"wp-block-media-text is-stacked-on-mobile\"><figure class=\"wp-block-media-text__media\"><img loading=\"lazy\" decoding=\"async\" width=\"100\" height=\"100\" src=\"http:\/\/www.univ-mosta.dz\/medecine\/wp-content\/uploads\/sites\/4\/2022\/02\/avatar_femme.png\" alt=\"\" class=\"wp-image-1234 size-full\" \/><\/figure><div class=\"wp-block-media-text__content\">\n<p>Pr KAMBOUCHE Fouzia<\/p>\n<\/div><\/div>\n\n\n\n\n\n<div style=\"height:100px\" aria-hidden=\"true\" class=\"wp-block-spacer\"><\/div>\n\n\n<\/div>\n\n\n\n<div class=\"wp-block-column is-layout-flow wp-block-column-is-layout-flow\" style=\"flex-basis:66.66%\">\n<p style=\"text-align:justify\">Ch\u00e8res \u00e9tudiantes, Chers \u00e9tudiants, futures cons\u0153urs et futurs confr\u00e8res : plaisir de vous accueillir et de vous compter parmi nos \u00e9tudiants \u00e0 la facult\u00e9 de m\u00e9decine Mostaganem&nbsp;; recevez nos sinc\u00e8res f\u00e9licitations pour votre r\u00e9ussite au premier challenge : obtention du baccalaur\u00e9at.<\/p>\n\n\n\n<p style=\"text-align:justify\">En vous inscrivant en sciences m\u00e9dicales, vous aborderez d\u00e9sormais un second challenge : la formation en sciences de sant\u00e9 est un long parcours, n\u00e9cessitant un engagement et la motivation qui permettent de gravir l\u2019\u00e9chelle menant vers la comp\u00e9tence. Le challenge et la satisfaction d\u2019achever ce parcours se dessine sur les visages des \u00e9tudiants lors de la c\u00e9r\u00e9monie de \u00ab prestation du sermon du m\u00e9decin \u00bb qui est la \u00ab journ\u00e9e m\u00e9morable \u00bb dans la vie de chaque praticien.<\/p>\n\n\n\n<p style=\"text-align:justify\">La facult\u00e9 de m\u00e9decine de Mostaganem est un espace institutionnel d\u2019enseignement et de formation, vous permettant de suivre ces \u00e9tudes ; elle ambitionne \u00e9galement de vous offrir l\u2019espace vous permettant de partager des id\u00e9es, des r\u00eaves ou des projets dans divers domaines.<\/p>\n\n\n\n<p style=\"text-align:justify\">Le paradigme de formation en sciences de sant\u00e9 amorce un virage de l\u2019enseignement vers l\u2019apprentissage, le concept de formation vise le m\u00e9decin comp\u00e9tent et non le m\u00e9decin savant. Dans cette perspective la facult\u00e9 de m\u00e9decine de Mostaganem, avec son staff, vise l\u2019int\u00e9gration des techniques p\u00e9dagogiques actives.<\/p>\n\n\n\n<p style=\"text-align:justify\">Chers \u00e9tudiants, votre progression est cependant tributaire de votre effort et engagement ; l\u2019apprentissage devant \u00eatre centr\u00e9 sur l\u2019apprenant, le staff p\u00e9dagogique de la facult\u00e9 sera votre guide pour l\u2019accompagnement n\u00e9cessaire \u00e0 la concr\u00e9tisation de vos objectifs.<\/p>\n\n\n\n<p style=\"text-align:justify\">Nous pourrions \u0153uvrer ensemble, et avec les contributions de tout un chacun \u00e0 rendre notre espace facultaire convivial et propice \u00e0 l\u2019\u00e9mancipation de tous ; visons l\u2019excellence et progressons ensemble.<a><\/a><\/p>\n<\/div>\n<\/div>\n","protected":false},"excerpt":{"rendered":"<p>Pr KAMBOUCHE Fouzia Ch\u00e8res \u00e9tudiantes, Chers \u00e9tudiants, futures cons\u0153urs et futurs confr\u00e8res : plaisir de vous accueillir et de vous compter parmi nos \u00e9tudiants \u00e0 la facult\u00e9 de m\u00e9decine Mostaganem&nbsp;; &hellip;<\/p>\n","protected":false},"author":23,"featured_media":0,"parent":0,"menu_order":0,"comment_status":"closed","ping_status":"closed","template":"","meta":{"_coblocks_attr":"","_coblocks_dimensions":"","_coblocks_responsive_height":"","_coblocks_accordion_ie_support":"","footnotes":""},"class_list":["post-129","page","type-page","status-publish","hentry"],"_links":{"self":[{"href":"https:\/\/www.univ-mosta.dz\/medecine\/wp-json\/wp\/v2\/pages\/129","targetHints":{"allow":["GET"]}}],"collection":[{"href":"https:\/\/www.univ-mosta.dz\/medecine\/wp-json\/wp\/v2\/pages"}],"about":[{"href":"https:\/\/www.univ-mosta.dz\/medecine\/wp-json\/wp\/v2\/types\/page"}],"author":[{"embeddable":true,"href":"https:\/\/www.univ-mosta.dz\/medecine\/wp-json\/wp\/v2\/users\/23"}],"replies":[{"embeddable":true,"href":"https:\/\/www.univ-mosta.dz\/medecine\/wp-json\/wp\/v2\/comments?post=129"}],"version-history":[{"count":27,"href":"https:\/\/www.univ-mosta.dz\/medecine\/wp-json\/wp\/v2\/pages\/129\/revisions"}],"predecessor-version":[{"id":4043,"href":"https:\/\/www.univ-mosta.dz\/medecine\/wp-json\/wp\/v2\/pages\/129\/revisions\/4043"}],"wp:attachment":[{"href":"https:\/\/www.univ-mosta.dz\/medecine\/wp-json\/wp\/v2\/media?parent=129"}],"curies":[{"name":"wp","href":"https:\/\/api.w.org\/{rel}","templated":true}]}}