{"id":1273,"date":"2022-02-03T10:00:31","date_gmt":"2022-02-03T09:00:31","guid":{"rendered":"https:\/\/www.univ-mosta.dz\/medecine\/?page_id=1273"},"modified":"2026-03-25T13:21:08","modified_gmt":"2026-03-25T12:21:08","slug":"medicamp","status":"publish","type":"page","link":"https:\/\/www.univ-mosta.dz\/medecine\/medicamp\/","title":{"rendered":"Club MediCamp"},"content":{"rendered":"\n<p class=\"has-text-align-center has-medium-font-size\"><strong>Le club Scientifique de la facult\u00e9 de m\u00e9decine Mostaganem<\/strong><\/p>\n\n\n\n<figure class=\"wp-block-image size-large\"><img loading=\"lazy\" decoding=\"async\" width=\"1024\" height=\"281\" src=\"http:\/\/www.univ-mosta.dz\/medecine\/wp-content\/uploads\/sites\/4\/2022\/02\/medicamp_banner-1-1024x281.jpg\" alt=\"\" class=\"wp-image-1310\" srcset=\"https:\/\/www.univ-mosta.dz\/medecine\/wp-content\/uploads\/sites\/4\/2022\/02\/medicamp_banner-1-1024x281.jpg 1024w, https:\/\/www.univ-mosta.dz\/medecine\/wp-content\/uploads\/sites\/4\/2022\/02\/medicamp_banner-1-300x82.jpg 300w, https:\/\/www.univ-mosta.dz\/medecine\/wp-content\/uploads\/sites\/4\/2022\/02\/medicamp_banner-1-768x211.jpg 768w, https:\/\/www.univ-mosta.dz\/medecine\/wp-content\/uploads\/sites\/4\/2022\/02\/medicamp_banner-1.jpg 1440w\" sizes=\"auto, (max-width: 1024px) 100vw, 1024px\" \/><\/figure>\n\n\n\n<p class=\"has-medium-font-size\">MediCamp, le Club Scientifique de la Facult\u00e9 de M\u00e9decine de Mostaganem ( CSFMM ) est un dispositif ou un espace o\u00f9 les participants sont des \u00e9tudiants en m\u00e9decine ( faisant partie de la facult\u00e9 ) qui explorent un sujet scientifique, en adoptant une d\u00e9marche scientifique pour faire face aux enjeux scientifiques, dans le cadre universitaire, \u00e9thique, morale et apolitique.<br>\u200b\u200b<br><strong>Ses objectifs :<\/strong><br>Acqu\u00e9rir des comp\u00e9tences suppl\u00e9mentaires que la formation universitaire.<br>&#8211; &nbsp;S&rsquo;habituer \u00e0 faire un travail d&rsquo;\u00e9quipe et s\u00e9parer les t\u00e2ches pour un objectif final.<br>&#8211; &nbsp;Apprendre la gestion, l&rsquo;organisation et la responsabilit\u00e9.<br>&#8211; &nbsp;Avoir de nouvelles relations et se rapprocher de son entourage.<br>&#8211; &nbsp;R\u00e9aliser des projets \u00e9tudiants (valid\u00e9s par un parrain scientifique).<br>&#8211; &nbsp;Organiser des journ\u00e9es scientifiques ou les \u00e9tudiants pr\u00e9sentent leurs travaux.<br>&#8211; &nbsp;Aider les autres \u00e9tudiants et partager leurs exp\u00e9riences.<br>&#8211; &nbsp;Fournir des services sp\u00e9cifiques via des activit\u00e9s organis\u00e9es dans le cadre scientifique.<\/p>\n\n\n\n<p class=\"has-medium-font-size\"><strong>Si\u00e8ge du Club :&nbsp;<\/strong>Au niveau de la facult\u00e9 de m\u00e9decine de Mostaganem.<\/p>\n\n\n\n<p><\/p>\n\n\n\n<h2 class=\"wp-block-heading has-text-align-center\" id=\"les-membres-du-conseil\">Les membres du conseil<\/h2>\n\n\n\n<div class=\"wp-block-columns is-layout-flex wp-container-core-columns-is-layout-9d6595d7 wp-block-columns-is-layout-flex\">\n<div class=\"wp-block-column is-layout-flow wp-block-column-is-layout-flow\">\n<div class=\"box\">\n  <article class=\"media\">\n    <div class=\"media-content\">\n      <div class=\"content\">\n        <p>\n          <strong>BENHAMDI Mehdi Hocine<\/strong>\n          <br>Pr\u00e9sident<br>mehdi.dk@live.fr\n        <\/p>\n      <\/div>      \n    <\/div>\n  <\/article>  \n<\/div>\n<\/div>\n\n\n\n<div class=\"wp-block-column is-layout-flow wp-block-column-is-layout-flow\">\n<div class=\"box\">\n  <article class=\"media\">\n    <div class=\"media-content\">\n      <div class=\"content\">\n        <p>\n          <strong>LATRECHE Dalila Marwa<\/strong>\n          <br>Responsable des statistiques<br>latrechedalila@gmail.com\n        <\/p>\n      <\/div>      \n    <\/div>\n  <\/article>  \n<\/div>\n<\/div>\n\n\n\n<div class=\"wp-block-column is-layout-flow wp-block-column-is-layout-flow\">\n<div class=\"box\">\n  <article class=\"media\">\n    <div class=\"media-content\">\n      <div class=\"content\">\n        <p>\n          <strong>BENDERBOUZ Farida Sarah\u200b<\/strong>\n          <br>Secr\u00e9taire g\u00e9n\u00e9rale<br>benderbouzfs@gmail.com\n        <\/p>\n      <\/div>      \n    <\/div>\n  <\/article>  \n<\/div>\n<\/div>\n\n\n\n<div class=\"wp-block-column is-layout-flow wp-block-column-is-layout-flow\">\n<div class=\"box\">\n  <article class=\"media\">\n    <div class=\"media-content\">\n      <div class=\"content\">\n        <p>\n          <strong>BENTOUNES Asmaa\u200b\u200b<\/strong>\n          <br>Responsable des m\u00e9dias sociaux<br>bentounes.asmaa@gmail.com\n        <\/p>\n      <\/div>      \n    <\/div>\n  <\/article>  \n<\/div>\n<\/div>\n<\/div>\n\n\n\n<p><\/p>\n\n\n\n<div class=\"wp-block-columns is-layout-flex wp-container-core-columns-is-layout-9d6595d7 wp-block-columns-is-layout-flex\">\n<div class=\"wp-block-column is-layout-flow wp-block-column-is-layout-flow\">\n<div class=\"box\">\n  <article class=\"media\">\n    <div class=\"media-content\">\n      <div class=\"content\">\n        <p>\n          <strong>CHAREF AISSA Mohamed\u200b\u200b<\/strong>\n          <br>Responsable du finance<br>\u200bcharefaissa.mohamed@gmail.com\n        <\/p>\n      <\/div>      \n    <\/div>\n  <\/article>  \n<\/div>\n<\/div>\n\n\n\n<div class=\"wp-block-column is-layout-flow wp-block-column-is-layout-flow\">\n<div class=\"box\">\n  <article class=\"media\">\n    <div class=\"media-content\">\n      <div class=\"content\">\n        <p>\n          <strong>BENAFLA Sid Ahmed<\/strong>\n          <br>Responsable de Tutorat<br>\u200bbensidou27@gmail.com\n        <\/p>\n      <\/div>      \n    <\/div>\n  <\/article>  \n<\/div>\n<\/div>\n\n\n\n<div class=\"wp-block-column is-layout-flow wp-block-column-is-layout-flow\">\n<div class=\"box\">\n  <article class=\"media\">\n    <div class=\"media-content\">\n      <div class=\"content\">\n        <p>\n          <strong>BENZAOUCHA Abdelkarim<\/strong>\n          <br>Responsable de la communication<br>\u200b\u200bkarimbenzaoucha@hotmail.com\n        <\/p>\n      <\/div>      \n    <\/div>\n  <\/article>  \n<\/div>\n<\/div>\n\n\n\n<div class=\"wp-block-column is-layout-flow wp-block-column-is-layout-flow\">\n<div class=\"box\">\n  <article class=\"media\">\n    <div class=\"media-content\">\n      <div class=\"content\">\n        <p>\n          <strong>ZOULAI S\u00e9rine<\/strong>\n          <br>Responsable du magazine<br>\u200b\u200b\n        <\/p>\n      <\/div>      \n    <\/div>\n  <\/article>  \n<\/div>\n<\/div>\n<\/div>\n\n\n\n<p><\/p>\n\n\n\n<div class=\"wp-block-columns is-layout-flex wp-container-core-columns-is-layout-9d6595d7 wp-block-columns-is-layout-flex\">\n<div class=\"wp-block-column is-layout-flow wp-block-column-is-layout-flow\">\n<div class=\"box\">\n  <article class=\"media\">\n    <div class=\"media-content\">\n      <div class=\"content\">\n        <p>\n          <strong>BELBACHIR Mohamed<\/strong>\n          <br>Responsable d&rsquo;actualit\u00e9s et d&rsquo;informations<br>\u200b\u200bbelbachirmohamed1844@gmail.com\n        <\/p>\n      <\/div>      \n    <\/div>\n  <\/article>  \n<\/div>\n<\/div>\n\n\n\n<div class=\"wp-block-column is-layout-flow wp-block-column-is-layout-flow\">\n<div class=\"box\">\n  <article class=\"media\">\n    <div class=\"media-content\">\n      <div class=\"content\">\n        <p>\n          <strong>BERREZIGA Walid<\/strong>\n          <br>Responsable de b\u00e9n\u00e9volat et de charit\u00e9<br>\u200b\u200b\n        <\/p>\n      <\/div>      \n    <\/div>\n  <\/article>  \n<\/div>\n<\/div>\n\n\n\n<div class=\"wp-block-column is-layout-flow wp-block-column-is-layout-flow\">\n<div class=\"box\">\n  <article class=\"media\">\n    <div class=\"media-content\">\n      <div class=\"content\">\n        <p>\n          <strong><\/strong>\n          <br>Responsable des Pratiques m\u00e9dicales<br>\u200b\u200b\n        <\/p>\n      <\/div>      \n    <\/div>\n  <\/article>  \n<\/div>\n<\/div>\n\n\n\n<div class=\"wp-block-column is-layout-flow wp-block-column-is-layout-flow\">\n<div class=\"box\">\n  <article class=\"media\">\n    <div class=\"media-content\">\n      <div class=\"content\">\n        <p>\n          <strong>HAMOUDI Aissa\u200b<\/strong>\n          <br>Responsable de sensibilisation<br>\u200b\u200b\u200baissa.hamoudi@hotmail.com\n        <\/p>\n      <\/div>      \n    <\/div>\n  <\/article>  \n<\/div>\n<\/div>\n<\/div>\n\n\n\n<p><\/p>\n\n\n\n<div class=\"wp-block-columns is-layout-flex wp-container-core-columns-is-layout-9d6595d7 wp-block-columns-is-layout-flex\">\n<div class=\"wp-block-column is-layout-flow wp-block-column-is-layout-flow\">\n<div class=\"box\">\n  <article class=\"media\">\n    <div class=\"media-content\">\n      <div class=\"content\">\n        <p>\n          <strong>KHATIR Leila<\/strong>\n          <br>Responsable du secourisme<br>\u200b\u200b\u200b\u200bleila.khatir95@gmail.com\n        <\/p>\n      <\/div>      \n    <\/div>\n  <\/article>  \n<\/div>\n<\/div>\n\n\n\n<div class=\"wp-block-column is-layout-flow wp-block-column-is-layout-flow\">\n<div class=\"box\">\n  <article class=\"media\">\n    <div class=\"media-content\">\n      <div class=\"content\">\n        <p>\n          <strong>SEKELI Radia<\/strong>\n          <br>Responsable d&rsquo;activit\u00e9s divers<br>\u200b\u200b\u200b\u200b\n        <\/p>\n      <\/div>      \n    <\/div>\n  <\/article>  \n<\/div>\n<\/div>\n\n\n\n<div class=\"wp-block-column is-layout-flow wp-block-column-is-layout-flow\">\n<div class=\"box\">\n  <article class=\"media\">\n    <div class=\"media-content\">\n      <div class=\"content\">\n        <p>\n          <strong>BOUKRALFA Toufik<\/strong>\n          <br>Responsables des activit\u00e9s sportives<br>\u200b\u200b\u200b\u200b\n        <\/p>\n      <\/div>      \n    <\/div>\n  <\/article>  \n<\/div>\n<\/div>\n\n\n\n<div class=\"wp-block-column is-layout-flow wp-block-column-is-layout-flow\"><\/div>\n<\/div>\n\n\n","protected":false},"excerpt":{"rendered":"<p>Le club Scientifique de la facult\u00e9 de m\u00e9decine Mostaganem MediCamp, le Club Scientifique de la Facult\u00e9 de M\u00e9decine de Mostaganem ( CSFMM ) est un dispositif ou un espace o\u00f9 &hellip;<\/p>\n","protected":false},"author":23,"featured_media":0,"parent":0,"menu_order":0,"comment_status":"closed","ping_status":"closed","template":"","meta":{"_coblocks_attr":"","_coblocks_dimensions":"","_coblocks_responsive_height":"","_coblocks_accordion_ie_support":"","footnotes":""},"class_list":["post-1273","page","type-page","status-publish","hentry"],"_links":{"self":[{"href":"https:\/\/www.univ-mosta.dz\/medecine\/wp-json\/wp\/v2\/pages\/1273","targetHints":{"allow":["GET"]}}],"collection":[{"href":"https:\/\/www.univ-mosta.dz\/medecine\/wp-json\/wp\/v2\/pages"}],"about":[{"href":"https:\/\/www.univ-mosta.dz\/medecine\/wp-json\/wp\/v2\/types\/page"}],"author":[{"embeddable":true,"href":"https:\/\/www.univ-mosta.dz\/medecine\/wp-json\/wp\/v2\/users\/23"}],"replies":[{"embeddable":true,"href":"https:\/\/www.univ-mosta.dz\/medecine\/wp-json\/wp\/v2\/comments?post=1273"}],"version-history":[{"count":24,"href":"https:\/\/www.univ-mosta.dz\/medecine\/wp-json\/wp\/v2\/pages\/1273\/revisions"}],"predecessor-version":[{"id":3296,"href":"https:\/\/www.univ-mosta.dz\/medecine\/wp-json\/wp\/v2\/pages\/1273\/revisions\/3296"}],"wp:attachment":[{"href":"https:\/\/www.univ-mosta.dz\/medecine\/wp-json\/wp\/v2\/media?parent=1273"}],"curies":[{"name":"wp","href":"https:\/\/api.w.org\/{rel}","templated":true}]}}