{"id":1271,"date":"2022-02-03T09:55:31","date_gmt":"2022-02-03T08:55:31","guid":{"rendered":"https:\/\/www.univ-mosta.dz\/medecine\/?page_id=1271"},"modified":"2026-03-25T12:15:53","modified_gmt":"2026-03-25T11:15:53","slug":"meeting-3","status":"publish","type":"page","link":"https:\/\/www.univ-mosta.dz\/medecine\/meeting-3\/","title":{"rendered":"3\u00e8me Meeting"},"content":{"rendered":"\n<h2 class=\"wp-block-heading has-text-align-center has-x-large-font-size\" id=\"3eme-meeting\">3<sup>\u00e8me<\/sup> Meeting<\/h2>\n\n\n\n<p style=\"font-size:22px;text-align:justify\">\n    <img decoding=\"async\" src=\"http:\/\/www.univ-mosta.dz\/medecine\/wp-content\/uploads\/sites\/4\/2026\/03\/01-2.jpg\" style=\"float:left;width:402px;height:auto;margin-right:15px;margin-bottom:10px\">\n         \nLe troisi\u00e8me meeting a eu lieu le 12 mars 2018 avec invitation de toutes les facult\u00e9s de m\u00e9decine alg\u00e9riennes, le programme a comport\u00e9 un \u00e9change et pr\u00e9sentation des exp\u00e9riences en mati\u00e8re de simulation avec notamment les experiences des facult\u00e9s d\u2019Oran, Annaba, Ouargla et Mostaganem. Des ateliers d\u2019\u00e9chographie ont eu lieu en marge du meeting en \u00e9chographie clinique d\u2019urgence E-FAST, organis\u00e9 avec la soci\u00e9t\u00e9 internationale WINFOCUS, avec participation de Dr Tomislav Petrovic ; et \u00e9chographie thoracique avec la participation de la soci\u00e9t\u00e9 pneumologie langue fran\u00e7aise SPLF et le groupe G-Echo sous l\u2019\u00e9gide de\nDr Gilles Mangiapan.\n<\/p>\n\n\n\n\n\n<figure class=\"wp-block-gallery has-nested-images columns-default is-cropped wp-block-gallery-1 is-layout-flex wp-block-gallery-is-layout-flex\">\n<figure class=\"wp-block-image size-large\"><img loading=\"lazy\" decoding=\"async\" width=\"200\" height=\"200\" data-id=\"2970\" src=\"https:\/\/www.univ-mosta.dz\/medecine\/wp-content\/uploads\/sites\/4\/2026\/03\/02-2.jpg\" alt=\"\" class=\"wp-image-2970\" srcset=\"https:\/\/www.univ-mosta.dz\/medecine\/wp-content\/uploads\/sites\/4\/2026\/03\/02-2.jpg 200w, https:\/\/www.univ-mosta.dz\/medecine\/wp-content\/uploads\/sites\/4\/2026\/03\/02-2-150x150.jpg 150w\" sizes=\"auto, (max-width: 200px) 100vw, 200px\" \/><\/figure>\n\n\n\n<figure class=\"wp-block-image size-large\"><img loading=\"lazy\" decoding=\"async\" width=\"200\" height=\"200\" data-id=\"2971\" src=\"https:\/\/www.univ-mosta.dz\/medecine\/wp-content\/uploads\/sites\/4\/2026\/03\/03-2.jpg\" alt=\"\" class=\"wp-image-2971\" srcset=\"https:\/\/www.univ-mosta.dz\/medecine\/wp-content\/uploads\/sites\/4\/2026\/03\/03-2.jpg 200w, https:\/\/www.univ-mosta.dz\/medecine\/wp-content\/uploads\/sites\/4\/2026\/03\/03-2-150x150.jpg 150w\" sizes=\"auto, (max-width: 200px) 100vw, 200px\" \/><\/figure>\n\n\n\n<figure class=\"wp-block-image size-large\"><img loading=\"lazy\" decoding=\"async\" width=\"960\" height=\"635\" data-id=\"2973\" src=\"https:\/\/www.univ-mosta.dz\/medecine\/wp-content\/uploads\/sites\/4\/2026\/03\/04-1.jpg\" alt=\"\" class=\"wp-image-2973\" srcset=\"https:\/\/www.univ-mosta.dz\/medecine\/wp-content\/uploads\/sites\/4\/2026\/03\/04-1.jpg 960w, https:\/\/www.univ-mosta.dz\/medecine\/wp-content\/uploads\/sites\/4\/2026\/03\/04-1-300x198.jpg 300w, https:\/\/www.univ-mosta.dz\/medecine\/wp-content\/uploads\/sites\/4\/2026\/03\/04-1-768x508.jpg 768w\" sizes=\"auto, (max-width: 960px) 100vw, 960px\" \/><\/figure>\n<\/figure>\n","protected":false},"excerpt":{"rendered":"<p>3\u00e8me Meeting Le troisi\u00e8me meeting a eu lieu le 12 mars 2018 avec invitation de toutes les facult\u00e9s de m\u00e9decine alg\u00e9riennes, le programme a comport\u00e9 un \u00e9change et pr\u00e9sentation des &hellip;<\/p>\n","protected":false},"author":23,"featured_media":0,"parent":0,"menu_order":0,"comment_status":"closed","ping_status":"closed","template":"","meta":{"_coblocks_attr":"","_coblocks_dimensions":"","_coblocks_responsive_height":"","_coblocks_accordion_ie_support":"","footnotes":""},"class_list":["post-1271","page","type-page","status-publish","hentry"],"_links":{"self":[{"href":"https:\/\/www.univ-mosta.dz\/medecine\/wp-json\/wp\/v2\/pages\/1271","targetHints":{"allow":["GET"]}}],"collection":[{"href":"https:\/\/www.univ-mosta.dz\/medecine\/wp-json\/wp\/v2\/pages"}],"about":[{"href":"https:\/\/www.univ-mosta.dz\/medecine\/wp-json\/wp\/v2\/types\/page"}],"author":[{"embeddable":true,"href":"https:\/\/www.univ-mosta.dz\/medecine\/wp-json\/wp\/v2\/users\/23"}],"replies":[{"embeddable":true,"href":"https:\/\/www.univ-mosta.dz\/medecine\/wp-json\/wp\/v2\/comments?post=1271"}],"version-history":[{"count":9,"href":"https:\/\/www.univ-mosta.dz\/medecine\/wp-json\/wp\/v2\/pages\/1271\/revisions"}],"predecessor-version":[{"id":4348,"href":"https:\/\/www.univ-mosta.dz\/medecine\/wp-json\/wp\/v2\/pages\/1271\/revisions\/4348"}],"wp:attachment":[{"href":"https:\/\/www.univ-mosta.dz\/medecine\/wp-json\/wp\/v2\/media?parent=1271"}],"curies":[{"name":"wp","href":"https:\/\/api.w.org\/{rel}","templated":true}]}}