{"id":1265,"date":"2022-02-03T09:46:07","date_gmt":"2022-02-03T08:46:07","guid":{"rendered":"https:\/\/www.univ-mosta.dz\/medecine\/?page_id=1265"},"modified":"2026-03-25T12:07:23","modified_gmt":"2026-03-25T11:07:23","slug":"meeting-2","status":"publish","type":"page","link":"https:\/\/www.univ-mosta.dz\/medecine\/meeting-2\/","title":{"rendered":"2\u00e8me Meeting"},"content":{"rendered":"\n<h2 class=\"wp-block-heading has-text-align-center has-x-large-font-size\" id=\"2eme-meeting\">2<sup>\u00e8me<\/sup> Meeting<\/h2>\n\n\n\n<p style=\"font-size: 22px;text-align: justify\"><img decoding=\"async\" style=\"float: left;width: 355px;height: auto;margin-right: 15px;margin-bottom: 10px\" src=\"http:\/\/www.univ-mosta.dz\/medecine\/wp-content\/uploads\/sites\/4\/2026\/03\/01-1.jpg\" \/> Le second meeting a eu lieu le 13 mai 2017, le programme a comport\u00e9 un \u00e9change et pr\u00e9sentation des exp\u00e9riences en mati\u00e8re de simulation avec notamment, les experiences des facult\u00e9s d\u2019Alger, Annaba et Mostaganem.<\/p>\n<p style=\"font-size: 22px;text-align: justify\">Un atelier a \u00e9t\u00e9 r\u00e9alis\u00e9 en marge du meeting sur inscription pour une quinzaine de participants sur la th\u00e9matique de l\u2019\u00e9chographie thoracique, apprentissage sur volontaire sain et sur mannequin.<\/p>\n\n\n\n\n\n<figure class=\"wp-block-gallery has-nested-images columns-default is-cropped wp-block-gallery-1 is-layout-flex wp-block-gallery-is-layout-flex\">\n<figure class=\"wp-block-image size-large\"><img loading=\"lazy\" decoding=\"async\" width=\"1024\" height=\"678\" data-id=\"2954\" src=\"https:\/\/www.univ-mosta.dz\/medecine\/wp-content\/uploads\/sites\/4\/2026\/03\/02-1-1024x678.jpg\" alt=\"\" class=\"wp-image-2954\" srcset=\"https:\/\/www.univ-mosta.dz\/medecine\/wp-content\/uploads\/sites\/4\/2026\/03\/02-1-1024x678.jpg 1024w, https:\/\/www.univ-mosta.dz\/medecine\/wp-content\/uploads\/sites\/4\/2026\/03\/02-1-300x199.jpg 300w, https:\/\/www.univ-mosta.dz\/medecine\/wp-content\/uploads\/sites\/4\/2026\/03\/02-1-768x509.jpg 768w, https:\/\/www.univ-mosta.dz\/medecine\/wp-content\/uploads\/sites\/4\/2026\/03\/02-1.jpg 1039w\" sizes=\"auto, (max-width: 1024px) 100vw, 1024px\" \/><\/figure>\n\n\n\n<figure class=\"wp-block-image size-large\"><img loading=\"lazy\" decoding=\"async\" width=\"591\" height=\"443\" data-id=\"2953\" src=\"https:\/\/www.univ-mosta.dz\/medecine\/wp-content\/uploads\/sites\/4\/2026\/03\/03-1.jpg\" alt=\"\" class=\"wp-image-2953\" srcset=\"https:\/\/www.univ-mosta.dz\/medecine\/wp-content\/uploads\/sites\/4\/2026\/03\/03-1.jpg 591w, https:\/\/www.univ-mosta.dz\/medecine\/wp-content\/uploads\/sites\/4\/2026\/03\/03-1-300x225.jpg 300w\" sizes=\"auto, (max-width: 591px) 100vw, 591px\" \/><\/figure>\n<\/figure>\n\n\n\n<figure class=\"wp-block-image size-large\" style=\"text-align: center\">\n    <img loading=\"lazy\" decoding=\"async\" width=\"960\" height=\"635\" src=\"https:\/\/www.univ-mosta.dz\/medecine\/wp-content\/uploads\/sites\/4\/2026\/03\/04.jpg\" alt=\"\" class=\"wp-image-2952\" srcset=\"https:\/\/www.univ-mosta.dz\/medecine\/wp-content\/uploads\/sites\/4\/2026\/03\/04.jpg 960w, https:\/\/www.univ-mosta.dz\/medecine\/wp-content\/uploads\/sites\/4\/2026\/03\/04-300x198.jpg 300w, https:\/\/www.univ-mosta.dz\/medecine\/wp-content\/uploads\/sites\/4\/2026\/03\/04-768x508.jpg 768w\" sizes=\"auto, (max-width: 960px) 100vw, 960px\" \/>\n<\/figure>\n","protected":false},"excerpt":{"rendered":"<p>2\u00e8me Meeting Le second meeting a eu lieu le 13 mai 2017, le programme a comport\u00e9 un \u00e9change et pr\u00e9sentation des exp\u00e9riences en mati\u00e8re de simulation avec notamment, les experiences &hellip;<\/p>\n","protected":false},"author":23,"featured_media":0,"parent":0,"menu_order":0,"comment_status":"closed","ping_status":"closed","template":"","meta":{"_coblocks_attr":"","_coblocks_dimensions":"","_coblocks_responsive_height":"","_coblocks_accordion_ie_support":"","footnotes":""},"class_list":["post-1265","page","type-page","status-publish","hentry"],"_links":{"self":[{"href":"https:\/\/www.univ-mosta.dz\/medecine\/wp-json\/wp\/v2\/pages\/1265","targetHints":{"allow":["GET"]}}],"collection":[{"href":"https:\/\/www.univ-mosta.dz\/medecine\/wp-json\/wp\/v2\/pages"}],"about":[{"href":"https:\/\/www.univ-mosta.dz\/medecine\/wp-json\/wp\/v2\/types\/page"}],"author":[{"embeddable":true,"href":"https:\/\/www.univ-mosta.dz\/medecine\/wp-json\/wp\/v2\/users\/23"}],"replies":[{"embeddable":true,"href":"https:\/\/www.univ-mosta.dz\/medecine\/wp-json\/wp\/v2\/comments?post=1265"}],"version-history":[{"count":12,"href":"https:\/\/www.univ-mosta.dz\/medecine\/wp-json\/wp\/v2\/pages\/1265\/revisions"}],"predecessor-version":[{"id":4340,"href":"https:\/\/www.univ-mosta.dz\/medecine\/wp-json\/wp\/v2\/pages\/1265\/revisions\/4340"}],"wp:attachment":[{"href":"https:\/\/www.univ-mosta.dz\/medecine\/wp-json\/wp\/v2\/media?parent=1265"}],"curies":[{"name":"wp","href":"https:\/\/api.w.org\/{rel}","templated":true}]}}