{"id":1261,"date":"2022-02-03T09:37:07","date_gmt":"2022-02-03T08:37:07","guid":{"rendered":"https:\/\/www.univ-mosta.dz\/medecine\/?page_id=1261"},"modified":"2026-03-25T12:00:28","modified_gmt":"2026-03-25T11:00:28","slug":"meeting-1","status":"publish","type":"page","link":"https:\/\/www.univ-mosta.dz\/medecine\/meeting-1\/","title":{"rendered":"1\u00e8re Meeting"},"content":{"rendered":"\n<h2 class=\"wp-block-heading has-text-align-center has-x-large-font-size\" id=\"1ere-meeting\">1<sup>\u00e8re<\/sup> Meeting<\/h2>\n\n\n\n<p style=\"font-size:22px;text-align:justify\">\n    <img decoding=\"async\" src=\"https:\/\/www.univ-mosta.dz\/medecine\/wp-content\/uploads\/sites\/4\/2026\/03\/01.jpg\" style=\"float:left;width:400px;height:auto;margin-right:15px;margin-bottom:10px\">\n         \nLe premier meeting a eu lieu le 15 mars 2016, avec participation de plusieurs facult\u00e9s de m\u00e9decine d\u2019Alg\u00e9rie dont Blida, Oran, Tlemcen, Sidi-Bel-Abb\u00e8s, Bejaia, Bechar, Ouargla ; il a \u00e9t\u00e9 marqu\u00e9 par la participation de Pr J.C Granry, pr\u00e9sident de la soci\u00e9t\u00e9 francophone de simulation sciences de sant\u00e9 SOFRASIMS et directeur du GISPUSS Angers qui a anim\u00e9 des conf\u00e9rences d\u00e9bat, le centre de simulation de Mostaganem a particip\u00e9 par une communication orale pr\u00e9sentant son exp\u00e9rience et trois communications affich\u00e9es.\n<\/p>\n\n\n\n\n\n<figure class=\"wp-block-gallery has-nested-images columns-default is-cropped wp-block-gallery-1 is-layout-flex wp-block-gallery-is-layout-flex\">\n<figure class=\"wp-block-image size-large\"><img loading=\"lazy\" decoding=\"async\" width=\"960\" height=\"642\" data-id=\"2947\" src=\"https:\/\/www.univ-mosta.dz\/medecine\/wp-content\/uploads\/sites\/4\/2026\/03\/02.jpg\" alt=\"\" class=\"wp-image-2947\" srcset=\"https:\/\/www.univ-mosta.dz\/medecine\/wp-content\/uploads\/sites\/4\/2026\/03\/02.jpg 960w, https:\/\/www.univ-mosta.dz\/medecine\/wp-content\/uploads\/sites\/4\/2026\/03\/02-300x201.jpg 300w, https:\/\/www.univ-mosta.dz\/medecine\/wp-content\/uploads\/sites\/4\/2026\/03\/02-768x514.jpg 768w\" sizes=\"auto, (max-width: 960px) 100vw, 960px\" \/><\/figure>\n\n\n\n<figure class=\"wp-block-image size-large\"><img loading=\"lazy\" decoding=\"async\" width=\"1024\" height=\"768\" data-id=\"2948\" src=\"https:\/\/www.univ-mosta.dz\/medecine\/wp-content\/uploads\/sites\/4\/2026\/03\/03-1024x768.jpg\" alt=\"\" class=\"wp-image-2948\" srcset=\"https:\/\/www.univ-mosta.dz\/medecine\/wp-content\/uploads\/sites\/4\/2026\/03\/03-1024x768.jpg 1024w, https:\/\/www.univ-mosta.dz\/medecine\/wp-content\/uploads\/sites\/4\/2026\/03\/03-300x225.jpg 300w, https:\/\/www.univ-mosta.dz\/medecine\/wp-content\/uploads\/sites\/4\/2026\/03\/03-768x576.jpg 768w, https:\/\/www.univ-mosta.dz\/medecine\/wp-content\/uploads\/sites\/4\/2026\/03\/03.jpg 1100w\" sizes=\"auto, (max-width: 1024px) 100vw, 1024px\" \/><\/figure>\n<\/figure>\n","protected":false},"excerpt":{"rendered":"<p>1\u00e8re Meeting Le premier meeting a eu lieu le 15 mars 2016, avec participation de plusieurs facult\u00e9s de m\u00e9decine d\u2019Alg\u00e9rie dont Blida, Oran, Tlemcen, Sidi-Bel-Abb\u00e8s, Bejaia, Bechar, Ouargla ; il &hellip;<\/p>\n","protected":false},"author":23,"featured_media":0,"parent":0,"menu_order":0,"comment_status":"closed","ping_status":"closed","template":"","meta":{"_coblocks_attr":"","_coblocks_dimensions":"","_coblocks_responsive_height":"","_coblocks_accordion_ie_support":"","footnotes":""},"class_list":["post-1261","page","type-page","status-publish","hentry"],"_links":{"self":[{"href":"https:\/\/www.univ-mosta.dz\/medecine\/wp-json\/wp\/v2\/pages\/1261","targetHints":{"allow":["GET"]}}],"collection":[{"href":"https:\/\/www.univ-mosta.dz\/medecine\/wp-json\/wp\/v2\/pages"}],"about":[{"href":"https:\/\/www.univ-mosta.dz\/medecine\/wp-json\/wp\/v2\/types\/page"}],"author":[{"embeddable":true,"href":"https:\/\/www.univ-mosta.dz\/medecine\/wp-json\/wp\/v2\/users\/23"}],"replies":[{"embeddable":true,"href":"https:\/\/www.univ-mosta.dz\/medecine\/wp-json\/wp\/v2\/comments?post=1261"}],"version-history":[{"count":23,"href":"https:\/\/www.univ-mosta.dz\/medecine\/wp-json\/wp\/v2\/pages\/1261\/revisions"}],"predecessor-version":[{"id":2979,"href":"https:\/\/www.univ-mosta.dz\/medecine\/wp-json\/wp\/v2\/pages\/1261\/revisions\/2979"}],"wp:attachment":[{"href":"https:\/\/www.univ-mosta.dz\/medecine\/wp-json\/wp\/v2\/media?parent=1261"}],"curies":[{"name":"wp","href":"https:\/\/api.w.org\/{rel}","templated":true}]}}