{"id":126,"date":"2021-11-29T09:06:43","date_gmt":"2021-11-29T08:06:43","guid":{"rendered":"https:\/\/www.univ-mosta.dz\/medecine\/?page_id=126"},"modified":"2026-04-07T12:04:28","modified_gmt":"2026-04-07T10:04:28","slug":"presentation","status":"publish","type":"page","link":"https:\/\/www.univ-mosta.dz\/medecine\/presentation\/","title":{"rendered":"Pr\u00e9sentation de la Facult\u00e9"},"content":{"rendered":"\n\n\n<div class=\"wp-block-columns is-layout-flex wp-container-core-columns-is-layout-9d6595d7 wp-block-columns-is-layout-flex\">\n<div class=\"wp-block-column is-layout-flow wp-block-column-is-layout-flow\">\n<p>La facult\u00e9 de m\u00e9decine de Mostaganem&nbsp;est une institution d&rsquo;enseignement sup\u00e9rieur charg\u00e9e de la formation des futurs m\u00e9decins et professionnels de sant\u00e9, elle est l\u2019une des 10 entit\u00e9s qui constituent l\u2019universit\u00e9 ABDELHAMID IBN BADIS selon le D\u00e9cret ex\u00e9cutif n\u00b012-360 du 22 Dhou El Kaada 1433 correspondant au 08 octobre 2012 compl\u00e9tant le d\u00e9cret ex\u00e9cutif n\u00b0 98-220 du 13 Rabie El Aouel 1419 correspondant au 7 juillet 1998 portant cr\u00e9ation de l\u2019universit\u00e9 de Mostaganem.<\/p>\n<p>La facult\u00e9 a accueilli la premi\u00e8re promotion de bacheliers \u00e0 la rentr\u00e9e 2012-2013 et a \u00e9t\u00e9 inaugur\u00e9e sur le site de Kharrouba \u00e0 la rentr\u00e9e 2013-2014. Elle assure \u00e0 la fois un enseignement th\u00e9orique et une formation pratique clinique, en partenariat avec des structures hospitali\u00e8res de la Direction de la Sant\u00e9 et de la Population de la wilaya de Mostaganem.<\/p>\n<p>Sa capacit\u00e9 actuelle est de 4000 places p\u00e9dagogiques. Elle comporte :<\/p>\n<ul>\n<li>03 amphith\u00e9\u00e2tres de 500 places<\/li>\n<li>03 amphith\u00e9\u00e2tres 250 places<\/li>\n<li>03 amphith\u00e9\u00e2tres 150 places<\/li>\n<li>25 salles de cours et travaux dirig\u00e9s<\/li>\n<li>20 Laboratoires p\u00e9dagogiques<\/li>\n<li>01 centre de simulation<\/li>\n<li>01 centre d\u2019ECOS<\/li>\n<li>01 biblioth\u00e8que dot\u00e9e de cinq grandes salles de lecture et une salle de lecture pour les r\u00e9sidents avec plus de 15400 ouvrages destin\u00e9s aux \u00e9tudiants de m\u00e9decine et de pharmacie<\/li>\n<li>01 salle de conf\u00e9rence de 200 places dot\u00e9e de salle de r\u00e9ception<\/li>\n<\/ul>\n<p>&nbsp;<\/p>\n<\/div>\n\n\n\n<div class=\"wp-block-column is-layout-flow wp-block-column-is-layout-flow\">\n<figure class=\"wp-block-image aligncenter size-large is-resized is-style-default\"><img loading=\"lazy\" decoding=\"async\" width=\"1024\" height=\"685\" src=\"http:\/\/www.univ-mosta.dz\/medecine\/wp-content\/uploads\/sites\/4\/2021\/11\/Decanat-6-1024x685.jpg\" alt=\"\" class=\"wp-image-922\" style=\"width:841px;height:559px\" srcset=\"https:\/\/www.univ-mosta.dz\/medecine\/wp-content\/uploads\/sites\/4\/2021\/11\/Decanat-6-1024x685.jpg 1024w, https:\/\/www.univ-mosta.dz\/medecine\/wp-content\/uploads\/sites\/4\/2021\/11\/Decanat-6-300x201.jpg 300w, https:\/\/www.univ-mosta.dz\/medecine\/wp-content\/uploads\/sites\/4\/2021\/11\/Decanat-6-768x514.jpg 768w, https:\/\/www.univ-mosta.dz\/medecine\/wp-content\/uploads\/sites\/4\/2021\/11\/Decanat-6-1536x1028.jpg 1536w, https:\/\/www.univ-mosta.dz\/medecine\/wp-content\/uploads\/sites\/4\/2021\/11\/Decanat-6-2048x1371.jpg 2048w\" sizes=\"auto, (max-width: 1024px) 100vw, 1024px\" \/><\/figure>\n<\/div>\n<\/div>\n\n\n\n<p>Sur le plan p\u00e9dagogique, le doyen est second\u00e9 par deux adjoints, celui des \u00e9tudes et des questions li\u00e9es \u00e9tudiants, et celui de la post-graduation, de la recherche scientifique et des relations ext\u00e9rieures.<\/p>\n<p>Les d\u00e9partements sont dirig\u00e9s par un chef de d\u00e9partement assist\u00e9 de deux adjoints, en graduation et en post-graduation.<\/p>\n<p>Du point de vue administratif, la facult\u00e9 est statutairement dot\u00e9e d&rsquo;un secr\u00e9tariat g\u00e9n\u00e9ral, et de plusieurs services (finances, moyens g\u00e9n\u00e9raux, personnels).&nbsp;<\/p>\n\n\n\n<div style=\"height:71px\" aria-hidden=\"true\" class=\"wp-block-spacer\"><\/div>\n\n\n\n\n<a href=\"https:\/\/www.univ-mosta.dz\/medecine\/wp-content\/uploads\/sites\/4\/2026\/04\/Org.pdf\" class=\"pdfemb-viewer\" style=\"\" data-width=\"max\" data-height=\"max\" data-toolbar=\"both\" data-toolbar-fixed=\"on\">Org<\/a>\n\n\n<div style=\"height:71px\" aria-hidden=\"true\" class=\"wp-block-spacer\"><\/div>\n\n\n\n<div class=\"wp-block-coblocks-accordion\">\n<div class=\"wp-block-coblocks-accordion-item\" style=\"font-size:25px\"><details open><summary class=\"wp-block-coblocks-accordion-item__title has-background has-pale-cyan-blue-background-color\"><strong>Missions de la facult\u00e9<\/strong><\/summary><div class=\"wp-block-coblocks-accordion-item__content\" style=\"border-color:#8ed1fc\">\n<p style=\"text-align:justify\"><strong>D\u00e9cret ex\u00e9cutif n\u00b0 03-279 du 24 Joumada Ethania 1424 correspondant au 23 ao\u00fbt 2003 fixant les missions et les r\u00e8gles particuli\u00e8res d\u2019organisation et de fonctionnement de l\u2019universit\u00e9.<\/strong><\/p>\n\n\n\n<p style=\"text-align: justify\"><strong>Article 32\u00a0:<\/strong><\/p>\n<p style=\"text-align: justify\">La facult\u00e9 est une unit\u00e9 d\u2019enseignement et de recherche de l\u2019universit\u00e9 dans le domaine de la science et de la connaissance.<\/p>\n<p style=\"text-align: justify\"><strong>Article 34\u00a0:<\/strong><\/p>\n\n\n\n<p style=\"text-align: justify\">La facult\u00e9 est compos\u00e9e de d\u00e9partements et comporte une biblioth\u00e8que organis\u00e9e en services et sections.<\/p>\n<p style=\"text-align: justify\">Les d\u00e9partements sont cr\u00e9\u00e9s par arr\u00eat\u00e9 du ministre charg\u00e9 de l\u2019enseignement sup\u00e9rieur.<\/p>\n\n\n\n<p style=\"text-align: justify\"><strong>Article 35\u00a0:<\/strong><\/p>\n<p style=\"text-align: justify\">Le d\u00e9partement recouvre une fili\u00e8re ou une discipline ou une sp\u00e9cialit\u00e9 dans la discipline et regroupe, le cas \u00e9ch\u00e9ant, des laboratoires.<\/p>\n<p style=\"text-align: justify\">Il est charg\u00e9 d\u2019assurer la programmation, la r\u00e9alisation, l\u2019\u00e9valuation et le contr\u00f4le des activit\u00e9s de formation et de recherche dans son domaine.<\/p>\n\n\n<\/div><\/details><\/div>\n<\/div>\n\n\n\n<p><\/p>\n\n\n\n<hr class=\"wp-block-separator has-alpha-channel-opacity\" \/>\n\n\n\n<div class=\"wp-block-coblocks-accordion\">\n<div class=\"wp-block-coblocks-accordion-item mt-0 pt-0\" style=\"font-size:25px\"><details open><summary class=\"wp-block-coblocks-accordion-item__title has-background has-pale-cyan-blue-background-color\"><strong>La Facult\u00e9 En chiffre<\/strong><\/summary><div class=\"wp-block-coblocks-accordion-item__content\" style=\"border-color:#8ed1fc\">\n<p><\/p>\n\n\n\n<figure class=\"wp-block-image size-large\"><img loading=\"lazy\" decoding=\"async\" width=\"1024\" height=\"584\" src=\"https:\/\/www.univ-mosta.dz\/medecine\/wp-content\/uploads\/sites\/4\/2026\/03\/image-1024x584.png\" alt=\"\" class=\"wp-image-3151\" srcset=\"https:\/\/www.univ-mosta.dz\/medecine\/wp-content\/uploads\/sites\/4\/2026\/03\/image-1024x584.png 1024w, https:\/\/www.univ-mosta.dz\/medecine\/wp-content\/uploads\/sites\/4\/2026\/03\/image-300x171.png 300w, https:\/\/www.univ-mosta.dz\/medecine\/wp-content\/uploads\/sites\/4\/2026\/03\/image-768x438.png 768w, https:\/\/www.univ-mosta.dz\/medecine\/wp-content\/uploads\/sites\/4\/2026\/03\/image.png 1293w\" sizes=\"auto, (max-width: 1024px) 100vw, 1024px\" \/><\/figure>\n\n\n\n<figure class=\"wp-block-image size-large\"><img loading=\"lazy\" decoding=\"async\" width=\"1024\" height=\"525\" src=\"https:\/\/www.univ-mosta.dz\/medecine\/wp-content\/uploads\/sites\/4\/2026\/03\/image-1-1024x525.png\" alt=\"\" class=\"wp-image-3152\" srcset=\"https:\/\/www.univ-mosta.dz\/medecine\/wp-content\/uploads\/sites\/4\/2026\/03\/image-1-1024x525.png 1024w, https:\/\/www.univ-mosta.dz\/medecine\/wp-content\/uploads\/sites\/4\/2026\/03\/image-1-300x154.png 300w, https:\/\/www.univ-mosta.dz\/medecine\/wp-content\/uploads\/sites\/4\/2026\/03\/image-1-768x394.png 768w, https:\/\/www.univ-mosta.dz\/medecine\/wp-content\/uploads\/sites\/4\/2026\/03\/image-1.png 1193w\" sizes=\"auto, (max-width: 1024px) 100vw, 1024px\" \/><\/figure>\n\n\n\n<figure class=\"wp-block-image size-full\"><img loading=\"lazy\" decoding=\"async\" width=\"952\" height=\"522\" src=\"https:\/\/www.univ-mosta.dz\/medecine\/wp-content\/uploads\/sites\/4\/2026\/03\/image-2.png\" alt=\"\" class=\"wp-image-3153\" srcset=\"https:\/\/www.univ-mosta.dz\/medecine\/wp-content\/uploads\/sites\/4\/2026\/03\/image-2.png 952w, https:\/\/www.univ-mosta.dz\/medecine\/wp-content\/uploads\/sites\/4\/2026\/03\/image-2-300x164.png 300w, https:\/\/www.univ-mosta.dz\/medecine\/wp-content\/uploads\/sites\/4\/2026\/03\/image-2-768x421.png 768w\" sizes=\"auto, (max-width: 952px) 100vw, 952px\" \/><\/figure>\n\n\n\n<p class=\"has-text-align-center\"><strong>Supervisory staff<\/strong><\/p>\n\n\n\n<table style=\"width: 100%;height: 252px\" width=\"321\">\n<tbody>\n<tr style=\"height: 36px\">\n<td style=\"width: 98.7934%;text-align: center;height: 36px\" colspan=\"2\" width=\"321\">Supervisory staff<\/td>\n<\/tr>\n<tr style=\"height: 36px\">\n<td style=\"width: 79.7888%;height: 36px\">Professor (HU)<\/td>\n<td style=\"width: 19.0045%;text-align: center;height: 36px\">12<\/td>\n<\/tr>\n<tr style=\"height: 36px\">\n<td style=\"width: 79.7888%;height: 36px\">Professor&nbsp;<\/td>\n<td style=\"width: 19.0045%;text-align: center;height: 36px\">4<\/td>\n<\/tr>\n<tr style=\"height: 36px\">\n<td style=\"width: 79.7888%;height: 36px\">Associate professor (HU)<\/td>\n<td style=\"width: 19.0045%;text-align: center;height: 36px\">16<\/td>\n<\/tr>\n<tr style=\"height: 36px\">\n<td style=\"width: 79.7888%;height: 36px\">Associate professor<\/td>\n<td style=\"width: 19.0045%;text-align: center;height: 36px\">8<\/td>\n<\/tr>\n<tr style=\"height: 36px\">\n<td style=\"width: 79.7888%;height: 36px\">Assistant professor (HU)<\/td>\n<td style=\"width: 19.0045%;text-align: center;height: 36px\">49<\/td>\n<\/tr>\n<tr style=\"height: 36px\">\n<td style=\"width: 79.7888%;height: 36px\">Administrative, Technical and Service<\/td>\n<td style=\"width: 19.0045%;text-align: center;height: 36px\">82<\/td>\n<\/tr>\n<\/tbody>\n<\/table>\n\n\n\n<table style=\"width: 100%;height: 288px\" width=\"321\">\n<tbody>\n<tr style=\"height: 36px\">\n<td style=\"width: 98.7934%;text-align: center;height: 36px\" colspan=\"2\" width=\"321\">pedagogical infrastructure<\/td>\n<\/tr>\n<tr style=\"height: 36px\">\n<td style=\"width: 68.3258%;height: 36px\">Amphith\u00e9atre 500 places<\/td>\n<td style=\"width: 30.4676%;text-align: center;height: 36px\">3<\/td>\n<\/tr>\n<tr style=\"height: 36px\">\n<td style=\"width: 68.3258%;height: 36px\">Amphith\u00e9atre 250 places<\/td>\n<td style=\"width: 30.4676%;text-align: center;height: 36px\">3<\/td>\n<\/tr>\n<tr style=\"height: 36px\">\n<td style=\"width: 68.3258%;height: 36px\">Amphith\u00e9atre 150 places<\/td>\n<td style=\"width: 30.4676%;text-align: center;height: 36px\">3<\/td>\n<\/tr>\n<tr style=\"height: 36px\">\n<td style=\"width: 68.3258%;height: 36px\">Classeroom<\/td>\n<td style=\"width: 30.4676%;text-align: center;height: 36px\">25<\/td>\n<\/tr>\n<tr style=\"height: 36px\">\n<td style=\"width: 68.3258%;height: 36px\" width=\"241\">Pedagogical Laboratories<\/td>\n<td style=\"width: 30.4676%;text-align: center;height: 36px\">20<\/td>\n<\/tr>\n<tr style=\"height: 36px\">\n<td style=\"width: 68.3258%;height: 36px\">Simulation center<\/td>\n<td style=\"width: 30.4676%;text-align: center;height: 36px\">1<\/td>\n<\/tr>\n<tr style=\"height: 36px\">\n<td style=\"width: 68.3258%;height: 36px\">ECOS Center<\/td>\n<td style=\"width: 30.4676%;height: 36px;text-align: center\">1<\/td>\n<\/tr>\n<\/tbody>\n<\/table>\n<\/div><\/details><\/div>\n<\/div>\n\n\n","protected":false},"excerpt":{"rendered":"<p>La facult\u00e9 de m\u00e9decine de Mostaganem&nbsp;est une institution d&rsquo;enseignement sup\u00e9rieur charg\u00e9e de la formation des futurs m\u00e9decins et professionnels de sant\u00e9, elle est l\u2019une des 10 entit\u00e9s qui constituent l\u2019universit\u00e9 &hellip;<\/p>\n","protected":false},"author":23,"featured_media":0,"parent":0,"menu_order":0,"comment_status":"closed","ping_status":"closed","template":"","meta":{"_coblocks_attr":"","_coblocks_dimensions":"","_coblocks_responsive_height":"","_coblocks_accordion_ie_support":"'true'","footnotes":""},"class_list":["post-126","page","type-page","status-publish","hentry"],"_links":{"self":[{"href":"https:\/\/www.univ-mosta.dz\/medecine\/wp-json\/wp\/v2\/pages\/126","targetHints":{"allow":["GET"]}}],"collection":[{"href":"https:\/\/www.univ-mosta.dz\/medecine\/wp-json\/wp\/v2\/pages"}],"about":[{"href":"https:\/\/www.univ-mosta.dz\/medecine\/wp-json\/wp\/v2\/types\/page"}],"author":[{"embeddable":true,"href":"https:\/\/www.univ-mosta.dz\/medecine\/wp-json\/wp\/v2\/users\/23"}],"replies":[{"embeddable":true,"href":"https:\/\/www.univ-mosta.dz\/medecine\/wp-json\/wp\/v2\/comments?post=126"}],"version-history":[{"count":39,"href":"https:\/\/www.univ-mosta.dz\/medecine\/wp-json\/wp\/v2\/pages\/126\/revisions"}],"predecessor-version":[{"id":4623,"href":"https:\/\/www.univ-mosta.dz\/medecine\/wp-json\/wp\/v2\/pages\/126\/revisions\/4623"}],"wp:attachment":[{"href":"https:\/\/www.univ-mosta.dz\/medecine\/wp-json\/wp\/v2\/media?parent=126"}],"curies":[{"name":"wp","href":"https:\/\/api.w.org\/{rel}","templated":true}]}}