{"id":1248,"date":"2022-02-03T09:02:44","date_gmt":"2022-02-03T08:02:44","guid":{"rendered":"https:\/\/www.univ-mosta.dz\/medecine\/?page_id=1248"},"modified":"2026-03-25T11:39:41","modified_gmt":"2026-03-25T10:39:41","slug":"presentation-du-centre","status":"publish","type":"page","link":"https:\/\/www.univ-mosta.dz\/medecine\/presentation-du-centre\/","title":{"rendered":"Pr\u00e9sentation du Centre"},"content":{"rendered":"\n<figure class=\"wp-block-image aligncenter size-full is-resized\"><img loading=\"lazy\" decoding=\"async\" width=\"558\" height=\"558\" src=\"http:\/\/www.univ-mosta.dz\/medecine\/wp-content\/uploads\/sites\/4\/2021\/12\/logo.png\" alt=\"\" class=\"wp-image-928\" style=\"width:400px;height:400px\" srcset=\"https:\/\/www.univ-mosta.dz\/medecine\/wp-content\/uploads\/sites\/4\/2021\/12\/logo.png 558w, https:\/\/www.univ-mosta.dz\/medecine\/wp-content\/uploads\/sites\/4\/2021\/12\/logo-300x300.png 300w, https:\/\/www.univ-mosta.dz\/medecine\/wp-content\/uploads\/sites\/4\/2021\/12\/logo-150x150.png 150w\" sizes=\"auto, (max-width: 558px) 100vw, 558px\" \/><\/figure>\n\n\n\n<p class=\"has-medium-font-size\" style=\"text-align:justify\">Le centre de simulation m\u00e9dicale de l\u2019UMAB est une structure innovante d\u2019enseignement et de recherche, qui offre des opportunit\u00e9s d\u2019apprentissage et d\u2019entra\u00eenement pour les \u00e9tudiants de m\u00e9decine. Son fonctionnement permet d\u2019am\u00e9liorer la qualit\u00e9 des pratiques professionnelles.<\/p>\n\n\n\n<p class=\"has-medium-font-size\" style=\"text-align:justify\">Les m\u00e9thodes p\u00e9dagogiques actives int\u00e9grant la simulation m\u00e9dicale assurent le d\u00e9veloppement des comp\u00e9tences pratiques des futurs praticiens de la sant\u00e9, sous la supervision d\u2019enseignants chercheurs de la facult\u00e9 de m\u00e9decine.<\/p>\n\n\n\n<p class=\"has-medium-font-size\" style=\"text-align:justify\">Le centre de simulation de la facult\u00e9 de m\u00e9decine dispose de 5 espaces de simulation haute-fid\u00e9lit\u00e9 enti\u00e8rement modulables et adaptables aux objectifs p\u00e9dagogiques des sc\u00e9nario, avec des simulateurs m\u00e9dicaux haute-fid\u00e9lit\u00e9 permettant la mise en situation des apprenants et le d\u00e9briefing ; 3 espaces&nbsp; avec stations d\u00e9di\u00e9s \u00e0 la simulation proc\u00e9durale basse fid\u00e9lit\u00e9 ; un espace est \u00e9galement d\u00e9di\u00e9 \u00e0 la simulation num\u00e9rique, \u00e0 la recherche et au d\u00e9veloppement de logiciels et d\u2019applications \u00e0 l\u2019instar du logiciel d\u2019apprentissage de l\u2019auscultation pulmonaire et son \u00e9valuation dont l\u2019utilisation a \u00e9t\u00e9 valid\u00e9e par une \u00e9tude.<\/p>\n","protected":false},"excerpt":{"rendered":"<p>Le centre de simulation m\u00e9dicale de l\u2019UMAB est une structure innovante d\u2019enseignement et de recherche, qui offre des opportunit\u00e9s d\u2019apprentissage et d\u2019entra\u00eenement pour les \u00e9tudiants de m\u00e9decine. Son fonctionnement permet &hellip;<\/p>\n","protected":false},"author":23,"featured_media":0,"parent":0,"menu_order":0,"comment_status":"closed","ping_status":"closed","template":"","meta":{"_coblocks_attr":"","_coblocks_dimensions":"","_coblocks_responsive_height":"","_coblocks_accordion_ie_support":"","footnotes":""},"class_list":["post-1248","page","type-page","status-publish","hentry"],"_links":{"self":[{"href":"https:\/\/www.univ-mosta.dz\/medecine\/wp-json\/wp\/v2\/pages\/1248","targetHints":{"allow":["GET"]}}],"collection":[{"href":"https:\/\/www.univ-mosta.dz\/medecine\/wp-json\/wp\/v2\/pages"}],"about":[{"href":"https:\/\/www.univ-mosta.dz\/medecine\/wp-json\/wp\/v2\/types\/page"}],"author":[{"embeddable":true,"href":"https:\/\/www.univ-mosta.dz\/medecine\/wp-json\/wp\/v2\/users\/23"}],"replies":[{"embeddable":true,"href":"https:\/\/www.univ-mosta.dz\/medecine\/wp-json\/wp\/v2\/comments?post=1248"}],"version-history":[{"count":4,"href":"https:\/\/www.univ-mosta.dz\/medecine\/wp-json\/wp\/v2\/pages\/1248\/revisions"}],"predecessor-version":[{"id":4308,"href":"https:\/\/www.univ-mosta.dz\/medecine\/wp-json\/wp\/v2\/pages\/1248\/revisions\/4308"}],"wp:attachment":[{"href":"https:\/\/www.univ-mosta.dz\/medecine\/wp-json\/wp\/v2\/media?parent=1248"}],"curies":[{"name":"wp","href":"https:\/\/api.w.org\/{rel}","templated":true}]}}