{"id":1187,"date":"2022-02-02T11:51:26","date_gmt":"2022-02-02T10:51:26","guid":{"rendered":"https:\/\/www.univ-mosta.dz\/medecine\/?page_id=1187"},"modified":"2022-02-02T11:57:49","modified_gmt":"2022-02-02T10:57:49","slug":"laboratoire-danatomie-2","status":"publish","type":"page","link":"https:\/\/www.univ-mosta.dz\/medecine\/laboratoire-danatomie-2\/","title":{"rendered":"Laboratoire d\u2019anatomie 2\u00e8me Ann\u00e9e"},"content":{"rendered":"\n<p class=\"has-text-align-center has-medium-font-size\">Assure les TP pour la 2<sup>\u00e8me<\/sup> ann\u00e9e, \u00e9quip\u00e9e en maquettes et pi\u00e8ces d\u2019anatomie.<\/p>\n\n\n\n<div aria-label=\"Collage Gallery\" class=\"wp-block-coblocks-gallery-collage alignwide is-style-tiled has-small-gutter\"><ul><\/ul><\/div>\n","protected":false},"excerpt":{"rendered":"<p>Assure les TP pour la 2\u00e8me ann\u00e9e, \u00e9quip\u00e9e en maquettes et pi\u00e8ces d\u2019anatomie.<\/p>\n","protected":false},"author":23,"featured_media":0,"parent":0,"menu_order":0,"comment_status":"closed","ping_status":"closed","template":"","meta":{"_coblocks_attr":"","_coblocks_dimensions":"","_coblocks_responsive_height":"","_coblocks_accordion_ie_support":"","footnotes":""},"class_list":["post-1187","page","type-page","status-publish","hentry"],"_links":{"self":[{"href":"https:\/\/www.univ-mosta.dz\/medecine\/wp-json\/wp\/v2\/pages\/1187","targetHints":{"allow":["GET"]}}],"collection":[{"href":"https:\/\/www.univ-mosta.dz\/medecine\/wp-json\/wp\/v2\/pages"}],"about":[{"href":"https:\/\/www.univ-mosta.dz\/medecine\/wp-json\/wp\/v2\/types\/page"}],"author":[{"embeddable":true,"href":"https:\/\/www.univ-mosta.dz\/medecine\/wp-json\/wp\/v2\/users\/23"}],"replies":[{"embeddable":true,"href":"https:\/\/www.univ-mosta.dz\/medecine\/wp-json\/wp\/v2\/comments?post=1187"}],"version-history":[{"count":3,"href":"https:\/\/www.univ-mosta.dz\/medecine\/wp-json\/wp\/v2\/pages\/1187\/revisions"}],"predecessor-version":[{"id":1201,"href":"https:\/\/www.univ-mosta.dz\/medecine\/wp-json\/wp\/v2\/pages\/1187\/revisions\/1201"}],"wp:attachment":[{"href":"https:\/\/www.univ-mosta.dz\/medecine\/wp-json\/wp\/v2\/media?parent=1187"}],"curies":[{"name":"wp","href":"https:\/\/api.w.org\/{rel}","templated":true}]}}