{"id":1152,"date":"2022-02-01T14:14:47","date_gmt":"2022-02-01T13:14:47","guid":{"rendered":"https:\/\/www.univ-mosta.dz\/medecine\/?page_id=1152"},"modified":"2026-03-23T12:07:10","modified_gmt":"2026-03-23T11:07:10","slug":"vice-doyens","status":"publish","type":"page","link":"https:\/\/www.univ-mosta.dz\/medecine\/vice-doyens\/","title":{"rendered":"Mot du Vice Doyen"},"content":{"rendered":"\n<div class=\"wp-block-columns is-layout-flex wp-container-core-columns-is-layout-9d6595d7 wp-block-columns-is-layout-flex\">\n<div class=\"wp-block-column is-layout-flow wp-block-column-is-layout-flow\" style=\"flex-basis:33.33%\">\n<div class=\"wp-block-media-text is-stacked-on-mobile\"><figure class=\"wp-block-media-text__media\"><img loading=\"lazy\" decoding=\"async\" width=\"100\" height=\"100\" src=\"http:\/\/www.univ-mosta.dz\/medecine\/wp-content\/uploads\/sites\/4\/2022\/02\/avatar_femme.png\" alt=\"\" class=\"wp-image-1234 size-full\" \/><\/figure><div class=\"wp-block-media-text__content\">\n<p><strong>Pr : <strong>BESTAOUI<\/strong> Samira<\/strong><\/p>\n<\/div><\/div>\n<\/div>\n\n\n\n<div class=\"wp-block-column is-layout-flow wp-block-column-is-layout-flow\" style=\"flex-basis:66.66%\">\n<h2 class=\"wp-block-heading\" id=\"vice-doyen-charge-de-la-post-graduation-de-la-recherche-scientifique-et-des-relations-exterieures\"><strong>Vice doyen charg\u00e9 de la post graduation, de la recherche scientifique et des relations ext\u00e9rieures<\/strong><\/h2>\n<\/div>\n<\/div>\n\n\n\n\n\n<div style=\"height:43px\" aria-hidden=\"true\" class=\"wp-block-spacer\"><\/div>\n\n\n\n<p>Ch\u00e8res cons\u0153urs, chers confr\u00e8res,<\/p>\n\n\n\n<p>Ch\u00e8res r\u00e9sidentes, chers r\u00e9sidents,<\/p>\n\n\n\n<p>Chers doctorants et jeunes chercheurs,<\/p>\n\n\n\n<p>La post-graduation est le c\u0153ur battant de notre Facult\u00e9. Elle repr\u00e9sente cette \u00e9tape charni\u00e8re o\u00f9 l&rsquo;\u00e9tudiant devient un expert, et o\u00f9 le savoir acad\u00e9mique se transforme en expertise clinique et scientifique au profit du patient et de la sant\u00e9 publique..<\/p>\n\n\n\n<p>En tant que Vice-Doyen charg\u00e9 de la post-graduation et de la recherche, ma mission, avec l&rsquo;appui de notre d\u00e9canat, s&rsquo;articule autour de trois axes prioritaires :<\/p>\n\n\n\n<ol class=\"wp-block-list\">\n<li><strong>L&rsquo;Excellence du R\u00e9sidanat<\/strong>\u00a0: Nous veillons \u00e0 la qualit\u00e9 de l&rsquo;encadrement au sein de nos services hospitaliers agr\u00e9\u00e9s. La validation de vos parcours de sp\u00e9cialit\u00e9 et le suivi rigoureux de vos formations sont nos garanties pour former les sp\u00e9cialistes de demain.<\/li>\n\n\n\n<li><strong>La Dynamique de Recherche<\/strong>\u00a0: \u00c0 travers nos laboratoires associ\u00e9s et nos \u00e9tablissements de sant\u00e9, nous vous encourageons \u00e0 porter vos travaux au-del\u00e0 de la th\u00e8se d&rsquo;exercice. L&rsquo;innovation m\u00e9dicale et les publications internationales seront les leviers du rayonnement de notre Facult\u00e9 \u00e0 l&rsquo;\u00e9chelle nationale.<\/li>\n<\/ol>\n\n\n\n<p>Nous sommes \u00e0 vos c\u00f4t\u00e9s pour vous accompagner dans la r\u00e9ussite de vos projets professionnels et scientifiques. Ensemble, nous perp\u00e9tuons la tradition d&rsquo;excellence de la m\u00e9decine alg\u00e9rienne<\/p>\n\n\n\n<div style=\"height:15px\" aria-hidden=\"true\" class=\"wp-block-spacer\"><\/div>\n\n\n\n<ul class=\"wp-block-list\">\n<li><strong>Service du suivi da la formation de post graduation<\/strong> (Mr : BENTAHAR Adda Hadj)<\/li>\n\n\n\n<li><strong>Service du suivi des activit\u00e9s des recherches <\/strong><\/li>\n\n\n\n<li><strong>Service de la coop\u00e9ration et des relations ext\u00e9rieures<\/strong> <\/li>\n<\/ul>\n\n\n\n\n","protected":false},"excerpt":{"rendered":"<p>Pr : BESTAOUI Samira Vice doyen charg\u00e9 de la post graduation, de la recherche scientifique et des relations ext\u00e9rieures Ch\u00e8res cons\u0153urs, chers confr\u00e8res, Ch\u00e8res r\u00e9sidentes, chers r\u00e9sidents, Chers doctorants et &hellip;<\/p>\n","protected":false},"author":23,"featured_media":0,"parent":0,"menu_order":0,"comment_status":"closed","ping_status":"closed","template":"","meta":{"_coblocks_attr":"","_coblocks_dimensions":"","_coblocks_responsive_height":"","_coblocks_accordion_ie_support":"","footnotes":""},"class_list":["post-1152","page","type-page","status-publish","hentry"],"_links":{"self":[{"href":"https:\/\/www.univ-mosta.dz\/medecine\/wp-json\/wp\/v2\/pages\/1152","targetHints":{"allow":["GET"]}}],"collection":[{"href":"https:\/\/www.univ-mosta.dz\/medecine\/wp-json\/wp\/v2\/pages"}],"about":[{"href":"https:\/\/www.univ-mosta.dz\/medecine\/wp-json\/wp\/v2\/types\/page"}],"author":[{"embeddable":true,"href":"https:\/\/www.univ-mosta.dz\/medecine\/wp-json\/wp\/v2\/users\/23"}],"replies":[{"embeddable":true,"href":"https:\/\/www.univ-mosta.dz\/medecine\/wp-json\/wp\/v2\/comments?post=1152"}],"version-history":[{"count":23,"href":"https:\/\/www.univ-mosta.dz\/medecine\/wp-json\/wp\/v2\/pages\/1152\/revisions"}],"predecessor-version":[{"id":4054,"href":"https:\/\/www.univ-mosta.dz\/medecine\/wp-json\/wp\/v2\/pages\/1152\/revisions\/4054"}],"wp:attachment":[{"href":"https:\/\/www.univ-mosta.dz\/medecine\/wp-json\/wp\/v2\/media?parent=1152"}],"curies":[{"name":"wp","href":"https:\/\/api.w.org\/{rel}","templated":true}]}}