{"id":485,"date":"2020-05-11T15:38:28","date_gmt":"2020-05-11T13:38:28","guid":{"rendered":"http:\/\/www.univ-mosta.dz\/lsamh\/?page_id=485"},"modified":"2020-05-11T15:51:56","modified_gmt":"2020-05-11T13:51:56","slug":"news-2","status":"publish","type":"page","link":"https:\/\/www.univ-mosta.dz\/lsamh\/news-2\/","title":{"rendered":"News :  E-Learning \u2013 Avis aux \u00e9tudiants"},"content":{"rendered":"<h1 class=\"single-post-title\"><span class=\"post-title\"><a href=\"https:\/\/www.univ-mosta.dz\/e-learning-avis-aux-etudiants\/\">E-Learning<\/a><br \/>\n<\/span><\/h1>\n<div class=\"row vc_row wpb_row vc_row-fluid\">\n<div class=\"bs-vc-wrapper\">\n<div class=\"wpb_column bs-vc-column vc_column_container vc_col-sm-12\">\n<div class=\"bs-vc-wrapper wpb_wrapper\">\n<div class=\"wpb_text_column wpb_content_element  bs-vc-block\">\n<div class=\"wpb_wrapper\">\n<p>Nous rappelons \u00e0 nos \u00e9tudiants que les trois op\u00e9rateurs de t\u00e9l\u00e9phonie mobile (Mobilis, Djezzy et Ooredoo) offrent un acc\u00e8s gratuit \u00e0 notre plateforme de t\u00e9l\u00e9-enseignement \u00e0 partir du lien suivant :<\/p>\n<p><a href=\"http:\/\/elearning-mesrs.cerist.dz\/\">http:\/\/elearning-mesrs.cerist.dz\/<\/a><\/p>\n<\/div>\n<\/div>\n<\/div>\n<\/div>\n<\/div>\n<\/div>\n","protected":false},"excerpt":{"rendered":"<p>E-Learning Nous rappelons \u00e0 nos \u00e9tudiants que les trois op\u00e9rateurs de t\u00e9l\u00e9phonie mobile (Mobilis, Djezzy et Ooredoo) offrent un acc\u00e8s gratuit \u00e0 notre plateforme de t\u00e9l\u00e9-enseignement \u00e0 partir du lien &hellip;<\/p>\n","protected":false},"author":8,"featured_media":0,"parent":0,"menu_order":0,"comment_status":"closed","ping_status":"closed","template":"","meta":{"_coblocks_attr":"","_coblocks_dimensions":"","_coblocks_responsive_height":"","_coblocks_accordion_ie_support":"","footnotes":""},"class_list":["post-485","page","type-page","status-publish","hentry"],"_links":{"self":[{"href":"https:\/\/www.univ-mosta.dz\/lsamh\/wp-json\/wp\/v2\/pages\/485","targetHints":{"allow":["GET"]}}],"collection":[{"href":"https:\/\/www.univ-mosta.dz\/lsamh\/wp-json\/wp\/v2\/pages"}],"about":[{"href":"https:\/\/www.univ-mosta.dz\/lsamh\/wp-json\/wp\/v2\/types\/page"}],"author":[{"embeddable":true,"href":"https:\/\/www.univ-mosta.dz\/lsamh\/wp-json\/wp\/v2\/users\/8"}],"replies":[{"embeddable":true,"href":"https:\/\/www.univ-mosta.dz\/lsamh\/wp-json\/wp\/v2\/comments?post=485"}],"version-history":[{"count":3,"href":"https:\/\/www.univ-mosta.dz\/lsamh\/wp-json\/wp\/v2\/pages\/485\/revisions"}],"predecessor-version":[{"id":487,"href":"https:\/\/www.univ-mosta.dz\/lsamh\/wp-json\/wp\/v2\/pages\/485\/revisions\/487"}],"wp:attachment":[{"href":"https:\/\/www.univ-mosta.dz\/lsamh\/wp-json\/wp\/v2\/media?parent=485"}],"curies":[{"name":"wp","href":"https:\/\/api.w.org\/{rel}","templated":true}]}}