{"id":26,"date":"2018-11-14T18:52:51","date_gmt":"2018-11-14T17:52:51","guid":{"rendered":"http:\/\/www.univ-mosta.dz\/lsamh\/?page_id=26"},"modified":"2023-06-17T08:38:19","modified_gmt":"2023-06-17T06:38:19","slug":"biometrie-et-anthropometrie-appliquee-au-aps","status":"publish","type":"page","link":"https:\/\/www.univ-mosta.dz\/lsamh\/biometrie-et-anthropometrie-appliquee-au-aps\/","title":{"rendered":"Biom\u00e9trie et anthropom\u00e9trie appliqu\u00e9e aux APS"},"content":{"rendered":"<h3>\u00c9quipe 4\u00a0:\u00a0Biom\u00e9trie et anthropom\u00e9trie appliqu\u00e9e aux APS<\/h3>\n<h3>(Code\u00a0: W0872804)<\/h3>\n<ul style=\"list-style-type: square\">\n<li>\n<h4>Chef d\u2019\u00e9quipe : Pr Nacer Abdelkader<\/h4>\n<\/li>\n<\/ul>\n<p><span style=\"color: #ff0000\"><strong>Mail\u00a0:<\/strong><\/span> <a href=\"mailto:abdelkader.naceur@univ-mosta.dz\">abdelkader.naceur@univ-mosta.dz<\/a><\/p>\n<p>Dirig\u00e9e par le Pr Nacer Abdelkader, cette \u00e9quipe s\u2019attelle \u00e0 explorer la mesure des caract\u00e9ristiques morphologiques uniques d\u2019un individu. Cette technologie de pointe\u00a0est devenue en quelques ann\u00e9es le moyen le plus fiable d\u2019identification d\u2019une personne.<\/p>\n<p>A l\u2019heure actuelle, l\u2019empreinte digitale est la solution biom\u00e9trique la plus r\u00e9pandue et la plus connue du grand public mais ce n\u2019est pas la seule.<\/p>\n<p>En effet, la biom\u00e9trie et donc l\u2019analyse morphologique des caract\u00e8res uniques d\u2019une personne, peuvent s\u2019effectuer avec les empreintes digitales, l\u2019iris, les r\u00e9seaux veineux ou encore la morphologie de la main ou du corps en sport (tels que les Morphotypes des sportifs).<\/p>\n<p>Les Membres<\/p>\n<table style=\"height: 490px;width: 84.7626%\" border=\"1\" width=\"725\">\n<tbody>\n<tr style=\"height: 27px\">\n<td style=\"width: 57.0028%;height: 27px\">Enseignant<\/td>\n<td style=\"width: 41.8768%;height: 27px\">Curriculum Vitae\u00a0 (CV)<\/td>\n<\/tr>\n<tr style=\"height: 52px\">\n<td style=\"width: 57.0028%;height: 52px\">Pr. Nacer Abdelkader(UMAB)<\/td>\n<td style=\"width: 41.8768%;height: 52px\"><a href=\"http:\/\/www.univ-mosta.dz\/lsamh\/wp-content\/uploads\/sites\/15\/2019\/04\/cv-remaoun-1.pdf\" target=\"_blank\" rel=\"noopener noreferrer\"><img loading=\"lazy\" decoding=\"async\" class=\"alignleft wp-image-101\" src=\"http:\/\/www.univ-mosta.dz\/lsamh\/wp-content\/uploads\/sites\/15\/2018\/11\/gopuonline-how-to-download-and-play-pokemon-go-without-virus-01-300x95.png\" alt=\"\" width=\"97\" height=\"31\" srcset=\"https:\/\/www.univ-mosta.dz\/lsamh\/wp-content\/uploads\/sites\/15\/2018\/11\/gopuonline-how-to-download-and-play-pokemon-go-without-virus-01-300x95.png 300w, https:\/\/www.univ-mosta.dz\/lsamh\/wp-content\/uploads\/sites\/15\/2018\/11\/gopuonline-how-to-download-and-play-pokemon-go-without-virus-01-768x244.png 768w, https:\/\/www.univ-mosta.dz\/lsamh\/wp-content\/uploads\/sites\/15\/2018\/11\/gopuonline-how-to-download-and-play-pokemon-go-without-virus-01.png 919w\" sizes=\"auto, (max-width: 97px) 100vw, 97px\" \/><\/a><\/td>\n<\/tr>\n<tr style=\"height: 52px\">\n<td style=\"width: 57.0028%;height: 52px\">Dr Bentata kada (UMAB)<\/td>\n<td style=\"width: 41.8768%;height: 52px\"><\/td>\n<\/tr>\n<tr style=\"height: 52px\">\n<td style=\"width: 57.0028%;height: 52px\">Pr. Mahieddine djamel \u00a0Salim (Univ-El -Bayad)<\/td>\n<td style=\"width: 41.8768%;height: 52px\"><a href=\"http:\/\/www.univ-mosta.dz\/lsamh\/wp-content\/uploads\/sites\/15\/2019\/04\/CV-maheddine-BIOMETRIE.pdf\"><img loading=\"lazy\" decoding=\"async\" class=\"alignleft wp-image-101\" src=\"http:\/\/www.univ-mosta.dz\/lsamh\/wp-content\/uploads\/sites\/15\/2018\/11\/gopuonline-how-to-download-and-play-pokemon-go-without-virus-01-300x95.png\" alt=\"\" width=\"97\" height=\"31\" srcset=\"https:\/\/www.univ-mosta.dz\/lsamh\/wp-content\/uploads\/sites\/15\/2018\/11\/gopuonline-how-to-download-and-play-pokemon-go-without-virus-01-300x95.png 300w, https:\/\/www.univ-mosta.dz\/lsamh\/wp-content\/uploads\/sites\/15\/2018\/11\/gopuonline-how-to-download-and-play-pokemon-go-without-virus-01-768x244.png 768w, https:\/\/www.univ-mosta.dz\/lsamh\/wp-content\/uploads\/sites\/15\/2018\/11\/gopuonline-how-to-download-and-play-pokemon-go-without-virus-01.png 919w\" sizes=\"auto, (max-width: 97px) 100vw, 97px\" \/><\/a><\/td>\n<\/tr>\n<tr style=\"height: 52px\">\n<td style=\"width: 57.0028%;height: 52px\"><\/td>\n<td style=\"width: 41.8768%;height: 52px\"><\/td>\n<\/tr>\n<tr style=\"height: 255px\">\n<td style=\"width: 57.0028%;height: 255px\"><strong>Doctorants<\/strong><\/p>\n<p>Mr.Yachkour\u00a0 Abdenour (Doctorant-UMAB)<\/p>\n<p>Mr Belahcel hadj (Doctorant APA-UMAB)<\/p>\n<p>Mme Mammeri Maroua (Doctorante APA-UMAB)<\/p>\n<p>Mr GUERRA lotfi (Doctorant APA-UMAB)<\/td>\n<td style=\"width: 41.8768%;height: 255px\"><\/td>\n<\/tr>\n<\/tbody>\n<\/table>\n","protected":false},"excerpt":{"rendered":"<p>\u00c9quipe 4\u00a0:\u00a0Biom\u00e9trie et anthropom\u00e9trie appliqu\u00e9e aux APS (Code\u00a0: W0872804) Chef d\u2019\u00e9quipe : Pr Nacer Abdelkader Mail\u00a0: abdelkader.naceur@univ-mosta.dz Dirig\u00e9e par le Pr Nacer Abdelkader, cette \u00e9quipe s\u2019attelle \u00e0 explorer la mesure &hellip;<\/p>\n","protected":false},"author":1,"featured_media":0,"parent":0,"menu_order":0,"comment_status":"closed","ping_status":"closed","template":"","meta":{"_coblocks_attr":"","_coblocks_dimensions":"","_coblocks_responsive_height":"","_coblocks_accordion_ie_support":"","footnotes":""},"class_list":["post-26","page","type-page","status-publish","hentry"],"_links":{"self":[{"href":"https:\/\/www.univ-mosta.dz\/lsamh\/wp-json\/wp\/v2\/pages\/26","targetHints":{"allow":["GET"]}}],"collection":[{"href":"https:\/\/www.univ-mosta.dz\/lsamh\/wp-json\/wp\/v2\/pages"}],"about":[{"href":"https:\/\/www.univ-mosta.dz\/lsamh\/wp-json\/wp\/v2\/types\/page"}],"author":[{"embeddable":true,"href":"https:\/\/www.univ-mosta.dz\/lsamh\/wp-json\/wp\/v2\/users\/1"}],"replies":[{"embeddable":true,"href":"https:\/\/www.univ-mosta.dz\/lsamh\/wp-json\/wp\/v2\/comments?post=26"}],"version-history":[{"count":17,"href":"https:\/\/www.univ-mosta.dz\/lsamh\/wp-json\/wp\/v2\/pages\/26\/revisions"}],"predecessor-version":[{"id":647,"href":"https:\/\/www.univ-mosta.dz\/lsamh\/wp-json\/wp\/v2\/pages\/26\/revisions\/647"}],"wp:attachment":[{"href":"https:\/\/www.univ-mosta.dz\/lsamh\/wp-json\/wp\/v2\/media?parent=26"}],"curies":[{"name":"wp","href":"https:\/\/api.w.org\/{rel}","templated":true}]}}