{"id":24,"date":"2018-11-14T18:51:21","date_gmt":"2018-11-14T17:51:21","guid":{"rendered":"http:\/\/www.univ-mosta.dz\/lsamh\/?page_id=24"},"modified":"2023-06-17T08:24:41","modified_gmt":"2023-06-17T06:24:41","slug":"biomecanique-et-cinematique-appliquee-au-mouvement-et-au-geste-sportif","status":"publish","type":"page","link":"https:\/\/www.univ-mosta.dz\/lsamh\/biomecanique-et-cinematique-appliquee-au-mouvement-et-au-geste-sportif\/","title":{"rendered":"Biom\u00e9canique et cin\u00e9matique appliqu\u00e9e au mouvement et au geste sportif"},"content":{"rendered":"<h3>\u00c9quipe 3\u00a0: <em>Biom\u00e9canique\u00a0 et Cin\u00e9matique Appliqu\u00e9e au <\/em><em>Mouvement et geste\u00a0 sportif<\/em> \u00a0\u00a0(Code\u00a0: W0872803)<\/h3>\n<ul style=\"list-style-type: square\">\n<li>\u00a0Responsable de l\u2019\u00e9quipe: Dr Madani Reguig<\/li>\n<\/ul>\n<p><strong><span style=\"color: #ff0000\">Mail\u00a0:<\/span><\/strong> <a href=\"mailto:Ahmed.ahcene@univ-mosta.dz\">madani.reguieg@univ-mosta.dz<\/a><\/p>\n<p>Institut d\u2019\u00e9ducation physique et Sportive -UMAB<\/p>\n<p><strong>\u00a0<\/strong>Dirig\u00e9e par le Dr Madani Reguig\u00a0 <strong>,<\/strong>cette \u00e9quipe \u00e0 pour but d\u2019\u00e9tudier principalement:<\/p>\n<p>Le corps humain est une structure constitu\u00e9 de plusieurs syst\u00e8mes\u00a0dont les muscles sont les moteurs internes qui permettent le mouvement. Cette structure est dirig\u00e9e par , le syst\u00e8me nerveux central \u00a0\u00e0 savoir le cerveau, le cervelet et le tronc c\u00e9r\u00e9bral\u00a0\u00a0 ainsi que par la La moelle \u00e9pini\u00e8re. Voila pourquoi l\u2019utilisation des connaissances et des exp\u00e9riences de diff\u00e9rentes disciplines scientifiques est n\u00e9cessaire \u00e0 sa totale compr\u00e9hension.<\/p>\n<p>Les applications de la biom\u00e9canique se d\u00e9veloppent et s\u2019\u00e9largissent constamment, car toute l\u2019activit\u00e9 humaine est pratiquement li\u00e9e \u00e0 l\u2019interaction m\u00e9canique entre le corps et le milieu dans lequel il \u00e9volue. Parmi les diff\u00e9rentes applications de la biom\u00e9canique, il s av\u00e8re\u00a0 n\u00e9cessaire \u00a0de citer l\u2019\u00e9tude de la locomotion, l\u2019am\u00e9lioration de la performance sportive, ainsi que\u00a0 la conception d\u2019\u00e9quipements sportifs.<\/p>\n<ul style=\"list-style-type: square\">\n<li>Les\u00a0 Membres:<\/li>\n<\/ul>\n<table style=\"height: 659px;width: 103.862%\" border=\"1\" width=\"793\">\n<tbody>\n<tr style=\"height: 10px\">\n<td style=\"width: 61.9537%;height: 10px\">Enseignants<\/td>\n<td style=\"width: 37.018%;height: 10px\">Curriculum Vitae\u00a0 (CV)<\/td>\n<\/tr>\n<tr style=\"height: 40px\">\n<td style=\"width: 61.9537%;height: 40px\">Dr.Reguig Madani(UMAB)<\/td>\n<td style=\"width: 37.018%;height: 40px\"><a href=\"http:\/\/www.univ-mosta.dz\/lsamh\/wp-content\/uploads\/sites\/15\/2019\/04\/CV-Europass-20180629-Djedid-FR4.pdf\" target=\"_blank\" rel=\"noopener noreferrer\"><img loading=\"lazy\" decoding=\"async\" class=\"alignleft wp-image-101\" src=\"http:\/\/www.univ-mosta.dz\/lsamh\/wp-content\/uploads\/sites\/15\/2018\/11\/gopuonline-how-to-download-and-play-pokemon-go-without-virus-01-300x95.png\" alt=\"\" width=\"97\" height=\"31\" srcset=\"https:\/\/www.univ-mosta.dz\/lsamh\/wp-content\/uploads\/sites\/15\/2018\/11\/gopuonline-how-to-download-and-play-pokemon-go-without-virus-01-300x95.png 300w, https:\/\/www.univ-mosta.dz\/lsamh\/wp-content\/uploads\/sites\/15\/2018\/11\/gopuonline-how-to-download-and-play-pokemon-go-without-virus-01-768x244.png 768w, https:\/\/www.univ-mosta.dz\/lsamh\/wp-content\/uploads\/sites\/15\/2018\/11\/gopuonline-how-to-download-and-play-pokemon-go-without-virus-01.png 919w\" sizes=\"auto, (max-width: 97px) 100vw, 97px\" \/><\/a><\/td>\n<\/tr>\n<tr style=\"height: 50px\">\n<td style=\"width: 61.9537%;height: 50px\">Djedid Abderahmane (UMAB)<\/td>\n<td style=\"width: 37.018%;height: 50px\"><a href=\"http:\/\/www.univ-mosta.dz\/lsamh\/wp-content\/uploads\/sites\/15\/2019\/04\/cv-madani.pdf\"><img loading=\"lazy\" decoding=\"async\" class=\"alignleft wp-image-101\" src=\"http:\/\/www.univ-mosta.dz\/lsamh\/wp-content\/uploads\/sites\/15\/2018\/11\/gopuonline-how-to-download-and-play-pokemon-go-without-virus-01-300x95.png\" alt=\"\" width=\"97\" height=\"31\" srcset=\"https:\/\/www.univ-mosta.dz\/lsamh\/wp-content\/uploads\/sites\/15\/2018\/11\/gopuonline-how-to-download-and-play-pokemon-go-without-virus-01-300x95.png 300w, https:\/\/www.univ-mosta.dz\/lsamh\/wp-content\/uploads\/sites\/15\/2018\/11\/gopuonline-how-to-download-and-play-pokemon-go-without-virus-01-768x244.png 768w, https:\/\/www.univ-mosta.dz\/lsamh\/wp-content\/uploads\/sites\/15\/2018\/11\/gopuonline-how-to-download-and-play-pokemon-go-without-virus-01.png 919w\" sizes=\"auto, (max-width: 97px) 100vw, 97px\" \/><\/a><\/td>\n<\/tr>\n<tr style=\"height: 66px\">\n<td style=\"width: 61.9537%;height: 73px\">Dr Daho benyoucef (UMAB)<\/p>\n<p>Dr Si-Merabet Sahraoui (inspecteur en EPS)<\/p>\n<p>Dr Bessenouci hadj ahmed islam (Univ-Chlef)<\/td>\n<td style=\"width: 37.018%;height: 73px\"><\/td>\n<\/tr>\n<tr style=\"height: 43px\">\n<td style=\"width: 61.9537%;height: 43px\">Doctorants<\/td>\n<td style=\"width: 37.018%;height: 43px\"><\/td>\n<\/tr>\n<tr style=\"height: 66px\">\n<td style=\"width: 61.9537%;height: 66px\"><strong>Mr Tedj Mohamed ( Doctorant APA-UMAB)<\/strong><\/p>\n<p><strong>Mr ABDELLATIF Said (Doctorant EPS-UMAB)<\/strong><\/p>\n<p><strong>Mr Dif Alla<\/strong><strong>h <\/strong><strong>IMED (Doctorant EPS-UMAB)<\/strong><\/p>\n<h3><strong>Mr Harbouche Mohamed (Doctorant EPS-UMAB)<\/strong><\/h3>\n<h3><strong>Mr Hamidi A<\/strong><\/h3>\n<h3><strong>Mr Boussad M<\/strong><\/h3>\n<\/td>\n<td style=\"width: 37.018%;height: 66px\"><\/td>\n<\/tr>\n<\/tbody>\n<\/table>\n","protected":false},"excerpt":{"rendered":"<p>\u00c9quipe 3\u00a0: Biom\u00e9canique\u00a0 et Cin\u00e9matique Appliqu\u00e9e au Mouvement et geste\u00a0 sportif \u00a0\u00a0(Code\u00a0: W0872803) \u00a0Responsable de l\u2019\u00e9quipe: Dr Madani Reguig Mail\u00a0: madani.reguieg@univ-mosta.dz Institut d\u2019\u00e9ducation physique et Sportive -UMAB \u00a0Dirig\u00e9e par le &hellip;<\/p>\n","protected":false},"author":1,"featured_media":0,"parent":0,"menu_order":0,"comment_status":"closed","ping_status":"closed","template":"","meta":{"_coblocks_attr":"","_coblocks_dimensions":"","_coblocks_responsive_height":"","_coblocks_accordion_ie_support":"","footnotes":""},"class_list":["post-24","page","type-page","status-publish","hentry"],"_links":{"self":[{"href":"https:\/\/www.univ-mosta.dz\/lsamh\/wp-json\/wp\/v2\/pages\/24","targetHints":{"allow":["GET"]}}],"collection":[{"href":"https:\/\/www.univ-mosta.dz\/lsamh\/wp-json\/wp\/v2\/pages"}],"about":[{"href":"https:\/\/www.univ-mosta.dz\/lsamh\/wp-json\/wp\/v2\/types\/page"}],"author":[{"embeddable":true,"href":"https:\/\/www.univ-mosta.dz\/lsamh\/wp-json\/wp\/v2\/users\/1"}],"replies":[{"embeddable":true,"href":"https:\/\/www.univ-mosta.dz\/lsamh\/wp-json\/wp\/v2\/comments?post=24"}],"version-history":[{"count":14,"href":"https:\/\/www.univ-mosta.dz\/lsamh\/wp-json\/wp\/v2\/pages\/24\/revisions"}],"predecessor-version":[{"id":636,"href":"https:\/\/www.univ-mosta.dz\/lsamh\/wp-json\/wp\/v2\/pages\/24\/revisions\/636"}],"wp:attachment":[{"href":"https:\/\/www.univ-mosta.dz\/lsamh\/wp-json\/wp\/v2\/media?parent=24"}],"curies":[{"name":"wp","href":"https:\/\/api.w.org\/{rel}","templated":true}]}}