{"id":22,"date":"2018-11-14T18:48:34","date_gmt":"2018-11-14T17:48:34","guid":{"rendered":"http:\/\/www.univ-mosta.dz\/lsamh\/?page_id=22"},"modified":"2023-06-17T07:43:42","modified_gmt":"2023-06-17T05:43:42","slug":"psychologie-et-conduites-motrices-appliquees-aux-aps","status":"publish","type":"page","link":"https:\/\/www.univ-mosta.dz\/lsamh\/psychologie-et-conduites-motrices-appliquees-aux-aps\/","title":{"rendered":"Psychologie et Conduites Motrices appliqu\u00e9es aux APS"},"content":{"rendered":"<h3><strong>\u00c9quipe 2\u00a0: <em>Psychologie et Conduites Motrices Appliqu\u00e9es aux APS<\/em>\u00a0 (Code\u00a0: W0872802<\/strong>)<\/h3>\n<p>Cette \u00e9quipe analyse les d\u00e9terminants psychologiques des conduites motrices appliqu\u00e9es aux activit\u00e9s physiques et sportives telles que la Motivation, le Stress, les processus mentaux (la prise de d\u00e9cisions, la perception visuelle ; le traitement des informations visuelles), ainsi que l\u2019apport des nouvelles technologies dans le cadre de l\u2019optimisation des performances motrices et psychologiques.<\/p>\n<p>Par ailleurs, des travaux sur la d\u00e9tection, la s\u00e9lection et l\u2019orientation \u00a0des jeunes talents \u00e0 partir du scolaire sont engag\u00e9s ainsi que des travaux sur les r\u00e9f\u00e9rentiels des comp\u00e9tences et les curricula qui sont des moyens d\u2019optimisation des nouvelles approches p\u00e9dagogiques.<\/p>\n<table style=\"height: 930px;width: 96.7561%;border-collapse: collapse;border-style: groove\" border=\"1\">\n<tbody>\n<tr style=\"height: 42px\">\n<td style=\"width: 50.2183%;height: 33px;text-align: center\"><span style=\"color: #0000ff\">Enseignant<\/span><\/td>\n<td style=\"width: 215.898%;height: 33px;text-align: center\"><span style=\"color: #0000ff\">Curriculum Vitae\u00a0 (CV)<br \/>\n<\/span><\/td>\n<\/tr>\n<tr style=\"height: 42px\">\n<td style=\"width: 50.2183%;height: 10px\">Pr.Sebbane Mohamed<\/td>\n<td style=\"width: 215.898%;height: 10px\"><a href=\"http:\/\/www.univ-mosta.dz\/lsamh\/wp-content\/uploads\/sites\/15\/2019\/04\/cv-Pr-SEBBANE-Mohammed-STAPS.pdf\" target=\"_blank\" rel=\"noopener noreferrer\"><img loading=\"lazy\" decoding=\"async\" class=\"alignleft wp-image-101\" src=\"http:\/\/www.univ-mosta.dz\/lsamh\/wp-content\/uploads\/sites\/15\/2018\/11\/gopuonline-how-to-download-and-play-pokemon-go-without-virus-01-300x95.png\" alt=\"\" width=\"97\" height=\"31\" srcset=\"https:\/\/www.univ-mosta.dz\/lsamh\/wp-content\/uploads\/sites\/15\/2018\/11\/gopuonline-how-to-download-and-play-pokemon-go-without-virus-01-300x95.png 300w, https:\/\/www.univ-mosta.dz\/lsamh\/wp-content\/uploads\/sites\/15\/2018\/11\/gopuonline-how-to-download-and-play-pokemon-go-without-virus-01-768x244.png 768w, https:\/\/www.univ-mosta.dz\/lsamh\/wp-content\/uploads\/sites\/15\/2018\/11\/gopuonline-how-to-download-and-play-pokemon-go-without-virus-01.png 919w\" sizes=\"auto, (max-width: 97px) 100vw, 97px\" \/><\/a><\/td>\n<\/tr>\n<tr style=\"height: 42px\">\n<td style=\"width: 50.2183%;height: 42px\">Pr Harchaoui Youcef<\/td>\n<td style=\"width: 215.898%;height: 42px\"><img loading=\"lazy\" decoding=\"async\" class=\"alignleft wp-image-101\" src=\"http:\/\/www.univ-mosta.dz\/lsamh\/wp-content\/uploads\/sites\/15\/2018\/11\/gopuonline-how-to-download-and-play-pokemon-go-without-virus-01-300x95.png\" alt=\"\" width=\"97\" height=\"31\" srcset=\"https:\/\/www.univ-mosta.dz\/lsamh\/wp-content\/uploads\/sites\/15\/2018\/11\/gopuonline-how-to-download-and-play-pokemon-go-without-virus-01-300x95.png 300w, https:\/\/www.univ-mosta.dz\/lsamh\/wp-content\/uploads\/sites\/15\/2018\/11\/gopuonline-how-to-download-and-play-pokemon-go-without-virus-01-768x244.png 768w, https:\/\/www.univ-mosta.dz\/lsamh\/wp-content\/uploads\/sites\/15\/2018\/11\/gopuonline-how-to-download-and-play-pokemon-go-without-virus-01.png 919w\" sizes=\"auto, (max-width: 97px) 100vw, 97px\" \/><\/td>\n<\/tr>\n<tr style=\"height: 42px\">\n<td style=\"width: 50.2183%;height: 42px\">Pr Boumesjed Abdelkader<\/td>\n<td style=\"width: 215.898%;height: 42px\"><a href=\"http:\/\/www.univ-mosta.dz\/lsamh\/wp-content\/uploads\/sites\/15\/2019\/01\/CV-A-Boumesjed.pdf\" target=\"_blank\" rel=\"noopener noreferrer\"><img loading=\"lazy\" decoding=\"async\" class=\"alignleft wp-image-101\" src=\"http:\/\/www.univ-mosta.dz\/lsamh\/wp-content\/uploads\/sites\/15\/2018\/11\/gopuonline-how-to-download-and-play-pokemon-go-without-virus-01-300x95.png\" alt=\"\" width=\"97\" height=\"31\" srcset=\"https:\/\/www.univ-mosta.dz\/lsamh\/wp-content\/uploads\/sites\/15\/2018\/11\/gopuonline-how-to-download-and-play-pokemon-go-without-virus-01-300x95.png 300w, https:\/\/www.univ-mosta.dz\/lsamh\/wp-content\/uploads\/sites\/15\/2018\/11\/gopuonline-how-to-download-and-play-pokemon-go-without-virus-01-768x244.png 768w, https:\/\/www.univ-mosta.dz\/lsamh\/wp-content\/uploads\/sites\/15\/2018\/11\/gopuonline-how-to-download-and-play-pokemon-go-without-virus-01.png 919w\" sizes=\"auto, (max-width: 97px) 100vw, 97px\" \/><\/a><\/td>\n<\/tr>\n<tr style=\"height: 42px\">\n<td style=\"width: 50.2183%;height: 42px\">Dr Abdedaim Adda<\/td>\n<td style=\"width: 215.898%;height: 42px\"><a href=\"http:\/\/www.univ-mosta.dz\/lsamh\/wp-content\/uploads\/sites\/15\/2019\/04\/CV-Abdeddaim.pdf\" target=\"_blank\" rel=\"noopener noreferrer\"><img loading=\"lazy\" decoding=\"async\" class=\"alignleft wp-image-101\" src=\"http:\/\/www.univ-mosta.dz\/lsamh\/wp-content\/uploads\/sites\/15\/2018\/11\/gopuonline-how-to-download-and-play-pokemon-go-without-virus-01-300x95.png\" alt=\"\" width=\"97\" height=\"31\" srcset=\"https:\/\/www.univ-mosta.dz\/lsamh\/wp-content\/uploads\/sites\/15\/2018\/11\/gopuonline-how-to-download-and-play-pokemon-go-without-virus-01-300x95.png 300w, https:\/\/www.univ-mosta.dz\/lsamh\/wp-content\/uploads\/sites\/15\/2018\/11\/gopuonline-how-to-download-and-play-pokemon-go-without-virus-01-768x244.png 768w, https:\/\/www.univ-mosta.dz\/lsamh\/wp-content\/uploads\/sites\/15\/2018\/11\/gopuonline-how-to-download-and-play-pokemon-go-without-virus-01.png 919w\" sizes=\"auto, (max-width: 97px) 100vw, 97px\" \/><\/a><\/td>\n<\/tr>\n<tr style=\"height: 42px\">\n<td style=\"width: 50.2183%;height: 42px\">Pr Zitouni Abdelkader (UMAB)<\/td>\n<td style=\"width: 215.898%;height: 42px\"><a href=\"http:\/\/www.univ-mosta.dz\/lsamh\/wp-content\/uploads\/sites\/15\/2019\/04\/CV-zitouni-PSY.pdf\" target=\"_blank\" rel=\"noopener noreferrer\"><img loading=\"lazy\" decoding=\"async\" class=\"alignleft wp-image-101\" src=\"http:\/\/www.univ-mosta.dz\/lsamh\/wp-content\/uploads\/sites\/15\/2018\/11\/gopuonline-how-to-download-and-play-pokemon-go-without-virus-01-300x95.png\" alt=\"\" width=\"97\" height=\"31\" srcset=\"https:\/\/www.univ-mosta.dz\/lsamh\/wp-content\/uploads\/sites\/15\/2018\/11\/gopuonline-how-to-download-and-play-pokemon-go-without-virus-01-300x95.png 300w, https:\/\/www.univ-mosta.dz\/lsamh\/wp-content\/uploads\/sites\/15\/2018\/11\/gopuonline-how-to-download-and-play-pokemon-go-without-virus-01-768x244.png 768w, https:\/\/www.univ-mosta.dz\/lsamh\/wp-content\/uploads\/sites\/15\/2018\/11\/gopuonline-how-to-download-and-play-pokemon-go-without-virus-01.png 919w\" sizes=\"auto, (max-width: 97px) 100vw, 97px\" \/><\/a><\/td>\n<\/tr>\n<tr style=\"height: 42px\">\n<td style=\"width: 50.2183%;height: 42px\">Pr Bensikaddour Habib (UMAB)<\/td>\n<td style=\"width: 215.898%;height: 42px\"><a href=\"http:\/\/www.univ-mosta.dz\/lsamh\/wp-content\/uploads\/sites\/15\/2019\/05\/cv1-bensikaddourh-2018.-ajour.pdf\" target=\"_blank\" rel=\"noopener noreferrer\"><img loading=\"lazy\" decoding=\"async\" class=\"alignleft wp-image-101\" src=\"http:\/\/www.univ-mosta.dz\/lsamh\/wp-content\/uploads\/sites\/15\/2018\/11\/gopuonline-how-to-download-and-play-pokemon-go-without-virus-01-300x95.png\" alt=\"\" width=\"97\" height=\"31\" srcset=\"https:\/\/www.univ-mosta.dz\/lsamh\/wp-content\/uploads\/sites\/15\/2018\/11\/gopuonline-how-to-download-and-play-pokemon-go-without-virus-01-300x95.png 300w, https:\/\/www.univ-mosta.dz\/lsamh\/wp-content\/uploads\/sites\/15\/2018\/11\/gopuonline-how-to-download-and-play-pokemon-go-without-virus-01-768x244.png 768w, https:\/\/www.univ-mosta.dz\/lsamh\/wp-content\/uploads\/sites\/15\/2018\/11\/gopuonline-how-to-download-and-play-pokemon-go-without-virus-01.png 919w\" sizes=\"auto, (max-width: 97px) 100vw, 97px\" \/><\/a><\/td>\n<\/tr>\n<tr style=\"height: 42px\">\n<td style=\"width: 50.2183%;height: 42px\">Dr Djebourri\u00a0 Benamar<\/td>\n<td style=\"width: 215.898%;height: 42px\"><a href=\"http:\/\/www.univ-mosta.dz\/lsamh\/wp-content\/uploads\/sites\/15\/2019\/04\/CV-Djebouri-PSY.pdf\" target=\"_blank\" rel=\"noopener noreferrer\"><img loading=\"lazy\" decoding=\"async\" class=\"alignleft wp-image-101\" src=\"http:\/\/www.univ-mosta.dz\/lsamh\/wp-content\/uploads\/sites\/15\/2018\/11\/gopuonline-how-to-download-and-play-pokemon-go-without-virus-01-300x95.png\" alt=\"\" width=\"97\" height=\"31\" srcset=\"https:\/\/www.univ-mosta.dz\/lsamh\/wp-content\/uploads\/sites\/15\/2018\/11\/gopuonline-how-to-download-and-play-pokemon-go-without-virus-01-300x95.png 300w, https:\/\/www.univ-mosta.dz\/lsamh\/wp-content\/uploads\/sites\/15\/2018\/11\/gopuonline-how-to-download-and-play-pokemon-go-without-virus-01-768x244.png 768w, https:\/\/www.univ-mosta.dz\/lsamh\/wp-content\/uploads\/sites\/15\/2018\/11\/gopuonline-how-to-download-and-play-pokemon-go-without-virus-01.png 919w\" sizes=\"auto, (max-width: 97px) 100vw, 97px\" \/><\/a><\/td>\n<\/tr>\n<tr style=\"height: 40px\">\n<td style=\"width: 50.2183%;height: 40px\">Dr.Bouaziz Mohamed<\/td>\n<td style=\"width: 215.898%;height: 40px\"><a href=\"http:\/\/www.univ-mosta.dz\/lsamh\/wp-content\/uploads\/sites\/15\/2019\/05\/CV_-bouaziz-Mohamed-1.doc\" target=\"_blank\" rel=\"noopener noreferrer\"><img loading=\"lazy\" decoding=\"async\" class=\"alignleft wp-image-101\" src=\"http:\/\/www.univ-mosta.dz\/lsamh\/wp-content\/uploads\/sites\/15\/2018\/11\/gopuonline-how-to-download-and-play-pokemon-go-without-virus-01-300x95.png\" alt=\"\" width=\"97\" height=\"31\" srcset=\"https:\/\/www.univ-mosta.dz\/lsamh\/wp-content\/uploads\/sites\/15\/2018\/11\/gopuonline-how-to-download-and-play-pokemon-go-without-virus-01-300x95.png 300w, https:\/\/www.univ-mosta.dz\/lsamh\/wp-content\/uploads\/sites\/15\/2018\/11\/gopuonline-how-to-download-and-play-pokemon-go-without-virus-01-768x244.png 768w, https:\/\/www.univ-mosta.dz\/lsamh\/wp-content\/uploads\/sites\/15\/2018\/11\/gopuonline-how-to-download-and-play-pokemon-go-without-virus-01.png 919w\" sizes=\"auto, (max-width: 97px) 100vw, 97px\" \/><\/a><\/td>\n<\/tr>\n<tr style=\"height: 42px\">\n<td style=\"width: 50.2183%;height: 42px\">Dr.kenioua Mouloud\u00a0 (univ-ouargla)<\/td>\n<td style=\"width: 215.898%;height: 42px\"><a href=\"http:\/\/www.univ-mosta.dz\/lsamh\/wp-content\/uploads\/sites\/15\/2019\/04\/CV-Kenioua-PSY.pdf\" target=\"_blank\" rel=\"noopener noreferrer\"><img loading=\"lazy\" decoding=\"async\" class=\"alignleft wp-image-101\" src=\"http:\/\/www.univ-mosta.dz\/lsamh\/wp-content\/uploads\/sites\/15\/2018\/11\/gopuonline-how-to-download-and-play-pokemon-go-without-virus-01-300x95.png\" alt=\"\" width=\"97\" height=\"31\" srcset=\"https:\/\/www.univ-mosta.dz\/lsamh\/wp-content\/uploads\/sites\/15\/2018\/11\/gopuonline-how-to-download-and-play-pokemon-go-without-virus-01-300x95.png 300w, https:\/\/www.univ-mosta.dz\/lsamh\/wp-content\/uploads\/sites\/15\/2018\/11\/gopuonline-how-to-download-and-play-pokemon-go-without-virus-01-768x244.png 768w, https:\/\/www.univ-mosta.dz\/lsamh\/wp-content\/uploads\/sites\/15\/2018\/11\/gopuonline-how-to-download-and-play-pokemon-go-without-virus-01.png 919w\" sizes=\"auto, (max-width: 97px) 100vw, 97px\" \/><\/a><\/td>\n<\/tr>\n<tr style=\"height: 42px\">\n<td style=\"width: 50.2183%;height: 42px\">Dr. kiboua Mounia (univ-blida3)<\/td>\n<td style=\"width: 215.898%;height: 42px\"><\/td>\n<\/tr>\n<tr style=\"height: 42px\">\n<td style=\"width: 50.2183%;height: 42px\">Pr keroum Mohamed arrab<\/td>\n<td style=\"width: 215.898%;height: 42px\"><\/td>\n<\/tr>\n<tr style=\"height: 42px\">\n<td style=\"width: 50.2183%;height: 42px\">Pr Ahcene Ahmed<\/td>\n<td style=\"width: 215.898%;height: 42px\">A<\/td>\n<\/tr>\n<tr style=\"height: 42px\">\n<td style=\"width: 50.2183%;height: 42px\"><\/td>\n<td style=\"width: 215.898%;height: 42px\"><\/td>\n<\/tr>\n<tr style=\"height: 42px\">\n<td style=\"width: 50.2183%;height: 42px\"><\/td>\n<td style=\"width: 215.898%;height: 42px\"><\/td>\n<\/tr>\n<tr style=\"height: 42px\">\n<td style=\"width: 50.2183%;height: 42px\"><\/td>\n<td style=\"width: 215.898%;height: 42px\"><\/td>\n<\/tr>\n<tr style=\"height: 42px\">\n<td style=\"width: 50.2183%;height: 42px\"><\/td>\n<td style=\"width: 215.898%;height: 42px\"><\/td>\n<\/tr>\n<tr style=\"height: 42px\">\n<td style=\"width: 50.2183%;height: 10px\"><\/td>\n<td style=\"width: 215.898%;height: 10px\"><\/td>\n<\/tr>\n<tr style=\"height: 42px\">\n<td style=\"width: 50.2183%;text-align: center;height: 42px\"><span style=\"color: #0000ff\">Doctorants<\/span><\/td>\n<td style=\"width: 215.898%;height: 42px\"><\/td>\n<\/tr>\n<tr style=\"height: 69px\">\n<td style=\"width: 50.2183%;height: 69px\">BENDREF Khaled<\/td>\n<td style=\"width: 215.898%;height: 69px\">bendrefbendref04@gmail.com<\/td>\n<\/tr>\n<tr style=\"height: 69px\">\n<td style=\"width: 50.2183%;height: 69px\">Aissa Naziha<\/td>\n<td style=\"width: 215.898%;height: 69px\">naziha.aissa.etu@univ-mosta.dz<\/td>\n<\/tr>\n<tr style=\"height: 69px\">\n<td style=\"width: 50.2183%;height: 69px\"><\/td>\n<td style=\"width: 215.898%;height: 69px\"><\/td>\n<\/tr>\n<\/tbody>\n<\/table>\n","protected":false},"excerpt":{"rendered":"<p>\u00c9quipe 2\u00a0: Psychologie et Conduites Motrices Appliqu\u00e9es aux APS\u00a0 (Code\u00a0: W0872802) Cette \u00e9quipe analyse les d\u00e9terminants psychologiques des conduites motrices appliqu\u00e9es aux activit\u00e9s physiques et sportives telles que la Motivation, &hellip;<\/p>\n","protected":false},"author":1,"featured_media":0,"parent":0,"menu_order":0,"comment_status":"closed","ping_status":"closed","template":"","meta":{"_coblocks_attr":"","_coblocks_dimensions":"","_coblocks_responsive_height":"","_coblocks_accordion_ie_support":"","footnotes":""},"class_list":["post-22","page","type-page","status-publish","hentry"],"_links":{"self":[{"href":"https:\/\/www.univ-mosta.dz\/lsamh\/wp-json\/wp\/v2\/pages\/22","targetHints":{"allow":["GET"]}}],"collection":[{"href":"https:\/\/www.univ-mosta.dz\/lsamh\/wp-json\/wp\/v2\/pages"}],"about":[{"href":"https:\/\/www.univ-mosta.dz\/lsamh\/wp-json\/wp\/v2\/types\/page"}],"author":[{"embeddable":true,"href":"https:\/\/www.univ-mosta.dz\/lsamh\/wp-json\/wp\/v2\/users\/1"}],"replies":[{"embeddable":true,"href":"https:\/\/www.univ-mosta.dz\/lsamh\/wp-json\/wp\/v2\/comments?post=22"}],"version-history":[{"count":34,"href":"https:\/\/www.univ-mosta.dz\/lsamh\/wp-json\/wp\/v2\/pages\/22\/revisions"}],"predecessor-version":[{"id":617,"href":"https:\/\/www.univ-mosta.dz\/lsamh\/wp-json\/wp\/v2\/pages\/22\/revisions\/617"}],"wp:attachment":[{"href":"https:\/\/www.univ-mosta.dz\/lsamh\/wp-json\/wp\/v2\/media?parent=22"}],"curies":[{"name":"wp","href":"https:\/\/api.w.org\/{rel}","templated":true}]}}