{"id":16,"date":"2018-11-14T18:43:24","date_gmt":"2018-11-14T17:43:24","guid":{"rendered":"http:\/\/www.univ-mosta.dz\/lsamh\/?page_id=16"},"modified":"2021-02-23T06:59:30","modified_gmt":"2021-02-23T05:59:30","slug":"presentation","status":"publish","type":"page","link":"https:\/\/www.univ-mosta.dz\/lsamh\/presentation\/","title":{"rendered":"Pr\u00e9sentation"},"content":{"rendered":"<p><span style=\"color: #ff0000\"><span style=\"color: #000000\">\u00a0<\/span><\/span>Le Laboratoire Sciences Appliqu\u00e9es au Mouvement Humain (LSAMH) m\u00e8ne une politique de recherche pluridisciplinaire. L\u2019originalit\u00e9 du Laboratoire SAMH reposer \u00e0 la fois sur sa capacit\u00e9 \u00e0 r\u00e9pondre, en mati\u00e8re d\u2019expertise et d\u2019accompagnement, aux besoins de l\u2019ensemble des acteurs du sport et de rapprocher le monde acad\u00e9mique de la demande sociale.<\/p>\n<p>V\u00e9ritables passerelles d\u00e9veloppant les \u00e9changes, le laboratoire SAMH constitue un p\u00f4le d\u2019excellence innovant d\u2019expertise, de formation et de recherche.<\/p>\n<p>En ce sens, la proximit\u00e9 des chercheurs rattach\u00e9s au Laboratoire SAMH\u00a0 avec le milieu universitaire, sportif et socio \u00e9conomique local est une valeur ajout\u00e9e d\u00e9terminante et une opportunit\u00e9 unique.<\/p>\n<p>Notre fonction et vocation est, former, accompagner et d\u00e9velopper par la recherche toutes les parties prenantes du sport tout en menant une politique de recherche d\u2019excellence par des approches transversales, pluridisciplinaires. Le Laboratoire SAMH constitue un lieu de d\u00e9bat et de r\u00e9flexion au sein duquel l\u2019ensemble des acteurs du sport pourra se rencontrer, partager et s\u2019enrichir mutuellement des diff\u00e9rentes visions rattach\u00e9es \u00e0 l\u2019\u00e9volution du sport et de l\u2019activit\u00e9 physique dans notre soci\u00e9t\u00e9.<\/p>\n<p>L\u2019interaction avec la soci\u00e9t\u00e9 est l&rsquo;un des principes fondateurs du Laboratoire SAMH, qui devra travailler notamment en collaboration \u00e9troite avec diff\u00e9rents partenaires socio-\u00e9conomique. Par ailleurs, de par sa transversalit\u00e9 et sa pluridisciplinarit\u00e9, le Laboratoire SAMH se propose de se mobiliser afin de r\u00e9pondre durablement aux attentes soci\u00e9tales et de contribuer \u00e0 leur d\u00e9veloppement et \u00e0 leur r\u00e9ussite.<\/p>\n<h3><span style=\"font-family: arial black, sans-serif\"><em>LE CONSEIL DU LABORATOIRE SAMH<\/em><\/span><\/h3>\n<p>&nbsp;<\/p>\n<p><em>Les Membres:<\/em><\/p>\n<p><em>Pr.\u00a0 Boudjema Bloufa (Responsable \u00e9quipe 1)<\/em><\/p>\n<p><em>Pr. SEBBANE Mohammed (Responsable \u00e9quipe 2)<\/em><\/p>\n<p><em>Dr. Madani Reguieg\u00a0\u00a0 (Responsable \u00e9quipe 3)<\/em><\/p>\n<p><em>Pr. Nacer Abdelkader ( Responsable Equipe \u00a04)<\/em><\/p>\n<p><em>Pr. Ahcene Ahmed\u00a0 (Responsable Equipe 5)<\/em><\/p>\n<p><em>Pr. Bensikaddour Habib (Chef Projet PRFU)<\/em><\/p>\n<p><em>Pr. Zitouni Abdelkader (Chef Projet PRFU \/ DOCTORAT)<\/em><\/p>\n","protected":false},"excerpt":{"rendered":"<p>\u00a0Le Laboratoire Sciences Appliqu\u00e9es au Mouvement Humain (LSAMH) m\u00e8ne une politique de recherche pluridisciplinaire. L\u2019originalit\u00e9 du Laboratoire SAMH reposer \u00e0 la fois sur sa capacit\u00e9 \u00e0 r\u00e9pondre, en mati\u00e8re d\u2019expertise &hellip;<\/p>\n","protected":false},"author":1,"featured_media":0,"parent":0,"menu_order":0,"comment_status":"closed","ping_status":"closed","template":"","meta":{"_coblocks_attr":"","_coblocks_dimensions":"","_coblocks_responsive_height":"","_coblocks_accordion_ie_support":"","footnotes":""},"class_list":["post-16","page","type-page","status-publish","hentry"],"_links":{"self":[{"href":"https:\/\/www.univ-mosta.dz\/lsamh\/wp-json\/wp\/v2\/pages\/16","targetHints":{"allow":["GET"]}}],"collection":[{"href":"https:\/\/www.univ-mosta.dz\/lsamh\/wp-json\/wp\/v2\/pages"}],"about":[{"href":"https:\/\/www.univ-mosta.dz\/lsamh\/wp-json\/wp\/v2\/types\/page"}],"author":[{"embeddable":true,"href":"https:\/\/www.univ-mosta.dz\/lsamh\/wp-json\/wp\/v2\/users\/1"}],"replies":[{"embeddable":true,"href":"https:\/\/www.univ-mosta.dz\/lsamh\/wp-json\/wp\/v2\/comments?post=16"}],"version-history":[{"count":8,"href":"https:\/\/www.univ-mosta.dz\/lsamh\/wp-json\/wp\/v2\/pages\/16\/revisions"}],"predecessor-version":[{"id":595,"href":"https:\/\/www.univ-mosta.dz\/lsamh\/wp-json\/wp\/v2\/pages\/16\/revisions\/595"}],"wp:attachment":[{"href":"https:\/\/www.univ-mosta.dz\/lsamh\/wp-json\/wp\/v2\/media?parent=16"}],"curies":[{"name":"wp","href":"https:\/\/api.w.org\/{rel}","templated":true}]}}