{"id":51,"date":"2018-12-17T12:18:29","date_gmt":"2018-12-17T11:18:29","guid":{"rendered":"http:\/\/www.univ-mosta.dz\/labopaps\/?page_id=51"},"modified":"2023-05-08T19:03:37","modified_gmt":"2023-05-08T17:03:37","slug":"accueil","status":"publish","type":"page","link":"https:\/\/www.univ-mosta.dz\/labopaps\/accueil\/","title":{"rendered":"Accueil"},"content":{"rendered":"<p>[vc_row content_placement=\u00a0\u00bbtop\u00a0\u00bb][vc_column][vc_column_text]Le laboratoire <a href=\"https:\/\/www.univ-mosta.dz\/labopaps\/\" rel=\"home\">Laboratoire optimisation des programmes d\u2019activit\u00e9 physique et sportive<\/a> (LABOPAPS) cr\u00e9e depuis le juillet 2000. il se donne comme objectif de mieux comprendre les processus d&rsquo;optimisation des processus d\u2019entra\u00eenement et le d\u00e9veloppement des programmes de sport et de fitness. Nos scientifiques du sport effectuent des recherches en formation appliqu\u00e9e, notamment en ce qui concerne la physiologie de sport ,la psychologie de sport,l&rsquo;activit\u00e9 physique adapter et inapplications des nouvelles technologie en sport de haut niveau.<br \/>\nLa Recherche et La consultation se fait en \u00e9troite collaboration avec le personnel de nos partenaires contractuels. Ceux-ci incluent une grande vari\u00e9t\u00e9 de soci\u00e9t\u00e9s, organisations et institutions des domaines du sport, de la sant\u00e9 .<\/p>\n<div class=\"entry-content clearfix\">\n<p>Notre r\u00f4le est de fournir des conseils scientifiquement fond\u00e9s dans le domaine de la formation scientifique.<\/p>\n<\/div>\n<p>Son activit\u00e9 est organis\u00e9e autour de 5 \u00e9quipes de recherche.<\/p>\n<ul>\n<li><a href=\"https:\/\/www.univ-mosta.dz\/labopaps\/equipe-n-01\/\">\u00c9quipe 1<\/a> :<span class=\"post-title h-text\">Entrainement sportif et la remise en forme\u00a0<\/span><\/li>\n<li><a href=\"https:\/\/www.univ-mosta.dz\/labopaps\/equipe-n-02\/\">\u00c9quipe 2<\/a> :Sciences et technologies appliques au sport &amp; \u00e9valuations des actes d\u2019enseignement et sant\u00e9<\/li>\n<li><a href=\"https:\/\/www.univ-mosta.dz\/labopaps\/equipe-n-03\/\">\u00c9quipe 3<\/a> :\u00a0Entrainement et pr\u00e9paration physique<\/li>\n<li><a href=\"https:\/\/www.univ-mosta.dz\/labopaps\/equipe-n-04\/\">\u00c9quipe 4<\/a> :<span class=\"post-title h-text\">Activit\u00e9 physique adapt\u00e9e &amp; Sant\u00e9<\/span><\/li>\n<li><a href=\"https:\/\/www.univ-mosta.dz\/labopaps\/equipe-n-04-2\/\">\u00c9quipe 5 :<\/a><span class=\"post-title h-text\">Physiologie du sport et de l\u2019exploration fonctionnelle\u00a0<\/span><\/li>\n<\/ul>\n<p>[\/vc_column_text][vc_single_image image=\u00a0\u00bb77&Prime; img_size=\u00a0\u00bblarge\u00a0\u00bb style=\u00a0\u00bbvc_box_border_circle_2&Prime; onclick=\u00a0\u00bbimg_link_large\u00a0\u00bb][\/vc_column][\/vc_row][vc_row][vc_column][vc_hoverbox image=\u00a0\u00bb254&Prime; primary_title=\u00a0\u00bb\u00a0\u00bb hover_title=\u00a0\u00bbDirecteur de laboratoire\u00a0\u00bb shape=\u00a0\u00bbround\u00a0\u00bb el_width=\u00a0\u00bb60&Prime;]<\/p>\n<div class=\"wpb_text_column wpb_content_element wpb_animate_when_almost_visible wpb_fadeIn fadeIn bs-vc-block wpb_start_animation animated\">\n<div class=\"wpb_wrapper\">\n<ul class=\"bs-shortcode-list list-style-check\">\n<li><strong>Directeur du laboratoire :\u00a0<\/strong><\/li>\n<li>Pr. Bendahmane\u00a0 Mohamed Nasreddine.<\/li>\n<li><strong>Mail\u00a0:<\/strong> <a href=\"nasreddine.bendahmane@univ-mosta.dz\">nasreddine.bendahmane@univ-mosta.dz\u00a0<\/a><\/li>\n<\/ul>\n<\/div>\n<\/div>\n<p>[\/vc_hoverbox][\/vc_column][\/vc_row]<\/p>\n","protected":false},"excerpt":{"rendered":"<p>[vc_row content_placement=\u00a0\u00bbtop\u00a0\u00bb][vc_column][vc_column_text]Le laboratoire Laboratoire optimisation des programmes d\u2019activit\u00e9 physique et sportive (LABOPAPS) cr\u00e9e depuis le juillet 2000. il se donne comme objectif de mieux comprendre les processus d&rsquo;optimisation des processus [&hellip;]<\/p>\n","protected":false},"author":1,"featured_media":0,"parent":0,"menu_order":0,"comment_status":"closed","ping_status":"closed","template":"","meta":{"_coblocks_attr":"","_coblocks_dimensions":"","_coblocks_responsive_height":"","_coblocks_accordion_ie_support":"","footnotes":""},"class_list":["post-51","page","type-page","status-publish","hentry"],"_links":{"self":[{"href":"https:\/\/www.univ-mosta.dz\/labopaps\/wp-json\/wp\/v2\/pages\/51","targetHints":{"allow":["GET"]}}],"collection":[{"href":"https:\/\/www.univ-mosta.dz\/labopaps\/wp-json\/wp\/v2\/pages"}],"about":[{"href":"https:\/\/www.univ-mosta.dz\/labopaps\/wp-json\/wp\/v2\/types\/page"}],"author":[{"embeddable":true,"href":"https:\/\/www.univ-mosta.dz\/labopaps\/wp-json\/wp\/v2\/users\/1"}],"replies":[{"embeddable":true,"href":"https:\/\/www.univ-mosta.dz\/labopaps\/wp-json\/wp\/v2\/comments?post=51"}],"version-history":[{"count":45,"href":"https:\/\/www.univ-mosta.dz\/labopaps\/wp-json\/wp\/v2\/pages\/51\/revisions"}],"predecessor-version":[{"id":406,"href":"https:\/\/www.univ-mosta.dz\/labopaps\/wp-json\/wp\/v2\/pages\/51\/revisions\/406"}],"wp:attachment":[{"href":"https:\/\/www.univ-mosta.dz\/labopaps\/wp-json\/wp\/v2\/media?parent=51"}],"curies":[{"name":"wp","href":"https:\/\/api.w.org\/{rel}","templated":true}]}}