{"id":26,"date":"2018-12-17T12:00:17","date_gmt":"2018-12-17T11:00:17","guid":{"rendered":"http:\/\/www.univ-mosta.dz\/labopaps\/?page_id=26"},"modified":"2020-06-30T17:38:53","modified_gmt":"2020-06-30T15:38:53","slug":"equipe-n-04","status":"publish","type":"page","link":"https:\/\/www.univ-mosta.dz\/labopaps\/equipe-n-04\/","title":{"rendered":"\u00c9quipe 4 :Activit\u00e9 physique adapt\u00e9e &amp; Sant\u00e9"},"content":{"rendered":"<h2>\u00c9quipe 4 :<span class=\"post-title h-text\">Activit\u00e9 physique adapt\u00e9e &amp; Sant\u00e9<\/span><\/h2>\n<h2>(Code\u00a0Equipe 2: W0890402)<\/h2>\n<p>&nbsp;<\/p>\n<p>&nbsp;<\/p>\n<p>&nbsp;<\/p>\n<table style=\"width: 110.642%;height: 1237px\">\n<tbody>\n<tr style=\"height: 62px\">\n<td style=\"width: 10.3789%;height: 62px\">Pr\/Dr<\/td>\n<td style=\"width: 20.2547%;height: 62px\">Nom<\/td>\n<td style=\"width: 21.9724%;height: 62px\">Pr\u00e9nom<\/td>\n<td style=\"width: 29.3609%;height: 62px\">Affiliation<\/td>\n<td style=\"width: 70.1063%;height: 62px\">\n<h4>Google Scholar<\/h4>\n<\/td>\n<\/tr>\n<tr style=\"height: 43px\">\n<td style=\"width: 10.3789%;height: 43px\">Pr<\/td>\n<td style=\"width: 20.2547%;height: 43px\">ATTOUTI<\/td>\n<td style=\"width: 21.9724%;height: 43px\">Noreddine<\/td>\n<td style=\"width: 29.3609%;height: 43px\">(UMAB)<\/td>\n<td style=\"width: 70.1063%;height: 43px\"><\/td>\n<\/tr>\n<tr style=\"height: 43px\">\n<td style=\"width: 10.3789%;height: 43px\">Pr<\/td>\n<td style=\"width: 20.2547%;height: 43px\" width=\"173\">Benkazdali<\/td>\n<td style=\"width: 21.9724%;height: 43px\" width=\"110\">Hadj Mohammed<\/td>\n<td style=\"width: 29.3609%;height: 43px\">(UMAB)<\/td>\n<td style=\"width: 70.1063%;height: 43px\"><\/td>\n<\/tr>\n<tr style=\"height: 43px\">\n<td style=\"width: 10.3789%;height: 43px\">Pr<\/td>\n<td style=\"width: 20.2547%;height: 43px\">Benzidane<\/td>\n<td style=\"width: 21.9724%;height: 43px\">Houcine<\/td>\n<td style=\"width: 29.3609%;height: 43px\">(UMAB)<\/td>\n<td style=\"width: 70.1063%;height: 43px\"><\/td>\n<\/tr>\n<tr style=\"height: 43px\">\n<td style=\"width: 10.3789%;height: 43px\">Pr<\/td>\n<td style=\"width: 20.2547%;height: 43px\">Benklaouz<\/td>\n<td style=\"width: 21.9724%;height: 43px\">Touati<\/td>\n<td style=\"width: 29.3609%;height: 43px\">(UMAB)<\/td>\n<td style=\"width: 70.1063%;height: 43px\"><\/td>\n<\/tr>\n<tr style=\"height: 43px\">\n<td style=\"width: 10.3789%;height: 43px\">Dr<\/td>\n<td style=\"width: 20.2547%;height: 43px\">Belaidouni<\/td>\n<td style=\"width: 21.9724%;height: 43px\">Mustapha<\/td>\n<td style=\"width: 29.3609%;height: 43px\">(UMAB)<\/td>\n<td style=\"width: 70.1063%;height: 43px\"><\/td>\n<\/tr>\n<tr style=\"height: 43px\">\n<td style=\"width: 10.3789%;height: 43px\">Dr<\/td>\n<td style=\"width: 20.2547%;height: 43px\">Bensaber<\/td>\n<td style=\"width: 21.9724%;height: 43px\">Mohammed<\/td>\n<td style=\"width: 29.3609%;height: 43px\">(UMAB)<\/td>\n<td style=\"width: 70.1063%;height: 43px\"><\/td>\n<\/tr>\n<tr style=\"height: 43px\">\n<td style=\"width: 10.3789%;height: 43px\">Dr<\/td>\n<td style=\"width: 20.2547%;height: 43px\">Menad<\/td>\n<td style=\"width: 21.9724%;height: 43px\">Fodil<\/td>\n<td style=\"width: 29.3609%;height: 43px\">(UMAB)<\/td>\n<td style=\"width: 70.1063%;height: 43px\"><\/td>\n<\/tr>\n<tr style=\"height: 43px\">\n<td style=\"width: 10.3789%;height: 43px\">Dr<\/td>\n<td style=\"width: 20.2547%;height: 43px\">Bekada<\/td>\n<td style=\"width: 21.9724%;height: 43px\">houari<\/td>\n<td style=\"width: 29.3609%;height: 43px\">(UMAB)<\/td>\n<td style=\"width: 70.1063%;height: 43px\"><\/td>\n<\/tr>\n<tr style=\"height: 43px\">\n<td style=\"width: 10.3789%;height: 43px\">Pr<\/td>\n<td style=\"width: 20.2547%;height: 43px\">\u00a0Zabchi<\/td>\n<td style=\"width: 21.9724%;height: 43px\">Noureddine<\/td>\n<td style=\"width: 29.3609%;height: 43px\">(UMAB)<\/td>\n<td style=\"width: 70.1063%;height: 43px\"><\/td>\n<\/tr>\n<tr style=\"height: 43px\">\n<td style=\"width: 10.3789%;height: 43px\">Dr<\/td>\n<td style=\"width: 20.2547%;height: 43px\">Sifi<\/td>\n<td style=\"width: 21.9724%;height: 43px\">Belkacem<\/td>\n<td style=\"width: 29.3609%;height: 43px\">(UMAB)<\/td>\n<td style=\"width: 70.1063%;height: 43px\"><\/td>\n<\/tr>\n<tr style=\"height: 62px\">\n<td style=\"width: 10.3789%;height: 62px\">Mr<\/td>\n<td style=\"width: 20.2547%;height: 62px\">Djerourou<\/td>\n<td style=\"width: 21.9724%;height: 62px\">Mohamed<\/td>\n<td style=\"width: 29.3609%;height: 62px\">\n<h4><strong>(Doctorant- UMAB)<\/strong><\/h4>\n<\/td>\n<td style=\"width: 70.1063%;height: 62px\"><\/td>\n<\/tr>\n<tr style=\"height: 62px\">\n<td style=\"width: 10.3789%;height: 62px\">Mr<\/td>\n<td style=\"width: 20.2547%;height: 62px\">Bengaraa<\/td>\n<td style=\"width: 21.9724%;height: 62px\">Manel<\/td>\n<td style=\"width: 29.3609%;height: 62px\">\n<h4><strong>(Doctorant- UMAB)<\/strong><\/h4>\n<\/td>\n<td style=\"width: 70.1063%;height: 62px\"><\/td>\n<\/tr>\n<tr style=\"height: 62px\">\n<td style=\"width: 10.3789%;height: 62px\">Mr<\/td>\n<td style=\"width: 20.2547%;height: 62px\">Abdelkaoui<\/td>\n<td style=\"width: 21.9724%;height: 62px\">Rachid<\/td>\n<td style=\"width: 29.3609%;height: 62px\">\n<h4><strong>(Doctorant- UMAB)<\/strong><\/h4>\n<\/td>\n<td style=\"width: 70.1063%;height: 62px\"><\/td>\n<\/tr>\n<tr style=\"height: 62px\">\n<td style=\"width: 10.3789%;height: 62px\">Mr<\/td>\n<td style=\"width: 20.2547%;height: 62px\">Djaballah<\/td>\n<td style=\"width: 21.9724%;height: 62px\">Khaled<\/td>\n<td style=\"width: 29.3609%;height: 62px\">\n<h4><strong>(Doctorant- UMAB)<\/strong><\/h4>\n<\/td>\n<td style=\"width: 70.1063%;height: 62px\"><\/td>\n<\/tr>\n<tr style=\"height: 62px\">\n<td style=\"width: 10.3789%;height: 62px\">Mr<\/td>\n<td style=\"width: 20.2547%;height: 62px\">Rouibeh<\/td>\n<td style=\"width: 21.9724%;height: 62px\">Bouelam<\/td>\n<td style=\"width: 29.3609%;height: 62px\">\n<h4><strong>(Doctorant- UMAB)<\/strong><\/h4>\n<\/td>\n<td style=\"width: 70.1063%;height: 62px\"><\/td>\n<\/tr>\n<tr>\n<td style=\"width: 10.3789%\">Mr<\/td>\n<td style=\"width: 20.2547%\">Bensakheria<\/td>\n<td style=\"width: 21.9724%\">Tayeb<\/td>\n<td style=\"width: 29.3609%\">\n<h4><strong>(Doctorant- UMAB)<\/strong><\/h4>\n<\/td>\n<td style=\"width: 70.1063%\"><\/td>\n<\/tr>\n<tr style=\"height: 54px\">\n<td style=\"width: 10.3789%;height: 54px\">Mr<\/td>\n<td style=\"width: 20.2547%;height: 54px\">BAKHTAOUI<\/td>\n<td style=\"width: 21.9724%;height: 54px\">ABOUBAKER<\/td>\n<td style=\"width: 29.3609%;height: 54px\">\n<h4><strong>(Doctorant- UMAB)<\/strong><\/h4>\n<h4><strong>\u00a0<\/strong><\/h4>\n<\/td>\n<td style=\"width: 70.1063%;height: 54px\"><\/td>\n<\/tr>\n<tr style=\"height: 56px\">\n<td style=\"width: 10.3789%;height: 56px\">Mr<\/td>\n<td style=\"width: 20.2547%;height: 56px\">KHEDIM<\/td>\n<td style=\"width: 21.9724%;height: 56px\">ABDELKADER<\/td>\n<td style=\"width: 29.3609%;height: 56px\">\n<h4><strong>(Doctorant- UMAB)<\/strong><\/h4>\n<h4><strong>\u00a0<\/strong><\/h4>\n<\/td>\n<td style=\"width: 70.1063%;height: 56px\"><\/td>\n<\/tr>\n<tr style=\"height: 98px\">\n<td style=\"width: 10.3789%;height: 98px\">Mr<\/td>\n<td style=\"width: 20.2547%;height: 98px\">KADOUR BEY<\/td>\n<td style=\"width: 21.9724%;height: 98px\">BELKHIR<\/td>\n<td style=\"width: 29.3609%;height: 98px\">\n<h4><strong>(Doctorant- UMAB)<\/strong><\/h4>\n<h4><strong>\u00a0<\/strong><\/h4>\n<\/td>\n<td style=\"width: 70.1063%;height: 98px\"><\/td>\n<\/tr>\n<tr style=\"height: 33px\">\n<td style=\"width: 10.3789%;height: 33px\">Mr<\/td>\n<td style=\"width: 20.2547%;height: 33px\">AMRANI<\/td>\n<td style=\"width: 21.9724%;height: 33px\">ABDELMAJID<\/td>\n<td style=\"width: 29.3609%;height: 33px\">\n<h4><strong>(Doctorant- UMAB)<\/strong><\/h4>\n<h4><strong>\u00a0<\/strong><\/h4>\n<\/td>\n<td style=\"width: 70.1063%;height: 33px\"><\/td>\n<\/tr>\n<\/tbody>\n<\/table>\n","protected":false},"excerpt":{"rendered":"<p>\u00c9quipe 4 :Activit\u00e9 physique adapt\u00e9e &amp; Sant\u00e9 (Code\u00a0Equipe 2: W0890402) &nbsp; &nbsp; &nbsp; Pr\/Dr Nom Pr\u00e9nom Affiliation Google Scholar Pr ATTOUTI Noreddine (UMAB) Pr Benkazdali Hadj Mohammed (UMAB) Pr Benzidane [&hellip;]<\/p>\n","protected":false},"author":1,"featured_media":0,"parent":0,"menu_order":0,"comment_status":"closed","ping_status":"closed","template":"","meta":{"_coblocks_attr":"","_coblocks_dimensions":"","_coblocks_responsive_height":"","_coblocks_accordion_ie_support":"","footnotes":""},"class_list":["post-26","page","type-page","status-publish","hentry"],"_links":{"self":[{"href":"https:\/\/www.univ-mosta.dz\/labopaps\/wp-json\/wp\/v2\/pages\/26","targetHints":{"allow":["GET"]}}],"collection":[{"href":"https:\/\/www.univ-mosta.dz\/labopaps\/wp-json\/wp\/v2\/pages"}],"about":[{"href":"https:\/\/www.univ-mosta.dz\/labopaps\/wp-json\/wp\/v2\/types\/page"}],"author":[{"embeddable":true,"href":"https:\/\/www.univ-mosta.dz\/labopaps\/wp-json\/wp\/v2\/users\/1"}],"replies":[{"embeddable":true,"href":"https:\/\/www.univ-mosta.dz\/labopaps\/wp-json\/wp\/v2\/comments?post=26"}],"version-history":[{"count":6,"href":"https:\/\/www.univ-mosta.dz\/labopaps\/wp-json\/wp\/v2\/pages\/26\/revisions"}],"predecessor-version":[{"id":139,"href":"https:\/\/www.univ-mosta.dz\/labopaps\/wp-json\/wp\/v2\/pages\/26\/revisions\/139"}],"wp:attachment":[{"href":"https:\/\/www.univ-mosta.dz\/labopaps\/wp-json\/wp\/v2\/media?parent=26"}],"curies":[{"name":"wp","href":"https:\/\/api.w.org\/{rel}","templated":true}]}}