{"id":14,"date":"2018-12-17T11:55:54","date_gmt":"2018-12-17T10:55:54","guid":{"rendered":"http:\/\/www.univ-mosta.dz\/labopaps\/?page_id=14"},"modified":"2018-12-17T22:21:01","modified_gmt":"2018-12-17T21:21:01","slug":"objectifs","status":"publish","type":"page","link":"https:\/\/www.univ-mosta.dz\/labopaps\/objectifs\/","title":{"rendered":"Objectifs"},"content":{"rendered":"<p>Le laboratoire aura pour taches:<br \/>\nA- d&rsquo;\u00e9laborer les programmes et les planifications op\u00e9rationnelles et en perspectives de l&rsquo;entrainement au niveau :<br \/>\n-Des \u00e9coles de sports<br \/>\n-Des associations sportives de performance<br \/>\n-Des centres de remise en forme<br \/>\n-Des centres d&rsquo;insertion<br \/>\nB- De r\u00e9soudre les probl\u00e8mes inh\u00e9rents au syst\u00e8me d&rsquo;entrainement et de pr\u00e9paration<br \/>\nC- D&rsquo;accompagner les athl\u00e8tes de haute performance<br \/>\nD- De mod\u00e9liser et de perfectionner la technique ainsi que de la tactique.<br \/>\nNous proposons des recherches et des services dans les domaines suivants:<br \/>\nDiagnostic et orientation de l&rsquo;entra\u00eenement en sports de comp\u00e9tition;<br \/>\nD\u00e9veloppement et planification de l&rsquo;entra\u00eenement et la comp\u00e9tition;<br \/>\nConseils de formation sur le sports et sant\u00e9;<br \/>\nLe personnel dispose du mat\u00e9riel de laboratoire le plus moderne disponible, qui permet des analyses complexes non seulement en laboratoire, mais aussi sur le terrain.<\/p>\n","protected":false},"excerpt":{"rendered":"<p>Le laboratoire aura pour taches: A- d&rsquo;\u00e9laborer les programmes et les planifications op\u00e9rationnelles et en perspectives de l&rsquo;entrainement au niveau : -Des \u00e9coles de sports -Des associations sportives de performance [&hellip;]<\/p>\n","protected":false},"author":1,"featured_media":0,"parent":0,"menu_order":0,"comment_status":"closed","ping_status":"closed","template":"","meta":{"_coblocks_attr":"","_coblocks_dimensions":"","_coblocks_responsive_height":"","_coblocks_accordion_ie_support":"","footnotes":""},"class_list":["post-14","page","type-page","status-publish","hentry"],"_links":{"self":[{"href":"https:\/\/www.univ-mosta.dz\/labopaps\/wp-json\/wp\/v2\/pages\/14","targetHints":{"allow":["GET"]}}],"collection":[{"href":"https:\/\/www.univ-mosta.dz\/labopaps\/wp-json\/wp\/v2\/pages"}],"about":[{"href":"https:\/\/www.univ-mosta.dz\/labopaps\/wp-json\/wp\/v2\/types\/page"}],"author":[{"embeddable":true,"href":"https:\/\/www.univ-mosta.dz\/labopaps\/wp-json\/wp\/v2\/users\/1"}],"replies":[{"embeddable":true,"href":"https:\/\/www.univ-mosta.dz\/labopaps\/wp-json\/wp\/v2\/comments?post=14"}],"version-history":[{"count":3,"href":"https:\/\/www.univ-mosta.dz\/labopaps\/wp-json\/wp\/v2\/pages\/14\/revisions"}],"predecessor-version":[{"id":87,"href":"https:\/\/www.univ-mosta.dz\/labopaps\/wp-json\/wp\/v2\/pages\/14\/revisions\/87"}],"wp:attachment":[{"href":"https:\/\/www.univ-mosta.dz\/labopaps\/wp-json\/wp\/v2\/media?parent=14"}],"curies":[{"name":"wp","href":"https:\/\/api.w.org\/{rel}","templated":true}]}}