{"id":58,"date":"2023-03-22T21:40:06","date_gmt":"2023-03-22T20:40:06","guid":{"rendered":"https:\/\/www.univ-mosta.dz\/iconahe-2023\/?page_id=58"},"modified":"2023-10-26T12:26:53","modified_gmt":"2023-10-26T11:26:53","slug":"scientific-committee","status":"publish","type":"page","link":"https:\/\/www.univ-mosta.dz\/iconahe-2023\/scientific-committee\/","title":{"rendered":"Scientific Commitee"},"content":{"rendered":"\n<h1 class=\"wp-block-heading has-text-align-center has-vivid-purple-color has-text-color\">Scientific Committee<\/h1>\n\n\n\n<p class=\"has-text-align-center\" style=\"font-size:18px\"><strong>Honorary President<\/strong><\/p>\n\n\n\n<p class=\"has-text-align-center\" style=\"font-size:16px\"><strong>Prof. Bouderah Brahim,<\/strong> Rector of the University of Abdelhamid Ibn Badis-Mostaganem<\/p>\n\n\n\n<hr class=\"wp-block-separator has-alpha-channel-opacity is-style-default\" \/>\n\n\n\n<p class=\"has-text-align-center\" style=\"font-size:18px\"><strong>Conference Chairperson<\/strong><\/p>\n\n\n\n<p class=\"has-text-align-center\" style=\"font-size:16px\"><strong>Prof.Dr.Noureddine Djebli<\/strong>, Director of Pharmacognosy &amp; Api-Phytotherapy laboratory<\/p>\n\n\n\n<hr class=\"wp-block-separator has-alpha-channel-opacity\" \/>\n\n\n\n<p class=\"has-text-align-center\" style=\"font-size:18px\"><strong>Scientific Committee<\/strong><\/p>\n\n\n\n<div class=\"wp-block-columns is-layout-flex wp-container-core-columns-is-layout-9d6595d7 wp-block-columns-is-layout-flex\">\n<div class=\"wp-block-column is-layout-flow wp-block-column-is-layout-flow\">\n<p class=\"has-text-align-center\">Prof.Noureddine Djebli (Algeria)<br>Prof.Ahmad Ali (India)<br>Prof.Sevgi Kolayli(Turkey)<br>Prof.Vincenzo De Feo (Italia)<br>Prof.Jianbo Xiao (Spain)<br>Prof.Irina Boksha (Russia)<br>Prof.Maja Molnar (Croitia)<br>Prof.Anna Szakiel (Poland)<br>Prof.Piotr P. Wieczorek (Poland)<br>Prof.Beraat\u00d6z\u00e7elik (Turkey)<br>Prof.Emine \u015eek\u00fcre Nazli Arda (Turkey)<br>Prof.Luisa Custodio (Portugal)<br>Prof.Naz\u0131m \u015eekero\u011flu (Turkey)<br>Prof.Fani Hatjina (Greece)<br>Prof.Esra Aydemir(Turkey)<br>Prof.Ngozi F Onyemelukwe (Nigeria)<br>Prof.Edy Parwanto (Indonesia)<br>Prof.Mohd Rais bin Mustafa (Malaysia)<br>Prof.Chin-Kun Wang (Taiwan)<br>Prof.Kristina Ramanauskien\u0117 (Lithuania)<\/p>\n<\/div>\n\n\n\n<div class=\"wp-block-column is-layout-flow wp-block-column-is-layout-flow\">\n<p class=\"has-text-align-center\">Prof.Ivan Salamon (Slovakia)<br>Prof Kamala Badalova (Azerbaijan)<br>Prof.Hurija D\u017eud\u017eevi\u0107-\u010can\u010dar (Bosnia)<br>Prof.Amel Bouzabata (Algeria)<br>Prof.ManhCuong Nguyen (Vietenam)<br>Prof.Stangaciu Stefan (Romania)<br>Prof.Brahim Kacem (Algeria)<br>Prof.Melania Munteanu (Romania)<br>Prof.Oluwafemi Omoniyi Oguntibeju (South Africa)<br>Prof.Zahia Kabouche (Algeria)<br>Prof.Elsadig Eltayeb (Oman)<br>Dr.Nany Hairunisa (Indonesia)<br>Dr.Salima Douichene (Algeria)<br>Dr.Secil Karahuseyin (Turkey)<br>Dr.El-Attafia Benhamimed (Algeria)<br>Dr.Sevg iGezici(Turkey)<br>Dr.Khayra Zerrouki (Algeria)<br>Dr. Ait Saada Djamel (Alg\u00e9rie)<br>Dr. Tayeb Hassen (Tunisia)<\/p>\n<\/div>\n<\/div>\n\n\n\n<p><\/p>\n","protected":false},"excerpt":{"rendered":"<p>Scientific Committee Honorary President Prof. Bouderah Brahim, Rector of the University of Abdelhamid Ibn Badis-Mostaganem Conference Chairperson Prof.Dr.Noureddine Djebli, Director of Pharmacognosy &amp; Api-Phytotherapy laboratory Scientific Committee Prof.Noureddine Djebli (Algeria)Prof.Ahmad &hellip;<\/p>\n","protected":false},"author":27,"featured_media":852,"parent":0,"menu_order":0,"comment_status":"closed","ping_status":"closed","template":"","meta":{"_coblocks_attr":"","_coblocks_dimensions":"","_coblocks_responsive_height":"","_coblocks_accordion_ie_support":"","footnotes":""},"class_list":["post-58","page","type-page","status-publish","has-post-thumbnail","hentry"],"_links":{"self":[{"href":"https:\/\/www.univ-mosta.dz\/iconahe-2023\/wp-json\/wp\/v2\/pages\/58","targetHints":{"allow":["GET"]}}],"collection":[{"href":"https:\/\/www.univ-mosta.dz\/iconahe-2023\/wp-json\/wp\/v2\/pages"}],"about":[{"href":"https:\/\/www.univ-mosta.dz\/iconahe-2023\/wp-json\/wp\/v2\/types\/page"}],"author":[{"embeddable":true,"href":"https:\/\/www.univ-mosta.dz\/iconahe-2023\/wp-json\/wp\/v2\/users\/27"}],"replies":[{"embeddable":true,"href":"https:\/\/www.univ-mosta.dz\/iconahe-2023\/wp-json\/wp\/v2\/comments?post=58"}],"version-history":[{"count":52,"href":"https:\/\/www.univ-mosta.dz\/iconahe-2023\/wp-json\/wp\/v2\/pages\/58\/revisions"}],"predecessor-version":[{"id":2424,"href":"https:\/\/www.univ-mosta.dz\/iconahe-2023\/wp-json\/wp\/v2\/pages\/58\/revisions\/2424"}],"wp:featuredmedia":[{"embeddable":true,"href":"https:\/\/www.univ-mosta.dz\/iconahe-2023\/wp-json\/wp\/v2\/media\/852"}],"wp:attachment":[{"href":"https:\/\/www.univ-mosta.dz\/iconahe-2023\/wp-json\/wp\/v2\/media?parent=58"}],"curies":[{"name":"wp","href":"https:\/\/api.w.org\/{rel}","templated":true}]}}