{"id":97,"date":"2021-10-25T17:34:49","date_gmt":"2021-10-25T15:34:49","guid":{"rendered":"https:\/\/www.univ-mosta.dz\/fst\/?page_id=97"},"modified":"2021-12-28T16:28:37","modified_gmt":"2021-12-28T15:28:37","slug":"conseil-de-la-faculte","status":"publish","type":"page","link":"https:\/\/www.univ-mosta.dz\/fst\/conseil-de-la-faculte\/","title":{"rendered":"Conseil de la facult\u00e9"},"content":{"rendered":"\n<p><strong>D\u00e9cret ex\u00e9cutif n\u00b0 03-279 du 24 Joumada Ethania 1424 correspondant au 23 ao\u00fbt 2003 fixant les missions et les r\u00e8gles particuli\u00e8res d&rsquo;organisation et de fonctionnement de l&rsquo;universit\u00e9.<\/strong><\/p>\n\n\n\n<p><strong>Article 37&nbsp;:<\/strong><\/p>\n\n\n\n<p><strong>Composition du conseil de facult\u00e9<\/strong><\/p>\n\n\n\n<p>Le conseil de facult\u00e9 comprend :<\/p>\n\n\n\n<ul class=\"wp-block-list\"><li>le doyen de la facult\u00e9, pr\u00e9sident,<\/li><li>le pr\u00e9sident du conseil scientifique de la facult\u00e9,<\/li><li>les chefs de d\u00e9partements,<\/li><li>le ou les directeurs d\u2019unit\u00e9s de recherche et de laboratoires de recherche, s\u2019il y a lieu,<\/li><li>deux repr\u00e9sentants des enseignants par d\u00e9partement \u00e9lus parmi ceux justifiant du grade le plus \u00e9lev\u00e9,<\/li><li>un repr\u00e9sentant \u00e9lu des \u00e9tudiants par d\u00e9partement,<\/li><li>deux repr\u00e9sentants \u00e9lus des personnels administratifs, techniques et de service.<\/li><\/ul>\n\n\n\n<p>Les vice-doyens, le secr\u00e9taire g\u00e9n\u00e9ral ainsi que le responsable de la biblioth\u00e8que de facult\u00e9 assistent aux r\u00e9unions avec voix consultative.<\/p>\n\n\n\n<p><strong>Article 38 :<\/strong><\/p>\n\n\n\n<p><strong>Avis et recommandations du conseil de facult\u00e9<\/strong><\/p>\n\n\n\n<p>Le conseil de facult\u00e9 \u00e9met des avis et recommandations sur :<\/p>\n\n\n\n<ul class=\"wp-block-list\"><li>les perspectives de d\u00e9veloppement de la facult\u00e9,<\/li><li>la programmation des actions de formation et de recherche de la facult\u00e9,<\/li><li>les perspectives de coop\u00e9ration scientifique nationale et internationale,<\/li><li>la programmation des actions de formation continue, de perfectionnement et de recyclage,<\/li><li>le projet de budget de la facult\u00e9,<\/li><li>le projet de plan de gestion des ressources humaines de la facult\u00e9,<\/li><li>les projets de contrats et de conventions d&rsquo;\u00e9tudes, d&rsquo;expertise et de prestations de services assur\u00e9es par la facult\u00e9,<\/li><li>la gestion de la facult\u00e9,<\/li><li>le rapport annuel d\u2019activit\u00e9s de la facult\u00e9.<\/li><\/ul>\n\n\n\n<p>Le conseil \u00e9tudie et propose toute mesure propre \u00e0 am\u00e9liorer le fonctionnement de la facult\u00e9 et \u00e0 favoriser la r\u00e9alisation de ses objectifs et donne son avis sur toute question qui lui est soumise par le doyen.<\/p>\n\n\n\n<p><strong>Article 39 :<\/strong><\/p>\n\n\n\n<p>Les repr\u00e9sentants des enseignants et des personnels administratifs, techniques et de service sont \u00e9lus par leurs pairs, pour une dur\u00e9e de trois (3) ans, renouvelable une fois.<\/p>\n\n\n\n<p>Les repr\u00e9sentants des \u00e9tudiants sont \u00e9lus pour une p\u00e9riode d\u2019un an renouvelable.<\/p>\n\n\n\n<p>La liste nominative des membres du conseil de facult\u00e9 est fix\u00e9e par arr\u00eat\u00e9 du ministre charg\u00e9 de l\u2019enseignement sup\u00e9rieur et de la recherche scientifique.<\/p>\n\n\n\n<p><strong>Article 40 :<\/strong><\/p>\n\n\n\n<p>Le conseil de facult\u00e9 se r\u00e9unit en session ordinaire sur convocation de son pr\u00e9sident une fois tous les trois mois.<\/p>\n\n\n\n<p>Il peut se r\u00e9unir en session extraordinaire \u00e0 la demande soit de son pr\u00e9sident, soit des de ses membres.<\/p>\n\n\n\n<p><strong>Article 41 :<\/strong><\/p>\n\n\n\n<p>Le doyen s\u2019appuie sur les avis et recommandations \u00e9mis par le conseil de facult\u00e9.<\/p>\n\n\n\n<p><strong>Article 42 :<\/strong><\/p>\n\n\n\n<p>Les modalit\u00e9s de fonctionnement du conseil de facult\u00e9 sont fix\u00e9es par arr\u00eat\u00e9 du ministre charg\u00e9 de l\u2019enseignement sup\u00e9rieur.<\/p>\n","protected":false},"excerpt":{"rendered":"<p>D\u00e9cret ex\u00e9cutif n\u00b0 03-279 du 24 Joumada Ethania 1424 correspondant au 23 ao\u00fbt 2003 fixant les missions et les r\u00e8gles particuli\u00e8res d&rsquo;organisation et de fonctionnement de l&rsquo;universit\u00e9. Article 37&nbsp;: Composition &hellip;<\/p>\n","protected":false},"author":1,"featured_media":0,"parent":0,"menu_order":0,"comment_status":"closed","ping_status":"closed","template":"","meta":{"_coblocks_attr":"","_coblocks_dimensions":"","_coblocks_responsive_height":"","_coblocks_accordion_ie_support":"","footnotes":""},"class_list":["post-97","page","type-page","status-publish","hentry"],"_links":{"self":[{"href":"https:\/\/www.univ-mosta.dz\/fst\/wp-json\/wp\/v2\/pages\/97","targetHints":{"allow":["GET"]}}],"collection":[{"href":"https:\/\/www.univ-mosta.dz\/fst\/wp-json\/wp\/v2\/pages"}],"about":[{"href":"https:\/\/www.univ-mosta.dz\/fst\/wp-json\/wp\/v2\/types\/page"}],"author":[{"embeddable":true,"href":"https:\/\/www.univ-mosta.dz\/fst\/wp-json\/wp\/v2\/users\/1"}],"replies":[{"embeddable":true,"href":"https:\/\/www.univ-mosta.dz\/fst\/wp-json\/wp\/v2\/comments?post=97"}],"version-history":[{"count":2,"href":"https:\/\/www.univ-mosta.dz\/fst\/wp-json\/wp\/v2\/pages\/97\/revisions"}],"predecessor-version":[{"id":283,"href":"https:\/\/www.univ-mosta.dz\/fst\/wp-json\/wp\/v2\/pages\/97\/revisions\/283"}],"wp:attachment":[{"href":"https:\/\/www.univ-mosta.dz\/fst\/wp-json\/wp\/v2\/media?parent=97"}],"curies":[{"name":"wp","href":"https:\/\/api.w.org\/{rel}","templated":true}]}}