{"id":836,"date":"2022-01-17T10:11:28","date_gmt":"2022-01-17T09:11:28","guid":{"rendered":"https:\/\/www.univ-mosta.dz\/fst\/?page_id=836"},"modified":"2025-12-18T11:40:39","modified_gmt":"2025-12-18T10:40:39","slug":"planning-des-examens-genie-des-procedes","status":"publish","type":"page","link":"https:\/\/www.univ-mosta.dz\/fst\/planning-des-examens-genie-des-procedes\/","title":{"rendered":"Planning des Examens G\u00e9nie des Proc\u00e9d\u00e9s 2025-2026"},"content":{"rendered":"\n<div class=\"wp-block-coblocks-accordion\"><\/div>\n\n\n\n<p class=\"has-text-align-center has-luminous-vivid-amber-background-color has-background\"><strong>Semestre 01<\/strong><\/p>\n\n\n<a href=\"https:\/\/www.univ-mosta.dz\/fst\/wp-content\/uploads\/sites\/3\/2025\/12\/planning-EXAM-GP-s1-2025-2026.pdf\" class=\"pdfemb-viewer\" style=\"\" data-width=\"max\" data-height=\"max\" data-toolbar=\"both\" data-toolbar-fixed=\"on\">planning-EXAM-GP-s1-2025-2026<\/a>","protected":false},"excerpt":{"rendered":"<p>Semestre 01 planning-EXAM-GP-s1-2025-2026<\/p>\n","protected":false},"author":13,"featured_media":0,"parent":0,"menu_order":0,"comment_status":"closed","ping_status":"closed","template":"","meta":{"_coblocks_attr":"","_coblocks_dimensions":"","_coblocks_responsive_height":"","_coblocks_accordion_ie_support":"","footnotes":""},"class_list":["post-836","page","type-page","status-publish","hentry"],"_links":{"self":[{"href":"https:\/\/www.univ-mosta.dz\/fst\/wp-json\/wp\/v2\/pages\/836","targetHints":{"allow":["GET"]}}],"collection":[{"href":"https:\/\/www.univ-mosta.dz\/fst\/wp-json\/wp\/v2\/pages"}],"about":[{"href":"https:\/\/www.univ-mosta.dz\/fst\/wp-json\/wp\/v2\/types\/page"}],"author":[{"embeddable":true,"href":"https:\/\/www.univ-mosta.dz\/fst\/wp-json\/wp\/v2\/users\/13"}],"replies":[{"embeddable":true,"href":"https:\/\/www.univ-mosta.dz\/fst\/wp-json\/wp\/v2\/comments?post=836"}],"version-history":[{"count":19,"href":"https:\/\/www.univ-mosta.dz\/fst\/wp-json\/wp\/v2\/pages\/836\/revisions"}],"predecessor-version":[{"id":3773,"href":"https:\/\/www.univ-mosta.dz\/fst\/wp-json\/wp\/v2\/pages\/836\/revisions\/3773"}],"wp:attachment":[{"href":"https:\/\/www.univ-mosta.dz\/fst\/wp-json\/wp\/v2\/media?parent=836"}],"curies":[{"name":"wp","href":"https:\/\/api.w.org\/{rel}","templated":true}]}}